{"id":11774,"date":"2015-04-07T16:22:21","date_gmt":"2015-04-07T16:22:21","guid":{"rendered":"http:\/\/putoperdiz201503.lusamater.pt\/?page_id=11774"},"modified":"2023-03-09T14:33:54","modified_gmt":"2023-03-09T14:33:54","slug":"wishlist","status":"publish","type":"page","link":"https:\/\/lusamater.pt\/en\/wishlist\/","title":{"rendered":"Wishlist"},"content":{"rendered":"\n\n\n\n<form\n\tid=\"yith-wcwl-form\"\n\taction=\"https:\/\/lusamater.pt\/en\/wishlist\/\"\n\tmethod=\"post\"\n\tclass=\"woocommerce yith-wcwl-form wishlist-fragment\"\n\tdata-fragment-options=\"{&quot;per_page&quot;:5,&quot;current_page&quot;:1,&quot;pagination&quot;:&quot;no&quot;,&quot;wishlist_id&quot;:false,&quot;action_params&quot;:false,&quot;no_interactions&quot;:false,&quot;layout&quot;:&quot;&quot;,&quot;wishlist&quot;:false,&quot;is_default&quot;:true,&quot;is_custom_list&quot;:false,&quot;wishlist_token&quot;:&quot;&quot;,&quot;is_private&quot;:false,&quot;count&quot;:0,&quot;page_title&quot;:&quot;Os meus favoritos&quot;,&quot;default_wishlsit_title&quot;:&quot;Os meus favoritos&quot;,&quot;page_links&quot;:false,&quot;is_user_logged_in&quot;:false,&quot;is_user_owner&quot;:true,&quot;can_user_edit_title&quot;:false,&quot;show_price&quot;:true,&quot;show_dateadded&quot;:true,&quot;show_stock_status&quot;:true,&quot;show_add_to_cart&quot;:true,&quot;show_remove_product&quot;:true,&quot;add_to_cart_text&quot;:&quot;Adicionar ao carrinho&quot;,&quot;show_ask_estimate_button&quot;:false,&quot;ask_estimate_url&quot;:&quot;&quot;,&quot;price_excl_tax&quot;:false,&quot;show_cb&quot;:false,&quot;show_quantity&quot;:false,&quot;show_variation&quot;:false,&quot;show_price_variations&quot;:false,&quot;show_update&quot;:false,&quot;enable_drag_n_drop&quot;:false,&quot;enable_add_all_to_cart&quot;:false,&quot;move_to_another_wishlist&quot;:false,&quot;repeat_remove_button&quot;:false,&quot;show_last_column&quot;:true,&quot;heading_icon&quot;:&quot;&lt;i class=\\&quot;fa fa-heartbeat\\&quot;&gt;&lt;\\\/i&gt;&quot;,&quot;share_enabled&quot;:false,&quot;template_part&quot;:&quot;view&quot;,&quot;additional_info&quot;:false,&quot;available_multi_wishlist&quot;:false,&quot;form_action&quot;:&quot;https:\\\/\\\/lusamater.pt\\\/en\\\/wishlist\\\/&quot;,&quot;item&quot;:&quot;wishlist&quot;}\"\n>\n\n\t<!-- TITLE -->\n\t\t\t<div class=\"wishlist-title-container\">\n\t\t\t<div class=\"wishlist-title \">\n\t\t\t\t<h2>Os meus favoritos<\/h2>\t\t\t\t\t\t\t<\/div>\n\t\t\t\t\t<\/div>\n\t\t\n\n<div class=\"container\">\n\n\t<div id=\"yith-wcwl-messages\"><\/div>\n\t\n\t\t\t\t<div class=\"help-bar clearfix\">\n\t\t\t\t<span>Precisa de ajuda? Contacte-nos para client@lusamater.pt<\/span>\n\t\t\t\t<ul>\n\t\t\t\t    <li><a href=\"#email-form\" class=\"inline\" data-toggle=\"modal\">Email Customer Care<\/a><\/li>\n\t\t\t\t    <li><a href=\"#shipping-information\" class=\"inline\" data-toggle=\"modal\">Shipping Information<\/a><\/li>\n\t\t\t\t    <li><a href=\"#returns-exchange\" class=\"inline\" data-toggle=\"modal\">Returns & Exchange<\/a><\/li>\n\t\t\t\t    <li><a href=\"#faqs\" class=\"inline\" data-toggle=\"modal\">FAQs<\/a><\/li>\n\t\t\t\t<\/ul>\n\t\t\t<\/div>\n\n\t\t\t<div id=\"email-form\" class=\"modal hide fade\" tabindex=\"-1\" role=\"dialog\" aria-labelledby=\"email-form-modal\" aria-hidden=\"true\">\n\t\t\t\t<div class=\"modal-header\">\n\t\t\t\t\t<button type=\"button\" class=\"close\" data-dismiss=\"modal\" aria-hidden=\"true\">\u00d7<\/button>\n\t\t\t\t\t<h3 id=\"email-form-modal\">Email Customer Care<\/h3>\n\t\t\t\t<\/div>\n\t\t\t\t<div class=\"modal-body\">\n\n\t\t\t\t\t\n<div class=\"wpcf7 no-js\" id=\"wpcf7-f28758-o1\" lang=\"pt-PT\" dir=\"ltr\">\n<div class=\"screen-reader-response\"><p role=\"status\" aria-live=\"polite\" aria-atomic=\"true\"><\/p> <ul><\/ul><\/div>\n<form action=\"\/en\/wp-json\/wp\/v2\/pages\/11774#wpcf7-f28758-o1\" method=\"post\" class=\"wpcf7-form init\" aria-label=\"Formul\u00e1rio de contacto\" novalidate=\"novalidate\" data-status=\"init\">\n<div style=\"display: none;\">\n<input type=\"hidden\" name=\"_wpcf7\" value=\"28758\" \/>\n<input type=\"hidden\" name=\"_wpcf7_version\" value=\"5.9.5\" \/>\n<input type=\"hidden\" name=\"_wpcf7_locale\" value=\"pt_PT\" \/>\n<input type=\"hidden\" name=\"_wpcf7_unit_tag\" value=\"wpcf7-f28758-o1\" \/>\n<input type=\"hidden\" name=\"_wpcf7_container_post\" value=\"0\" \/>\n<input type=\"hidden\" name=\"_wpcf7_posted_data_hash\" value=\"\" \/>\n<input type=\"hidden\" name=\"_wpcf7_recaptcha_response\" value=\"\" \/>\n<\/div>\n<p>O seu nome (obrigat\u00f3rio)\n<\/p>\n<p><span class=\"wpcf7-form-control-wrap\" data-name=\"your-name\"><input size=\"40\" class=\"wpcf7-form-control wpcf7-text wpcf7-validates-as-required\" aria-required=\"true\" aria-invalid=\"false\" value=\"\" type=\"text\" name=\"your-name\" \/><\/span>\n<\/p>\n<p>O seu email (obrigat\u00f3rio)\n<\/p>\n<p><span class=\"wpcf7-form-control-wrap\" data-name=\"your-email\"><input size=\"40\" class=\"wpcf7-form-control wpcf7-email wpcf7-validates-as-required wpcf7-text wpcf7-validates-as-email\" aria-required=\"true\" aria-invalid=\"false\" value=\"\" type=\"email\" name=\"your-email\" \/><\/span>\n<\/p>\n<p>Assunto (Encomendas\/ Reclama\u00e7\u00f5es\/ Informa\u00e7\u00f5es gerais\/ Outros assuntos)\n<\/p>\n<p><span class=\"wpcf7-form-control-wrap\" data-name=\"your-subject\"><input size=\"40\" class=\"wpcf7-form-control wpcf7-text\" aria-invalid=\"false\" value=\"\" type=\"text\" name=\"your-subject\" \/><\/span>\n<\/p>\n<p>N\u00ba de telefone<span class=\"wpcf7-form-control-wrap\" data-name=\"tel-329\"><input size=\"40\" class=\"wpcf7-form-control wpcf7-tel wpcf7-text wpcf7-validates-as-tel\" aria-invalid=\"false\" value=\"\" type=\"tel\" name=\"tel-329\" \/><\/span>\n<\/p>\n<p>N\u00ba de Encomenda ( se aplic\u00e1vel)<span class=\"wpcf7-form-control-wrap\" data-name=\"number-330\"><input class=\"wpcf7-form-control wpcf7-number wpcf7-validates-as-number\" aria-invalid=\"false\" value=\"\" type=\"number\" name=\"number-330\" \/><\/span>\n<\/p>\n<p>A sua mensagem\n<\/p>\n<p><span class=\"wpcf7-form-control-wrap\" data-name=\"your-message\"><textarea cols=\"40\" rows=\"10\" class=\"wpcf7-form-control wpcf7-textarea\" aria-invalid=\"false\" name=\"your-message\"><\/textarea><\/span>\n<\/p>\n<p><input class=\"wpcf7-form-control wpcf7-submit has-spinner\" type=\"submit\" value=\"Enviar\" \/>\n<\/p><div class=\"wpcf7-response-output\" aria-hidden=\"true\"><\/div>\n<\/form>\n<\/div>\n\n\t\t\t\t<\/div>\n\t\t\t<\/div>\n\n\t\t\t<div id=\"shipping-information\" class=\"modal hide fade\" tabindex=\"-1\" role=\"dialog\" aria-labelledby=\"shipping-modal\" aria-hidden=\"true\">\n\t\t\t\t<div class=\"modal-header\">\n\t\t\t\t\t<button type=\"button\" class=\"close\" data-dismiss=\"modal\" aria-hidden=\"true\">\u00d7<\/button>\n\t\t\t\t\t<h3 id=\"shipping-modal\">Shipping Information<\/h3>\n\t\t\t\t<\/div>\n\t\t\t\t<div class=\"modal-body\">\n\n\t\t\t\t\tQuais os pa\u00edses para os quais a Lusa Mater faz envios?<br>\r\nAtualmente a Lusa Mater faz envios para pa\u00edses pertencentes \u00e0 Uni\u00e3o Europeia.<br>\r\nSe pretender envios para outros pa\u00edses, contacte o nosso servi\u00e7o de apoio ao cliente (email: client@lusamater.pt). Tentaremos satisfazer o seu pedido.<br>\r\nA Lusa Mater n\u00e3o efectua envios para apartados.\r\n<br><br>\r\nQual \u00e9 o custo de envio?<br>\r\nOs custos de envio s\u00e3o calculados de forma autom\u00e1tica pelo sistema, de acordo com: o pa\u00eds e zona de entrega, o peso e volume da embalagem do seu pedido e a fragilidade dos artigos.<br>\r\nOs custos de envio s\u00e3o indicados na Finaliza\u00e7\u00e3o de Encomenda, antes de concluir a sua encomenda e de inserir os dados de pagamento.\r\n<br><br>\r\nQual \u00e9 o Prazo de entrega da minha encomenda?<br>\r\n O prazo estimado de entrega varia de acordo com o destino de entrega e com os produtos pretendidos e \u00e9 indicado na p\u00e1gina do(s) produto(s) que encomendou.\r\nNo caso de encomendar produtos com prazos estimados de entrega diferentes, a encomenda ser\u00e1 entregue no prazo de entrega mais alargado.<br>\n\t\t\t\t<\/div>\n\t\t\t<\/div>\n\n\t\t\t<div id=\"returns-exchange\" class=\"modal hide fade\" tabindex=\"-1\" role=\"dialog\" aria-labelledby=\"returns-modal\" aria-hidden=\"true\">\n\t\t\t\t<div class=\"modal-header\">\n\t\t\t\t\t<button type=\"button\" class=\"close\" data-dismiss=\"modal\" aria-hidden=\"true\">\u00d7<\/button>\n\t\t\t\t\t<h3 id=\"returns-modal\">Returns & Exchange<\/h3>\n\t\t\t\t<\/div>\n\t\t\t\t<div class=\"modal-body\">\n\n\t\t\t\t\tPosso cancelar a minha encomenda ou devolver um produto?<br>\r\n\u00c9 nosso objetivo que fique totalmente satisfeito com sua experi\u00eancia de compra. <br>Tem o direito de resolver (cancelar) o seu contrato de compra celebrado atrav\u00e9s da plataforma Lusa Mater, no prazo de 14 dias a contar da data de recep\u00e7\u00e3o da encomenda. A comunica\u00e7\u00e3o da resolu\u00e7\u00e3o da compra dever\u00e1 ser enviada por  email ou carta registada.<br>\r\n\r\nPara proceder \u00e0 devolu\u00e7\u00e3o certifique-se que est\u00e1 a proceder de acordo com as nossas Condi\u00e7\u00f5es de Devolu\u00e7\u00e3o.<br>\r\n\r\nVer mais em FAQs\n\t\t\t\t<\/div>\n\t\t\t<\/div>\n\n\t\t\t<div id=\"faqs\" class=\"modal hide fade\" tabindex=\"-1\" role=\"dialog\" aria-labelledby=\"faqs-modal\" aria-hidden=\"true\">\n\t\t\t\t<div class=\"modal-header\">\n\t\t\t\t\t<button type=\"button\" class=\"close\" data-dismiss=\"modal\" aria-hidden=\"true\">\u00d7<\/button>\n\t\t\t\t\t<h3 id=\"faqs-modal\">FAQs<\/h3>\n\t\t\t\t<\/div>\n\t\t\t\t<div class=\"modal-body\">\n\n\t\t\t\t\t[faqs width=\"1\/3\" el_position=\"first last\"]\n\t\t\t\t<\/div>\n\t\t\t<\/div>\n\n\t\t\t\n\t<div class=\"my-account-left\">\n\t\n\t\t<h4 class=\"lined-heading\"><span>My Account<\/span><\/h4>\n\t\t<ul class=\"nav my-account-nav\">\n\t\t\t\t\t\t<li><a href=\"https:\/\/lusamater.pt\/en\/shop\/\">Shop<\/a><\/li>\t\t\n\t\t\t<li><a href=\"https:\/\/lusamater.pt\/en\/my-account\/\">Create Account \/ Login<\/a><\/li>\t\n\t\t\t\t\t<\/ul>\n\t\n\t<\/div>\n\t\n\t<div class=\"my-account-right tab-content\">\n\t\n\t\t\n\t\t\t<form id=\"yith-wcwl-form\" action=\"https:\/\/lusamater.pt\/en\/wishlist\/\" method=\"post\" class=\"woocommerce\">\n\n\t\t\t    <input type=\"hidden\" id=\"yith_wcwl_form_nonce\" name=\"yith_wcwl_form_nonce\" value=\"110b1e1a61\" \/><input type=\"hidden\" name=\"_wp_http_referer\" value=\"\/en\/wp-json\/wp\/v2\/pages\/11774\" \/>\n\t\t\t    <!-- WISHLIST TABLE -->\n\t\t\t\t<table class=\"shop_table cart wishlist_table\" data-pagination=\"no\" data-per-page=\"5\" data-page=\"1\" data-id=\"\" data-token=\"\">\n\n\t\t\t\t    \n\t\t\t        <thead>\n\t\t\t        <tr>\n\t\t\t\t        \n\t\t\t\t        \t\t\t\t\t        <th class=\"product-remove\"><\/th>\n\t\t\t\t        \n\t\t\t            <th class=\"product-thumbnail\"><\/th>\n\n\t\t\t            <th class=\"product-name\">\n\t\t\t                <span class=\"nobr\">Product Name<\/span>\n\t\t\t            <\/th>\n\n\t\t\t            \n\t\t\t                <th class=\"product-price\">\n\t\t\t                    <span class=\"nobr\">\n\t\t\t                        Unit Price\t\t\t                    <\/span>\n\t\t\t                <\/th>\n\n\t\t\t            \n\t\t\t            \n\t\t\t                <th class=\"product-stock-status\">\n\t\t\t                    <span class=\"nobr\">\n\t\t\t                        Stock Status\t\t\t                    <\/span>\n\t\t\t                <\/th>\n\n\t\t\t            \n\t\t\t            \n\t\t\t                <th class=\"product-add-to-cart\"><\/th>\n\n\t\t\t            \t\t\t        <\/tr>\n\t\t\t        <\/thead>\n\n\t\t\t        <tbody>\n\t\t\t        \t\t\t            <tr>\n\t\t\t                <td colspan=\"6\" class=\"wishlist-empty\">No products were added to the wishlist<\/td>\n\t\t\t            <\/tr>\n\t\t\t        \t\t\t        <\/tbody>\n\n\t\t\t        <tfoot>\n\t\t\t        <tr>\n\t\t\t\t        <td colspan=\"6\">\n\t\t\t\t            \n\t\t\t\t            \n\t\t\t\t\t        \t\t\t\t        <\/td>\n\t\t\t        <\/tr>\n\t\t\t        <\/tfoot>\n\n\t\t\t    <\/table>\n\n\t\t\t    <input type=\"hidden\" id=\"yith_wcwl_edit_wishlist\" name=\"yith_wcwl_edit_wishlist\" value=\"4cc8664193\" \/><input type=\"hidden\" name=\"_wp_http_referer\" value=\"\/en\/wp-json\/wp\/v2\/pages\/11774\" \/>\n\t\t\t    \n\t\t\t<\/form>\n\n\t\t\t\n\t\t\t<a class=\"continue-shopping accent\" href=\"https:\/\/lusamater.pt\/en\/shop\/\">Continue shopping<\/a>\n\n\t\t\t<\/div>\n\n<\/div>\n\n\t<div class=\"yith_wcwl_wishlist_footer\">\n\t\t\n\n\t\t\n\n\t\t\n\t\t\t<\/div>\n\n\t<input type=\"hidden\" id=\"yith_wcwl_edit_wishlist\" name=\"yith_wcwl_edit_wishlist\" value=\"4cc8664193\" \/><input type=\"hidden\" name=\"_wp_http_referer\" value=\"\/en\/wp-json\/wp\/v2\/pages\/11774\" \/>\t<input type=\"hidden\" value=\"\" name=\"wishlist_id\" id=\"wishlist_id\">\n\n\t\n<\/form>\n\n\n\n\n","protected":false},"excerpt":{"rendered":"","protected":false},"author":11886,"featured_media":0,"parent":0,"menu_order":0,"comment_status":"closed","ping_status":"open","template":"","meta":{"footnotes":""},"yoast_head":"<!-- This site is optimized with the Yoast SEO plugin v22.8 - https:\/\/yoast.com\/wordpress\/plugins\/seo\/ -->\n<title>Wishlist - Lusa Mater<\/title>\n<meta name=\"robots\" content=\"noindex, follow\" \/>\n<meta property=\"og:locale\" content=\"en_US\" \/>\n<meta property=\"og:type\" content=\"article\" \/>\n<meta property=\"og:title\" content=\"[:pt]Favoritos[:en]Wishlist[:] - Lusa Mater\" \/>\n<meta property=\"og:url\" content=\"https:\/\/lusamater.pt\/wishlist\/\" \/>\n<meta property=\"og:site_name\" content=\"Lusa Mater\" \/>\n<meta property=\"article:publisher\" content=\"https:\/\/www.facebook.com\/lusamater.pt\/\" \/>\n<meta property=\"article:modified_time\" content=\"2023-03-09T14:33:54+00:00\" \/>\n<meta name=\"twitter:card\" content=\"summary_large_image\" \/>\n<meta name=\"twitter:site\" content=\"@lusamater\" \/>\n<meta name=\"twitter:label1\" content=\"Est. reading time\" \/>\n\t<meta name=\"twitter:data1\" content=\"1 minute\" \/>\n<script type=\"application\/ld+json\" class=\"yoast-schema-graph\">{\"@context\":\"https:\/\/schema.org\",\"@graph\":[{\"@type\":\"WebPage\",\"@id\":\"https:\/\/lusamater.pt\/wishlist\/\",\"url\":\"https:\/\/lusamater.pt\/wishlist\/\",\"name\":\"[:pt]Favoritos[:en]Wishlist[:] - Lusa Mater\",\"isPartOf\":{\"@id\":\"https:\/\/lusamater.pt\/#website\"},\"datePublished\":\"2015-04-07T16:22:21+00:00\",\"dateModified\":\"2023-03-09T14:33:54+00:00\",\"breadcrumb\":{\"@id\":\"https:\/\/lusamater.pt\/wishlist\/#breadcrumb\"},\"inLanguage\":\"en-US\",\"potentialAction\":[{\"@type\":\"ReadAction\",\"target\":[\"https:\/\/lusamater.pt\/wishlist\/\"]}]},{\"@type\":\"BreadcrumbList\",\"@id\":\"https:\/\/lusamater.pt\/wishlist\/#breadcrumb\",\"itemListElement\":[{\"@type\":\"ListItem\",\"position\":1,\"name\":\"Home\",\"item\":\"https:\/\/lusamater.pt\/\"},{\"@type\":\"ListItem\",\"position\":2,\"name\":\"Favoritos\"}]},{\"@type\":\"WebSite\",\"@id\":\"https:\/\/lusamater.pt\/#website\",\"url\":\"https:\/\/lusamater.pt\/\",\"name\":\"Lusa Mater\",\"description\":\"S\u00f3 n\u00e3o vendemos saudade\",\"publisher\":{\"@id\":\"https:\/\/lusamater.pt\/#organization\"},\"potentialAction\":[{\"@type\":\"SearchAction\",\"target\":{\"@type\":\"EntryPoint\",\"urlTemplate\":\"https:\/\/lusamater.pt\/?s={search_term_string}\"},\"query-input\":\"required name=search_term_string\"}],\"inLanguage\":\"en-US\"},{\"@type\":\"Organization\",\"@id\":\"https:\/\/lusamater.pt\/#organization\",\"name\":\"Lusa Mater\",\"url\":\"https:\/\/lusamater.pt\/\",\"logo\":{\"@type\":\"ImageObject\",\"inLanguage\":\"en-US\",\"@id\":\"https:\/\/lusamater.pt\/#\/schema\/logo\/image\/\",\"url\":\"https:\/\/lusamater.pt\/wp-content\/uploads\/2015\/07\/500x500.png\",\"contentUrl\":\"https:\/\/lusamater.pt\/wp-content\/uploads\/2015\/07\/500x500.png\",\"width\":500,\"height\":500,\"caption\":\"Lusa Mater\"},\"image\":{\"@id\":\"https:\/\/lusamater.pt\/#\/schema\/logo\/image\/\"},\"sameAs\":[\"https:\/\/www.facebook.com\/lusamater.pt\/\",\"https:\/\/x.com\/lusamater\",\"https:\/\/instagram.com\/lusamater\/\",\"https:\/\/pt.pinterest.com\/lusamater\/\"]}]}<\/script>\n<!-- \/ Yoast SEO plugin. -->","yoast_head_json":{"title":"[:pt]Favoritos[:en]Wishlist[:] - Lusa Mater","robots":{"index":"noindex","follow":"follow"},"og_locale":"en_US","og_type":"article","og_title":"[:pt]Favoritos[:en]Wishlist[:] - Lusa Mater","og_url":"https:\/\/lusamater.pt\/wishlist\/","og_site_name":"Lusa Mater","article_publisher":"https:\/\/www.facebook.com\/lusamater.pt\/","article_modified_time":"2023-03-09T14:33:54+00:00","twitter_card":"summary_large_image","twitter_site":"@lusamater","twitter_misc":{"Est. reading time":"1 minute"},"schema":{"@context":"https:\/\/schema.org","@graph":[{"@type":"WebPage","@id":"https:\/\/lusamater.pt\/wishlist\/","url":"https:\/\/lusamater.pt\/wishlist\/","name":"[:pt]Favoritos[:en]Wishlist[:] - Lusa Mater","isPartOf":{"@id":"https:\/\/lusamater.pt\/#website"},"datePublished":"2015-04-07T16:22:21+00:00","dateModified":"2023-03-09T14:33:54+00:00","breadcrumb":{"@id":"https:\/\/lusamater.pt\/wishlist\/#breadcrumb"},"inLanguage":"en-US","potentialAction":[{"@type":"ReadAction","target":["https:\/\/lusamater.pt\/wishlist\/"]}]},{"@type":"BreadcrumbList","@id":"https:\/\/lusamater.pt\/wishlist\/#breadcrumb","itemListElement":[{"@type":"ListItem","position":1,"name":"Home","item":"https:\/\/lusamater.pt\/"},{"@type":"ListItem","position":2,"name":"Favoritos"}]},{"@type":"WebSite","@id":"https:\/\/lusamater.pt\/#website","url":"https:\/\/lusamater.pt\/","name":"Lusa Mater","description":"S\u00f3 n\u00e3o vendemos saudade","publisher":{"@id":"https:\/\/lusamater.pt\/#organization"},"potentialAction":[{"@type":"SearchAction","target":{"@type":"EntryPoint","urlTemplate":"https:\/\/lusamater.pt\/?s={search_term_string}"},"query-input":"required name=search_term_string"}],"inLanguage":"en-US"},{"@type":"Organization","@id":"https:\/\/lusamater.pt\/#organization","name":"Lusa Mater","url":"https:\/\/lusamater.pt\/","logo":{"@type":"ImageObject","inLanguage":"en-US","@id":"https:\/\/lusamater.pt\/#\/schema\/logo\/image\/","url":"https:\/\/lusamater.pt\/wp-content\/uploads\/2015\/07\/500x500.png","contentUrl":"https:\/\/lusamater.pt\/wp-content\/uploads\/2015\/07\/500x500.png","width":500,"height":500,"caption":"Lusa Mater"},"image":{"@id":"https:\/\/lusamater.pt\/#\/schema\/logo\/image\/"},"sameAs":["https:\/\/www.facebook.com\/lusamater.pt\/","https:\/\/x.com\/lusamater","https:\/\/instagram.com\/lusamater\/","https:\/\/pt.pinterest.com\/lusamater\/"]}]}},"_links":{"self":[{"href":"https:\/\/lusamater.pt\/en\/wp-json\/wp\/v2\/pages\/11774"}],"collection":[{"href":"https:\/\/lusamater.pt\/en\/wp-json\/wp\/v2\/pages"}],"about":[{"href":"https:\/\/lusamater.pt\/en\/wp-json\/wp\/v2\/types\/page"}],"author":[{"embeddable":true,"href":"https:\/\/lusamater.pt\/en\/wp-json\/wp\/v2\/users\/11886"}],"replies":[{"embeddable":true,"href":"https:\/\/lusamater.pt\/en\/wp-json\/wp\/v2\/comments?post=11774"}],"version-history":[{"count":3,"href":"https:\/\/lusamater.pt\/en\/wp-json\/wp\/v2\/pages\/11774\/revisions"}],"predecessor-version":[{"id":41192,"href":"https:\/\/lusamater.pt\/en\/wp-json\/wp\/v2\/pages\/11774\/revisions\/41192"}],"wp:attachment":[{"href":"https:\/\/lusamater.pt\/en\/wp-json\/wp\/v2\/media?parent=11774"}],"curies":[{"name":"wp","href":"https:\/\/api.w.org\/{rel}","templated":true}]}}