{"id":28751,"date":"2015-04-16T11:44:02","date_gmt":"2015-04-16T11:44:02","guid":{"rendered":"http:\/\/putoperdiz201503.lusamater.pt\/?page_id=28751"},"modified":"2015-05-06T14:06:00","modified_gmt":"2015-05-06T14:06:00","slug":"como-funciona","status":"publish","type":"page","link":"https:\/\/lusamater.pt\/en\/como-funciona\/","title":{"rendered":"Como funciona"},"content":{"rendered":"<p class=\"qtranxs-available-languages-message qtranxs-available-languages-message-en\">Sorry, this entry is only available in <a href=\"https:\/\/lusamater.pt\/pt\/wp-json\/wp\/v2\/pages\/28751\" class=\"qtranxs-available-language-link qtranxs-available-language-link-pt\" title=\"Portugu\u00eas\">European Portuguese<\/a>. For the sake of viewer convenience, the content is shown below in the alternative language. You may click the link to switch the active language.<\/p>[spb_text_block pb_margin_bottom=&#8221;no&#8221; pb_border_bottom=&#8221;no&#8221; width=&#8221;1\/2&#8243; el_position=&#8221;first&#8221;]\n<div class=\"std\">\n<p><em>Uma sele\u00e7\u00e3o di\u00e1ria de marcas e produtos portugueses!<\/em><\/p>\n<p>Apresentamos uma sele\u00e7\u00e3o di\u00e1ria dos melhores produtos feitos em Portugal. Partilhamos consigo a experi\u00eancia da descoberta e mostramos-lhe o que de melhor se faz por c\u00e1!<\/p>\n<p>Contamos as hist\u00f3rias, relembramos as mem\u00f3rias, partilhamos os risos e simpatia desta gente com quem trabalhamos!<\/p>\n<p><em>Apresse-se!! Tem apenas uns dias para (re)descobrir e comprar!\u00a0<\/em><\/p>\n<p>Cada campanha Lusa Mater est\u00e1 dispon\u00edvel por um per\u00edodo curto de tempo (de 14 a 21 dias) e em quantidades limitadas! Por isso, apresse-se antes que os seus produtos preferidos esgotem!<\/p>\n<p><em>Pre\u00e7os especiais<\/em><\/p>\n<p>Temos os melhores pre\u00e7os, para os melhores produtos portugueses. Com pre\u00e7os especiais, n\u00e3o h\u00e1 raz\u00e3o para deixar escapar os seus produtos favoritos.<\/p>\n<p><em>Siga-nos, partilhe e ganhe cr\u00e9ditos!<\/em><\/p>\n<p>Siga-nos no seu email ou nas redes sociais e descubra diariamente marcas e produtos que o far\u00e3o sorrir!<\/p>\n<p>Partilhe com os seus amigos e ganhe cr\u00e9ditos! Quando o seu amigo fizer a primeira compra, receber\u00e1 5 \u20ac.<\/p>\n<\/div>\n[\/spb_text_block] [spb_single_image image=&#8221;35208&#8243; image_size=&#8221;full&#8221; frame=&#8221;shadowframe&#8221; lightbox=&#8221;yes&#8221; link_target=&#8221;_self&#8221; width=&#8221;1\/2&#8243; el_position=&#8221;last&#8221;] [\/spb_single_image] [blank_spacer height=&#8221;30px&#8221; width=&#8221;1\/1&#8243; el_position=&#8221;first last&#8221;]","protected":false},"excerpt":{"rendered":"<p>Sorry, this entry is only available in European Portuguese. For the sake of viewer convenience, the content is shown below in the alternative language. You may click the link to switch the active language.[spb_text_block pb_margin_bottom=&#8221;no&#8221; pb_border_bottom=&#8221;no&#8221; width=&#8221;1\/2&#8243; el_position=&#8221;first&#8221;] Uma sele\u00e7\u00e3o di\u00e1ria de marcas e produtos portugueses! Apresentamos uma sele\u00e7\u00e3o di\u00e1ria dos melhores produtos feitos em Portugal. Partilhamos consigo a experi\u00eancia [&hellip;]<\/p>\n","protected":false},"author":11886,"featured_media":0,"parent":0,"menu_order":0,"comment_status":"open","ping_status":"open","template":"","meta":{"footnotes":""},"yoast_head":"<!-- This site is optimized with the Yoast SEO plugin v22.8 - https:\/\/yoast.com\/wordpress\/plugins\/seo\/ -->\n<title><\/title>\n<meta name=\"robots\" content=\"index, follow, max-snippet:-1, max-image-preview:large, max-video-preview:-1\" \/>\n<link rel=\"canonical\" href=\"https:\/\/lusamater.pt\/como-funciona\/\" \/>\n<meta property=\"og:locale\" content=\"en_US\" \/>\n<meta property=\"og:type\" content=\"article\" \/>\n<meta property=\"og:title\" content=\"[:pt]Como funciona[:] - Lusa Mater\" \/>\n<meta property=\"og:description\" content=\"Sorry, this entry is only available in European Portuguese. For the sake of viewer convenience, the content is shown below in the alternative language. You may click the link to switch the active language.[spb_text_block pb_margin_bottom=&#8221;no&#8221; pb_border_bottom=&#8221;no&#8221; width=&#8221;1\/2&#8243; el_position=&#8221;first&#8221;] Uma sele\u00e7\u00e3o di\u00e1ria de marcas e produtos portugueses! Apresentamos uma sele\u00e7\u00e3o di\u00e1ria dos melhores produtos feitos em Portugal. Partilhamos consigo a experi\u00eancia [&hellip;]\" \/>\n<meta property=\"og:url\" content=\"https:\/\/lusamater.pt\/como-funciona\/\" \/>\n<meta property=\"og:site_name\" content=\"Lusa Mater\" \/>\n<meta property=\"article:publisher\" content=\"https:\/\/www.facebook.com\/lusamater.pt\/\" \/>\n<meta property=\"article:modified_time\" content=\"2015-05-06T14:06:00+00:00\" \/>\n<meta name=\"twitter:card\" content=\"summary_large_image\" \/>\n<meta name=\"twitter:site\" content=\"@lusamater\" \/>\n<meta name=\"twitter:label1\" content=\"Est. reading time\" \/>\n\t<meta name=\"twitter:data1\" content=\"1 minute\" \/>\n<script type=\"application\/ld+json\" class=\"yoast-schema-graph\">{\"@context\":\"https:\/\/schema.org\",\"@graph\":[{\"@type\":\"WebPage\",\"@id\":\"https:\/\/lusamater.pt\/como-funciona\/\",\"url\":\"https:\/\/lusamater.pt\/como-funciona\/\",\"name\":\"[:pt]Como funciona[:] - Lusa Mater\",\"isPartOf\":{\"@id\":\"https:\/\/lusamater.pt\/#website\"},\"datePublished\":\"2015-04-16T11:44:02+00:00\",\"dateModified\":\"2015-05-06T14:06:00+00:00\",\"breadcrumb\":{\"@id\":\"https:\/\/lusamater.pt\/como-funciona\/#breadcrumb\"},\"inLanguage\":\"en-US\",\"potentialAction\":[{\"@type\":\"ReadAction\",\"target\":[\"https:\/\/lusamater.pt\/como-funciona\/\"]}]},{\"@type\":\"BreadcrumbList\",\"@id\":\"https:\/\/lusamater.pt\/como-funciona\/#breadcrumb\",\"itemListElement\":[{\"@type\":\"ListItem\",\"position\":1,\"name\":\"Home\",\"item\":\"https:\/\/lusamater.pt\/\"},{\"@type\":\"ListItem\",\"position\":2,\"name\":\"Como funciona\"}]},{\"@type\":\"WebSite\",\"@id\":\"https:\/\/lusamater.pt\/#website\",\"url\":\"https:\/\/lusamater.pt\/\",\"name\":\"Lusa Mater\",\"description\":\"S\u00f3 n\u00e3o vendemos saudade\",\"publisher\":{\"@id\":\"https:\/\/lusamater.pt\/#organization\"},\"potentialAction\":[{\"@type\":\"SearchAction\",\"target\":{\"@type\":\"EntryPoint\",\"urlTemplate\":\"https:\/\/lusamater.pt\/?s={search_term_string}\"},\"query-input\":\"required name=search_term_string\"}],\"inLanguage\":\"en-US\"},{\"@type\":\"Organization\",\"@id\":\"https:\/\/lusamater.pt\/#organization\",\"name\":\"Lusa Mater\",\"url\":\"https:\/\/lusamater.pt\/\",\"logo\":{\"@type\":\"ImageObject\",\"inLanguage\":\"en-US\",\"@id\":\"https:\/\/lusamater.pt\/#\/schema\/logo\/image\/\",\"url\":\"https:\/\/lusamater.pt\/wp-content\/uploads\/2015\/07\/500x500.png\",\"contentUrl\":\"https:\/\/lusamater.pt\/wp-content\/uploads\/2015\/07\/500x500.png\",\"width\":500,\"height\":500,\"caption\":\"Lusa Mater\"},\"image\":{\"@id\":\"https:\/\/lusamater.pt\/#\/schema\/logo\/image\/\"},\"sameAs\":[\"https:\/\/www.facebook.com\/lusamater.pt\/\",\"https:\/\/x.com\/lusamater\",\"https:\/\/instagram.com\/lusamater\/\",\"https:\/\/pt.pinterest.com\/lusamater\/\"]}]}<\/script>\n<!-- \/ Yoast SEO plugin. -->","yoast_head_json":{"title":"[:pt]Como funciona[:] - Lusa Mater","robots":{"index":"index","follow":"follow","max-snippet":"max-snippet:-1","max-image-preview":"max-image-preview:large","max-video-preview":"max-video-preview:-1"},"canonical":"https:\/\/lusamater.pt\/como-funciona\/","og_locale":"en_US","og_type":"article","og_title":"[:pt]Como funciona[:] - Lusa Mater","og_description":"Sorry, this entry is only available in European Portuguese. For the sake of viewer convenience, the content is shown below in the alternative language. You may click the link to switch the active language.[spb_text_block pb_margin_bottom=&#8221;no&#8221; pb_border_bottom=&#8221;no&#8221; width=&#8221;1\/2&#8243; el_position=&#8221;first&#8221;] Uma sele\u00e7\u00e3o di\u00e1ria de marcas e produtos portugueses! Apresentamos uma sele\u00e7\u00e3o di\u00e1ria dos melhores produtos feitos em Portugal. Partilhamos consigo a experi\u00eancia [&hellip;]","og_url":"https:\/\/lusamater.pt\/como-funciona\/","og_site_name":"Lusa Mater","article_publisher":"https:\/\/www.facebook.com\/lusamater.pt\/","article_modified_time":"2015-05-06T14:06:00+00:00","twitter_card":"summary_large_image","twitter_site":"@lusamater","twitter_misc":{"Est. reading time":"1 minute"},"schema":{"@context":"https:\/\/schema.org","@graph":[{"@type":"WebPage","@id":"https:\/\/lusamater.pt\/como-funciona\/","url":"https:\/\/lusamater.pt\/como-funciona\/","name":"[:pt]Como funciona[:] - Lusa Mater","isPartOf":{"@id":"https:\/\/lusamater.pt\/#website"},"datePublished":"2015-04-16T11:44:02+00:00","dateModified":"2015-05-06T14:06:00+00:00","breadcrumb":{"@id":"https:\/\/lusamater.pt\/como-funciona\/#breadcrumb"},"inLanguage":"en-US","potentialAction":[{"@type":"ReadAction","target":["https:\/\/lusamater.pt\/como-funciona\/"]}]},{"@type":"BreadcrumbList","@id":"https:\/\/lusamater.pt\/como-funciona\/#breadcrumb","itemListElement":[{"@type":"ListItem","position":1,"name":"Home","item":"https:\/\/lusamater.pt\/"},{"@type":"ListItem","position":2,"name":"Como funciona"}]},{"@type":"WebSite","@id":"https:\/\/lusamater.pt\/#website","url":"https:\/\/lusamater.pt\/","name":"Lusa Mater","description":"S\u00f3 n\u00e3o vendemos saudade","publisher":{"@id":"https:\/\/lusamater.pt\/#organization"},"potentialAction":[{"@type":"SearchAction","target":{"@type":"EntryPoint","urlTemplate":"https:\/\/lusamater.pt\/?s={search_term_string}"},"query-input":"required name=search_term_string"}],"inLanguage":"en-US"},{"@type":"Organization","@id":"https:\/\/lusamater.pt\/#organization","name":"Lusa Mater","url":"https:\/\/lusamater.pt\/","logo":{"@type":"ImageObject","inLanguage":"en-US","@id":"https:\/\/lusamater.pt\/#\/schema\/logo\/image\/","url":"https:\/\/lusamater.pt\/wp-content\/uploads\/2015\/07\/500x500.png","contentUrl":"https:\/\/lusamater.pt\/wp-content\/uploads\/2015\/07\/500x500.png","width":500,"height":500,"caption":"Lusa Mater"},"image":{"@id":"https:\/\/lusamater.pt\/#\/schema\/logo\/image\/"},"sameAs":["https:\/\/www.facebook.com\/lusamater.pt\/","https:\/\/x.com\/lusamater","https:\/\/instagram.com\/lusamater\/","https:\/\/pt.pinterest.com\/lusamater\/"]}]}},"_links":{"self":[{"href":"https:\/\/lusamater.pt\/en\/wp-json\/wp\/v2\/pages\/28751"}],"collection":[{"href":"https:\/\/lusamater.pt\/en\/wp-json\/wp\/v2\/pages"}],"about":[{"href":"https:\/\/lusamater.pt\/en\/wp-json\/wp\/v2\/types\/page"}],"author":[{"embeddable":true,"href":"https:\/\/lusamater.pt\/en\/wp-json\/wp\/v2\/users\/11886"}],"replies":[{"embeddable":true,"href":"https:\/\/lusamater.pt\/en\/wp-json\/wp\/v2\/comments?post=28751"}],"version-history":[{"count":6,"href":"https:\/\/lusamater.pt\/en\/wp-json\/wp\/v2\/pages\/28751\/revisions"}],"predecessor-version":[{"id":35209,"href":"https:\/\/lusamater.pt\/en\/wp-json\/wp\/v2\/pages\/28751\/revisions\/35209"}],"wp:attachment":[{"href":"https:\/\/lusamater.pt\/en\/wp-json\/wp\/v2\/media?parent=28751"}],"curies":[{"name":"wp","href":"https:\/\/api.w.org\/{rel}","templated":true}]}}