{"id":33252,"date":"2015-04-29T17:05:42","date_gmt":"2015-04-29T17:05:42","guid":{"rendered":"http:\/\/putoperdiz201503.lusamater.pt\/?product=creme-benamor-4"},"modified":"2021-12-17T17:08:17","modified_gmt":"2021-12-17T17:08:17","slug":"creme-benamor-4","status":"publish","type":"product","link":"https:\/\/lusamater.pt\/en\/produto\/creme-benamor-4\/","title":{"rendered":"Creme Benam\u00f4r"},"content":{"rendered":"","protected":false},"excerpt":{"rendered":"<p>O Creme C\u00e1ssico Benam\u00f4r limpa profundamente, elimina pontos negros, borbulhas, manchas, vermelh\u00e3o e pano, trazendo benef\u00edcios imprescind\u00edveis para o aspeto saud\u00e1vel da pele e dissimula\u00e7\u00e3o de rugas e estrias. Gera\u00e7\u00e3o ap\u00f3s gera\u00e7\u00e3o, o creme preferido pelas mulheres portuguesas, seja de que idade forem.<\/p>\n","protected":false},"featured_media":32680,"template":"","meta":[],"product_cat":[267,1710],"product_tag":[],"yoast_head":"<!-- This site is optimized with the Yoast SEO plugin v22.8 - https:\/\/yoast.com\/wordpress\/plugins\/seo\/ -->\n<title>Creme Benam\u00f4r - Lusa Mater<\/title>\n<meta name=\"robots\" content=\"index, follow, max-snippet:-1, max-image-preview:large, max-video-preview:-1\" \/>\n<link rel=\"canonical\" href=\"https:\/\/lusamater.pt\/produto\/creme-benamor-4\/\" \/>\n<meta property=\"og:locale\" content=\"en_US\" \/>\n<meta property=\"og:type\" content=\"article\" \/>\n<meta property=\"og:title\" content=\"Creme Benam\u00f4r - Lusa Mater\" \/>\n<meta property=\"og:description\" content=\"O Creme C\u00e1ssico Benam\u00f4r limpa profundamente, elimina pontos negros, borbulhas, manchas, vermelh\u00e3o e pano, trazendo benef\u00edcios imprescind\u00edveis para o aspeto saud\u00e1vel da pele e dissimula\u00e7\u00e3o de rugas e estrias. Gera\u00e7\u00e3o ap\u00f3s gera\u00e7\u00e3o, o creme preferido pelas mulheres portuguesas, seja de que idade forem.\" \/>\n<meta property=\"og:url\" content=\"https:\/\/lusamater.pt\/produto\/creme-benamor-4\/\" \/>\n<meta property=\"og:site_name\" content=\"Lusa Mater\" \/>\n<meta property=\"article:publisher\" content=\"https:\/\/www.facebook.com\/lusamater.pt\/\" \/>\n<meta property=\"article:modified_time\" content=\"2021-12-17T17:08:17+00:00\" \/>\n<meta property=\"og:image\" content=\"https:\/\/lusamater.pt\/wp-content\/uploads\/2015\/04\/BEN001.jpg\" \/>\n\t<meta property=\"og:image:width\" content=\"600\" \/>\n\t<meta property=\"og:image:height\" content=\"600\" \/>\n\t<meta property=\"og:image:type\" content=\"image\/jpeg\" \/>\n<meta name=\"twitter:card\" content=\"summary_large_image\" \/>\n<meta name=\"twitter:site\" content=\"@lusamater\" \/>\n<script type=\"application\/ld+json\" class=\"yoast-schema-graph\">{\"@context\":\"https:\/\/schema.org\",\"@graph\":[{\"@type\":\"WebPage\",\"@id\":\"https:\/\/lusamater.pt\/produto\/creme-benamor-4\/\",\"url\":\"https:\/\/lusamater.pt\/produto\/creme-benamor-4\/\",\"name\":\"Creme Benam\u00f4r - Lusa Mater\",\"isPartOf\":{\"@id\":\"https:\/\/lusamater.pt\/#website\"},\"primaryImageOfPage\":{\"@id\":\"https:\/\/lusamater.pt\/produto\/creme-benamor-4\/#primaryimage\"},\"image\":{\"@id\":\"https:\/\/lusamater.pt\/produto\/creme-benamor-4\/#primaryimage\"},\"thumbnailUrl\":\"https:\/\/lusamater.pt\/wp-content\/uploads\/2015\/04\/BEN001.jpg\",\"datePublished\":\"2015-04-29T17:05:42+00:00\",\"dateModified\":\"2021-12-17T17:08:17+00:00\",\"breadcrumb\":{\"@id\":\"https:\/\/lusamater.pt\/produto\/creme-benamor-4\/#breadcrumb\"},\"inLanguage\":\"en-US\",\"potentialAction\":[{\"@type\":\"ReadAction\",\"target\":[\"https:\/\/lusamater.pt\/produto\/creme-benamor-4\/\"]}]},{\"@type\":\"ImageObject\",\"inLanguage\":\"en-US\",\"@id\":\"https:\/\/lusamater.pt\/produto\/creme-benamor-4\/#primaryimage\",\"url\":\"https:\/\/lusamater.pt\/wp-content\/uploads\/2015\/04\/BEN001.jpg\",\"contentUrl\":\"https:\/\/lusamater.pt\/wp-content\/uploads\/2015\/04\/BEN001.jpg\",\"width\":600,\"height\":600},{\"@type\":\"BreadcrumbList\",\"@id\":\"https:\/\/lusamater.pt\/produto\/creme-benamor-4\/#breadcrumb\",\"itemListElement\":[{\"@type\":\"ListItem\",\"position\":1,\"name\":\"Home\",\"item\":\"https:\/\/lusamater.pt\/\"},{\"@type\":\"ListItem\",\"position\":2,\"name\":\"Loja\",\"item\":\"https:\/\/lusamater.pt\/shop\/\"},{\"@type\":\"ListItem\",\"position\":3,\"name\":\"Creme Benam\u00f4r\"}]},{\"@type\":\"WebSite\",\"@id\":\"https:\/\/lusamater.pt\/#website\",\"url\":\"https:\/\/lusamater.pt\/\",\"name\":\"Lusa Mater\",\"description\":\"S\u00f3 n\u00e3o vendemos saudade\",\"publisher\":{\"@id\":\"https:\/\/lusamater.pt\/#organization\"},\"potentialAction\":[{\"@type\":\"SearchAction\",\"target\":{\"@type\":\"EntryPoint\",\"urlTemplate\":\"https:\/\/lusamater.pt\/?s={search_term_string}\"},\"query-input\":\"required name=search_term_string\"}],\"inLanguage\":\"en-US\"},{\"@type\":\"Organization\",\"@id\":\"https:\/\/lusamater.pt\/#organization\",\"name\":\"Lusa Mater\",\"url\":\"https:\/\/lusamater.pt\/\",\"logo\":{\"@type\":\"ImageObject\",\"inLanguage\":\"en-US\",\"@id\":\"https:\/\/lusamater.pt\/#\/schema\/logo\/image\/\",\"url\":\"https:\/\/lusamater.pt\/wp-content\/uploads\/2015\/07\/500x500.png\",\"contentUrl\":\"https:\/\/lusamater.pt\/wp-content\/uploads\/2015\/07\/500x500.png\",\"width\":500,\"height\":500,\"caption\":\"Lusa Mater\"},\"image\":{\"@id\":\"https:\/\/lusamater.pt\/#\/schema\/logo\/image\/\"},\"sameAs\":[\"https:\/\/www.facebook.com\/lusamater.pt\/\",\"https:\/\/x.com\/lusamater\",\"https:\/\/instagram.com\/lusamater\/\",\"https:\/\/pt.pinterest.com\/lusamater\/\"]}]}<\/script>\n<!-- \/ Yoast SEO plugin. -->","yoast_head_json":{"title":"Creme Benam\u00f4r - Lusa Mater","robots":{"index":"index","follow":"follow","max-snippet":"max-snippet:-1","max-image-preview":"max-image-preview:large","max-video-preview":"max-video-preview:-1"},"canonical":"https:\/\/lusamater.pt\/produto\/creme-benamor-4\/","og_locale":"en_US","og_type":"article","og_title":"Creme Benam\u00f4r - Lusa Mater","og_description":"O Creme C\u00e1ssico Benam\u00f4r limpa profundamente, elimina pontos negros, borbulhas, manchas, vermelh\u00e3o e pano, trazendo benef\u00edcios imprescind\u00edveis para o aspeto saud\u00e1vel da pele e dissimula\u00e7\u00e3o de rugas e estrias. Gera\u00e7\u00e3o ap\u00f3s gera\u00e7\u00e3o, o creme preferido pelas mulheres portuguesas, seja de que idade forem.","og_url":"https:\/\/lusamater.pt\/produto\/creme-benamor-4\/","og_site_name":"Lusa Mater","article_publisher":"https:\/\/www.facebook.com\/lusamater.pt\/","article_modified_time":"2021-12-17T17:08:17+00:00","og_image":[{"width":600,"height":600,"url":"https:\/\/lusamater.pt\/wp-content\/uploads\/2015\/04\/BEN001.jpg","type":"image\/jpeg"}],"twitter_card":"summary_large_image","twitter_site":"@lusamater","schema":{"@context":"https:\/\/schema.org","@graph":[{"@type":"WebPage","@id":"https:\/\/lusamater.pt\/produto\/creme-benamor-4\/","url":"https:\/\/lusamater.pt\/produto\/creme-benamor-4\/","name":"Creme Benam\u00f4r - Lusa Mater","isPartOf":{"@id":"https:\/\/lusamater.pt\/#website"},"primaryImageOfPage":{"@id":"https:\/\/lusamater.pt\/produto\/creme-benamor-4\/#primaryimage"},"image":{"@id":"https:\/\/lusamater.pt\/produto\/creme-benamor-4\/#primaryimage"},"thumbnailUrl":"https:\/\/lusamater.pt\/wp-content\/uploads\/2015\/04\/BEN001.jpg","datePublished":"2015-04-29T17:05:42+00:00","dateModified":"2021-12-17T17:08:17+00:00","breadcrumb":{"@id":"https:\/\/lusamater.pt\/produto\/creme-benamor-4\/#breadcrumb"},"inLanguage":"en-US","potentialAction":[{"@type":"ReadAction","target":["https:\/\/lusamater.pt\/produto\/creme-benamor-4\/"]}]},{"@type":"ImageObject","inLanguage":"en-US","@id":"https:\/\/lusamater.pt\/produto\/creme-benamor-4\/#primaryimage","url":"https:\/\/lusamater.pt\/wp-content\/uploads\/2015\/04\/BEN001.jpg","contentUrl":"https:\/\/lusamater.pt\/wp-content\/uploads\/2015\/04\/BEN001.jpg","width":600,"height":600},{"@type":"BreadcrumbList","@id":"https:\/\/lusamater.pt\/produto\/creme-benamor-4\/#breadcrumb","itemListElement":[{"@type":"ListItem","position":1,"name":"Home","item":"https:\/\/lusamater.pt\/"},{"@type":"ListItem","position":2,"name":"Loja","item":"https:\/\/lusamater.pt\/shop\/"},{"@type":"ListItem","position":3,"name":"Creme Benam\u00f4r"}]},{"@type":"WebSite","@id":"https:\/\/lusamater.pt\/#website","url":"https:\/\/lusamater.pt\/","name":"Lusa Mater","description":"S\u00f3 n\u00e3o vendemos saudade","publisher":{"@id":"https:\/\/lusamater.pt\/#organization"},"potentialAction":[{"@type":"SearchAction","target":{"@type":"EntryPoint","urlTemplate":"https:\/\/lusamater.pt\/?s={search_term_string}"},"query-input":"required name=search_term_string"}],"inLanguage":"en-US"},{"@type":"Organization","@id":"https:\/\/lusamater.pt\/#organization","name":"Lusa Mater","url":"https:\/\/lusamater.pt\/","logo":{"@type":"ImageObject","inLanguage":"en-US","@id":"https:\/\/lusamater.pt\/#\/schema\/logo\/image\/","url":"https:\/\/lusamater.pt\/wp-content\/uploads\/2015\/07\/500x500.png","contentUrl":"https:\/\/lusamater.pt\/wp-content\/uploads\/2015\/07\/500x500.png","width":500,"height":500,"caption":"Lusa Mater"},"image":{"@id":"https:\/\/lusamater.pt\/#\/schema\/logo\/image\/"},"sameAs":["https:\/\/www.facebook.com\/lusamater.pt\/","https:\/\/x.com\/lusamater","https:\/\/instagram.com\/lusamater\/","https:\/\/pt.pinterest.com\/lusamater\/"]}]}},"_links":{"self":[{"href":"https:\/\/lusamater.pt\/en\/wp-json\/wp\/v2\/product\/33252"}],"collection":[{"href":"https:\/\/lusamater.pt\/en\/wp-json\/wp\/v2\/product"}],"about":[{"href":"https:\/\/lusamater.pt\/en\/wp-json\/wp\/v2\/types\/product"}],"version-history":[{"count":1,"href":"https:\/\/lusamater.pt\/en\/wp-json\/wp\/v2\/product\/33252\/revisions"}],"predecessor-version":[{"id":52594,"href":"https:\/\/lusamater.pt\/en\/wp-json\/wp\/v2\/product\/33252\/revisions\/52594"}],"wp:featuredmedia":[{"embeddable":true,"href":"https:\/\/lusamater.pt\/en\/wp-json\/wp\/v2\/media\/32680"}],"wp:attachment":[{"href":"https:\/\/lusamater.pt\/en\/wp-json\/wp\/v2\/media?parent=33252"}],"wp:term":[{"taxonomy":"product_cat","embeddable":true,"href":"https:\/\/lusamater.pt\/en\/wp-json\/wp\/v2\/product_cat?post=33252"},{"taxonomy":"product_tag","embeddable":true,"href":"https:\/\/lusamater.pt\/en\/wp-json\/wp\/v2\/product_tag?post=33252"}],"curies":[{"name":"wp","href":"https:\/\/api.w.org\/{rel}","templated":true}]}}