{"id":33259,"date":"2015-04-29T17:05:46","date_gmt":"2015-04-29T17:05:46","guid":{"rendered":"http:\/\/putoperdiz201503.lusamater.pt\/?product=o-meu-sabonete-cx-3"},"modified":"2020-12-03T01:01:34","modified_gmt":"2020-12-03T01:01:34","slug":"o-meu-sabonete-cx-3","status":"publish","type":"product","link":"https:\/\/lusamater.pt\/en\/produto\/o-meu-sabonete-cx-3\/","title":{"rendered":"O Meu Sabonete [cx 3]"},"content":{"rendered":"","protected":false},"excerpt":{"rendered":"<p>Originalmente criada em 1920,pela Saboaria e Perfumaria Confian\u00e7a, a linha de sabonetes \u201cO Meu Sabonete\u201d foi entretanto melhorada com as bases saud\u00e1veis mais recentes e puras para uma melhor hidrata\u00e7\u00e3o da sua pele, deixando-a suave e perfumada. A fragr\u00e2ncia e a embalagem Art Deco s\u00e3o todavia as de sempre.<\/p>\n","protected":false},"featured_media":32695,"template":"","meta":[],"product_cat":[267,251,1585],"product_tag":[],"yoast_head":"<!-- This site is optimized with the Yoast SEO plugin v22.8 - https:\/\/yoast.com\/wordpress\/plugins\/seo\/ -->\n<title>O Meu Sabonete [cx 3] - Lusa Mater<\/title>\n<meta name=\"robots\" content=\"index, follow, max-snippet:-1, max-image-preview:large, max-video-preview:-1\" \/>\n<link rel=\"canonical\" href=\"https:\/\/lusamater.pt\/en\/produto\/o-meu-sabonete-cx-3\/\" \/>\n<meta property=\"og:locale\" content=\"en_US\" \/>\n<meta property=\"og:type\" content=\"article\" \/>\n<meta property=\"og:title\" content=\"O Meu Sabonete [cx 3] - Lusa Mater\" \/>\n<meta property=\"og:description\" content=\"Originalmente criada em 1920,pela Saboaria e Perfumaria Confian\u00e7a, a linha de sabonetes \u201cO Meu Sabonete\u201d foi entretanto melhorada com as bases saud\u00e1veis mais recentes e puras para uma melhor hidrata\u00e7\u00e3o da sua pele, deixando-a suave e perfumada. A fragr\u00e2ncia e a embalagem Art Deco s\u00e3o todavia as de sempre.\" \/>\n<meta property=\"og:url\" content=\"https:\/\/lusamater.pt\/en\/produto\/o-meu-sabonete-cx-3\/\" \/>\n<meta property=\"og:site_name\" content=\"Lusa Mater\" \/>\n<meta property=\"article:publisher\" content=\"https:\/\/www.facebook.com\/lusamater.pt\/\" \/>\n<meta property=\"article:modified_time\" content=\"2020-12-03T01:01:34+00:00\" \/>\n<meta property=\"og:image\" content=\"https:\/\/lusamater.pt\/wp-content\/uploads\/2015\/04\/CNF010-1.jpg\" \/>\n\t<meta property=\"og:image:width\" content=\"800\" \/>\n\t<meta property=\"og:image:height\" content=\"800\" \/>\n\t<meta property=\"og:image:type\" content=\"image\/jpeg\" \/>\n<meta name=\"twitter:card\" content=\"summary_large_image\" \/>\n<meta name=\"twitter:site\" content=\"@lusamater\" \/>\n<script type=\"application\/ld+json\" class=\"yoast-schema-graph\">{\"@context\":\"https:\/\/schema.org\",\"@graph\":[{\"@type\":\"WebPage\",\"@id\":\"https:\/\/lusamater.pt\/en\/produto\/o-meu-sabonete-cx-3\/\",\"url\":\"https:\/\/lusamater.pt\/en\/produto\/o-meu-sabonete-cx-3\/\",\"name\":\"O Meu Sabonete [cx 3] - Lusa Mater\",\"isPartOf\":{\"@id\":\"https:\/\/lusamater.pt\/#website\"},\"primaryImageOfPage\":{\"@id\":\"https:\/\/lusamater.pt\/en\/produto\/o-meu-sabonete-cx-3\/#primaryimage\"},\"image\":{\"@id\":\"https:\/\/lusamater.pt\/en\/produto\/o-meu-sabonete-cx-3\/#primaryimage\"},\"thumbnailUrl\":\"https:\/\/lusamater.pt\/wp-content\/uploads\/2015\/04\/CNF010-1.jpg\",\"datePublished\":\"2015-04-29T17:05:46+00:00\",\"dateModified\":\"2020-12-03T01:01:34+00:00\",\"breadcrumb\":{\"@id\":\"https:\/\/lusamater.pt\/en\/produto\/o-meu-sabonete-cx-3\/#breadcrumb\"},\"inLanguage\":\"en-US\",\"potentialAction\":[{\"@type\":\"ReadAction\",\"target\":[\"https:\/\/lusamater.pt\/en\/produto\/o-meu-sabonete-cx-3\/\"]}]},{\"@type\":\"ImageObject\",\"inLanguage\":\"en-US\",\"@id\":\"https:\/\/lusamater.pt\/en\/produto\/o-meu-sabonete-cx-3\/#primaryimage\",\"url\":\"https:\/\/lusamater.pt\/wp-content\/uploads\/2015\/04\/CNF010-1.jpg\",\"contentUrl\":\"https:\/\/lusamater.pt\/wp-content\/uploads\/2015\/04\/CNF010-1.jpg\",\"width\":800,\"height\":800},{\"@type\":\"BreadcrumbList\",\"@id\":\"https:\/\/lusamater.pt\/en\/produto\/o-meu-sabonete-cx-3\/#breadcrumb\",\"itemListElement\":[{\"@type\":\"ListItem\",\"position\":1,\"name\":\"Home\",\"item\":\"https:\/\/lusamater.pt\/\"},{\"@type\":\"ListItem\",\"position\":2,\"name\":\"Loja\",\"item\":\"https:\/\/lusamater.pt\/shop\/\"},{\"@type\":\"ListItem\",\"position\":3,\"name\":\"O Meu Sabonete [cx 3]\"}]},{\"@type\":\"WebSite\",\"@id\":\"https:\/\/lusamater.pt\/#website\",\"url\":\"https:\/\/lusamater.pt\/\",\"name\":\"Lusa Mater\",\"description\":\"S\u00f3 n\u00e3o vendemos saudade\",\"publisher\":{\"@id\":\"https:\/\/lusamater.pt\/#organization\"},\"potentialAction\":[{\"@type\":\"SearchAction\",\"target\":{\"@type\":\"EntryPoint\",\"urlTemplate\":\"https:\/\/lusamater.pt\/?s={search_term_string}\"},\"query-input\":\"required name=search_term_string\"}],\"inLanguage\":\"en-US\"},{\"@type\":\"Organization\",\"@id\":\"https:\/\/lusamater.pt\/#organization\",\"name\":\"Lusa Mater\",\"url\":\"https:\/\/lusamater.pt\/\",\"logo\":{\"@type\":\"ImageObject\",\"inLanguage\":\"en-US\",\"@id\":\"https:\/\/lusamater.pt\/#\/schema\/logo\/image\/\",\"url\":\"https:\/\/lusamater.pt\/wp-content\/uploads\/2015\/07\/500x500.png\",\"contentUrl\":\"https:\/\/lusamater.pt\/wp-content\/uploads\/2015\/07\/500x500.png\",\"width\":500,\"height\":500,\"caption\":\"Lusa Mater\"},\"image\":{\"@id\":\"https:\/\/lusamater.pt\/#\/schema\/logo\/image\/\"},\"sameAs\":[\"https:\/\/www.facebook.com\/lusamater.pt\/\",\"https:\/\/x.com\/lusamater\",\"https:\/\/instagram.com\/lusamater\/\",\"https:\/\/pt.pinterest.com\/lusamater\/\"]}]}<\/script>\n<!-- \/ Yoast SEO plugin. -->","yoast_head_json":{"title":"O Meu Sabonete [cx 3] - Lusa Mater","robots":{"index":"index","follow":"follow","max-snippet":"max-snippet:-1","max-image-preview":"max-image-preview:large","max-video-preview":"max-video-preview:-1"},"canonical":"https:\/\/lusamater.pt\/en\/produto\/o-meu-sabonete-cx-3\/","og_locale":"en_US","og_type":"article","og_title":"O Meu Sabonete [cx 3] - Lusa Mater","og_description":"Originalmente criada em 1920,pela Saboaria e Perfumaria Confian\u00e7a, a linha de sabonetes \u201cO Meu Sabonete\u201d foi entretanto melhorada com as bases saud\u00e1veis mais recentes e puras para uma melhor hidrata\u00e7\u00e3o da sua pele, deixando-a suave e perfumada. A fragr\u00e2ncia e a embalagem Art Deco s\u00e3o todavia as de sempre.","og_url":"https:\/\/lusamater.pt\/en\/produto\/o-meu-sabonete-cx-3\/","og_site_name":"Lusa Mater","article_publisher":"https:\/\/www.facebook.com\/lusamater.pt\/","article_modified_time":"2020-12-03T01:01:34+00:00","og_image":[{"width":800,"height":800,"url":"https:\/\/lusamater.pt\/wp-content\/uploads\/2015\/04\/CNF010-1.jpg","type":"image\/jpeg"}],"twitter_card":"summary_large_image","twitter_site":"@lusamater","schema":{"@context":"https:\/\/schema.org","@graph":[{"@type":"WebPage","@id":"https:\/\/lusamater.pt\/en\/produto\/o-meu-sabonete-cx-3\/","url":"https:\/\/lusamater.pt\/en\/produto\/o-meu-sabonete-cx-3\/","name":"O Meu Sabonete [cx 3] - Lusa Mater","isPartOf":{"@id":"https:\/\/lusamater.pt\/#website"},"primaryImageOfPage":{"@id":"https:\/\/lusamater.pt\/en\/produto\/o-meu-sabonete-cx-3\/#primaryimage"},"image":{"@id":"https:\/\/lusamater.pt\/en\/produto\/o-meu-sabonete-cx-3\/#primaryimage"},"thumbnailUrl":"https:\/\/lusamater.pt\/wp-content\/uploads\/2015\/04\/CNF010-1.jpg","datePublished":"2015-04-29T17:05:46+00:00","dateModified":"2020-12-03T01:01:34+00:00","breadcrumb":{"@id":"https:\/\/lusamater.pt\/en\/produto\/o-meu-sabonete-cx-3\/#breadcrumb"},"inLanguage":"en-US","potentialAction":[{"@type":"ReadAction","target":["https:\/\/lusamater.pt\/en\/produto\/o-meu-sabonete-cx-3\/"]}]},{"@type":"ImageObject","inLanguage":"en-US","@id":"https:\/\/lusamater.pt\/en\/produto\/o-meu-sabonete-cx-3\/#primaryimage","url":"https:\/\/lusamater.pt\/wp-content\/uploads\/2015\/04\/CNF010-1.jpg","contentUrl":"https:\/\/lusamater.pt\/wp-content\/uploads\/2015\/04\/CNF010-1.jpg","width":800,"height":800},{"@type":"BreadcrumbList","@id":"https:\/\/lusamater.pt\/en\/produto\/o-meu-sabonete-cx-3\/#breadcrumb","itemListElement":[{"@type":"ListItem","position":1,"name":"Home","item":"https:\/\/lusamater.pt\/"},{"@type":"ListItem","position":2,"name":"Loja","item":"https:\/\/lusamater.pt\/shop\/"},{"@type":"ListItem","position":3,"name":"O Meu Sabonete [cx 3]"}]},{"@type":"WebSite","@id":"https:\/\/lusamater.pt\/#website","url":"https:\/\/lusamater.pt\/","name":"Lusa Mater","description":"S\u00f3 n\u00e3o vendemos saudade","publisher":{"@id":"https:\/\/lusamater.pt\/#organization"},"potentialAction":[{"@type":"SearchAction","target":{"@type":"EntryPoint","urlTemplate":"https:\/\/lusamater.pt\/?s={search_term_string}"},"query-input":"required name=search_term_string"}],"inLanguage":"en-US"},{"@type":"Organization","@id":"https:\/\/lusamater.pt\/#organization","name":"Lusa Mater","url":"https:\/\/lusamater.pt\/","logo":{"@type":"ImageObject","inLanguage":"en-US","@id":"https:\/\/lusamater.pt\/#\/schema\/logo\/image\/","url":"https:\/\/lusamater.pt\/wp-content\/uploads\/2015\/07\/500x500.png","contentUrl":"https:\/\/lusamater.pt\/wp-content\/uploads\/2015\/07\/500x500.png","width":500,"height":500,"caption":"Lusa Mater"},"image":{"@id":"https:\/\/lusamater.pt\/#\/schema\/logo\/image\/"},"sameAs":["https:\/\/www.facebook.com\/lusamater.pt\/","https:\/\/x.com\/lusamater","https:\/\/instagram.com\/lusamater\/","https:\/\/pt.pinterest.com\/lusamater\/"]}]}},"_links":{"self":[{"href":"https:\/\/lusamater.pt\/en\/wp-json\/wp\/v2\/product\/33259"}],"collection":[{"href":"https:\/\/lusamater.pt\/en\/wp-json\/wp\/v2\/product"}],"about":[{"href":"https:\/\/lusamater.pt\/en\/wp-json\/wp\/v2\/types\/product"}],"version-history":[{"count":0,"href":"https:\/\/lusamater.pt\/en\/wp-json\/wp\/v2\/product\/33259\/revisions"}],"wp:featuredmedia":[{"embeddable":true,"href":"https:\/\/lusamater.pt\/en\/wp-json\/wp\/v2\/media\/32695"}],"wp:attachment":[{"href":"https:\/\/lusamater.pt\/en\/wp-json\/wp\/v2\/media?parent=33259"}],"wp:term":[{"taxonomy":"product_cat","embeddable":true,"href":"https:\/\/lusamater.pt\/en\/wp-json\/wp\/v2\/product_cat?post=33259"},{"taxonomy":"product_tag","embeddable":true,"href":"https:\/\/lusamater.pt\/en\/wp-json\/wp\/v2\/product_tag?post=33259"}],"curies":[{"name":"wp","href":"https:\/\/api.w.org\/{rel}","templated":true}]}}