{"id":33263,"date":"2015-04-29T17:05:46","date_gmt":"2015-04-29T17:05:46","guid":{"rendered":"http:\/\/putoperdiz201503.lusamater.pt\/?product=tabua-de-corte-media"},"modified":"2025-11-29T23:11:36","modified_gmt":"2025-11-29T23:11:36","slug":"tabua-de-corte-media","status":"publish","type":"product","link":"https:\/\/lusamater.pt\/en\/produto\/tabua-de-corte-media\/","title":{"rendered":"T\u00e1bua de corte pequena"},"content":{"rendered":"","protected":false},"excerpt":{"rendered":"<p>T\u00e1bua de corte m\u00e9dia, em madeira de pinho, 45x14x2, acabamento queimado com impregna\u00e7\u00e3o a \u00f3leo mineral apropriado para contacto com alimentos.<br \/>\nEstes produtos trazem para o seu dia-a-dia a mais cativante das simplicidades, a portuguesa.<\/p>\n","protected":false},"featured_media":32711,"template":"","meta":[],"product_cat":[1095,252,1585],"product_tag":[],"yoast_head":"<!-- This site is optimized with the Yoast SEO plugin v22.8 - https:\/\/yoast.com\/wordpress\/plugins\/seo\/ -->\n<title>T\u00e1bua de corte pequena - Lusa Mater<\/title>\n<meta name=\"robots\" content=\"index, follow, max-snippet:-1, max-image-preview:large, max-video-preview:-1\" \/>\n<link rel=\"canonical\" href=\"https:\/\/lusamater.pt\/produto\/tabua-de-corte-media\/\" \/>\n<meta property=\"og:locale\" content=\"en_US\" \/>\n<meta property=\"og:type\" content=\"article\" \/>\n<meta property=\"og:title\" content=\"T\u00e1bua de corte pequena - Lusa Mater\" \/>\n<meta property=\"og:description\" content=\"T\u00e1bua de corte m\u00e9dia, em madeira de pinho, 45x14x2, acabamento queimado com impregna\u00e7\u00e3o a \u00f3leo mineral apropriado para contacto com alimentos. Estes produtos trazem para o seu dia-a-dia a mais cativante das simplicidades, a portuguesa.\" \/>\n<meta property=\"og:url\" content=\"https:\/\/lusamater.pt\/produto\/tabua-de-corte-media\/\" \/>\n<meta property=\"og:site_name\" content=\"Lusa Mater\" \/>\n<meta property=\"article:publisher\" content=\"https:\/\/www.facebook.com\/lusamater.pt\/\" \/>\n<meta property=\"article:modified_time\" content=\"2025-11-29T23:11:36+00:00\" \/>\n<meta property=\"og:image\" content=\"https:\/\/lusamater.pt\/wp-content\/uploads\/2015\/04\/DEP005-4.jpg\" \/>\n\t<meta property=\"og:image:width\" content=\"800\" \/>\n\t<meta property=\"og:image:height\" content=\"800\" \/>\n\t<meta property=\"og:image:type\" content=\"image\/jpeg\" \/>\n<meta name=\"twitter:card\" content=\"summary_large_image\" \/>\n<meta name=\"twitter:site\" content=\"@lusamater\" \/>\n<script type=\"application\/ld+json\" class=\"yoast-schema-graph\">{\"@context\":\"https:\/\/schema.org\",\"@graph\":[{\"@type\":\"WebPage\",\"@id\":\"https:\/\/lusamater.pt\/produto\/tabua-de-corte-media\/\",\"url\":\"https:\/\/lusamater.pt\/produto\/tabua-de-corte-media\/\",\"name\":\"T\u00e1bua de corte pequena - Lusa Mater\",\"isPartOf\":{\"@id\":\"https:\/\/lusamater.pt\/#website\"},\"primaryImageOfPage\":{\"@id\":\"https:\/\/lusamater.pt\/produto\/tabua-de-corte-media\/#primaryimage\"},\"image\":{\"@id\":\"https:\/\/lusamater.pt\/produto\/tabua-de-corte-media\/#primaryimage\"},\"thumbnailUrl\":\"https:\/\/lusamater.pt\/wp-content\/uploads\/2015\/04\/DEP005-4.jpg\",\"datePublished\":\"2015-04-29T17:05:46+00:00\",\"dateModified\":\"2025-11-29T23:11:36+00:00\",\"breadcrumb\":{\"@id\":\"https:\/\/lusamater.pt\/produto\/tabua-de-corte-media\/#breadcrumb\"},\"inLanguage\":\"en-US\",\"potentialAction\":[{\"@type\":\"ReadAction\",\"target\":[\"https:\/\/lusamater.pt\/produto\/tabua-de-corte-media\/\"]}]},{\"@type\":\"ImageObject\",\"inLanguage\":\"en-US\",\"@id\":\"https:\/\/lusamater.pt\/produto\/tabua-de-corte-media\/#primaryimage\",\"url\":\"https:\/\/lusamater.pt\/wp-content\/uploads\/2015\/04\/DEP005-4.jpg\",\"contentUrl\":\"https:\/\/lusamater.pt\/wp-content\/uploads\/2015\/04\/DEP005-4.jpg\",\"width\":800,\"height\":800},{\"@type\":\"BreadcrumbList\",\"@id\":\"https:\/\/lusamater.pt\/produto\/tabua-de-corte-media\/#breadcrumb\",\"itemListElement\":[{\"@type\":\"ListItem\",\"position\":1,\"name\":\"Home\",\"item\":\"https:\/\/lusamater.pt\/\"},{\"@type\":\"ListItem\",\"position\":2,\"name\":\"Loja\",\"item\":\"https:\/\/lusamater.pt\/shop\/\"},{\"@type\":\"ListItem\",\"position\":3,\"name\":\"T\u00e1bua de corte pequena\"}]},{\"@type\":\"WebSite\",\"@id\":\"https:\/\/lusamater.pt\/#website\",\"url\":\"https:\/\/lusamater.pt\/\",\"name\":\"Lusa Mater\",\"description\":\"S\u00f3 n\u00e3o vendemos saudade\",\"publisher\":{\"@id\":\"https:\/\/lusamater.pt\/#organization\"},\"potentialAction\":[{\"@type\":\"SearchAction\",\"target\":{\"@type\":\"EntryPoint\",\"urlTemplate\":\"https:\/\/lusamater.pt\/?s={search_term_string}\"},\"query-input\":\"required name=search_term_string\"}],\"inLanguage\":\"en-US\"},{\"@type\":\"Organization\",\"@id\":\"https:\/\/lusamater.pt\/#organization\",\"name\":\"Lusa Mater\",\"url\":\"https:\/\/lusamater.pt\/\",\"logo\":{\"@type\":\"ImageObject\",\"inLanguage\":\"en-US\",\"@id\":\"https:\/\/lusamater.pt\/#\/schema\/logo\/image\/\",\"url\":\"https:\/\/lusamater.pt\/wp-content\/uploads\/2015\/07\/500x500.png\",\"contentUrl\":\"https:\/\/lusamater.pt\/wp-content\/uploads\/2015\/07\/500x500.png\",\"width\":500,\"height\":500,\"caption\":\"Lusa Mater\"},\"image\":{\"@id\":\"https:\/\/lusamater.pt\/#\/schema\/logo\/image\/\"},\"sameAs\":[\"https:\/\/www.facebook.com\/lusamater.pt\/\",\"https:\/\/x.com\/lusamater\",\"https:\/\/instagram.com\/lusamater\/\",\"https:\/\/pt.pinterest.com\/lusamater\/\"]}]}<\/script>\n<!-- \/ Yoast SEO plugin. -->","yoast_head_json":{"title":"T\u00e1bua de corte pequena - Lusa Mater","robots":{"index":"index","follow":"follow","max-snippet":"max-snippet:-1","max-image-preview":"max-image-preview:large","max-video-preview":"max-video-preview:-1"},"canonical":"https:\/\/lusamater.pt\/produto\/tabua-de-corte-media\/","og_locale":"en_US","og_type":"article","og_title":"T\u00e1bua de corte pequena - Lusa Mater","og_description":"T\u00e1bua de corte m\u00e9dia, em madeira de pinho, 45x14x2, acabamento queimado com impregna\u00e7\u00e3o a \u00f3leo mineral apropriado para contacto com alimentos. Estes produtos trazem para o seu dia-a-dia a mais cativante das simplicidades, a portuguesa.","og_url":"https:\/\/lusamater.pt\/produto\/tabua-de-corte-media\/","og_site_name":"Lusa Mater","article_publisher":"https:\/\/www.facebook.com\/lusamater.pt\/","article_modified_time":"2025-11-29T23:11:36+00:00","og_image":[{"width":800,"height":800,"url":"https:\/\/lusamater.pt\/wp-content\/uploads\/2015\/04\/DEP005-4.jpg","type":"image\/jpeg"}],"twitter_card":"summary_large_image","twitter_site":"@lusamater","schema":{"@context":"https:\/\/schema.org","@graph":[{"@type":"WebPage","@id":"https:\/\/lusamater.pt\/produto\/tabua-de-corte-media\/","url":"https:\/\/lusamater.pt\/produto\/tabua-de-corte-media\/","name":"T\u00e1bua de corte pequena - Lusa Mater","isPartOf":{"@id":"https:\/\/lusamater.pt\/#website"},"primaryImageOfPage":{"@id":"https:\/\/lusamater.pt\/produto\/tabua-de-corte-media\/#primaryimage"},"image":{"@id":"https:\/\/lusamater.pt\/produto\/tabua-de-corte-media\/#primaryimage"},"thumbnailUrl":"https:\/\/lusamater.pt\/wp-content\/uploads\/2015\/04\/DEP005-4.jpg","datePublished":"2015-04-29T17:05:46+00:00","dateModified":"2025-11-29T23:11:36+00:00","breadcrumb":{"@id":"https:\/\/lusamater.pt\/produto\/tabua-de-corte-media\/#breadcrumb"},"inLanguage":"en-US","potentialAction":[{"@type":"ReadAction","target":["https:\/\/lusamater.pt\/produto\/tabua-de-corte-media\/"]}]},{"@type":"ImageObject","inLanguage":"en-US","@id":"https:\/\/lusamater.pt\/produto\/tabua-de-corte-media\/#primaryimage","url":"https:\/\/lusamater.pt\/wp-content\/uploads\/2015\/04\/DEP005-4.jpg","contentUrl":"https:\/\/lusamater.pt\/wp-content\/uploads\/2015\/04\/DEP005-4.jpg","width":800,"height":800},{"@type":"BreadcrumbList","@id":"https:\/\/lusamater.pt\/produto\/tabua-de-corte-media\/#breadcrumb","itemListElement":[{"@type":"ListItem","position":1,"name":"Home","item":"https:\/\/lusamater.pt\/"},{"@type":"ListItem","position":2,"name":"Loja","item":"https:\/\/lusamater.pt\/shop\/"},{"@type":"ListItem","position":3,"name":"T\u00e1bua de corte pequena"}]},{"@type":"WebSite","@id":"https:\/\/lusamater.pt\/#website","url":"https:\/\/lusamater.pt\/","name":"Lusa Mater","description":"S\u00f3 n\u00e3o vendemos saudade","publisher":{"@id":"https:\/\/lusamater.pt\/#organization"},"potentialAction":[{"@type":"SearchAction","target":{"@type":"EntryPoint","urlTemplate":"https:\/\/lusamater.pt\/?s={search_term_string}"},"query-input":"required name=search_term_string"}],"inLanguage":"en-US"},{"@type":"Organization","@id":"https:\/\/lusamater.pt\/#organization","name":"Lusa Mater","url":"https:\/\/lusamater.pt\/","logo":{"@type":"ImageObject","inLanguage":"en-US","@id":"https:\/\/lusamater.pt\/#\/schema\/logo\/image\/","url":"https:\/\/lusamater.pt\/wp-content\/uploads\/2015\/07\/500x500.png","contentUrl":"https:\/\/lusamater.pt\/wp-content\/uploads\/2015\/07\/500x500.png","width":500,"height":500,"caption":"Lusa Mater"},"image":{"@id":"https:\/\/lusamater.pt\/#\/schema\/logo\/image\/"},"sameAs":["https:\/\/www.facebook.com\/lusamater.pt\/","https:\/\/x.com\/lusamater","https:\/\/instagram.com\/lusamater\/","https:\/\/pt.pinterest.com\/lusamater\/"]}]}},"_links":{"self":[{"href":"https:\/\/lusamater.pt\/en\/wp-json\/wp\/v2\/product\/33263"}],"collection":[{"href":"https:\/\/lusamater.pt\/en\/wp-json\/wp\/v2\/product"}],"about":[{"href":"https:\/\/lusamater.pt\/en\/wp-json\/wp\/v2\/types\/product"}],"version-history":[{"count":2,"href":"https:\/\/lusamater.pt\/en\/wp-json\/wp\/v2\/product\/33263\/revisions"}],"predecessor-version":[{"id":52914,"href":"https:\/\/lusamater.pt\/en\/wp-json\/wp\/v2\/product\/33263\/revisions\/52914"}],"wp:featuredmedia":[{"embeddable":true,"href":"https:\/\/lusamater.pt\/en\/wp-json\/wp\/v2\/media\/32711"}],"wp:attachment":[{"href":"https:\/\/lusamater.pt\/en\/wp-json\/wp\/v2\/media?parent=33263"}],"wp:term":[{"taxonomy":"product_cat","embeddable":true,"href":"https:\/\/lusamater.pt\/en\/wp-json\/wp\/v2\/product_cat?post=33263"},{"taxonomy":"product_tag","embeddable":true,"href":"https:\/\/lusamater.pt\/en\/wp-json\/wp\/v2\/product_tag?post=33263"}],"curies":[{"name":"wp","href":"https:\/\/api.w.org\/{rel}","templated":true}]}}