{"id":33304,"date":"2015-04-29T17:05:55","date_gmt":"2015-04-29T17:05:55","guid":{"rendered":"http:\/\/putoperdiz201503.lusamater.pt\/?product=cabaz-viagem-no-tempo"},"modified":"2025-12-17T08:19:02","modified_gmt":"2025-12-17T08:19:02","slug":"cabaz-viagem-no-tempo","status":"publish","type":"product","link":"https:\/\/lusamater.pt\/en\/produto\/cabaz-viagem-no-tempo\/","title":{"rendered":"Cabaz Viagem no tempo"},"content":{"rendered":"","protected":false},"excerpt":{"rendered":"<p>Cabaz composto por 1 pi\u00e3o, 1 quadro em ard\u00f3sia e madeira, 1 corda de saltar e uma sombrinha de chocolate de leite Regina. Caixa personalizada inclu\u00edda.<br \/>\nUma viagem atrav\u00e9s do tempo com um cabaz de brinquedos tradicionais fabricados artesanalmente.<\/p>\n","protected":false},"featured_media":32818,"template":"","meta":[],"product_cat":[267,1585],"product_tag":[],"yoast_head":"<!-- This site is optimized with the Yoast SEO plugin v22.8 - https:\/\/yoast.com\/wordpress\/plugins\/seo\/ -->\n<title>Cabaz Viagem no tempo - Lusa Mater<\/title>\n<meta name=\"robots\" content=\"index, follow, max-snippet:-1, max-image-preview:large, max-video-preview:-1\" \/>\n<link rel=\"canonical\" href=\"https:\/\/lusamater.pt\/produto\/cabaz-viagem-no-tempo\/\" \/>\n<meta property=\"og:locale\" content=\"en_US\" \/>\n<meta property=\"og:type\" content=\"article\" \/>\n<meta property=\"og:title\" content=\"Cabaz Viagem no tempo - Lusa Mater\" \/>\n<meta property=\"og:description\" content=\"Cabaz composto por 1 pi\u00e3o, 1 quadro em ard\u00f3sia e madeira, 1 corda de saltar e uma sombrinha de chocolate de leite Regina. Caixa personalizada inclu\u00edda. Uma viagem atrav\u00e9s do tempo com um cabaz de brinquedos tradicionais fabricados artesanalmente.\" \/>\n<meta property=\"og:url\" content=\"https:\/\/lusamater.pt\/produto\/cabaz-viagem-no-tempo\/\" \/>\n<meta property=\"og:site_name\" content=\"Lusa Mater\" \/>\n<meta property=\"article:publisher\" content=\"https:\/\/www.facebook.com\/lusamater.pt\/\" \/>\n<meta property=\"article:modified_time\" content=\"2025-12-17T08:19:02+00:00\" \/>\n<meta property=\"og:image\" content=\"https:\/\/lusamater.pt\/wp-content\/uploads\/2015\/04\/LM14CN005-1.jpg\" \/>\n\t<meta property=\"og:image:width\" content=\"600\" \/>\n\t<meta property=\"og:image:height\" content=\"600\" \/>\n\t<meta property=\"og:image:type\" content=\"image\/jpeg\" \/>\n<meta name=\"twitter:card\" content=\"summary_large_image\" \/>\n<meta name=\"twitter:site\" content=\"@lusamater\" \/>\n<script type=\"application\/ld+json\" class=\"yoast-schema-graph\">{\"@context\":\"https:\/\/schema.org\",\"@graph\":[{\"@type\":\"WebPage\",\"@id\":\"https:\/\/lusamater.pt\/produto\/cabaz-viagem-no-tempo\/\",\"url\":\"https:\/\/lusamater.pt\/produto\/cabaz-viagem-no-tempo\/\",\"name\":\"Cabaz Viagem no tempo - Lusa Mater\",\"isPartOf\":{\"@id\":\"https:\/\/lusamater.pt\/#website\"},\"primaryImageOfPage\":{\"@id\":\"https:\/\/lusamater.pt\/produto\/cabaz-viagem-no-tempo\/#primaryimage\"},\"image\":{\"@id\":\"https:\/\/lusamater.pt\/produto\/cabaz-viagem-no-tempo\/#primaryimage\"},\"thumbnailUrl\":\"https:\/\/lusamater.pt\/wp-content\/uploads\/2015\/04\/LM14CN005-1.jpg\",\"datePublished\":\"2015-04-29T17:05:55+00:00\",\"dateModified\":\"2025-12-17T08:19:02+00:00\",\"breadcrumb\":{\"@id\":\"https:\/\/lusamater.pt\/produto\/cabaz-viagem-no-tempo\/#breadcrumb\"},\"inLanguage\":\"en-US\",\"potentialAction\":[{\"@type\":\"ReadAction\",\"target\":[\"https:\/\/lusamater.pt\/produto\/cabaz-viagem-no-tempo\/\"]}]},{\"@type\":\"ImageObject\",\"inLanguage\":\"en-US\",\"@id\":\"https:\/\/lusamater.pt\/produto\/cabaz-viagem-no-tempo\/#primaryimage\",\"url\":\"https:\/\/lusamater.pt\/wp-content\/uploads\/2015\/04\/LM14CN005-1.jpg\",\"contentUrl\":\"https:\/\/lusamater.pt\/wp-content\/uploads\/2015\/04\/LM14CN005-1.jpg\",\"width\":600,\"height\":600},{\"@type\":\"BreadcrumbList\",\"@id\":\"https:\/\/lusamater.pt\/produto\/cabaz-viagem-no-tempo\/#breadcrumb\",\"itemListElement\":[{\"@type\":\"ListItem\",\"position\":1,\"name\":\"Home\",\"item\":\"https:\/\/lusamater.pt\/\"},{\"@type\":\"ListItem\",\"position\":2,\"name\":\"Loja\",\"item\":\"https:\/\/lusamater.pt\/shop\/\"},{\"@type\":\"ListItem\",\"position\":3,\"name\":\"Cabaz Viagem no tempo\"}]},{\"@type\":\"WebSite\",\"@id\":\"https:\/\/lusamater.pt\/#website\",\"url\":\"https:\/\/lusamater.pt\/\",\"name\":\"Lusa Mater\",\"description\":\"S\u00f3 n\u00e3o vendemos saudade\",\"publisher\":{\"@id\":\"https:\/\/lusamater.pt\/#organization\"},\"potentialAction\":[{\"@type\":\"SearchAction\",\"target\":{\"@type\":\"EntryPoint\",\"urlTemplate\":\"https:\/\/lusamater.pt\/?s={search_term_string}\"},\"query-input\":\"required name=search_term_string\"}],\"inLanguage\":\"en-US\"},{\"@type\":\"Organization\",\"@id\":\"https:\/\/lusamater.pt\/#organization\",\"name\":\"Lusa Mater\",\"url\":\"https:\/\/lusamater.pt\/\",\"logo\":{\"@type\":\"ImageObject\",\"inLanguage\":\"en-US\",\"@id\":\"https:\/\/lusamater.pt\/#\/schema\/logo\/image\/\",\"url\":\"https:\/\/lusamater.pt\/wp-content\/uploads\/2015\/07\/500x500.png\",\"contentUrl\":\"https:\/\/lusamater.pt\/wp-content\/uploads\/2015\/07\/500x500.png\",\"width\":500,\"height\":500,\"caption\":\"Lusa Mater\"},\"image\":{\"@id\":\"https:\/\/lusamater.pt\/#\/schema\/logo\/image\/\"},\"sameAs\":[\"https:\/\/www.facebook.com\/lusamater.pt\/\",\"https:\/\/x.com\/lusamater\",\"https:\/\/instagram.com\/lusamater\/\",\"https:\/\/pt.pinterest.com\/lusamater\/\"]}]}<\/script>\n<!-- \/ Yoast SEO plugin. -->","yoast_head_json":{"title":"Cabaz Viagem no tempo - Lusa Mater","robots":{"index":"index","follow":"follow","max-snippet":"max-snippet:-1","max-image-preview":"max-image-preview:large","max-video-preview":"max-video-preview:-1"},"canonical":"https:\/\/lusamater.pt\/produto\/cabaz-viagem-no-tempo\/","og_locale":"en_US","og_type":"article","og_title":"Cabaz Viagem no tempo - Lusa Mater","og_description":"Cabaz composto por 1 pi\u00e3o, 1 quadro em ard\u00f3sia e madeira, 1 corda de saltar e uma sombrinha de chocolate de leite Regina. Caixa personalizada inclu\u00edda. Uma viagem atrav\u00e9s do tempo com um cabaz de brinquedos tradicionais fabricados artesanalmente.","og_url":"https:\/\/lusamater.pt\/produto\/cabaz-viagem-no-tempo\/","og_site_name":"Lusa Mater","article_publisher":"https:\/\/www.facebook.com\/lusamater.pt\/","article_modified_time":"2025-12-17T08:19:02+00:00","og_image":[{"width":600,"height":600,"url":"https:\/\/lusamater.pt\/wp-content\/uploads\/2015\/04\/LM14CN005-1.jpg","type":"image\/jpeg"}],"twitter_card":"summary_large_image","twitter_site":"@lusamater","schema":{"@context":"https:\/\/schema.org","@graph":[{"@type":"WebPage","@id":"https:\/\/lusamater.pt\/produto\/cabaz-viagem-no-tempo\/","url":"https:\/\/lusamater.pt\/produto\/cabaz-viagem-no-tempo\/","name":"Cabaz Viagem no tempo - Lusa Mater","isPartOf":{"@id":"https:\/\/lusamater.pt\/#website"},"primaryImageOfPage":{"@id":"https:\/\/lusamater.pt\/produto\/cabaz-viagem-no-tempo\/#primaryimage"},"image":{"@id":"https:\/\/lusamater.pt\/produto\/cabaz-viagem-no-tempo\/#primaryimage"},"thumbnailUrl":"https:\/\/lusamater.pt\/wp-content\/uploads\/2015\/04\/LM14CN005-1.jpg","datePublished":"2015-04-29T17:05:55+00:00","dateModified":"2025-12-17T08:19:02+00:00","breadcrumb":{"@id":"https:\/\/lusamater.pt\/produto\/cabaz-viagem-no-tempo\/#breadcrumb"},"inLanguage":"en-US","potentialAction":[{"@type":"ReadAction","target":["https:\/\/lusamater.pt\/produto\/cabaz-viagem-no-tempo\/"]}]},{"@type":"ImageObject","inLanguage":"en-US","@id":"https:\/\/lusamater.pt\/produto\/cabaz-viagem-no-tempo\/#primaryimage","url":"https:\/\/lusamater.pt\/wp-content\/uploads\/2015\/04\/LM14CN005-1.jpg","contentUrl":"https:\/\/lusamater.pt\/wp-content\/uploads\/2015\/04\/LM14CN005-1.jpg","width":600,"height":600},{"@type":"BreadcrumbList","@id":"https:\/\/lusamater.pt\/produto\/cabaz-viagem-no-tempo\/#breadcrumb","itemListElement":[{"@type":"ListItem","position":1,"name":"Home","item":"https:\/\/lusamater.pt\/"},{"@type":"ListItem","position":2,"name":"Loja","item":"https:\/\/lusamater.pt\/shop\/"},{"@type":"ListItem","position":3,"name":"Cabaz Viagem no tempo"}]},{"@type":"WebSite","@id":"https:\/\/lusamater.pt\/#website","url":"https:\/\/lusamater.pt\/","name":"Lusa Mater","description":"S\u00f3 n\u00e3o vendemos saudade","publisher":{"@id":"https:\/\/lusamater.pt\/#organization"},"potentialAction":[{"@type":"SearchAction","target":{"@type":"EntryPoint","urlTemplate":"https:\/\/lusamater.pt\/?s={search_term_string}"},"query-input":"required name=search_term_string"}],"inLanguage":"en-US"},{"@type":"Organization","@id":"https:\/\/lusamater.pt\/#organization","name":"Lusa Mater","url":"https:\/\/lusamater.pt\/","logo":{"@type":"ImageObject","inLanguage":"en-US","@id":"https:\/\/lusamater.pt\/#\/schema\/logo\/image\/","url":"https:\/\/lusamater.pt\/wp-content\/uploads\/2015\/07\/500x500.png","contentUrl":"https:\/\/lusamater.pt\/wp-content\/uploads\/2015\/07\/500x500.png","width":500,"height":500,"caption":"Lusa Mater"},"image":{"@id":"https:\/\/lusamater.pt\/#\/schema\/logo\/image\/"},"sameAs":["https:\/\/www.facebook.com\/lusamater.pt\/","https:\/\/x.com\/lusamater","https:\/\/instagram.com\/lusamater\/","https:\/\/pt.pinterest.com\/lusamater\/"]}]}},"_links":{"self":[{"href":"https:\/\/lusamater.pt\/en\/wp-json\/wp\/v2\/product\/33304"}],"collection":[{"href":"https:\/\/lusamater.pt\/en\/wp-json\/wp\/v2\/product"}],"about":[{"href":"https:\/\/lusamater.pt\/en\/wp-json\/wp\/v2\/types\/product"}],"version-history":[{"count":1,"href":"https:\/\/lusamater.pt\/en\/wp-json\/wp\/v2\/product\/33304\/revisions"}],"predecessor-version":[{"id":52496,"href":"https:\/\/lusamater.pt\/en\/wp-json\/wp\/v2\/product\/33304\/revisions\/52496"}],"wp:featuredmedia":[{"embeddable":true,"href":"https:\/\/lusamater.pt\/en\/wp-json\/wp\/v2\/media\/32818"}],"wp:attachment":[{"href":"https:\/\/lusamater.pt\/en\/wp-json\/wp\/v2\/media?parent=33304"}],"wp:term":[{"taxonomy":"product_cat","embeddable":true,"href":"https:\/\/lusamater.pt\/en\/wp-json\/wp\/v2\/product_cat?post=33304"},{"taxonomy":"product_tag","embeddable":true,"href":"https:\/\/lusamater.pt\/en\/wp-json\/wp\/v2\/product_tag?post=33304"}],"curies":[{"name":"wp","href":"https:\/\/api.w.org\/{rel}","templated":true}]}}