{"id":33319,"date":"2015-04-29T17:05:59","date_gmt":"2015-04-29T17:05:59","guid":{"rendered":"http:\/\/putoperdiz201503.lusamater.pt\/?product=mapa-de-portugal"},"modified":"2025-11-29T23:18:15","modified_gmt":"2025-11-29T23:18:15","slug":"mapa-de-portugal","status":"publish","type":"product","link":"https:\/\/lusamater.pt\/en\/produto\/mapa-de-portugal\/","title":{"rendered":"Mapa de Portugal"},"content":{"rendered":"","protected":false},"excerpt":{"rendered":"<p>Carta de Portugal Continental \u00e0 escala 1\/600.000, de 1967, 12.000 exemplares, Edi\u00e7\u00f5es Progredior. Na margem esquerda, apresenta uma legenda com as principais batalhas ocorridas em Portugal Continental, que se encontram assinaladas no mapa e um Gr\u00e1fico com as Serras de Portugal e respetivas altitudes. Na margem direita, encontram-se tr\u00eas Mapas esquem\u00e1ticos com rios e serras, comunica\u00e7\u00f5es e com a Antiga divis\u00e3o provincial de Portugal.<\/p>\n","protected":false},"featured_media":33224,"template":"","meta":[],"product_cat":[267,1577,1587],"product_tag":[],"yoast_head":"<!-- This site is optimized with the Yoast SEO plugin v22.8 - https:\/\/yoast.com\/wordpress\/plugins\/seo\/ -->\n<title>Mapa de Portugal - Lusa Mater<\/title>\n<meta name=\"robots\" content=\"index, follow, max-snippet:-1, max-image-preview:large, max-video-preview:-1\" \/>\n<link rel=\"canonical\" href=\"https:\/\/lusamater.pt\/produto\/mapa-de-portugal\/\" \/>\n<meta property=\"og:locale\" content=\"en_US\" \/>\n<meta property=\"og:type\" content=\"article\" \/>\n<meta property=\"og:title\" content=\"Mapa de Portugal - Lusa Mater\" \/>\n<meta property=\"og:description\" content=\"Carta de Portugal Continental \u00e0 escala 1\/600.000, de 1967, 12.000 exemplares, Edi\u00e7\u00f5es Progredior. Na margem esquerda, apresenta uma legenda com as principais batalhas ocorridas em Portugal Continental, que se encontram assinaladas no mapa e um Gr\u00e1fico com as Serras de Portugal e respetivas altitudes. Na margem direita, encontram-se tr\u00eas Mapas esquem\u00e1ticos com rios e serras, comunica\u00e7\u00f5es e com a Antiga divis\u00e3o provincial de Portugal.\" \/>\n<meta property=\"og:url\" content=\"https:\/\/lusamater.pt\/produto\/mapa-de-portugal\/\" \/>\n<meta property=\"og:site_name\" content=\"Lusa Mater\" \/>\n<meta property=\"article:publisher\" content=\"https:\/\/www.facebook.com\/lusamater.pt\/\" \/>\n<meta property=\"article:modified_time\" content=\"2025-11-29T23:18:15+00:00\" \/>\n<meta property=\"og:image\" content=\"https:\/\/lusamater.pt\/wp-content\/uploads\/2015\/04\/MPA001-1.jpg\" \/>\n\t<meta property=\"og:image:width\" content=\"800\" \/>\n\t<meta property=\"og:image:height\" content=\"800\" \/>\n\t<meta property=\"og:image:type\" content=\"image\/jpeg\" \/>\n<meta name=\"twitter:card\" content=\"summary_large_image\" \/>\n<meta name=\"twitter:site\" content=\"@lusamater\" \/>\n<script type=\"application\/ld+json\" class=\"yoast-schema-graph\">{\"@context\":\"https:\/\/schema.org\",\"@graph\":[{\"@type\":\"WebPage\",\"@id\":\"https:\/\/lusamater.pt\/produto\/mapa-de-portugal\/\",\"url\":\"https:\/\/lusamater.pt\/produto\/mapa-de-portugal\/\",\"name\":\"Mapa de Portugal - Lusa Mater\",\"isPartOf\":{\"@id\":\"https:\/\/lusamater.pt\/#website\"},\"primaryImageOfPage\":{\"@id\":\"https:\/\/lusamater.pt\/produto\/mapa-de-portugal\/#primaryimage\"},\"image\":{\"@id\":\"https:\/\/lusamater.pt\/produto\/mapa-de-portugal\/#primaryimage\"},\"thumbnailUrl\":\"https:\/\/lusamater.pt\/wp-content\/uploads\/2015\/04\/MPA001-1.jpg\",\"datePublished\":\"2015-04-29T17:05:59+00:00\",\"dateModified\":\"2025-11-29T23:18:15+00:00\",\"breadcrumb\":{\"@id\":\"https:\/\/lusamater.pt\/produto\/mapa-de-portugal\/#breadcrumb\"},\"inLanguage\":\"en-US\",\"potentialAction\":[{\"@type\":\"ReadAction\",\"target\":[\"https:\/\/lusamater.pt\/produto\/mapa-de-portugal\/\"]}]},{\"@type\":\"ImageObject\",\"inLanguage\":\"en-US\",\"@id\":\"https:\/\/lusamater.pt\/produto\/mapa-de-portugal\/#primaryimage\",\"url\":\"https:\/\/lusamater.pt\/wp-content\/uploads\/2015\/04\/MPA001-1.jpg\",\"contentUrl\":\"https:\/\/lusamater.pt\/wp-content\/uploads\/2015\/04\/MPA001-1.jpg\",\"width\":800,\"height\":800},{\"@type\":\"BreadcrumbList\",\"@id\":\"https:\/\/lusamater.pt\/produto\/mapa-de-portugal\/#breadcrumb\",\"itemListElement\":[{\"@type\":\"ListItem\",\"position\":1,\"name\":\"Home\",\"item\":\"https:\/\/lusamater.pt\/\"},{\"@type\":\"ListItem\",\"position\":2,\"name\":\"Loja\",\"item\":\"https:\/\/lusamater.pt\/shop\/\"},{\"@type\":\"ListItem\",\"position\":3,\"name\":\"Mapa de Portugal\"}]},{\"@type\":\"WebSite\",\"@id\":\"https:\/\/lusamater.pt\/#website\",\"url\":\"https:\/\/lusamater.pt\/\",\"name\":\"Lusa Mater\",\"description\":\"S\u00f3 n\u00e3o vendemos saudade\",\"publisher\":{\"@id\":\"https:\/\/lusamater.pt\/#organization\"},\"potentialAction\":[{\"@type\":\"SearchAction\",\"target\":{\"@type\":\"EntryPoint\",\"urlTemplate\":\"https:\/\/lusamater.pt\/?s={search_term_string}\"},\"query-input\":\"required name=search_term_string\"}],\"inLanguage\":\"en-US\"},{\"@type\":\"Organization\",\"@id\":\"https:\/\/lusamater.pt\/#organization\",\"name\":\"Lusa Mater\",\"url\":\"https:\/\/lusamater.pt\/\",\"logo\":{\"@type\":\"ImageObject\",\"inLanguage\":\"en-US\",\"@id\":\"https:\/\/lusamater.pt\/#\/schema\/logo\/image\/\",\"url\":\"https:\/\/lusamater.pt\/wp-content\/uploads\/2015\/07\/500x500.png\",\"contentUrl\":\"https:\/\/lusamater.pt\/wp-content\/uploads\/2015\/07\/500x500.png\",\"width\":500,\"height\":500,\"caption\":\"Lusa Mater\"},\"image\":{\"@id\":\"https:\/\/lusamater.pt\/#\/schema\/logo\/image\/\"},\"sameAs\":[\"https:\/\/www.facebook.com\/lusamater.pt\/\",\"https:\/\/x.com\/lusamater\",\"https:\/\/instagram.com\/lusamater\/\",\"https:\/\/pt.pinterest.com\/lusamater\/\"]}]}<\/script>\n<!-- \/ Yoast SEO plugin. -->","yoast_head_json":{"title":"Mapa de Portugal - Lusa Mater","robots":{"index":"index","follow":"follow","max-snippet":"max-snippet:-1","max-image-preview":"max-image-preview:large","max-video-preview":"max-video-preview:-1"},"canonical":"https:\/\/lusamater.pt\/produto\/mapa-de-portugal\/","og_locale":"en_US","og_type":"article","og_title":"Mapa de Portugal - Lusa Mater","og_description":"Carta de Portugal Continental \u00e0 escala 1\/600.000, de 1967, 12.000 exemplares, Edi\u00e7\u00f5es Progredior. Na margem esquerda, apresenta uma legenda com as principais batalhas ocorridas em Portugal Continental, que se encontram assinaladas no mapa e um Gr\u00e1fico com as Serras de Portugal e respetivas altitudes. Na margem direita, encontram-se tr\u00eas Mapas esquem\u00e1ticos com rios e serras, comunica\u00e7\u00f5es e com a Antiga divis\u00e3o provincial de Portugal.","og_url":"https:\/\/lusamater.pt\/produto\/mapa-de-portugal\/","og_site_name":"Lusa Mater","article_publisher":"https:\/\/www.facebook.com\/lusamater.pt\/","article_modified_time":"2025-11-29T23:18:15+00:00","og_image":[{"width":800,"height":800,"url":"https:\/\/lusamater.pt\/wp-content\/uploads\/2015\/04\/MPA001-1.jpg","type":"image\/jpeg"}],"twitter_card":"summary_large_image","twitter_site":"@lusamater","schema":{"@context":"https:\/\/schema.org","@graph":[{"@type":"WebPage","@id":"https:\/\/lusamater.pt\/produto\/mapa-de-portugal\/","url":"https:\/\/lusamater.pt\/produto\/mapa-de-portugal\/","name":"Mapa de Portugal - Lusa Mater","isPartOf":{"@id":"https:\/\/lusamater.pt\/#website"},"primaryImageOfPage":{"@id":"https:\/\/lusamater.pt\/produto\/mapa-de-portugal\/#primaryimage"},"image":{"@id":"https:\/\/lusamater.pt\/produto\/mapa-de-portugal\/#primaryimage"},"thumbnailUrl":"https:\/\/lusamater.pt\/wp-content\/uploads\/2015\/04\/MPA001-1.jpg","datePublished":"2015-04-29T17:05:59+00:00","dateModified":"2025-11-29T23:18:15+00:00","breadcrumb":{"@id":"https:\/\/lusamater.pt\/produto\/mapa-de-portugal\/#breadcrumb"},"inLanguage":"en-US","potentialAction":[{"@type":"ReadAction","target":["https:\/\/lusamater.pt\/produto\/mapa-de-portugal\/"]}]},{"@type":"ImageObject","inLanguage":"en-US","@id":"https:\/\/lusamater.pt\/produto\/mapa-de-portugal\/#primaryimage","url":"https:\/\/lusamater.pt\/wp-content\/uploads\/2015\/04\/MPA001-1.jpg","contentUrl":"https:\/\/lusamater.pt\/wp-content\/uploads\/2015\/04\/MPA001-1.jpg","width":800,"height":800},{"@type":"BreadcrumbList","@id":"https:\/\/lusamater.pt\/produto\/mapa-de-portugal\/#breadcrumb","itemListElement":[{"@type":"ListItem","position":1,"name":"Home","item":"https:\/\/lusamater.pt\/"},{"@type":"ListItem","position":2,"name":"Loja","item":"https:\/\/lusamater.pt\/shop\/"},{"@type":"ListItem","position":3,"name":"Mapa de Portugal"}]},{"@type":"WebSite","@id":"https:\/\/lusamater.pt\/#website","url":"https:\/\/lusamater.pt\/","name":"Lusa Mater","description":"S\u00f3 n\u00e3o vendemos saudade","publisher":{"@id":"https:\/\/lusamater.pt\/#organization"},"potentialAction":[{"@type":"SearchAction","target":{"@type":"EntryPoint","urlTemplate":"https:\/\/lusamater.pt\/?s={search_term_string}"},"query-input":"required name=search_term_string"}],"inLanguage":"en-US"},{"@type":"Organization","@id":"https:\/\/lusamater.pt\/#organization","name":"Lusa Mater","url":"https:\/\/lusamater.pt\/","logo":{"@type":"ImageObject","inLanguage":"en-US","@id":"https:\/\/lusamater.pt\/#\/schema\/logo\/image\/","url":"https:\/\/lusamater.pt\/wp-content\/uploads\/2015\/07\/500x500.png","contentUrl":"https:\/\/lusamater.pt\/wp-content\/uploads\/2015\/07\/500x500.png","width":500,"height":500,"caption":"Lusa Mater"},"image":{"@id":"https:\/\/lusamater.pt\/#\/schema\/logo\/image\/"},"sameAs":["https:\/\/www.facebook.com\/lusamater.pt\/","https:\/\/x.com\/lusamater","https:\/\/instagram.com\/lusamater\/","https:\/\/pt.pinterest.com\/lusamater\/"]}]}},"_links":{"self":[{"href":"https:\/\/lusamater.pt\/en\/wp-json\/wp\/v2\/product\/33319"}],"collection":[{"href":"https:\/\/lusamater.pt\/en\/wp-json\/wp\/v2\/product"}],"about":[{"href":"https:\/\/lusamater.pt\/en\/wp-json\/wp\/v2\/types\/product"}],"version-history":[{"count":1,"href":"https:\/\/lusamater.pt\/en\/wp-json\/wp\/v2\/product\/33319\/revisions"}],"predecessor-version":[{"id":53044,"href":"https:\/\/lusamater.pt\/en\/wp-json\/wp\/v2\/product\/33319\/revisions\/53044"}],"wp:featuredmedia":[{"embeddable":true,"href":"https:\/\/lusamater.pt\/en\/wp-json\/wp\/v2\/media\/33224"}],"wp:attachment":[{"href":"https:\/\/lusamater.pt\/en\/wp-json\/wp\/v2\/media?parent=33319"}],"wp:term":[{"taxonomy":"product_cat","embeddable":true,"href":"https:\/\/lusamater.pt\/en\/wp-json\/wp\/v2\/product_cat?post=33319"},{"taxonomy":"product_tag","embeddable":true,"href":"https:\/\/lusamater.pt\/en\/wp-json\/wp\/v2\/product_tag?post=33319"}],"curies":[{"name":"wp","href":"https:\/\/api.w.org\/{rel}","templated":true}]}}