{"id":33325,"date":"2015-04-29T17:05:59","date_gmt":"2015-04-29T17:05:59","guid":{"rendered":"http:\/\/putoperdiz201503.lusamater.pt\/?product=lata-sortido-selecao-pauperio"},"modified":"2025-11-29T23:20:56","modified_gmt":"2025-11-29T23:20:56","slug":"lata-sortido-selecao-pauperio","status":"publish","type":"product","link":"https:\/\/lusamater.pt\/en\/produto\/lata-sortido-selecao-pauperio\/","title":{"rendered":"Lata Sortido Sele\u00e7\u00e3o Paup\u00e9rio"},"content":{"rendered":"","protected":false},"excerpt":{"rendered":"<p>Lata &#8220;vintage&#8221; de Sortido Sele\u00e7\u00e3o. As bolachas e biscoitos Paup\u00e9rio s\u00e3o fabricados de forma artesanal e com mat\u00e9rias-primas selecionadas, o que lhes confere um sabor inconfund\u00edvel, capaz de satisfazer o cliente mais exigente. Cont\u00e9m 900gr de uma sele\u00e7\u00e3o dos melhores sabores Paup\u00e9rio.<\/p>\n","protected":false},"featured_media":33531,"template":"","meta":[],"product_cat":[253,267,1585],"product_tag":[],"yoast_head":"<!-- This site is optimized with the Yoast SEO plugin v22.8 - https:\/\/yoast.com\/wordpress\/plugins\/seo\/ -->\n<title>Lata Sortido Sele\u00e7\u00e3o Paup\u00e9rio - Lusa Mater<\/title>\n<meta name=\"robots\" content=\"index, follow, max-snippet:-1, max-image-preview:large, max-video-preview:-1\" \/>\n<link rel=\"canonical\" href=\"https:\/\/lusamater.pt\/produto\/lata-sortido-selecao-pauperio\/\" \/>\n<meta property=\"og:locale\" content=\"en_US\" \/>\n<meta property=\"og:type\" content=\"article\" \/>\n<meta property=\"og:title\" content=\"Lata Sortido Sele\u00e7\u00e3o Paup\u00e9rio - Lusa Mater\" \/>\n<meta property=\"og:description\" content=\"Lata &quot;vintage&quot; de Sortido Sele\u00e7\u00e3o. As bolachas e biscoitos Paup\u00e9rio s\u00e3o fabricados de forma artesanal e com mat\u00e9rias-primas selecionadas, o que lhes confere um sabor inconfund\u00edvel, capaz de satisfazer o cliente mais exigente. Cont\u00e9m 900gr de uma sele\u00e7\u00e3o dos melhores sabores Paup\u00e9rio.\" \/>\n<meta property=\"og:url\" content=\"https:\/\/lusamater.pt\/produto\/lata-sortido-selecao-pauperio\/\" \/>\n<meta property=\"og:site_name\" content=\"Lusa Mater\" \/>\n<meta property=\"article:publisher\" content=\"https:\/\/www.facebook.com\/lusamater.pt\/\" \/>\n<meta property=\"article:modified_time\" content=\"2025-11-29T23:20:56+00:00\" \/>\n<meta property=\"og:image\" content=\"https:\/\/lusamater.pt\/wp-content\/uploads\/2015\/04\/PAU009-1.jpg\" \/>\n\t<meta property=\"og:image:width\" content=\"600\" \/>\n\t<meta property=\"og:image:height\" content=\"600\" \/>\n\t<meta property=\"og:image:type\" content=\"image\/jpeg\" \/>\n<meta name=\"twitter:card\" content=\"summary_large_image\" \/>\n<meta name=\"twitter:site\" content=\"@lusamater\" \/>\n<script type=\"application\/ld+json\" class=\"yoast-schema-graph\">{\"@context\":\"https:\/\/schema.org\",\"@graph\":[{\"@type\":\"WebPage\",\"@id\":\"https:\/\/lusamater.pt\/produto\/lata-sortido-selecao-pauperio\/\",\"url\":\"https:\/\/lusamater.pt\/produto\/lata-sortido-selecao-pauperio\/\",\"name\":\"Lata Sortido Sele\u00e7\u00e3o Paup\u00e9rio - Lusa Mater\",\"isPartOf\":{\"@id\":\"https:\/\/lusamater.pt\/#website\"},\"primaryImageOfPage\":{\"@id\":\"https:\/\/lusamater.pt\/produto\/lata-sortido-selecao-pauperio\/#primaryimage\"},\"image\":{\"@id\":\"https:\/\/lusamater.pt\/produto\/lata-sortido-selecao-pauperio\/#primaryimage\"},\"thumbnailUrl\":\"https:\/\/lusamater.pt\/wp-content\/uploads\/2015\/04\/PAU009-1.jpg\",\"datePublished\":\"2015-04-29T17:05:59+00:00\",\"dateModified\":\"2025-11-29T23:20:56+00:00\",\"breadcrumb\":{\"@id\":\"https:\/\/lusamater.pt\/produto\/lata-sortido-selecao-pauperio\/#breadcrumb\"},\"inLanguage\":\"en-US\",\"potentialAction\":[{\"@type\":\"ReadAction\",\"target\":[\"https:\/\/lusamater.pt\/produto\/lata-sortido-selecao-pauperio\/\"]}]},{\"@type\":\"ImageObject\",\"inLanguage\":\"en-US\",\"@id\":\"https:\/\/lusamater.pt\/produto\/lata-sortido-selecao-pauperio\/#primaryimage\",\"url\":\"https:\/\/lusamater.pt\/wp-content\/uploads\/2015\/04\/PAU009-1.jpg\",\"contentUrl\":\"https:\/\/lusamater.pt\/wp-content\/uploads\/2015\/04\/PAU009-1.jpg\",\"width\":600,\"height\":600},{\"@type\":\"BreadcrumbList\",\"@id\":\"https:\/\/lusamater.pt\/produto\/lata-sortido-selecao-pauperio\/#breadcrumb\",\"itemListElement\":[{\"@type\":\"ListItem\",\"position\":1,\"name\":\"Home\",\"item\":\"https:\/\/lusamater.pt\/\"},{\"@type\":\"ListItem\",\"position\":2,\"name\":\"Loja\",\"item\":\"https:\/\/lusamater.pt\/shop\/\"},{\"@type\":\"ListItem\",\"position\":3,\"name\":\"Lata Sortido Sele\u00e7\u00e3o Paup\u00e9rio\"}]},{\"@type\":\"WebSite\",\"@id\":\"https:\/\/lusamater.pt\/#website\",\"url\":\"https:\/\/lusamater.pt\/\",\"name\":\"Lusa Mater\",\"description\":\"S\u00f3 n\u00e3o vendemos saudade\",\"publisher\":{\"@id\":\"https:\/\/lusamater.pt\/#organization\"},\"potentialAction\":[{\"@type\":\"SearchAction\",\"target\":{\"@type\":\"EntryPoint\",\"urlTemplate\":\"https:\/\/lusamater.pt\/?s={search_term_string}\"},\"query-input\":\"required name=search_term_string\"}],\"inLanguage\":\"en-US\"},{\"@type\":\"Organization\",\"@id\":\"https:\/\/lusamater.pt\/#organization\",\"name\":\"Lusa Mater\",\"url\":\"https:\/\/lusamater.pt\/\",\"logo\":{\"@type\":\"ImageObject\",\"inLanguage\":\"en-US\",\"@id\":\"https:\/\/lusamater.pt\/#\/schema\/logo\/image\/\",\"url\":\"https:\/\/lusamater.pt\/wp-content\/uploads\/2015\/07\/500x500.png\",\"contentUrl\":\"https:\/\/lusamater.pt\/wp-content\/uploads\/2015\/07\/500x500.png\",\"width\":500,\"height\":500,\"caption\":\"Lusa Mater\"},\"image\":{\"@id\":\"https:\/\/lusamater.pt\/#\/schema\/logo\/image\/\"},\"sameAs\":[\"https:\/\/www.facebook.com\/lusamater.pt\/\",\"https:\/\/x.com\/lusamater\",\"https:\/\/instagram.com\/lusamater\/\",\"https:\/\/pt.pinterest.com\/lusamater\/\"]}]}<\/script>\n<!-- \/ Yoast SEO plugin. -->","yoast_head_json":{"title":"Lata Sortido Sele\u00e7\u00e3o Paup\u00e9rio - Lusa Mater","robots":{"index":"index","follow":"follow","max-snippet":"max-snippet:-1","max-image-preview":"max-image-preview:large","max-video-preview":"max-video-preview:-1"},"canonical":"https:\/\/lusamater.pt\/produto\/lata-sortido-selecao-pauperio\/","og_locale":"en_US","og_type":"article","og_title":"Lata Sortido Sele\u00e7\u00e3o Paup\u00e9rio - Lusa Mater","og_description":"Lata \"vintage\" de Sortido Sele\u00e7\u00e3o. As bolachas e biscoitos Paup\u00e9rio s\u00e3o fabricados de forma artesanal e com mat\u00e9rias-primas selecionadas, o que lhes confere um sabor inconfund\u00edvel, capaz de satisfazer o cliente mais exigente. Cont\u00e9m 900gr de uma sele\u00e7\u00e3o dos melhores sabores Paup\u00e9rio.","og_url":"https:\/\/lusamater.pt\/produto\/lata-sortido-selecao-pauperio\/","og_site_name":"Lusa Mater","article_publisher":"https:\/\/www.facebook.com\/lusamater.pt\/","article_modified_time":"2025-11-29T23:20:56+00:00","og_image":[{"width":600,"height":600,"url":"https:\/\/lusamater.pt\/wp-content\/uploads\/2015\/04\/PAU009-1.jpg","type":"image\/jpeg"}],"twitter_card":"summary_large_image","twitter_site":"@lusamater","schema":{"@context":"https:\/\/schema.org","@graph":[{"@type":"WebPage","@id":"https:\/\/lusamater.pt\/produto\/lata-sortido-selecao-pauperio\/","url":"https:\/\/lusamater.pt\/produto\/lata-sortido-selecao-pauperio\/","name":"Lata Sortido Sele\u00e7\u00e3o Paup\u00e9rio - Lusa Mater","isPartOf":{"@id":"https:\/\/lusamater.pt\/#website"},"primaryImageOfPage":{"@id":"https:\/\/lusamater.pt\/produto\/lata-sortido-selecao-pauperio\/#primaryimage"},"image":{"@id":"https:\/\/lusamater.pt\/produto\/lata-sortido-selecao-pauperio\/#primaryimage"},"thumbnailUrl":"https:\/\/lusamater.pt\/wp-content\/uploads\/2015\/04\/PAU009-1.jpg","datePublished":"2015-04-29T17:05:59+00:00","dateModified":"2025-11-29T23:20:56+00:00","breadcrumb":{"@id":"https:\/\/lusamater.pt\/produto\/lata-sortido-selecao-pauperio\/#breadcrumb"},"inLanguage":"en-US","potentialAction":[{"@type":"ReadAction","target":["https:\/\/lusamater.pt\/produto\/lata-sortido-selecao-pauperio\/"]}]},{"@type":"ImageObject","inLanguage":"en-US","@id":"https:\/\/lusamater.pt\/produto\/lata-sortido-selecao-pauperio\/#primaryimage","url":"https:\/\/lusamater.pt\/wp-content\/uploads\/2015\/04\/PAU009-1.jpg","contentUrl":"https:\/\/lusamater.pt\/wp-content\/uploads\/2015\/04\/PAU009-1.jpg","width":600,"height":600},{"@type":"BreadcrumbList","@id":"https:\/\/lusamater.pt\/produto\/lata-sortido-selecao-pauperio\/#breadcrumb","itemListElement":[{"@type":"ListItem","position":1,"name":"Home","item":"https:\/\/lusamater.pt\/"},{"@type":"ListItem","position":2,"name":"Loja","item":"https:\/\/lusamater.pt\/shop\/"},{"@type":"ListItem","position":3,"name":"Lata Sortido Sele\u00e7\u00e3o Paup\u00e9rio"}]},{"@type":"WebSite","@id":"https:\/\/lusamater.pt\/#website","url":"https:\/\/lusamater.pt\/","name":"Lusa Mater","description":"S\u00f3 n\u00e3o vendemos saudade","publisher":{"@id":"https:\/\/lusamater.pt\/#organization"},"potentialAction":[{"@type":"SearchAction","target":{"@type":"EntryPoint","urlTemplate":"https:\/\/lusamater.pt\/?s={search_term_string}"},"query-input":"required name=search_term_string"}],"inLanguage":"en-US"},{"@type":"Organization","@id":"https:\/\/lusamater.pt\/#organization","name":"Lusa Mater","url":"https:\/\/lusamater.pt\/","logo":{"@type":"ImageObject","inLanguage":"en-US","@id":"https:\/\/lusamater.pt\/#\/schema\/logo\/image\/","url":"https:\/\/lusamater.pt\/wp-content\/uploads\/2015\/07\/500x500.png","contentUrl":"https:\/\/lusamater.pt\/wp-content\/uploads\/2015\/07\/500x500.png","width":500,"height":500,"caption":"Lusa Mater"},"image":{"@id":"https:\/\/lusamater.pt\/#\/schema\/logo\/image\/"},"sameAs":["https:\/\/www.facebook.com\/lusamater.pt\/","https:\/\/x.com\/lusamater","https:\/\/instagram.com\/lusamater\/","https:\/\/pt.pinterest.com\/lusamater\/"]}]}},"_links":{"self":[{"href":"https:\/\/lusamater.pt\/en\/wp-json\/wp\/v2\/product\/33325"}],"collection":[{"href":"https:\/\/lusamater.pt\/en\/wp-json\/wp\/v2\/product"}],"about":[{"href":"https:\/\/lusamater.pt\/en\/wp-json\/wp\/v2\/types\/product"}],"version-history":[{"count":1,"href":"https:\/\/lusamater.pt\/en\/wp-json\/wp\/v2\/product\/33325\/revisions"}],"predecessor-version":[{"id":52733,"href":"https:\/\/lusamater.pt\/en\/wp-json\/wp\/v2\/product\/33325\/revisions\/52733"}],"wp:featuredmedia":[{"embeddable":true,"href":"https:\/\/lusamater.pt\/en\/wp-json\/wp\/v2\/media\/33531"}],"wp:attachment":[{"href":"https:\/\/lusamater.pt\/en\/wp-json\/wp\/v2\/media?parent=33325"}],"wp:term":[{"taxonomy":"product_cat","embeddable":true,"href":"https:\/\/lusamater.pt\/en\/wp-json\/wp\/v2\/product_cat?post=33325"},{"taxonomy":"product_tag","embeddable":true,"href":"https:\/\/lusamater.pt\/en\/wp-json\/wp\/v2\/product_tag?post=33325"}],"curies":[{"name":"wp","href":"https:\/\/api.w.org\/{rel}","templated":true}]}}