{"id":33350,"date":"2015-04-29T17:06:03","date_gmt":"2015-04-29T17:06:03","guid":{"rendered":"http:\/\/putoperdiz201503.lusamater.pt\/?product=caixa-lapis-de-cor-vintage-papagaio-2"},"modified":"2018-12-14T12:46:06","modified_gmt":"2018-12-14T12:46:06","slug":"caixa-lapis-de-cor-vintage-papagaio-2","status":"publish","type":"product","link":"https:\/\/lusamater.pt\/en\/produto\/caixa-lapis-de-cor-vintage-papagaio-2\/","title":{"rendered":"Caixa L\u00e1pis de Cor Vintage [Papagaio]"},"content":{"rendered":"","protected":false},"excerpt":{"rendered":"<p>Muitos de n\u00f3s efetuaram os seus primeiros inofensivos e divertidos sarrabiscos com l\u00e1pis de cor iguais a estes. Em alguns casos, esses sarrabiscos tra\u00e7aram o in\u00edcio de um caminho que viria a culminar numa carreira nas Belas-Artes ou na Arquitetura. Caixa original com o motivos animais protegidos (edi\u00e7\u00e3o limitada). Inclui 12 l\u00e1pis de cor.<\/p>\n","protected":false},"featured_media":33395,"template":"","meta":[],"product_cat":[267,337,1710],"product_tag":[],"yoast_head":"<!-- This site is optimized with the Yoast SEO plugin v22.8 - https:\/\/yoast.com\/wordpress\/plugins\/seo\/ -->\n<title>Caixa L\u00e1pis de Cor Vintage [Papagaio] - Lusa Mater<\/title>\n<meta name=\"robots\" content=\"index, follow, max-snippet:-1, max-image-preview:large, max-video-preview:-1\" \/>\n<link rel=\"canonical\" href=\"https:\/\/lusamater.pt\/produto\/caixa-lapis-de-cor-vintage-papagaio-2\/\" \/>\n<meta property=\"og:locale\" content=\"en_US\" \/>\n<meta property=\"og:type\" content=\"article\" \/>\n<meta property=\"og:title\" content=\"Caixa L\u00e1pis de Cor Vintage [Papagaio] - Lusa Mater\" \/>\n<meta property=\"og:description\" content=\"Muitos de n\u00f3s efetuaram os seus primeiros inofensivos e divertidos sarrabiscos com l\u00e1pis de cor iguais a estes. Em alguns casos, esses sarrabiscos tra\u00e7aram o in\u00edcio de um caminho que viria a culminar numa carreira nas Belas-Artes ou na Arquitetura. Caixa original com o motivos animais protegidos (edi\u00e7\u00e3o limitada). Inclui 12 l\u00e1pis de cor.\" \/>\n<meta property=\"og:url\" content=\"https:\/\/lusamater.pt\/produto\/caixa-lapis-de-cor-vintage-papagaio-2\/\" \/>\n<meta property=\"og:site_name\" content=\"Lusa Mater\" \/>\n<meta property=\"article:publisher\" content=\"https:\/\/www.facebook.com\/lusamater.pt\/\" \/>\n<meta property=\"article:modified_time\" content=\"2018-12-14T12:46:06+00:00\" \/>\n<meta property=\"og:image\" content=\"https:\/\/lusamater.pt\/wp-content\/uploads\/2015\/04\/VIA017-1.jpg\" \/>\n\t<meta property=\"og:image:width\" content=\"600\" \/>\n\t<meta property=\"og:image:height\" content=\"600\" \/>\n\t<meta property=\"og:image:type\" content=\"image\/jpeg\" \/>\n<meta name=\"twitter:card\" content=\"summary_large_image\" \/>\n<meta name=\"twitter:site\" content=\"@lusamater\" \/>\n<script type=\"application\/ld+json\" class=\"yoast-schema-graph\">{\"@context\":\"https:\/\/schema.org\",\"@graph\":[{\"@type\":\"WebPage\",\"@id\":\"https:\/\/lusamater.pt\/produto\/caixa-lapis-de-cor-vintage-papagaio-2\/\",\"url\":\"https:\/\/lusamater.pt\/produto\/caixa-lapis-de-cor-vintage-papagaio-2\/\",\"name\":\"Caixa L\u00e1pis de Cor Vintage [Papagaio] - Lusa Mater\",\"isPartOf\":{\"@id\":\"https:\/\/lusamater.pt\/#website\"},\"primaryImageOfPage\":{\"@id\":\"https:\/\/lusamater.pt\/produto\/caixa-lapis-de-cor-vintage-papagaio-2\/#primaryimage\"},\"image\":{\"@id\":\"https:\/\/lusamater.pt\/produto\/caixa-lapis-de-cor-vintage-papagaio-2\/#primaryimage\"},\"thumbnailUrl\":\"https:\/\/lusamater.pt\/wp-content\/uploads\/2015\/04\/VIA017-1.jpg\",\"datePublished\":\"2015-04-29T17:06:03+00:00\",\"dateModified\":\"2018-12-14T12:46:06+00:00\",\"breadcrumb\":{\"@id\":\"https:\/\/lusamater.pt\/produto\/caixa-lapis-de-cor-vintage-papagaio-2\/#breadcrumb\"},\"inLanguage\":\"en-US\",\"potentialAction\":[{\"@type\":\"ReadAction\",\"target\":[\"https:\/\/lusamater.pt\/produto\/caixa-lapis-de-cor-vintage-papagaio-2\/\"]}]},{\"@type\":\"ImageObject\",\"inLanguage\":\"en-US\",\"@id\":\"https:\/\/lusamater.pt\/produto\/caixa-lapis-de-cor-vintage-papagaio-2\/#primaryimage\",\"url\":\"https:\/\/lusamater.pt\/wp-content\/uploads\/2015\/04\/VIA017-1.jpg\",\"contentUrl\":\"https:\/\/lusamater.pt\/wp-content\/uploads\/2015\/04\/VIA017-1.jpg\",\"width\":600,\"height\":600},{\"@type\":\"BreadcrumbList\",\"@id\":\"https:\/\/lusamater.pt\/produto\/caixa-lapis-de-cor-vintage-papagaio-2\/#breadcrumb\",\"itemListElement\":[{\"@type\":\"ListItem\",\"position\":1,\"name\":\"Home\",\"item\":\"https:\/\/lusamater.pt\/\"},{\"@type\":\"ListItem\",\"position\":2,\"name\":\"Loja\",\"item\":\"https:\/\/lusamater.pt\/shop\/\"},{\"@type\":\"ListItem\",\"position\":3,\"name\":\"Caixa L\u00e1pis de Cor Vintage [Papagaio]\"}]},{\"@type\":\"WebSite\",\"@id\":\"https:\/\/lusamater.pt\/#website\",\"url\":\"https:\/\/lusamater.pt\/\",\"name\":\"Lusa Mater\",\"description\":\"S\u00f3 n\u00e3o vendemos saudade\",\"publisher\":{\"@id\":\"https:\/\/lusamater.pt\/#organization\"},\"potentialAction\":[{\"@type\":\"SearchAction\",\"target\":{\"@type\":\"EntryPoint\",\"urlTemplate\":\"https:\/\/lusamater.pt\/?s={search_term_string}\"},\"query-input\":\"required name=search_term_string\"}],\"inLanguage\":\"en-US\"},{\"@type\":\"Organization\",\"@id\":\"https:\/\/lusamater.pt\/#organization\",\"name\":\"Lusa Mater\",\"url\":\"https:\/\/lusamater.pt\/\",\"logo\":{\"@type\":\"ImageObject\",\"inLanguage\":\"en-US\",\"@id\":\"https:\/\/lusamater.pt\/#\/schema\/logo\/image\/\",\"url\":\"https:\/\/lusamater.pt\/wp-content\/uploads\/2015\/07\/500x500.png\",\"contentUrl\":\"https:\/\/lusamater.pt\/wp-content\/uploads\/2015\/07\/500x500.png\",\"width\":500,\"height\":500,\"caption\":\"Lusa Mater\"},\"image\":{\"@id\":\"https:\/\/lusamater.pt\/#\/schema\/logo\/image\/\"},\"sameAs\":[\"https:\/\/www.facebook.com\/lusamater.pt\/\",\"https:\/\/x.com\/lusamater\",\"https:\/\/instagram.com\/lusamater\/\",\"https:\/\/pt.pinterest.com\/lusamater\/\"]}]}<\/script>\n<!-- \/ Yoast SEO plugin. -->","yoast_head_json":{"title":"Caixa L\u00e1pis de Cor Vintage [Papagaio] - Lusa Mater","robots":{"index":"index","follow":"follow","max-snippet":"max-snippet:-1","max-image-preview":"max-image-preview:large","max-video-preview":"max-video-preview:-1"},"canonical":"https:\/\/lusamater.pt\/produto\/caixa-lapis-de-cor-vintage-papagaio-2\/","og_locale":"en_US","og_type":"article","og_title":"Caixa L\u00e1pis de Cor Vintage [Papagaio] - Lusa Mater","og_description":"Muitos de n\u00f3s efetuaram os seus primeiros inofensivos e divertidos sarrabiscos com l\u00e1pis de cor iguais a estes. Em alguns casos, esses sarrabiscos tra\u00e7aram o in\u00edcio de um caminho que viria a culminar numa carreira nas Belas-Artes ou na Arquitetura. Caixa original com o motivos animais protegidos (edi\u00e7\u00e3o limitada). Inclui 12 l\u00e1pis de cor.","og_url":"https:\/\/lusamater.pt\/produto\/caixa-lapis-de-cor-vintage-papagaio-2\/","og_site_name":"Lusa Mater","article_publisher":"https:\/\/www.facebook.com\/lusamater.pt\/","article_modified_time":"2018-12-14T12:46:06+00:00","og_image":[{"width":600,"height":600,"url":"https:\/\/lusamater.pt\/wp-content\/uploads\/2015\/04\/VIA017-1.jpg","type":"image\/jpeg"}],"twitter_card":"summary_large_image","twitter_site":"@lusamater","schema":{"@context":"https:\/\/schema.org","@graph":[{"@type":"WebPage","@id":"https:\/\/lusamater.pt\/produto\/caixa-lapis-de-cor-vintage-papagaio-2\/","url":"https:\/\/lusamater.pt\/produto\/caixa-lapis-de-cor-vintage-papagaio-2\/","name":"Caixa L\u00e1pis de Cor Vintage [Papagaio] - Lusa Mater","isPartOf":{"@id":"https:\/\/lusamater.pt\/#website"},"primaryImageOfPage":{"@id":"https:\/\/lusamater.pt\/produto\/caixa-lapis-de-cor-vintage-papagaio-2\/#primaryimage"},"image":{"@id":"https:\/\/lusamater.pt\/produto\/caixa-lapis-de-cor-vintage-papagaio-2\/#primaryimage"},"thumbnailUrl":"https:\/\/lusamater.pt\/wp-content\/uploads\/2015\/04\/VIA017-1.jpg","datePublished":"2015-04-29T17:06:03+00:00","dateModified":"2018-12-14T12:46:06+00:00","breadcrumb":{"@id":"https:\/\/lusamater.pt\/produto\/caixa-lapis-de-cor-vintage-papagaio-2\/#breadcrumb"},"inLanguage":"en-US","potentialAction":[{"@type":"ReadAction","target":["https:\/\/lusamater.pt\/produto\/caixa-lapis-de-cor-vintage-papagaio-2\/"]}]},{"@type":"ImageObject","inLanguage":"en-US","@id":"https:\/\/lusamater.pt\/produto\/caixa-lapis-de-cor-vintage-papagaio-2\/#primaryimage","url":"https:\/\/lusamater.pt\/wp-content\/uploads\/2015\/04\/VIA017-1.jpg","contentUrl":"https:\/\/lusamater.pt\/wp-content\/uploads\/2015\/04\/VIA017-1.jpg","width":600,"height":600},{"@type":"BreadcrumbList","@id":"https:\/\/lusamater.pt\/produto\/caixa-lapis-de-cor-vintage-papagaio-2\/#breadcrumb","itemListElement":[{"@type":"ListItem","position":1,"name":"Home","item":"https:\/\/lusamater.pt\/"},{"@type":"ListItem","position":2,"name":"Loja","item":"https:\/\/lusamater.pt\/shop\/"},{"@type":"ListItem","position":3,"name":"Caixa L\u00e1pis de Cor Vintage [Papagaio]"}]},{"@type":"WebSite","@id":"https:\/\/lusamater.pt\/#website","url":"https:\/\/lusamater.pt\/","name":"Lusa Mater","description":"S\u00f3 n\u00e3o vendemos saudade","publisher":{"@id":"https:\/\/lusamater.pt\/#organization"},"potentialAction":[{"@type":"SearchAction","target":{"@type":"EntryPoint","urlTemplate":"https:\/\/lusamater.pt\/?s={search_term_string}"},"query-input":"required name=search_term_string"}],"inLanguage":"en-US"},{"@type":"Organization","@id":"https:\/\/lusamater.pt\/#organization","name":"Lusa Mater","url":"https:\/\/lusamater.pt\/","logo":{"@type":"ImageObject","inLanguage":"en-US","@id":"https:\/\/lusamater.pt\/#\/schema\/logo\/image\/","url":"https:\/\/lusamater.pt\/wp-content\/uploads\/2015\/07\/500x500.png","contentUrl":"https:\/\/lusamater.pt\/wp-content\/uploads\/2015\/07\/500x500.png","width":500,"height":500,"caption":"Lusa Mater"},"image":{"@id":"https:\/\/lusamater.pt\/#\/schema\/logo\/image\/"},"sameAs":["https:\/\/www.facebook.com\/lusamater.pt\/","https:\/\/x.com\/lusamater","https:\/\/instagram.com\/lusamater\/","https:\/\/pt.pinterest.com\/lusamater\/"]}]}},"_links":{"self":[{"href":"https:\/\/lusamater.pt\/en\/wp-json\/wp\/v2\/product\/33350"}],"collection":[{"href":"https:\/\/lusamater.pt\/en\/wp-json\/wp\/v2\/product"}],"about":[{"href":"https:\/\/lusamater.pt\/en\/wp-json\/wp\/v2\/types\/product"}],"version-history":[{"count":0,"href":"https:\/\/lusamater.pt\/en\/wp-json\/wp\/v2\/product\/33350\/revisions"}],"wp:featuredmedia":[{"embeddable":true,"href":"https:\/\/lusamater.pt\/en\/wp-json\/wp\/v2\/media\/33395"}],"wp:attachment":[{"href":"https:\/\/lusamater.pt\/en\/wp-json\/wp\/v2\/media?parent=33350"}],"wp:term":[{"taxonomy":"product_cat","embeddable":true,"href":"https:\/\/lusamater.pt\/en\/wp-json\/wp\/v2\/product_cat?post=33350"},{"taxonomy":"product_tag","embeddable":true,"href":"https:\/\/lusamater.pt\/en\/wp-json\/wp\/v2\/product_tag?post=33350"}],"curies":[{"name":"wp","href":"https:\/\/api.w.org\/{rel}","templated":true}]}}