{"id":33903,"date":"2015-04-30T16:02:15","date_gmt":"2015-04-30T16:02:15","guid":{"rendered":"http:\/\/putoperdiz201503.lusamater.pt\/?product=anda-ca-que-eu-ja-te-conto-antologia-de-contos-e-contadores-alentejanos"},"modified":"2025-12-02T13:16:36","modified_gmt":"2025-12-02T13:16:36","slug":"anda-ca-que-eu-ja-te-conto-antologia-de-contos-e-contadores-alentejanos","status":"publish","type":"product","link":"https:\/\/lusamater.pt\/en\/produto\/anda-ca-que-eu-ja-te-conto-antologia-de-contos-e-contadores-alentejanos\/","title":{"rendered":"Anda c\u00e1 que eu j\u00e1 te conto Antologia de contos e contadores alentejanos"},"content":{"rendered":"","protected":false},"excerpt":{"rendered":"<p>Doze contos passados entre gera\u00e7\u00f5es e continentes chegam-nos agora com a cor do Alentejo, na prosa de cinco contadores que a Boca re\u00fane em videolivro (livro + DVD) e em vers\u00e3o trilingue (PT\/ESP\/ENG), para os devolver ao mundo. \u00c9 o 2\u00ba volume da colec\u00e7\u00e3o HOT \u2013 Hist\u00f3rias Oralmente Transmiss\u00edveis.<\/p>\n","protected":false},"featured_media":33652,"template":"","meta":[],"product_cat":[1100],"product_tag":[],"yoast_head":"<!-- This site is optimized with the Yoast SEO plugin v22.8 - https:\/\/yoast.com\/wordpress\/plugins\/seo\/ -->\n<title>Anda c\u00e1 que eu j\u00e1 te conto Antologia de contos e contadores alentejanos - Lusa Mater<\/title>\n<meta name=\"robots\" content=\"index, follow, max-snippet:-1, max-image-preview:large, max-video-preview:-1\" \/>\n<link rel=\"canonical\" href=\"https:\/\/lusamater.pt\/produto\/anda-ca-que-eu-ja-te-conto-antologia-de-contos-e-contadores-alentejanos\/\" \/>\n<meta property=\"og:locale\" content=\"en_US\" \/>\n<meta property=\"og:type\" content=\"article\" \/>\n<meta property=\"og:title\" content=\"Anda c\u00e1 que eu j\u00e1 te conto Antologia de contos e contadores alentejanos - Lusa Mater\" \/>\n<meta property=\"og:description\" content=\"Doze contos passados entre gera\u00e7\u00f5es e continentes chegam-nos agora com a cor do Alentejo, na prosa de cinco contadores que a Boca re\u00fane em videolivro (livro + DVD) e em vers\u00e3o trilingue (PT\/ESP\/ENG), para os devolver ao mundo. \u00c9 o 2\u00ba volume da colec\u00e7\u00e3o HOT \u2013 Hist\u00f3rias Oralmente Transmiss\u00edveis.\" \/>\n<meta property=\"og:url\" content=\"https:\/\/lusamater.pt\/produto\/anda-ca-que-eu-ja-te-conto-antologia-de-contos-e-contadores-alentejanos\/\" \/>\n<meta property=\"og:site_name\" content=\"Lusa Mater\" \/>\n<meta property=\"article:publisher\" content=\"https:\/\/www.facebook.com\/lusamater.pt\/\" \/>\n<meta property=\"article:modified_time\" content=\"2025-12-02T13:16:36+00:00\" \/>\n<meta property=\"og:image\" content=\"https:\/\/lusamater.pt\/wp-content\/uploads\/2015\/04\/BOC003-1.jpg\" \/>\n\t<meta property=\"og:image:width\" content=\"600\" \/>\n\t<meta property=\"og:image:height\" content=\"600\" \/>\n\t<meta property=\"og:image:type\" content=\"image\/jpeg\" \/>\n<meta name=\"twitter:card\" content=\"summary_large_image\" \/>\n<meta name=\"twitter:site\" content=\"@lusamater\" \/>\n<script type=\"application\/ld+json\" class=\"yoast-schema-graph\">{\"@context\":\"https:\/\/schema.org\",\"@graph\":[{\"@type\":\"WebPage\",\"@id\":\"https:\/\/lusamater.pt\/produto\/anda-ca-que-eu-ja-te-conto-antologia-de-contos-e-contadores-alentejanos\/\",\"url\":\"https:\/\/lusamater.pt\/produto\/anda-ca-que-eu-ja-te-conto-antologia-de-contos-e-contadores-alentejanos\/\",\"name\":\"Anda c\u00e1 que eu j\u00e1 te conto Antologia de contos e contadores alentejanos - Lusa Mater\",\"isPartOf\":{\"@id\":\"https:\/\/lusamater.pt\/#website\"},\"primaryImageOfPage\":{\"@id\":\"https:\/\/lusamater.pt\/produto\/anda-ca-que-eu-ja-te-conto-antologia-de-contos-e-contadores-alentejanos\/#primaryimage\"},\"image\":{\"@id\":\"https:\/\/lusamater.pt\/produto\/anda-ca-que-eu-ja-te-conto-antologia-de-contos-e-contadores-alentejanos\/#primaryimage\"},\"thumbnailUrl\":\"https:\/\/lusamater.pt\/wp-content\/uploads\/2015\/04\/BOC003-1.jpg\",\"datePublished\":\"2015-04-30T16:02:15+00:00\",\"dateModified\":\"2025-12-02T13:16:36+00:00\",\"breadcrumb\":{\"@id\":\"https:\/\/lusamater.pt\/produto\/anda-ca-que-eu-ja-te-conto-antologia-de-contos-e-contadores-alentejanos\/#breadcrumb\"},\"inLanguage\":\"en-US\",\"potentialAction\":[{\"@type\":\"ReadAction\",\"target\":[\"https:\/\/lusamater.pt\/produto\/anda-ca-que-eu-ja-te-conto-antologia-de-contos-e-contadores-alentejanos\/\"]}]},{\"@type\":\"ImageObject\",\"inLanguage\":\"en-US\",\"@id\":\"https:\/\/lusamater.pt\/produto\/anda-ca-que-eu-ja-te-conto-antologia-de-contos-e-contadores-alentejanos\/#primaryimage\",\"url\":\"https:\/\/lusamater.pt\/wp-content\/uploads\/2015\/04\/BOC003-1.jpg\",\"contentUrl\":\"https:\/\/lusamater.pt\/wp-content\/uploads\/2015\/04\/BOC003-1.jpg\",\"width\":600,\"height\":600},{\"@type\":\"BreadcrumbList\",\"@id\":\"https:\/\/lusamater.pt\/produto\/anda-ca-que-eu-ja-te-conto-antologia-de-contos-e-contadores-alentejanos\/#breadcrumb\",\"itemListElement\":[{\"@type\":\"ListItem\",\"position\":1,\"name\":\"Home\",\"item\":\"https:\/\/lusamater.pt\/\"},{\"@type\":\"ListItem\",\"position\":2,\"name\":\"Loja\",\"item\":\"https:\/\/lusamater.pt\/shop\/\"},{\"@type\":\"ListItem\",\"position\":3,\"name\":\"Anda c\u00e1 que eu j\u00e1 te conto Antologia de contos e contadores alentejanos\"}]},{\"@type\":\"WebSite\",\"@id\":\"https:\/\/lusamater.pt\/#website\",\"url\":\"https:\/\/lusamater.pt\/\",\"name\":\"Lusa Mater\",\"description\":\"S\u00f3 n\u00e3o vendemos saudade\",\"publisher\":{\"@id\":\"https:\/\/lusamater.pt\/#organization\"},\"potentialAction\":[{\"@type\":\"SearchAction\",\"target\":{\"@type\":\"EntryPoint\",\"urlTemplate\":\"https:\/\/lusamater.pt\/?s={search_term_string}\"},\"query-input\":\"required name=search_term_string\"}],\"inLanguage\":\"en-US\"},{\"@type\":\"Organization\",\"@id\":\"https:\/\/lusamater.pt\/#organization\",\"name\":\"Lusa Mater\",\"url\":\"https:\/\/lusamater.pt\/\",\"logo\":{\"@type\":\"ImageObject\",\"inLanguage\":\"en-US\",\"@id\":\"https:\/\/lusamater.pt\/#\/schema\/logo\/image\/\",\"url\":\"https:\/\/lusamater.pt\/wp-content\/uploads\/2015\/07\/500x500.png\",\"contentUrl\":\"https:\/\/lusamater.pt\/wp-content\/uploads\/2015\/07\/500x500.png\",\"width\":500,\"height\":500,\"caption\":\"Lusa Mater\"},\"image\":{\"@id\":\"https:\/\/lusamater.pt\/#\/schema\/logo\/image\/\"},\"sameAs\":[\"https:\/\/www.facebook.com\/lusamater.pt\/\",\"https:\/\/x.com\/lusamater\",\"https:\/\/instagram.com\/lusamater\/\",\"https:\/\/pt.pinterest.com\/lusamater\/\"]}]}<\/script>\n<!-- \/ Yoast SEO plugin. -->","yoast_head_json":{"title":"Anda c\u00e1 que eu j\u00e1 te conto Antologia de contos e contadores alentejanos - Lusa Mater","robots":{"index":"index","follow":"follow","max-snippet":"max-snippet:-1","max-image-preview":"max-image-preview:large","max-video-preview":"max-video-preview:-1"},"canonical":"https:\/\/lusamater.pt\/produto\/anda-ca-que-eu-ja-te-conto-antologia-de-contos-e-contadores-alentejanos\/","og_locale":"en_US","og_type":"article","og_title":"Anda c\u00e1 que eu j\u00e1 te conto Antologia de contos e contadores alentejanos - Lusa Mater","og_description":"Doze contos passados entre gera\u00e7\u00f5es e continentes chegam-nos agora com a cor do Alentejo, na prosa de cinco contadores que a Boca re\u00fane em videolivro (livro + DVD) e em vers\u00e3o trilingue (PT\/ESP\/ENG), para os devolver ao mundo. \u00c9 o 2\u00ba volume da colec\u00e7\u00e3o HOT \u2013 Hist\u00f3rias Oralmente Transmiss\u00edveis.","og_url":"https:\/\/lusamater.pt\/produto\/anda-ca-que-eu-ja-te-conto-antologia-de-contos-e-contadores-alentejanos\/","og_site_name":"Lusa Mater","article_publisher":"https:\/\/www.facebook.com\/lusamater.pt\/","article_modified_time":"2025-12-02T13:16:36+00:00","og_image":[{"width":600,"height":600,"url":"https:\/\/lusamater.pt\/wp-content\/uploads\/2015\/04\/BOC003-1.jpg","type":"image\/jpeg"}],"twitter_card":"summary_large_image","twitter_site":"@lusamater","schema":{"@context":"https:\/\/schema.org","@graph":[{"@type":"WebPage","@id":"https:\/\/lusamater.pt\/produto\/anda-ca-que-eu-ja-te-conto-antologia-de-contos-e-contadores-alentejanos\/","url":"https:\/\/lusamater.pt\/produto\/anda-ca-que-eu-ja-te-conto-antologia-de-contos-e-contadores-alentejanos\/","name":"Anda c\u00e1 que eu j\u00e1 te conto Antologia de contos e contadores alentejanos - Lusa Mater","isPartOf":{"@id":"https:\/\/lusamater.pt\/#website"},"primaryImageOfPage":{"@id":"https:\/\/lusamater.pt\/produto\/anda-ca-que-eu-ja-te-conto-antologia-de-contos-e-contadores-alentejanos\/#primaryimage"},"image":{"@id":"https:\/\/lusamater.pt\/produto\/anda-ca-que-eu-ja-te-conto-antologia-de-contos-e-contadores-alentejanos\/#primaryimage"},"thumbnailUrl":"https:\/\/lusamater.pt\/wp-content\/uploads\/2015\/04\/BOC003-1.jpg","datePublished":"2015-04-30T16:02:15+00:00","dateModified":"2025-12-02T13:16:36+00:00","breadcrumb":{"@id":"https:\/\/lusamater.pt\/produto\/anda-ca-que-eu-ja-te-conto-antologia-de-contos-e-contadores-alentejanos\/#breadcrumb"},"inLanguage":"en-US","potentialAction":[{"@type":"ReadAction","target":["https:\/\/lusamater.pt\/produto\/anda-ca-que-eu-ja-te-conto-antologia-de-contos-e-contadores-alentejanos\/"]}]},{"@type":"ImageObject","inLanguage":"en-US","@id":"https:\/\/lusamater.pt\/produto\/anda-ca-que-eu-ja-te-conto-antologia-de-contos-e-contadores-alentejanos\/#primaryimage","url":"https:\/\/lusamater.pt\/wp-content\/uploads\/2015\/04\/BOC003-1.jpg","contentUrl":"https:\/\/lusamater.pt\/wp-content\/uploads\/2015\/04\/BOC003-1.jpg","width":600,"height":600},{"@type":"BreadcrumbList","@id":"https:\/\/lusamater.pt\/produto\/anda-ca-que-eu-ja-te-conto-antologia-de-contos-e-contadores-alentejanos\/#breadcrumb","itemListElement":[{"@type":"ListItem","position":1,"name":"Home","item":"https:\/\/lusamater.pt\/"},{"@type":"ListItem","position":2,"name":"Loja","item":"https:\/\/lusamater.pt\/shop\/"},{"@type":"ListItem","position":3,"name":"Anda c\u00e1 que eu j\u00e1 te conto Antologia de contos e contadores alentejanos"}]},{"@type":"WebSite","@id":"https:\/\/lusamater.pt\/#website","url":"https:\/\/lusamater.pt\/","name":"Lusa Mater","description":"S\u00f3 n\u00e3o vendemos saudade","publisher":{"@id":"https:\/\/lusamater.pt\/#organization"},"potentialAction":[{"@type":"SearchAction","target":{"@type":"EntryPoint","urlTemplate":"https:\/\/lusamater.pt\/?s={search_term_string}"},"query-input":"required name=search_term_string"}],"inLanguage":"en-US"},{"@type":"Organization","@id":"https:\/\/lusamater.pt\/#organization","name":"Lusa Mater","url":"https:\/\/lusamater.pt\/","logo":{"@type":"ImageObject","inLanguage":"en-US","@id":"https:\/\/lusamater.pt\/#\/schema\/logo\/image\/","url":"https:\/\/lusamater.pt\/wp-content\/uploads\/2015\/07\/500x500.png","contentUrl":"https:\/\/lusamater.pt\/wp-content\/uploads\/2015\/07\/500x500.png","width":500,"height":500,"caption":"Lusa Mater"},"image":{"@id":"https:\/\/lusamater.pt\/#\/schema\/logo\/image\/"},"sameAs":["https:\/\/www.facebook.com\/lusamater.pt\/","https:\/\/x.com\/lusamater","https:\/\/instagram.com\/lusamater\/","https:\/\/pt.pinterest.com\/lusamater\/"]}]}},"_links":{"self":[{"href":"https:\/\/lusamater.pt\/en\/wp-json\/wp\/v2\/product\/33903"}],"collection":[{"href":"https:\/\/lusamater.pt\/en\/wp-json\/wp\/v2\/product"}],"about":[{"href":"https:\/\/lusamater.pt\/en\/wp-json\/wp\/v2\/types\/product"}],"version-history":[{"count":1,"href":"https:\/\/lusamater.pt\/en\/wp-json\/wp\/v2\/product\/33903\/revisions"}],"predecessor-version":[{"id":53051,"href":"https:\/\/lusamater.pt\/en\/wp-json\/wp\/v2\/product\/33903\/revisions\/53051"}],"wp:featuredmedia":[{"embeddable":true,"href":"https:\/\/lusamater.pt\/en\/wp-json\/wp\/v2\/media\/33652"}],"wp:attachment":[{"href":"https:\/\/lusamater.pt\/en\/wp-json\/wp\/v2\/media?parent=33903"}],"wp:term":[{"taxonomy":"product_cat","embeddable":true,"href":"https:\/\/lusamater.pt\/en\/wp-json\/wp\/v2\/product_cat?post=33903"},{"taxonomy":"product_tag","embeddable":true,"href":"https:\/\/lusamater.pt\/en\/wp-json\/wp\/v2\/product_tag?post=33903"}],"curies":[{"name":"wp","href":"https:\/\/api.w.org\/{rel}","templated":true}]}}