{"id":34867,"date":"2015-05-06T10:14:05","date_gmt":"2015-05-06T10:14:05","guid":{"rendered":"http:\/\/lusamater.pt\/?product=a-medusa-e-o-majerico-branco-2"},"modified":"2025-11-29T23:07:10","modified_gmt":"2025-11-29T23:07:10","slug":"a-medusa-e-o-majerico-branco-2","status":"publish","type":"product","link":"https:\/\/lusamater.pt\/en\/produto\/a-medusa-e-o-majerico-branco-2\/","title":{"rendered":"A Medusa e o Manjerico [Branco]"},"content":{"rendered":"","protected":false},"excerpt":{"rendered":"<p>Totalmente feita \u00e0 m\u00e3o, a pe\u00e7a \u201cA Medusa e o Manjerico\u201d \u00e9 composta por um vaso em terracota de fabrico portugu\u00eas e uma camp\u00e2nula (manjerico) em faian\u00e7a vidrada no verde t\u00edpico das Caldas da Rainha. \u00c9 ainda ornamentada com um colorido cravo de papel, feito \u00e0 m\u00e3o por uma artes\u00e3 portuguesa especializada, acompanhado de uma quadra popular do poeta Fernando Pessoa.<\/p>\n","protected":false},"featured_media":34128,"template":"","meta":[],"product_cat":[1096,1585],"product_tag":[],"yoast_head":"<!-- This site is optimized with the Yoast SEO plugin v22.8 - https:\/\/yoast.com\/wordpress\/plugins\/seo\/ -->\n<title>A Medusa e o Manjerico [Branco] - Lusa Mater<\/title>\n<meta name=\"robots\" content=\"index, follow, max-snippet:-1, max-image-preview:large, max-video-preview:-1\" \/>\n<link rel=\"canonical\" href=\"https:\/\/lusamater.pt\/produto\/a-medusa-e-o-majerico-branco-2\/\" \/>\n<meta property=\"og:locale\" content=\"en_US\" \/>\n<meta property=\"og:type\" content=\"article\" \/>\n<meta property=\"og:title\" content=\"A Medusa e o Manjerico [Branco] - Lusa Mater\" \/>\n<meta property=\"og:description\" content=\"Totalmente feita \u00e0 m\u00e3o, a pe\u00e7a \u201cA Medusa e o Manjerico\u201d \u00e9 composta por um vaso em terracota de fabrico portugu\u00eas e uma camp\u00e2nula (manjerico) em faian\u00e7a vidrada no verde t\u00edpico das Caldas da Rainha. \u00c9 ainda ornamentada com um colorido cravo de papel, feito \u00e0 m\u00e3o por uma artes\u00e3 portuguesa especializada, acompanhado de uma quadra popular do poeta Fernando Pessoa.\" \/>\n<meta property=\"og:url\" content=\"https:\/\/lusamater.pt\/produto\/a-medusa-e-o-majerico-branco-2\/\" \/>\n<meta property=\"og:site_name\" content=\"Lusa Mater\" \/>\n<meta property=\"article:publisher\" content=\"https:\/\/www.facebook.com\/lusamater.pt\/\" \/>\n<meta property=\"article:modified_time\" content=\"2025-11-29T23:07:10+00:00\" \/>\n<meta property=\"og:image\" content=\"https:\/\/lusamater.pt\/wp-content\/uploads\/2015\/05\/LES002-M.jpg\" \/>\n\t<meta property=\"og:image:width\" content=\"600\" \/>\n\t<meta property=\"og:image:height\" content=\"600\" \/>\n\t<meta property=\"og:image:type\" content=\"image\/jpeg\" \/>\n<meta name=\"twitter:card\" content=\"summary_large_image\" \/>\n<meta name=\"twitter:site\" content=\"@lusamater\" \/>\n<meta name=\"twitter:label1\" content=\"Est. reading time\" \/>\n\t<meta name=\"twitter:data1\" content=\"1 minute\" \/>\n<script type=\"application\/ld+json\" class=\"yoast-schema-graph\">{\"@context\":\"https:\/\/schema.org\",\"@graph\":[{\"@type\":\"WebPage\",\"@id\":\"https:\/\/lusamater.pt\/produto\/a-medusa-e-o-majerico-branco-2\/\",\"url\":\"https:\/\/lusamater.pt\/produto\/a-medusa-e-o-majerico-branco-2\/\",\"name\":\"A Medusa e o Manjerico [Branco] - Lusa Mater\",\"isPartOf\":{\"@id\":\"https:\/\/lusamater.pt\/#website\"},\"primaryImageOfPage\":{\"@id\":\"https:\/\/lusamater.pt\/produto\/a-medusa-e-o-majerico-branco-2\/#primaryimage\"},\"image\":{\"@id\":\"https:\/\/lusamater.pt\/produto\/a-medusa-e-o-majerico-branco-2\/#primaryimage\"},\"thumbnailUrl\":\"https:\/\/lusamater.pt\/wp-content\/uploads\/2015\/05\/LES002-M.jpg\",\"datePublished\":\"2015-05-06T10:14:05+00:00\",\"dateModified\":\"2025-11-29T23:07:10+00:00\",\"breadcrumb\":{\"@id\":\"https:\/\/lusamater.pt\/produto\/a-medusa-e-o-majerico-branco-2\/#breadcrumb\"},\"inLanguage\":\"en-US\",\"potentialAction\":[{\"@type\":\"ReadAction\",\"target\":[\"https:\/\/lusamater.pt\/produto\/a-medusa-e-o-majerico-branco-2\/\"]}]},{\"@type\":\"ImageObject\",\"inLanguage\":\"en-US\",\"@id\":\"https:\/\/lusamater.pt\/produto\/a-medusa-e-o-majerico-branco-2\/#primaryimage\",\"url\":\"https:\/\/lusamater.pt\/wp-content\/uploads\/2015\/05\/LES002-M.jpg\",\"contentUrl\":\"https:\/\/lusamater.pt\/wp-content\/uploads\/2015\/05\/LES002-M.jpg\",\"width\":600,\"height\":600},{\"@type\":\"BreadcrumbList\",\"@id\":\"https:\/\/lusamater.pt\/produto\/a-medusa-e-o-majerico-branco-2\/#breadcrumb\",\"itemListElement\":[{\"@type\":\"ListItem\",\"position\":1,\"name\":\"Home\",\"item\":\"https:\/\/lusamater.pt\/\"},{\"@type\":\"ListItem\",\"position\":2,\"name\":\"Loja\",\"item\":\"https:\/\/lusamater.pt\/shop\/\"},{\"@type\":\"ListItem\",\"position\":3,\"name\":\"A Medusa e o Manjerico [Branco]\"}]},{\"@type\":\"WebSite\",\"@id\":\"https:\/\/lusamater.pt\/#website\",\"url\":\"https:\/\/lusamater.pt\/\",\"name\":\"Lusa Mater\",\"description\":\"S\u00f3 n\u00e3o vendemos saudade\",\"publisher\":{\"@id\":\"https:\/\/lusamater.pt\/#organization\"},\"potentialAction\":[{\"@type\":\"SearchAction\",\"target\":{\"@type\":\"EntryPoint\",\"urlTemplate\":\"https:\/\/lusamater.pt\/?s={search_term_string}\"},\"query-input\":\"required name=search_term_string\"}],\"inLanguage\":\"en-US\"},{\"@type\":\"Organization\",\"@id\":\"https:\/\/lusamater.pt\/#organization\",\"name\":\"Lusa Mater\",\"url\":\"https:\/\/lusamater.pt\/\",\"logo\":{\"@type\":\"ImageObject\",\"inLanguage\":\"en-US\",\"@id\":\"https:\/\/lusamater.pt\/#\/schema\/logo\/image\/\",\"url\":\"https:\/\/lusamater.pt\/wp-content\/uploads\/2015\/07\/500x500.png\",\"contentUrl\":\"https:\/\/lusamater.pt\/wp-content\/uploads\/2015\/07\/500x500.png\",\"width\":500,\"height\":500,\"caption\":\"Lusa Mater\"},\"image\":{\"@id\":\"https:\/\/lusamater.pt\/#\/schema\/logo\/image\/\"},\"sameAs\":[\"https:\/\/www.facebook.com\/lusamater.pt\/\",\"https:\/\/x.com\/lusamater\",\"https:\/\/instagram.com\/lusamater\/\",\"https:\/\/pt.pinterest.com\/lusamater\/\"]}]}<\/script>\n<!-- \/ Yoast SEO plugin. -->","yoast_head_json":{"title":"A Medusa e o Manjerico [Branco] - Lusa Mater","robots":{"index":"index","follow":"follow","max-snippet":"max-snippet:-1","max-image-preview":"max-image-preview:large","max-video-preview":"max-video-preview:-1"},"canonical":"https:\/\/lusamater.pt\/produto\/a-medusa-e-o-majerico-branco-2\/","og_locale":"en_US","og_type":"article","og_title":"A Medusa e o Manjerico [Branco] - Lusa Mater","og_description":"Totalmente feita \u00e0 m\u00e3o, a pe\u00e7a \u201cA Medusa e o Manjerico\u201d \u00e9 composta por um vaso em terracota de fabrico portugu\u00eas e uma camp\u00e2nula (manjerico) em faian\u00e7a vidrada no verde t\u00edpico das Caldas da Rainha. \u00c9 ainda ornamentada com um colorido cravo de papel, feito \u00e0 m\u00e3o por uma artes\u00e3 portuguesa especializada, acompanhado de uma quadra popular do poeta Fernando Pessoa.","og_url":"https:\/\/lusamater.pt\/produto\/a-medusa-e-o-majerico-branco-2\/","og_site_name":"Lusa Mater","article_publisher":"https:\/\/www.facebook.com\/lusamater.pt\/","article_modified_time":"2025-11-29T23:07:10+00:00","og_image":[{"width":600,"height":600,"url":"https:\/\/lusamater.pt\/wp-content\/uploads\/2015\/05\/LES002-M.jpg","type":"image\/jpeg"}],"twitter_card":"summary_large_image","twitter_site":"@lusamater","twitter_misc":{"Est. reading time":"1 minute"},"schema":{"@context":"https:\/\/schema.org","@graph":[{"@type":"WebPage","@id":"https:\/\/lusamater.pt\/produto\/a-medusa-e-o-majerico-branco-2\/","url":"https:\/\/lusamater.pt\/produto\/a-medusa-e-o-majerico-branco-2\/","name":"A Medusa e o Manjerico [Branco] - Lusa Mater","isPartOf":{"@id":"https:\/\/lusamater.pt\/#website"},"primaryImageOfPage":{"@id":"https:\/\/lusamater.pt\/produto\/a-medusa-e-o-majerico-branco-2\/#primaryimage"},"image":{"@id":"https:\/\/lusamater.pt\/produto\/a-medusa-e-o-majerico-branco-2\/#primaryimage"},"thumbnailUrl":"https:\/\/lusamater.pt\/wp-content\/uploads\/2015\/05\/LES002-M.jpg","datePublished":"2015-05-06T10:14:05+00:00","dateModified":"2025-11-29T23:07:10+00:00","breadcrumb":{"@id":"https:\/\/lusamater.pt\/produto\/a-medusa-e-o-majerico-branco-2\/#breadcrumb"},"inLanguage":"en-US","potentialAction":[{"@type":"ReadAction","target":["https:\/\/lusamater.pt\/produto\/a-medusa-e-o-majerico-branco-2\/"]}]},{"@type":"ImageObject","inLanguage":"en-US","@id":"https:\/\/lusamater.pt\/produto\/a-medusa-e-o-majerico-branco-2\/#primaryimage","url":"https:\/\/lusamater.pt\/wp-content\/uploads\/2015\/05\/LES002-M.jpg","contentUrl":"https:\/\/lusamater.pt\/wp-content\/uploads\/2015\/05\/LES002-M.jpg","width":600,"height":600},{"@type":"BreadcrumbList","@id":"https:\/\/lusamater.pt\/produto\/a-medusa-e-o-majerico-branco-2\/#breadcrumb","itemListElement":[{"@type":"ListItem","position":1,"name":"Home","item":"https:\/\/lusamater.pt\/"},{"@type":"ListItem","position":2,"name":"Loja","item":"https:\/\/lusamater.pt\/shop\/"},{"@type":"ListItem","position":3,"name":"A Medusa e o Manjerico [Branco]"}]},{"@type":"WebSite","@id":"https:\/\/lusamater.pt\/#website","url":"https:\/\/lusamater.pt\/","name":"Lusa Mater","description":"S\u00f3 n\u00e3o vendemos saudade","publisher":{"@id":"https:\/\/lusamater.pt\/#organization"},"potentialAction":[{"@type":"SearchAction","target":{"@type":"EntryPoint","urlTemplate":"https:\/\/lusamater.pt\/?s={search_term_string}"},"query-input":"required name=search_term_string"}],"inLanguage":"en-US"},{"@type":"Organization","@id":"https:\/\/lusamater.pt\/#organization","name":"Lusa Mater","url":"https:\/\/lusamater.pt\/","logo":{"@type":"ImageObject","inLanguage":"en-US","@id":"https:\/\/lusamater.pt\/#\/schema\/logo\/image\/","url":"https:\/\/lusamater.pt\/wp-content\/uploads\/2015\/07\/500x500.png","contentUrl":"https:\/\/lusamater.pt\/wp-content\/uploads\/2015\/07\/500x500.png","width":500,"height":500,"caption":"Lusa Mater"},"image":{"@id":"https:\/\/lusamater.pt\/#\/schema\/logo\/image\/"},"sameAs":["https:\/\/www.facebook.com\/lusamater.pt\/","https:\/\/x.com\/lusamater","https:\/\/instagram.com\/lusamater\/","https:\/\/pt.pinterest.com\/lusamater\/"]}]}},"_links":{"self":[{"href":"https:\/\/lusamater.pt\/en\/wp-json\/wp\/v2\/product\/34867"}],"collection":[{"href":"https:\/\/lusamater.pt\/en\/wp-json\/wp\/v2\/product"}],"about":[{"href":"https:\/\/lusamater.pt\/en\/wp-json\/wp\/v2\/types\/product"}],"version-history":[{"count":1,"href":"https:\/\/lusamater.pt\/en\/wp-json\/wp\/v2\/product\/34867\/revisions"}],"predecessor-version":[{"id":52364,"href":"https:\/\/lusamater.pt\/en\/wp-json\/wp\/v2\/product\/34867\/revisions\/52364"}],"wp:featuredmedia":[{"embeddable":true,"href":"https:\/\/lusamater.pt\/en\/wp-json\/wp\/v2\/media\/34128"}],"wp:attachment":[{"href":"https:\/\/lusamater.pt\/en\/wp-json\/wp\/v2\/media?parent=34867"}],"wp:term":[{"taxonomy":"product_cat","embeddable":true,"href":"https:\/\/lusamater.pt\/en\/wp-json\/wp\/v2\/product_cat?post=34867"},{"taxonomy":"product_tag","embeddable":true,"href":"https:\/\/lusamater.pt\/en\/wp-json\/wp\/v2\/product_tag?post=34867"}],"curies":[{"name":"wp","href":"https:\/\/api.w.org\/{rel}","templated":true}]}}