{"id":34906,"date":"2015-05-06T10:14:15","date_gmt":"2015-05-06T10:14:15","guid":{"rendered":"http:\/\/lusamater.pt\/?product=porta-cartoes-slim-2"},"modified":"2018-12-05T00:11:29","modified_gmt":"2018-12-05T00:11:29","slug":"porta-cartoes-slim-2","status":"publish","type":"product","link":"https:\/\/lusamater.pt\/en\/produto\/porta-cartoes-slim-2\/","title":{"rendered":"Porta Cart\u00f5es Slim"},"content":{"rendered":"","protected":false},"excerpt":{"rendered":"<p>Todos os produtos Pickpocket s\u00e3o feitos \u00e0 m\u00e3o em quantidades limitadas e, obviamente, os porta cart\u00f5es Slim n\u00e3o s\u00e3o exce\u00e7\u00e3o. Feito 100% em pele, o Slim permite-lhe ter sempre comigo os seus cart\u00f5es, tendo capacidade para dois ou mais cart\u00f5es de cada lado. Para al\u00e9m disso, \u00e9 extremamente bonito. Qual \u00e9 a sua cor preferida?<br \/>\nH\u00e1 muitas marcas portuguesas, mas nem todas s\u00e3o ecologicamente sustent\u00e1veis. H\u00e1 muitas marcas portuguesas ecologicamente sustent\u00e1veis, mas nem todas se distinguem pela qualidade, beleza e funcionalidade dos seus produtos. E depois h\u00e1 a Pickpocket, que re\u00fane em cada uma das suas pe\u00e7as todos estes fatores.<\/p>\n","protected":false},"featured_media":34213,"template":"","meta":[],"product_cat":[252],"product_tag":[],"yoast_head":"<!-- This site is optimized with the Yoast SEO plugin v22.8 - https:\/\/yoast.com\/wordpress\/plugins\/seo\/ -->\n<title>Porta Cart\u00f5es Slim - Lusa Mater<\/title>\n<meta name=\"robots\" content=\"index, follow, max-snippet:-1, max-image-preview:large, max-video-preview:-1\" \/>\n<link rel=\"canonical\" href=\"https:\/\/lusamater.pt\/produto\/porta-cartoes-slim-2\/\" \/>\n<meta property=\"og:locale\" content=\"en_US\" \/>\n<meta property=\"og:type\" content=\"article\" \/>\n<meta property=\"og:title\" content=\"Porta Cart\u00f5es Slim - Lusa Mater\" \/>\n<meta property=\"og:description\" content=\"Todos os produtos Pickpocket s\u00e3o feitos \u00e0 m\u00e3o em quantidades limitadas e, obviamente, os porta cart\u00f5es Slim n\u00e3o s\u00e3o exce\u00e7\u00e3o. Feito 100% em pele, o Slim permite-lhe ter sempre comigo os seus cart\u00f5es, tendo capacidade para dois ou mais cart\u00f5es de cada lado. Para al\u00e9m disso, \u00e9 extremamente bonito. Qual \u00e9 a sua cor preferida? H\u00e1 muitas marcas portuguesas, mas nem todas s\u00e3o ecologicamente sustent\u00e1veis. H\u00e1 muitas marcas portuguesas ecologicamente sustent\u00e1veis, mas nem todas se distinguem pela qualidade, beleza e funcionalidade dos seus produtos. E depois h\u00e1 a Pickpocket, que re\u00fane em cada uma das suas pe\u00e7as todos estes fatores.\" \/>\n<meta property=\"og:url\" content=\"https:\/\/lusamater.pt\/produto\/porta-cartoes-slim-2\/\" \/>\n<meta property=\"og:site_name\" content=\"Lusa Mater\" \/>\n<meta property=\"article:publisher\" content=\"https:\/\/www.facebook.com\/lusamater.pt\/\" \/>\n<meta property=\"article:modified_time\" content=\"2018-12-05T00:11:29+00:00\" \/>\n<meta property=\"og:image\" content=\"https:\/\/lusamater.pt\/wp-content\/uploads\/2015\/05\/PKP009.jpg\" \/>\n\t<meta property=\"og:image:width\" content=\"600\" \/>\n\t<meta property=\"og:image:height\" content=\"600\" \/>\n\t<meta property=\"og:image:type\" content=\"image\/jpeg\" \/>\n<meta name=\"twitter:card\" content=\"summary_large_image\" \/>\n<meta name=\"twitter:site\" content=\"@lusamater\" \/>\n<script type=\"application\/ld+json\" class=\"yoast-schema-graph\">{\"@context\":\"https:\/\/schema.org\",\"@graph\":[{\"@type\":\"WebPage\",\"@id\":\"https:\/\/lusamater.pt\/produto\/porta-cartoes-slim-2\/\",\"url\":\"https:\/\/lusamater.pt\/produto\/porta-cartoes-slim-2\/\",\"name\":\"Porta Cart\u00f5es Slim - Lusa Mater\",\"isPartOf\":{\"@id\":\"https:\/\/lusamater.pt\/#website\"},\"primaryImageOfPage\":{\"@id\":\"https:\/\/lusamater.pt\/produto\/porta-cartoes-slim-2\/#primaryimage\"},\"image\":{\"@id\":\"https:\/\/lusamater.pt\/produto\/porta-cartoes-slim-2\/#primaryimage\"},\"thumbnailUrl\":\"https:\/\/lusamater.pt\/wp-content\/uploads\/2015\/05\/PKP009.jpg\",\"datePublished\":\"2015-05-06T10:14:15+00:00\",\"dateModified\":\"2018-12-05T00:11:29+00:00\",\"breadcrumb\":{\"@id\":\"https:\/\/lusamater.pt\/produto\/porta-cartoes-slim-2\/#breadcrumb\"},\"inLanguage\":\"en-US\",\"potentialAction\":[{\"@type\":\"ReadAction\",\"target\":[\"https:\/\/lusamater.pt\/produto\/porta-cartoes-slim-2\/\"]}]},{\"@type\":\"ImageObject\",\"inLanguage\":\"en-US\",\"@id\":\"https:\/\/lusamater.pt\/produto\/porta-cartoes-slim-2\/#primaryimage\",\"url\":\"https:\/\/lusamater.pt\/wp-content\/uploads\/2015\/05\/PKP009.jpg\",\"contentUrl\":\"https:\/\/lusamater.pt\/wp-content\/uploads\/2015\/05\/PKP009.jpg\",\"width\":600,\"height\":600},{\"@type\":\"BreadcrumbList\",\"@id\":\"https:\/\/lusamater.pt\/produto\/porta-cartoes-slim-2\/#breadcrumb\",\"itemListElement\":[{\"@type\":\"ListItem\",\"position\":1,\"name\":\"Home\",\"item\":\"https:\/\/lusamater.pt\/\"},{\"@type\":\"ListItem\",\"position\":2,\"name\":\"Loja\",\"item\":\"https:\/\/lusamater.pt\/shop\/\"},{\"@type\":\"ListItem\",\"position\":3,\"name\":\"Porta Cart\u00f5es Slim\"}]},{\"@type\":\"WebSite\",\"@id\":\"https:\/\/lusamater.pt\/#website\",\"url\":\"https:\/\/lusamater.pt\/\",\"name\":\"Lusa Mater\",\"description\":\"S\u00f3 n\u00e3o vendemos saudade\",\"publisher\":{\"@id\":\"https:\/\/lusamater.pt\/#organization\"},\"potentialAction\":[{\"@type\":\"SearchAction\",\"target\":{\"@type\":\"EntryPoint\",\"urlTemplate\":\"https:\/\/lusamater.pt\/?s={search_term_string}\"},\"query-input\":\"required name=search_term_string\"}],\"inLanguage\":\"en-US\"},{\"@type\":\"Organization\",\"@id\":\"https:\/\/lusamater.pt\/#organization\",\"name\":\"Lusa Mater\",\"url\":\"https:\/\/lusamater.pt\/\",\"logo\":{\"@type\":\"ImageObject\",\"inLanguage\":\"en-US\",\"@id\":\"https:\/\/lusamater.pt\/#\/schema\/logo\/image\/\",\"url\":\"https:\/\/lusamater.pt\/wp-content\/uploads\/2015\/07\/500x500.png\",\"contentUrl\":\"https:\/\/lusamater.pt\/wp-content\/uploads\/2015\/07\/500x500.png\",\"width\":500,\"height\":500,\"caption\":\"Lusa Mater\"},\"image\":{\"@id\":\"https:\/\/lusamater.pt\/#\/schema\/logo\/image\/\"},\"sameAs\":[\"https:\/\/www.facebook.com\/lusamater.pt\/\",\"https:\/\/x.com\/lusamater\",\"https:\/\/instagram.com\/lusamater\/\",\"https:\/\/pt.pinterest.com\/lusamater\/\"]}]}<\/script>\n<!-- \/ Yoast SEO plugin. -->","yoast_head_json":{"title":"Porta Cart\u00f5es Slim - Lusa Mater","robots":{"index":"index","follow":"follow","max-snippet":"max-snippet:-1","max-image-preview":"max-image-preview:large","max-video-preview":"max-video-preview:-1"},"canonical":"https:\/\/lusamater.pt\/produto\/porta-cartoes-slim-2\/","og_locale":"en_US","og_type":"article","og_title":"Porta Cart\u00f5es Slim - Lusa Mater","og_description":"Todos os produtos Pickpocket s\u00e3o feitos \u00e0 m\u00e3o em quantidades limitadas e, obviamente, os porta cart\u00f5es Slim n\u00e3o s\u00e3o exce\u00e7\u00e3o. Feito 100% em pele, o Slim permite-lhe ter sempre comigo os seus cart\u00f5es, tendo capacidade para dois ou mais cart\u00f5es de cada lado. Para al\u00e9m disso, \u00e9 extremamente bonito. Qual \u00e9 a sua cor preferida? H\u00e1 muitas marcas portuguesas, mas nem todas s\u00e3o ecologicamente sustent\u00e1veis. H\u00e1 muitas marcas portuguesas ecologicamente sustent\u00e1veis, mas nem todas se distinguem pela qualidade, beleza e funcionalidade dos seus produtos. E depois h\u00e1 a Pickpocket, que re\u00fane em cada uma das suas pe\u00e7as todos estes fatores.","og_url":"https:\/\/lusamater.pt\/produto\/porta-cartoes-slim-2\/","og_site_name":"Lusa Mater","article_publisher":"https:\/\/www.facebook.com\/lusamater.pt\/","article_modified_time":"2018-12-05T00:11:29+00:00","og_image":[{"width":600,"height":600,"url":"https:\/\/lusamater.pt\/wp-content\/uploads\/2015\/05\/PKP009.jpg","type":"image\/jpeg"}],"twitter_card":"summary_large_image","twitter_site":"@lusamater","schema":{"@context":"https:\/\/schema.org","@graph":[{"@type":"WebPage","@id":"https:\/\/lusamater.pt\/produto\/porta-cartoes-slim-2\/","url":"https:\/\/lusamater.pt\/produto\/porta-cartoes-slim-2\/","name":"Porta Cart\u00f5es Slim - Lusa Mater","isPartOf":{"@id":"https:\/\/lusamater.pt\/#website"},"primaryImageOfPage":{"@id":"https:\/\/lusamater.pt\/produto\/porta-cartoes-slim-2\/#primaryimage"},"image":{"@id":"https:\/\/lusamater.pt\/produto\/porta-cartoes-slim-2\/#primaryimage"},"thumbnailUrl":"https:\/\/lusamater.pt\/wp-content\/uploads\/2015\/05\/PKP009.jpg","datePublished":"2015-05-06T10:14:15+00:00","dateModified":"2018-12-05T00:11:29+00:00","breadcrumb":{"@id":"https:\/\/lusamater.pt\/produto\/porta-cartoes-slim-2\/#breadcrumb"},"inLanguage":"en-US","potentialAction":[{"@type":"ReadAction","target":["https:\/\/lusamater.pt\/produto\/porta-cartoes-slim-2\/"]}]},{"@type":"ImageObject","inLanguage":"en-US","@id":"https:\/\/lusamater.pt\/produto\/porta-cartoes-slim-2\/#primaryimage","url":"https:\/\/lusamater.pt\/wp-content\/uploads\/2015\/05\/PKP009.jpg","contentUrl":"https:\/\/lusamater.pt\/wp-content\/uploads\/2015\/05\/PKP009.jpg","width":600,"height":600},{"@type":"BreadcrumbList","@id":"https:\/\/lusamater.pt\/produto\/porta-cartoes-slim-2\/#breadcrumb","itemListElement":[{"@type":"ListItem","position":1,"name":"Home","item":"https:\/\/lusamater.pt\/"},{"@type":"ListItem","position":2,"name":"Loja","item":"https:\/\/lusamater.pt\/shop\/"},{"@type":"ListItem","position":3,"name":"Porta Cart\u00f5es Slim"}]},{"@type":"WebSite","@id":"https:\/\/lusamater.pt\/#website","url":"https:\/\/lusamater.pt\/","name":"Lusa Mater","description":"S\u00f3 n\u00e3o vendemos saudade","publisher":{"@id":"https:\/\/lusamater.pt\/#organization"},"potentialAction":[{"@type":"SearchAction","target":{"@type":"EntryPoint","urlTemplate":"https:\/\/lusamater.pt\/?s={search_term_string}"},"query-input":"required name=search_term_string"}],"inLanguage":"en-US"},{"@type":"Organization","@id":"https:\/\/lusamater.pt\/#organization","name":"Lusa Mater","url":"https:\/\/lusamater.pt\/","logo":{"@type":"ImageObject","inLanguage":"en-US","@id":"https:\/\/lusamater.pt\/#\/schema\/logo\/image\/","url":"https:\/\/lusamater.pt\/wp-content\/uploads\/2015\/07\/500x500.png","contentUrl":"https:\/\/lusamater.pt\/wp-content\/uploads\/2015\/07\/500x500.png","width":500,"height":500,"caption":"Lusa Mater"},"image":{"@id":"https:\/\/lusamater.pt\/#\/schema\/logo\/image\/"},"sameAs":["https:\/\/www.facebook.com\/lusamater.pt\/","https:\/\/x.com\/lusamater","https:\/\/instagram.com\/lusamater\/","https:\/\/pt.pinterest.com\/lusamater\/"]}]}},"_links":{"self":[{"href":"https:\/\/lusamater.pt\/en\/wp-json\/wp\/v2\/product\/34906"}],"collection":[{"href":"https:\/\/lusamater.pt\/en\/wp-json\/wp\/v2\/product"}],"about":[{"href":"https:\/\/lusamater.pt\/en\/wp-json\/wp\/v2\/types\/product"}],"version-history":[{"count":0,"href":"https:\/\/lusamater.pt\/en\/wp-json\/wp\/v2\/product\/34906\/revisions"}],"wp:featuredmedia":[{"embeddable":true,"href":"https:\/\/lusamater.pt\/en\/wp-json\/wp\/v2\/media\/34213"}],"wp:attachment":[{"href":"https:\/\/lusamater.pt\/en\/wp-json\/wp\/v2\/media?parent=34906"}],"wp:term":[{"taxonomy":"product_cat","embeddable":true,"href":"https:\/\/lusamater.pt\/en\/wp-json\/wp\/v2\/product_cat?post=34906"},{"taxonomy":"product_tag","embeddable":true,"href":"https:\/\/lusamater.pt\/en\/wp-json\/wp\/v2\/product_tag?post=34906"}],"curies":[{"name":"wp","href":"https:\/\/api.w.org\/{rel}","templated":true}]}}