{"id":35776,"date":"2015-05-07T15:33:20","date_gmt":"2015-05-07T15:33:20","guid":{"rendered":"http:\/\/lusamater.pt\/?product=receita-ilustrada-sopa-de-peixe-4"},"modified":"2021-02-12T01:29:14","modified_gmt":"2021-02-12T01:29:14","slug":"receita-ilustrada-sopa-de-peixe-4","status":"publish","type":"product","link":"https:\/\/lusamater.pt\/en\/produto\/receita-ilustrada-sopa-de-peixe-4\/","title":{"rendered":"Receita Ilustrada Sopa de Peixe"},"content":{"rendered":"","protected":false},"excerpt":{"rendered":"<p>B\u00e1rbara Fonseca, tamb\u00e9m conhecida como \u201cVeils and Mirrors\u201d, \u00e9 uma ilustradora portuguesa que vive em Berlim, onde \u00e9 co-respons\u00e1vel pela galeria Bootsbau. O trabalho de B\u00e1rbara \u00e9 colorido e cheiro de fantasia e humor.<br \/>\nA nham nham! combina de forma imaginativa cozinha e criatividade. A sua receita para o sucesso pressup\u00f5e os ingredientes tradicionais, originalidade e funcionalidade, aos quais se junta um ingrediente muito especial, a ilustra\u00e7\u00e3o. Escolha o seu tamanho preferido e desfrute o delicioso sabor da ilustra\u00e7\u00e3o. \u00c9 de ver e chorar por mais.<\/p>\n","protected":false},"featured_media":35519,"template":"","meta":[],"product_cat":[1100,1710],"product_tag":[],"yoast_head":"<!-- This site is optimized with the Yoast SEO plugin v22.8 - https:\/\/yoast.com\/wordpress\/plugins\/seo\/ -->\n<title>Receita Ilustrada Sopa de Peixe - Lusa Mater<\/title>\n<meta name=\"robots\" content=\"index, follow, max-snippet:-1, max-image-preview:large, max-video-preview:-1\" \/>\n<link rel=\"canonical\" href=\"https:\/\/lusamater.pt\/produto\/receita-ilustrada-sopa-de-peixe-4\/\" \/>\n<meta property=\"og:locale\" content=\"en_US\" \/>\n<meta property=\"og:type\" content=\"article\" \/>\n<meta property=\"og:title\" content=\"Receita Ilustrada Sopa de Peixe - Lusa Mater\" \/>\n<meta property=\"og:description\" content=\"B\u00e1rbara Fonseca, tamb\u00e9m conhecida como \u201cVeils and Mirrors\u201d, \u00e9 uma ilustradora portuguesa que vive em Berlim, onde \u00e9 co-respons\u00e1vel pela galeria Bootsbau. O trabalho de B\u00e1rbara \u00e9 colorido e cheiro de fantasia e humor. A nham nham! combina de forma imaginativa cozinha e criatividade. A sua receita para o sucesso pressup\u00f5e os ingredientes tradicionais, originalidade e funcionalidade, aos quais se junta um ingrediente muito especial, a ilustra\u00e7\u00e3o. Escolha o seu tamanho preferido e desfrute o delicioso sabor da ilustra\u00e7\u00e3o. \u00c9 de ver e chorar por mais.\" \/>\n<meta property=\"og:url\" content=\"https:\/\/lusamater.pt\/produto\/receita-ilustrada-sopa-de-peixe-4\/\" \/>\n<meta property=\"og:site_name\" content=\"Lusa Mater\" \/>\n<meta property=\"article:publisher\" content=\"https:\/\/www.facebook.com\/lusamater.pt\/\" \/>\n<meta property=\"article:modified_time\" content=\"2021-02-12T01:29:14+00:00\" \/>\n<meta property=\"og:image\" content=\"https:\/\/lusamater.pt\/wp-content\/uploads\/2015\/05\/NHA008-2.jpg\" \/>\n\t<meta property=\"og:image:width\" content=\"600\" \/>\n\t<meta property=\"og:image:height\" content=\"600\" \/>\n\t<meta property=\"og:image:type\" content=\"image\/jpeg\" \/>\n<meta name=\"twitter:card\" content=\"summary_large_image\" \/>\n<meta name=\"twitter:site\" content=\"@lusamater\" \/>\n<script type=\"application\/ld+json\" class=\"yoast-schema-graph\">{\"@context\":\"https:\/\/schema.org\",\"@graph\":[{\"@type\":\"WebPage\",\"@id\":\"https:\/\/lusamater.pt\/produto\/receita-ilustrada-sopa-de-peixe-4\/\",\"url\":\"https:\/\/lusamater.pt\/produto\/receita-ilustrada-sopa-de-peixe-4\/\",\"name\":\"Receita Ilustrada Sopa de Peixe - Lusa Mater\",\"isPartOf\":{\"@id\":\"https:\/\/lusamater.pt\/#website\"},\"primaryImageOfPage\":{\"@id\":\"https:\/\/lusamater.pt\/produto\/receita-ilustrada-sopa-de-peixe-4\/#primaryimage\"},\"image\":{\"@id\":\"https:\/\/lusamater.pt\/produto\/receita-ilustrada-sopa-de-peixe-4\/#primaryimage\"},\"thumbnailUrl\":\"https:\/\/lusamater.pt\/wp-content\/uploads\/2015\/05\/NHA008-2.jpg\",\"datePublished\":\"2015-05-07T15:33:20+00:00\",\"dateModified\":\"2021-02-12T01:29:14+00:00\",\"breadcrumb\":{\"@id\":\"https:\/\/lusamater.pt\/produto\/receita-ilustrada-sopa-de-peixe-4\/#breadcrumb\"},\"inLanguage\":\"en-US\",\"potentialAction\":[{\"@type\":\"ReadAction\",\"target\":[\"https:\/\/lusamater.pt\/produto\/receita-ilustrada-sopa-de-peixe-4\/\"]}]},{\"@type\":\"ImageObject\",\"inLanguage\":\"en-US\",\"@id\":\"https:\/\/lusamater.pt\/produto\/receita-ilustrada-sopa-de-peixe-4\/#primaryimage\",\"url\":\"https:\/\/lusamater.pt\/wp-content\/uploads\/2015\/05\/NHA008-2.jpg\",\"contentUrl\":\"https:\/\/lusamater.pt\/wp-content\/uploads\/2015\/05\/NHA008-2.jpg\",\"width\":600,\"height\":600},{\"@type\":\"BreadcrumbList\",\"@id\":\"https:\/\/lusamater.pt\/produto\/receita-ilustrada-sopa-de-peixe-4\/#breadcrumb\",\"itemListElement\":[{\"@type\":\"ListItem\",\"position\":1,\"name\":\"Home\",\"item\":\"https:\/\/lusamater.pt\/\"},{\"@type\":\"ListItem\",\"position\":2,\"name\":\"Loja\",\"item\":\"https:\/\/lusamater.pt\/shop\/\"},{\"@type\":\"ListItem\",\"position\":3,\"name\":\"Receita Ilustrada Sopa de Peixe\"}]},{\"@type\":\"WebSite\",\"@id\":\"https:\/\/lusamater.pt\/#website\",\"url\":\"https:\/\/lusamater.pt\/\",\"name\":\"Lusa Mater\",\"description\":\"S\u00f3 n\u00e3o vendemos saudade\",\"publisher\":{\"@id\":\"https:\/\/lusamater.pt\/#organization\"},\"potentialAction\":[{\"@type\":\"SearchAction\",\"target\":{\"@type\":\"EntryPoint\",\"urlTemplate\":\"https:\/\/lusamater.pt\/?s={search_term_string}\"},\"query-input\":\"required name=search_term_string\"}],\"inLanguage\":\"en-US\"},{\"@type\":\"Organization\",\"@id\":\"https:\/\/lusamater.pt\/#organization\",\"name\":\"Lusa Mater\",\"url\":\"https:\/\/lusamater.pt\/\",\"logo\":{\"@type\":\"ImageObject\",\"inLanguage\":\"en-US\",\"@id\":\"https:\/\/lusamater.pt\/#\/schema\/logo\/image\/\",\"url\":\"https:\/\/lusamater.pt\/wp-content\/uploads\/2015\/07\/500x500.png\",\"contentUrl\":\"https:\/\/lusamater.pt\/wp-content\/uploads\/2015\/07\/500x500.png\",\"width\":500,\"height\":500,\"caption\":\"Lusa Mater\"},\"image\":{\"@id\":\"https:\/\/lusamater.pt\/#\/schema\/logo\/image\/\"},\"sameAs\":[\"https:\/\/www.facebook.com\/lusamater.pt\/\",\"https:\/\/x.com\/lusamater\",\"https:\/\/instagram.com\/lusamater\/\",\"https:\/\/pt.pinterest.com\/lusamater\/\"]}]}<\/script>\n<!-- \/ Yoast SEO plugin. -->","yoast_head_json":{"title":"Receita Ilustrada Sopa de Peixe - Lusa Mater","robots":{"index":"index","follow":"follow","max-snippet":"max-snippet:-1","max-image-preview":"max-image-preview:large","max-video-preview":"max-video-preview:-1"},"canonical":"https:\/\/lusamater.pt\/produto\/receita-ilustrada-sopa-de-peixe-4\/","og_locale":"en_US","og_type":"article","og_title":"Receita Ilustrada Sopa de Peixe - Lusa Mater","og_description":"B\u00e1rbara Fonseca, tamb\u00e9m conhecida como \u201cVeils and Mirrors\u201d, \u00e9 uma ilustradora portuguesa que vive em Berlim, onde \u00e9 co-respons\u00e1vel pela galeria Bootsbau. O trabalho de B\u00e1rbara \u00e9 colorido e cheiro de fantasia e humor. A nham nham! combina de forma imaginativa cozinha e criatividade. A sua receita para o sucesso pressup\u00f5e os ingredientes tradicionais, originalidade e funcionalidade, aos quais se junta um ingrediente muito especial, a ilustra\u00e7\u00e3o. Escolha o seu tamanho preferido e desfrute o delicioso sabor da ilustra\u00e7\u00e3o. \u00c9 de ver e chorar por mais.","og_url":"https:\/\/lusamater.pt\/produto\/receita-ilustrada-sopa-de-peixe-4\/","og_site_name":"Lusa Mater","article_publisher":"https:\/\/www.facebook.com\/lusamater.pt\/","article_modified_time":"2021-02-12T01:29:14+00:00","og_image":[{"width":600,"height":600,"url":"https:\/\/lusamater.pt\/wp-content\/uploads\/2015\/05\/NHA008-2.jpg","type":"image\/jpeg"}],"twitter_card":"summary_large_image","twitter_site":"@lusamater","schema":{"@context":"https:\/\/schema.org","@graph":[{"@type":"WebPage","@id":"https:\/\/lusamater.pt\/produto\/receita-ilustrada-sopa-de-peixe-4\/","url":"https:\/\/lusamater.pt\/produto\/receita-ilustrada-sopa-de-peixe-4\/","name":"Receita Ilustrada Sopa de Peixe - Lusa Mater","isPartOf":{"@id":"https:\/\/lusamater.pt\/#website"},"primaryImageOfPage":{"@id":"https:\/\/lusamater.pt\/produto\/receita-ilustrada-sopa-de-peixe-4\/#primaryimage"},"image":{"@id":"https:\/\/lusamater.pt\/produto\/receita-ilustrada-sopa-de-peixe-4\/#primaryimage"},"thumbnailUrl":"https:\/\/lusamater.pt\/wp-content\/uploads\/2015\/05\/NHA008-2.jpg","datePublished":"2015-05-07T15:33:20+00:00","dateModified":"2021-02-12T01:29:14+00:00","breadcrumb":{"@id":"https:\/\/lusamater.pt\/produto\/receita-ilustrada-sopa-de-peixe-4\/#breadcrumb"},"inLanguage":"en-US","potentialAction":[{"@type":"ReadAction","target":["https:\/\/lusamater.pt\/produto\/receita-ilustrada-sopa-de-peixe-4\/"]}]},{"@type":"ImageObject","inLanguage":"en-US","@id":"https:\/\/lusamater.pt\/produto\/receita-ilustrada-sopa-de-peixe-4\/#primaryimage","url":"https:\/\/lusamater.pt\/wp-content\/uploads\/2015\/05\/NHA008-2.jpg","contentUrl":"https:\/\/lusamater.pt\/wp-content\/uploads\/2015\/05\/NHA008-2.jpg","width":600,"height":600},{"@type":"BreadcrumbList","@id":"https:\/\/lusamater.pt\/produto\/receita-ilustrada-sopa-de-peixe-4\/#breadcrumb","itemListElement":[{"@type":"ListItem","position":1,"name":"Home","item":"https:\/\/lusamater.pt\/"},{"@type":"ListItem","position":2,"name":"Loja","item":"https:\/\/lusamater.pt\/shop\/"},{"@type":"ListItem","position":3,"name":"Receita Ilustrada Sopa de Peixe"}]},{"@type":"WebSite","@id":"https:\/\/lusamater.pt\/#website","url":"https:\/\/lusamater.pt\/","name":"Lusa Mater","description":"S\u00f3 n\u00e3o vendemos saudade","publisher":{"@id":"https:\/\/lusamater.pt\/#organization"},"potentialAction":[{"@type":"SearchAction","target":{"@type":"EntryPoint","urlTemplate":"https:\/\/lusamater.pt\/?s={search_term_string}"},"query-input":"required name=search_term_string"}],"inLanguage":"en-US"},{"@type":"Organization","@id":"https:\/\/lusamater.pt\/#organization","name":"Lusa Mater","url":"https:\/\/lusamater.pt\/","logo":{"@type":"ImageObject","inLanguage":"en-US","@id":"https:\/\/lusamater.pt\/#\/schema\/logo\/image\/","url":"https:\/\/lusamater.pt\/wp-content\/uploads\/2015\/07\/500x500.png","contentUrl":"https:\/\/lusamater.pt\/wp-content\/uploads\/2015\/07\/500x500.png","width":500,"height":500,"caption":"Lusa Mater"},"image":{"@id":"https:\/\/lusamater.pt\/#\/schema\/logo\/image\/"},"sameAs":["https:\/\/www.facebook.com\/lusamater.pt\/","https:\/\/x.com\/lusamater","https:\/\/instagram.com\/lusamater\/","https:\/\/pt.pinterest.com\/lusamater\/"]}]}},"_links":{"self":[{"href":"https:\/\/lusamater.pt\/en\/wp-json\/wp\/v2\/product\/35776"}],"collection":[{"href":"https:\/\/lusamater.pt\/en\/wp-json\/wp\/v2\/product"}],"about":[{"href":"https:\/\/lusamater.pt\/en\/wp-json\/wp\/v2\/types\/product"}],"version-history":[{"count":2,"href":"https:\/\/lusamater.pt\/en\/wp-json\/wp\/v2\/product\/35776\/revisions"}],"predecessor-version":[{"id":52264,"href":"https:\/\/lusamater.pt\/en\/wp-json\/wp\/v2\/product\/35776\/revisions\/52264"}],"wp:featuredmedia":[{"embeddable":true,"href":"https:\/\/lusamater.pt\/en\/wp-json\/wp\/v2\/media\/35519"}],"wp:attachment":[{"href":"https:\/\/lusamater.pt\/en\/wp-json\/wp\/v2\/media?parent=35776"}],"wp:term":[{"taxonomy":"product_cat","embeddable":true,"href":"https:\/\/lusamater.pt\/en\/wp-json\/wp\/v2\/product_cat?post=35776"},{"taxonomy":"product_tag","embeddable":true,"href":"https:\/\/lusamater.pt\/en\/wp-json\/wp\/v2\/product_tag?post=35776"}],"curies":[{"name":"wp","href":"https:\/\/api.w.org\/{rel}","templated":true}]}}