{"id":36074,"date":"2015-05-08T11:31:12","date_gmt":"2015-05-08T11:31:12","guid":{"rendered":"http:\/\/lusamater.pt\/?product=glint-lamp-3-branco"},"modified":"2025-11-29T22:58:39","modified_gmt":"2025-11-29T22:58:39","slug":"glint-lamp-3-branco","status":"publish","type":"product","link":"https:\/\/lusamater.pt\/en\/produto\/glint-lamp-3-branco\/","title":{"rendered":"Glint Lamp #3 [ Branco ]"},"content":{"rendered":"","protected":false},"excerpt":{"rendered":"<p>Glint \u00e9 a perfeita combina\u00e7\u00e3o de duas pe\u00e7as, um ponto de luz port\u00e1til em corti\u00e7a com \u00edmanes que permite magnetizar a qualquer parte da superf\u00edcie met\u00e1lica e desta forma controlar a intensidade de luz. E uma base desenhada para conter o ponto de luz ou qualquer outro pequeno objeto do quotidiano, livros, revistas, chaves.<\/p>\n","protected":false},"featured_media":41022,"template":"","meta":[],"product_cat":[1096],"product_tag":[],"yoast_head":"<!-- This site is optimized with the Yoast SEO plugin v22.8 - https:\/\/yoast.com\/wordpress\/plugins\/seo\/ -->\n<title>Glint Lamp #3 [ Branco ] - Lusa Mater<\/title>\n<meta name=\"robots\" content=\"index, follow, max-snippet:-1, max-image-preview:large, max-video-preview:-1\" \/>\n<link rel=\"canonical\" href=\"https:\/\/lusamater.pt\/produto\/glint-lamp-3-branco\/\" \/>\n<meta property=\"og:locale\" content=\"en_US\" \/>\n<meta property=\"og:type\" content=\"article\" \/>\n<meta property=\"og:title\" content=\"Glint Lamp #3 [ Branco ] - Lusa Mater\" \/>\n<meta property=\"og:description\" content=\"Glint \u00e9 a perfeita combina\u00e7\u00e3o de duas pe\u00e7as, um ponto de luz port\u00e1til em corti\u00e7a com \u00edmanes que permite magnetizar a qualquer parte da superf\u00edcie met\u00e1lica e desta forma controlar a intensidade de luz. E uma base desenhada para conter o ponto de luz ou qualquer outro pequeno objeto do quotidiano, livros, revistas, chaves.\" \/>\n<meta property=\"og:url\" content=\"https:\/\/lusamater.pt\/produto\/glint-lamp-3-branco\/\" \/>\n<meta property=\"og:site_name\" content=\"Lusa Mater\" \/>\n<meta property=\"article:publisher\" content=\"https:\/\/www.facebook.com\/lusamater.pt\/\" \/>\n<meta property=\"article:modified_time\" content=\"2025-11-29T22:58:39+00:00\" \/>\n<meta property=\"og:image\" content=\"https:\/\/lusamater.pt\/wp-content\/uploads\/2015\/05\/GAL001-cinz.jpg\" \/>\n\t<meta property=\"og:image:width\" content=\"800\" \/>\n\t<meta property=\"og:image:height\" content=\"800\" \/>\n\t<meta property=\"og:image:type\" content=\"image\/jpeg\" \/>\n<meta name=\"twitter:card\" content=\"summary_large_image\" \/>\n<meta name=\"twitter:site\" content=\"@lusamater\" \/>\n<meta name=\"twitter:label1\" content=\"Est. reading time\" \/>\n\t<meta name=\"twitter:data1\" content=\"1 minute\" \/>\n<script type=\"application\/ld+json\" class=\"yoast-schema-graph\">{\"@context\":\"https:\/\/schema.org\",\"@graph\":[{\"@type\":\"WebPage\",\"@id\":\"https:\/\/lusamater.pt\/produto\/glint-lamp-3-branco\/\",\"url\":\"https:\/\/lusamater.pt\/produto\/glint-lamp-3-branco\/\",\"name\":\"Glint Lamp #3 [ Branco ] - Lusa Mater\",\"isPartOf\":{\"@id\":\"https:\/\/lusamater.pt\/#website\"},\"primaryImageOfPage\":{\"@id\":\"https:\/\/lusamater.pt\/produto\/glint-lamp-3-branco\/#primaryimage\"},\"image\":{\"@id\":\"https:\/\/lusamater.pt\/produto\/glint-lamp-3-branco\/#primaryimage\"},\"thumbnailUrl\":\"https:\/\/lusamater.pt\/wp-content\/uploads\/2015\/05\/GAL001-cinz.jpg\",\"datePublished\":\"2015-05-08T11:31:12+00:00\",\"dateModified\":\"2025-11-29T22:58:39+00:00\",\"breadcrumb\":{\"@id\":\"https:\/\/lusamater.pt\/produto\/glint-lamp-3-branco\/#breadcrumb\"},\"inLanguage\":\"en-US\",\"potentialAction\":[{\"@type\":\"ReadAction\",\"target\":[\"https:\/\/lusamater.pt\/produto\/glint-lamp-3-branco\/\"]}]},{\"@type\":\"ImageObject\",\"inLanguage\":\"en-US\",\"@id\":\"https:\/\/lusamater.pt\/produto\/glint-lamp-3-branco\/#primaryimage\",\"url\":\"https:\/\/lusamater.pt\/wp-content\/uploads\/2015\/05\/GAL001-cinz.jpg\",\"contentUrl\":\"https:\/\/lusamater.pt\/wp-content\/uploads\/2015\/05\/GAL001-cinz.jpg\",\"width\":800,\"height\":800},{\"@type\":\"BreadcrumbList\",\"@id\":\"https:\/\/lusamater.pt\/produto\/glint-lamp-3-branco\/#breadcrumb\",\"itemListElement\":[{\"@type\":\"ListItem\",\"position\":1,\"name\":\"Home\",\"item\":\"https:\/\/lusamater.pt\/\"},{\"@type\":\"ListItem\",\"position\":2,\"name\":\"Loja\",\"item\":\"https:\/\/lusamater.pt\/shop\/\"},{\"@type\":\"ListItem\",\"position\":3,\"name\":\"Glint Lamp #3 [ Branco ]\"}]},{\"@type\":\"WebSite\",\"@id\":\"https:\/\/lusamater.pt\/#website\",\"url\":\"https:\/\/lusamater.pt\/\",\"name\":\"Lusa Mater\",\"description\":\"S\u00f3 n\u00e3o vendemos saudade\",\"publisher\":{\"@id\":\"https:\/\/lusamater.pt\/#organization\"},\"potentialAction\":[{\"@type\":\"SearchAction\",\"target\":{\"@type\":\"EntryPoint\",\"urlTemplate\":\"https:\/\/lusamater.pt\/?s={search_term_string}\"},\"query-input\":\"required name=search_term_string\"}],\"inLanguage\":\"en-US\"},{\"@type\":\"Organization\",\"@id\":\"https:\/\/lusamater.pt\/#organization\",\"name\":\"Lusa Mater\",\"url\":\"https:\/\/lusamater.pt\/\",\"logo\":{\"@type\":\"ImageObject\",\"inLanguage\":\"en-US\",\"@id\":\"https:\/\/lusamater.pt\/#\/schema\/logo\/image\/\",\"url\":\"https:\/\/lusamater.pt\/wp-content\/uploads\/2015\/07\/500x500.png\",\"contentUrl\":\"https:\/\/lusamater.pt\/wp-content\/uploads\/2015\/07\/500x500.png\",\"width\":500,\"height\":500,\"caption\":\"Lusa Mater\"},\"image\":{\"@id\":\"https:\/\/lusamater.pt\/#\/schema\/logo\/image\/\"},\"sameAs\":[\"https:\/\/www.facebook.com\/lusamater.pt\/\",\"https:\/\/x.com\/lusamater\",\"https:\/\/instagram.com\/lusamater\/\",\"https:\/\/pt.pinterest.com\/lusamater\/\"]}]}<\/script>\n<!-- \/ Yoast SEO plugin. -->","yoast_head_json":{"title":"Glint Lamp #3 [ Branco ] - Lusa Mater","robots":{"index":"index","follow":"follow","max-snippet":"max-snippet:-1","max-image-preview":"max-image-preview:large","max-video-preview":"max-video-preview:-1"},"canonical":"https:\/\/lusamater.pt\/produto\/glint-lamp-3-branco\/","og_locale":"en_US","og_type":"article","og_title":"Glint Lamp #3 [ Branco ] - Lusa Mater","og_description":"Glint \u00e9 a perfeita combina\u00e7\u00e3o de duas pe\u00e7as, um ponto de luz port\u00e1til em corti\u00e7a com \u00edmanes que permite magnetizar a qualquer parte da superf\u00edcie met\u00e1lica e desta forma controlar a intensidade de luz. E uma base desenhada para conter o ponto de luz ou qualquer outro pequeno objeto do quotidiano, livros, revistas, chaves.","og_url":"https:\/\/lusamater.pt\/produto\/glint-lamp-3-branco\/","og_site_name":"Lusa Mater","article_publisher":"https:\/\/www.facebook.com\/lusamater.pt\/","article_modified_time":"2025-11-29T22:58:39+00:00","og_image":[{"width":800,"height":800,"url":"https:\/\/lusamater.pt\/wp-content\/uploads\/2015\/05\/GAL001-cinz.jpg","type":"image\/jpeg"}],"twitter_card":"summary_large_image","twitter_site":"@lusamater","twitter_misc":{"Est. reading time":"1 minute"},"schema":{"@context":"https:\/\/schema.org","@graph":[{"@type":"WebPage","@id":"https:\/\/lusamater.pt\/produto\/glint-lamp-3-branco\/","url":"https:\/\/lusamater.pt\/produto\/glint-lamp-3-branco\/","name":"Glint Lamp #3 [ Branco ] - Lusa Mater","isPartOf":{"@id":"https:\/\/lusamater.pt\/#website"},"primaryImageOfPage":{"@id":"https:\/\/lusamater.pt\/produto\/glint-lamp-3-branco\/#primaryimage"},"image":{"@id":"https:\/\/lusamater.pt\/produto\/glint-lamp-3-branco\/#primaryimage"},"thumbnailUrl":"https:\/\/lusamater.pt\/wp-content\/uploads\/2015\/05\/GAL001-cinz.jpg","datePublished":"2015-05-08T11:31:12+00:00","dateModified":"2025-11-29T22:58:39+00:00","breadcrumb":{"@id":"https:\/\/lusamater.pt\/produto\/glint-lamp-3-branco\/#breadcrumb"},"inLanguage":"en-US","potentialAction":[{"@type":"ReadAction","target":["https:\/\/lusamater.pt\/produto\/glint-lamp-3-branco\/"]}]},{"@type":"ImageObject","inLanguage":"en-US","@id":"https:\/\/lusamater.pt\/produto\/glint-lamp-3-branco\/#primaryimage","url":"https:\/\/lusamater.pt\/wp-content\/uploads\/2015\/05\/GAL001-cinz.jpg","contentUrl":"https:\/\/lusamater.pt\/wp-content\/uploads\/2015\/05\/GAL001-cinz.jpg","width":800,"height":800},{"@type":"BreadcrumbList","@id":"https:\/\/lusamater.pt\/produto\/glint-lamp-3-branco\/#breadcrumb","itemListElement":[{"@type":"ListItem","position":1,"name":"Home","item":"https:\/\/lusamater.pt\/"},{"@type":"ListItem","position":2,"name":"Loja","item":"https:\/\/lusamater.pt\/shop\/"},{"@type":"ListItem","position":3,"name":"Glint Lamp #3 [ Branco ]"}]},{"@type":"WebSite","@id":"https:\/\/lusamater.pt\/#website","url":"https:\/\/lusamater.pt\/","name":"Lusa Mater","description":"S\u00f3 n\u00e3o vendemos saudade","publisher":{"@id":"https:\/\/lusamater.pt\/#organization"},"potentialAction":[{"@type":"SearchAction","target":{"@type":"EntryPoint","urlTemplate":"https:\/\/lusamater.pt\/?s={search_term_string}"},"query-input":"required name=search_term_string"}],"inLanguage":"en-US"},{"@type":"Organization","@id":"https:\/\/lusamater.pt\/#organization","name":"Lusa Mater","url":"https:\/\/lusamater.pt\/","logo":{"@type":"ImageObject","inLanguage":"en-US","@id":"https:\/\/lusamater.pt\/#\/schema\/logo\/image\/","url":"https:\/\/lusamater.pt\/wp-content\/uploads\/2015\/07\/500x500.png","contentUrl":"https:\/\/lusamater.pt\/wp-content\/uploads\/2015\/07\/500x500.png","width":500,"height":500,"caption":"Lusa Mater"},"image":{"@id":"https:\/\/lusamater.pt\/#\/schema\/logo\/image\/"},"sameAs":["https:\/\/www.facebook.com\/lusamater.pt\/","https:\/\/x.com\/lusamater","https:\/\/instagram.com\/lusamater\/","https:\/\/pt.pinterest.com\/lusamater\/"]}]}},"_links":{"self":[{"href":"https:\/\/lusamater.pt\/en\/wp-json\/wp\/v2\/product\/36074"}],"collection":[{"href":"https:\/\/lusamater.pt\/en\/wp-json\/wp\/v2\/product"}],"about":[{"href":"https:\/\/lusamater.pt\/en\/wp-json\/wp\/v2\/types\/product"}],"version-history":[{"count":4,"href":"https:\/\/lusamater.pt\/en\/wp-json\/wp\/v2\/product\/36074\/revisions"}],"predecessor-version":[{"id":53041,"href":"https:\/\/lusamater.pt\/en\/wp-json\/wp\/v2\/product\/36074\/revisions\/53041"}],"wp:featuredmedia":[{"embeddable":true,"href":"https:\/\/lusamater.pt\/en\/wp-json\/wp\/v2\/media\/41022"}],"wp:attachment":[{"href":"https:\/\/lusamater.pt\/en\/wp-json\/wp\/v2\/media?parent=36074"}],"wp:term":[{"taxonomy":"product_cat","embeddable":true,"href":"https:\/\/lusamater.pt\/en\/wp-json\/wp\/v2\/product_cat?post=36074"},{"taxonomy":"product_tag","embeddable":true,"href":"https:\/\/lusamater.pt\/en\/wp-json\/wp\/v2\/product_tag?post=36074"}],"curies":[{"name":"wp","href":"https:\/\/api.w.org\/{rel}","templated":true}]}}