{"id":36130,"date":"2015-05-08T16:09:55","date_gmt":"2015-05-08T16:09:55","guid":{"rendered":"http:\/\/lusamater.pt\/?product=o-pais-das-pessoas-com-as-pernas-para-o-ar"},"modified":"2026-01-28T09:12:41","modified_gmt":"2026-01-28T09:12:41","slug":"o-pais-das-pessoas-com-as-pernas-para-o-ar","status":"publish","type":"product","link":"https:\/\/lusamater.pt\/en\/produto\/o-pais-das-pessoas-com-as-pernas-para-o-ar\/","title":{"rendered":"O pa\u00eds das pessoas de pernas para o ar"},"content":{"rendered":"","protected":false},"excerpt":{"rendered":"<p>Fazendo uso do humor e do nonsense, o livro re\u00fane quatro hist\u00f3rias divertidas e com m\u00faltiplos significados:<br \/>\nUm pa\u00eds, onde as pessoas vivem de pernas para o ar, que nos \u00e9 apresentado por um passarinho chamado Fausto.<br \/>\nA vida de um peixinho vermelho que escrevia um livro que a Sara n\u00e3o sabia ler.<br \/>\nUm menino Jesus que n\u00e3o queria ser Deus, pois s\u00f3 queria brincar como as outras crian\u00e7as.<br \/>\nUm bolo que queria ser comido mas que n\u00e3o foi, por causa do pecado da gula. Reedi\u00e7\u00e3o dos textos que Manuel Ant\u00f3nio Pina (Pr\u00e9mio Cam\u00f5es 2011) escreveu em 1973 e se tornaram um marco na literatura infantil portuguesa.<br \/>\nEscrita pol\u00e9mica mas pioneira de um estilo \u00fanico e ousado no panorama da escrita infantil da \u00e9poca, ainda hoje muito atual.<\/p>\n","protected":false},"featured_media":41003,"template":"","meta":[],"product_cat":[1100,337],"product_tag":[],"yoast_head":"<!-- This site is optimized with the Yoast SEO plugin v22.8 - https:\/\/yoast.com\/wordpress\/plugins\/seo\/ -->\n<title>O pa\u00eds das pessoas de pernas para o ar - Lusa Mater<\/title>\n<meta name=\"robots\" content=\"index, follow, max-snippet:-1, max-image-preview:large, max-video-preview:-1\" \/>\n<link rel=\"canonical\" href=\"https:\/\/lusamater.pt\/produto\/o-pais-das-pessoas-com-as-pernas-para-o-ar\/\" \/>\n<meta property=\"og:locale\" content=\"en_US\" \/>\n<meta property=\"og:type\" content=\"article\" \/>\n<meta property=\"og:title\" content=\"O pa\u00eds das pessoas de pernas para o ar - Lusa Mater\" \/>\n<meta property=\"og:description\" content=\"Fazendo uso do humor e do nonsense, o livro re\u00fane quatro hist\u00f3rias divertidas e com m\u00faltiplos significados: Um pa\u00eds, onde as pessoas vivem de pernas para o ar, que nos \u00e9 apresentado por um passarinho chamado Fausto. A vida de um peixinho vermelho que escrevia um livro que a Sara n\u00e3o sabia ler. Um menino Jesus que n\u00e3o queria ser Deus, pois s\u00f3 queria brincar como as outras crian\u00e7as. Um bolo que queria ser comido mas que n\u00e3o foi, por causa do pecado da gula. Reedi\u00e7\u00e3o dos textos que Manuel Ant\u00f3nio Pina (Pr\u00e9mio Cam\u00f5es 2011) escreveu em 1973 e se tornaram um marco na literatura infantil portuguesa. Escrita pol\u00e9mica mas pioneira de um estilo \u00fanico e ousado no panorama da escrita infantil da \u00e9poca, ainda hoje muito atual.\" \/>\n<meta property=\"og:url\" content=\"https:\/\/lusamater.pt\/produto\/o-pais-das-pessoas-com-as-pernas-para-o-ar\/\" \/>\n<meta property=\"og:site_name\" content=\"Lusa Mater\" \/>\n<meta property=\"article:publisher\" content=\"https:\/\/www.facebook.com\/lusamater.pt\/\" \/>\n<meta property=\"article:modified_time\" content=\"2026-01-28T09:12:41+00:00\" \/>\n<meta property=\"og:image\" content=\"https:\/\/lusamater.pt\/wp-content\/uploads\/2015\/05\/TCH005.jpg\" \/>\n\t<meta property=\"og:image:width\" content=\"800\" \/>\n\t<meta property=\"og:image:height\" content=\"800\" \/>\n\t<meta property=\"og:image:type\" content=\"image\/jpeg\" \/>\n<meta name=\"twitter:card\" content=\"summary_large_image\" \/>\n<meta name=\"twitter:site\" content=\"@lusamater\" \/>\n<script type=\"application\/ld+json\" class=\"yoast-schema-graph\">{\"@context\":\"https:\/\/schema.org\",\"@graph\":[{\"@type\":\"WebPage\",\"@id\":\"https:\/\/lusamater.pt\/produto\/o-pais-das-pessoas-com-as-pernas-para-o-ar\/\",\"url\":\"https:\/\/lusamater.pt\/produto\/o-pais-das-pessoas-com-as-pernas-para-o-ar\/\",\"name\":\"O pa\u00eds das pessoas de pernas para o ar - Lusa Mater\",\"isPartOf\":{\"@id\":\"https:\/\/lusamater.pt\/#website\"},\"primaryImageOfPage\":{\"@id\":\"https:\/\/lusamater.pt\/produto\/o-pais-das-pessoas-com-as-pernas-para-o-ar\/#primaryimage\"},\"image\":{\"@id\":\"https:\/\/lusamater.pt\/produto\/o-pais-das-pessoas-com-as-pernas-para-o-ar\/#primaryimage\"},\"thumbnailUrl\":\"https:\/\/lusamater.pt\/wp-content\/uploads\/2015\/05\/TCH005.jpg\",\"datePublished\":\"2015-05-08T16:09:55+00:00\",\"dateModified\":\"2026-01-28T09:12:41+00:00\",\"breadcrumb\":{\"@id\":\"https:\/\/lusamater.pt\/produto\/o-pais-das-pessoas-com-as-pernas-para-o-ar\/#breadcrumb\"},\"inLanguage\":\"en-US\",\"potentialAction\":[{\"@type\":\"ReadAction\",\"target\":[\"https:\/\/lusamater.pt\/produto\/o-pais-das-pessoas-com-as-pernas-para-o-ar\/\"]}]},{\"@type\":\"ImageObject\",\"inLanguage\":\"en-US\",\"@id\":\"https:\/\/lusamater.pt\/produto\/o-pais-das-pessoas-com-as-pernas-para-o-ar\/#primaryimage\",\"url\":\"https:\/\/lusamater.pt\/wp-content\/uploads\/2015\/05\/TCH005.jpg\",\"contentUrl\":\"https:\/\/lusamater.pt\/wp-content\/uploads\/2015\/05\/TCH005.jpg\",\"width\":800,\"height\":800},{\"@type\":\"BreadcrumbList\",\"@id\":\"https:\/\/lusamater.pt\/produto\/o-pais-das-pessoas-com-as-pernas-para-o-ar\/#breadcrumb\",\"itemListElement\":[{\"@type\":\"ListItem\",\"position\":1,\"name\":\"Home\",\"item\":\"https:\/\/lusamater.pt\/\"},{\"@type\":\"ListItem\",\"position\":2,\"name\":\"Loja\",\"item\":\"https:\/\/lusamater.pt\/shop\/\"},{\"@type\":\"ListItem\",\"position\":3,\"name\":\"O pa\u00eds das pessoas de pernas para o ar\"}]},{\"@type\":\"WebSite\",\"@id\":\"https:\/\/lusamater.pt\/#website\",\"url\":\"https:\/\/lusamater.pt\/\",\"name\":\"Lusa Mater\",\"description\":\"S\u00f3 n\u00e3o vendemos saudade\",\"publisher\":{\"@id\":\"https:\/\/lusamater.pt\/#organization\"},\"potentialAction\":[{\"@type\":\"SearchAction\",\"target\":{\"@type\":\"EntryPoint\",\"urlTemplate\":\"https:\/\/lusamater.pt\/?s={search_term_string}\"},\"query-input\":\"required name=search_term_string\"}],\"inLanguage\":\"en-US\"},{\"@type\":\"Organization\",\"@id\":\"https:\/\/lusamater.pt\/#organization\",\"name\":\"Lusa Mater\",\"url\":\"https:\/\/lusamater.pt\/\",\"logo\":{\"@type\":\"ImageObject\",\"inLanguage\":\"en-US\",\"@id\":\"https:\/\/lusamater.pt\/#\/schema\/logo\/image\/\",\"url\":\"https:\/\/lusamater.pt\/wp-content\/uploads\/2015\/07\/500x500.png\",\"contentUrl\":\"https:\/\/lusamater.pt\/wp-content\/uploads\/2015\/07\/500x500.png\",\"width\":500,\"height\":500,\"caption\":\"Lusa Mater\"},\"image\":{\"@id\":\"https:\/\/lusamater.pt\/#\/schema\/logo\/image\/\"},\"sameAs\":[\"https:\/\/www.facebook.com\/lusamater.pt\/\",\"https:\/\/x.com\/lusamater\",\"https:\/\/instagram.com\/lusamater\/\",\"https:\/\/pt.pinterest.com\/lusamater\/\"]}]}<\/script>\n<!-- \/ Yoast SEO plugin. -->","yoast_head_json":{"title":"O pa\u00eds das pessoas de pernas para o ar - Lusa Mater","robots":{"index":"index","follow":"follow","max-snippet":"max-snippet:-1","max-image-preview":"max-image-preview:large","max-video-preview":"max-video-preview:-1"},"canonical":"https:\/\/lusamater.pt\/produto\/o-pais-das-pessoas-com-as-pernas-para-o-ar\/","og_locale":"en_US","og_type":"article","og_title":"O pa\u00eds das pessoas de pernas para o ar - Lusa Mater","og_description":"Fazendo uso do humor e do nonsense, o livro re\u00fane quatro hist\u00f3rias divertidas e com m\u00faltiplos significados: Um pa\u00eds, onde as pessoas vivem de pernas para o ar, que nos \u00e9 apresentado por um passarinho chamado Fausto. A vida de um peixinho vermelho que escrevia um livro que a Sara n\u00e3o sabia ler. Um menino Jesus que n\u00e3o queria ser Deus, pois s\u00f3 queria brincar como as outras crian\u00e7as. Um bolo que queria ser comido mas que n\u00e3o foi, por causa do pecado da gula. Reedi\u00e7\u00e3o dos textos que Manuel Ant\u00f3nio Pina (Pr\u00e9mio Cam\u00f5es 2011) escreveu em 1973 e se tornaram um marco na literatura infantil portuguesa. Escrita pol\u00e9mica mas pioneira de um estilo \u00fanico e ousado no panorama da escrita infantil da \u00e9poca, ainda hoje muito atual.","og_url":"https:\/\/lusamater.pt\/produto\/o-pais-das-pessoas-com-as-pernas-para-o-ar\/","og_site_name":"Lusa Mater","article_publisher":"https:\/\/www.facebook.com\/lusamater.pt\/","article_modified_time":"2026-01-28T09:12:41+00:00","og_image":[{"width":800,"height":800,"url":"https:\/\/lusamater.pt\/wp-content\/uploads\/2015\/05\/TCH005.jpg","type":"image\/jpeg"}],"twitter_card":"summary_large_image","twitter_site":"@lusamater","schema":{"@context":"https:\/\/schema.org","@graph":[{"@type":"WebPage","@id":"https:\/\/lusamater.pt\/produto\/o-pais-das-pessoas-com-as-pernas-para-o-ar\/","url":"https:\/\/lusamater.pt\/produto\/o-pais-das-pessoas-com-as-pernas-para-o-ar\/","name":"O pa\u00eds das pessoas de pernas para o ar - Lusa Mater","isPartOf":{"@id":"https:\/\/lusamater.pt\/#website"},"primaryImageOfPage":{"@id":"https:\/\/lusamater.pt\/produto\/o-pais-das-pessoas-com-as-pernas-para-o-ar\/#primaryimage"},"image":{"@id":"https:\/\/lusamater.pt\/produto\/o-pais-das-pessoas-com-as-pernas-para-o-ar\/#primaryimage"},"thumbnailUrl":"https:\/\/lusamater.pt\/wp-content\/uploads\/2015\/05\/TCH005.jpg","datePublished":"2015-05-08T16:09:55+00:00","dateModified":"2026-01-28T09:12:41+00:00","breadcrumb":{"@id":"https:\/\/lusamater.pt\/produto\/o-pais-das-pessoas-com-as-pernas-para-o-ar\/#breadcrumb"},"inLanguage":"en-US","potentialAction":[{"@type":"ReadAction","target":["https:\/\/lusamater.pt\/produto\/o-pais-das-pessoas-com-as-pernas-para-o-ar\/"]}]},{"@type":"ImageObject","inLanguage":"en-US","@id":"https:\/\/lusamater.pt\/produto\/o-pais-das-pessoas-com-as-pernas-para-o-ar\/#primaryimage","url":"https:\/\/lusamater.pt\/wp-content\/uploads\/2015\/05\/TCH005.jpg","contentUrl":"https:\/\/lusamater.pt\/wp-content\/uploads\/2015\/05\/TCH005.jpg","width":800,"height":800},{"@type":"BreadcrumbList","@id":"https:\/\/lusamater.pt\/produto\/o-pais-das-pessoas-com-as-pernas-para-o-ar\/#breadcrumb","itemListElement":[{"@type":"ListItem","position":1,"name":"Home","item":"https:\/\/lusamater.pt\/"},{"@type":"ListItem","position":2,"name":"Loja","item":"https:\/\/lusamater.pt\/shop\/"},{"@type":"ListItem","position":3,"name":"O pa\u00eds das pessoas de pernas para o ar"}]},{"@type":"WebSite","@id":"https:\/\/lusamater.pt\/#website","url":"https:\/\/lusamater.pt\/","name":"Lusa Mater","description":"S\u00f3 n\u00e3o vendemos saudade","publisher":{"@id":"https:\/\/lusamater.pt\/#organization"},"potentialAction":[{"@type":"SearchAction","target":{"@type":"EntryPoint","urlTemplate":"https:\/\/lusamater.pt\/?s={search_term_string}"},"query-input":"required name=search_term_string"}],"inLanguage":"en-US"},{"@type":"Organization","@id":"https:\/\/lusamater.pt\/#organization","name":"Lusa Mater","url":"https:\/\/lusamater.pt\/","logo":{"@type":"ImageObject","inLanguage":"en-US","@id":"https:\/\/lusamater.pt\/#\/schema\/logo\/image\/","url":"https:\/\/lusamater.pt\/wp-content\/uploads\/2015\/07\/500x500.png","contentUrl":"https:\/\/lusamater.pt\/wp-content\/uploads\/2015\/07\/500x500.png","width":500,"height":500,"caption":"Lusa Mater"},"image":{"@id":"https:\/\/lusamater.pt\/#\/schema\/logo\/image\/"},"sameAs":["https:\/\/www.facebook.com\/lusamater.pt\/","https:\/\/x.com\/lusamater","https:\/\/instagram.com\/lusamater\/","https:\/\/pt.pinterest.com\/lusamater\/"]}]}},"_links":{"self":[{"href":"https:\/\/lusamater.pt\/en\/wp-json\/wp\/v2\/product\/36130"}],"collection":[{"href":"https:\/\/lusamater.pt\/en\/wp-json\/wp\/v2\/product"}],"about":[{"href":"https:\/\/lusamater.pt\/en\/wp-json\/wp\/v2\/types\/product"}],"version-history":[{"count":2,"href":"https:\/\/lusamater.pt\/en\/wp-json\/wp\/v2\/product\/36130\/revisions"}],"predecessor-version":[{"id":52304,"href":"https:\/\/lusamater.pt\/en\/wp-json\/wp\/v2\/product\/36130\/revisions\/52304"}],"wp:featuredmedia":[{"embeddable":true,"href":"https:\/\/lusamater.pt\/en\/wp-json\/wp\/v2\/media\/41003"}],"wp:attachment":[{"href":"https:\/\/lusamater.pt\/en\/wp-json\/wp\/v2\/media?parent=36130"}],"wp:term":[{"taxonomy":"product_cat","embeddable":true,"href":"https:\/\/lusamater.pt\/en\/wp-json\/wp\/v2\/product_cat?post=36130"},{"taxonomy":"product_tag","embeddable":true,"href":"https:\/\/lusamater.pt\/en\/wp-json\/wp\/v2\/product_tag?post=36130"}],"curies":[{"name":"wp","href":"https:\/\/api.w.org\/{rel}","templated":true}]}}