{"id":36131,"date":"2015-05-08T16:09:55","date_gmt":"2015-05-08T16:09:55","guid":{"rendered":"http:\/\/lusamater.pt\/?product=mocho-comi"},"modified":"2021-04-21T21:54:27","modified_gmt":"2021-04-21T21:54:27","slug":"mocho-comi","status":"publish","type":"product","link":"https:\/\/lusamater.pt\/en\/produto\/mocho-comi\/","title":{"rendered":"Mocho Comi"},"content":{"rendered":"","protected":false},"excerpt":{"rendered":"<p>Esta \u00e9 a hist\u00f3ria de um lobo que chega a ter um mocho na boca para o comer mas que acaba por deix\u00e1-lo fugir, j\u00e1 que o mocho, a princ\u00edpio inocente e cr\u00e9dulo foi capaz de ultrapassar as suas limita\u00e7\u00f5es e vence o lobo.<br \/>\nNo final em tom ir\u00f3nico e humor\u00edstico, o mocho pode dizer:<br \/>\n\u201c\u2013 Comeste mocho, compadre? Outro sim, mas n\u00e3o a mim\u201d.<br \/>\nA import\u00e2ncia deste conto est\u00e1 tamb\u00e9m no facto de nos dizer que a literatura oral \u00e9 muitas vezes injusta para como o lobo; mas tem sido assim para de poder salientar as virtudes e a for\u00e7a dos mais fracos.<br \/>\nEste mocho \u00e9 descuidado, ing\u00e9nuo, mas rapidamente aprende a ser astuto e ir\u00f3nico.<br \/>\nEm tempo de agress\u00f5es de toda a esp\u00e9cie \u00e0 natureza e ao meio ambiente, este Mocho Comi vem provar que os contos de animais podem contribuir para uma maior consci\u00eancia ecol\u00f3gica.<\/p>\n","protected":false},"featured_media":40990,"template":"","meta":[],"product_cat":[1100,337],"product_tag":[],"yoast_head":"<!-- This site is optimized with the Yoast SEO plugin v22.8 - https:\/\/yoast.com\/wordpress\/plugins\/seo\/ -->\n<title>Mocho Comi - Lusa Mater<\/title>\n<meta name=\"robots\" content=\"index, follow, max-snippet:-1, max-image-preview:large, max-video-preview:-1\" \/>\n<link rel=\"canonical\" href=\"https:\/\/lusamater.pt\/produto\/mocho-comi\/\" \/>\n<meta property=\"og:locale\" content=\"en_US\" \/>\n<meta property=\"og:type\" content=\"article\" \/>\n<meta property=\"og:title\" content=\"Mocho Comi - Lusa Mater\" \/>\n<meta property=\"og:description\" content=\"Esta \u00e9 a hist\u00f3ria de um lobo que chega a ter um mocho na boca para o comer mas que acaba por deix\u00e1-lo fugir, j\u00e1 que o mocho, a princ\u00edpio inocente e cr\u00e9dulo foi capaz de ultrapassar as suas limita\u00e7\u00f5es e vence o lobo. No final em tom ir\u00f3nico e humor\u00edstico, o mocho pode dizer: \u201c\u2013 Comeste mocho, compadre? Outro sim, mas n\u00e3o a mim\u201d. A import\u00e2ncia deste conto est\u00e1 tamb\u00e9m no facto de nos dizer que a literatura oral \u00e9 muitas vezes injusta para como o lobo; mas tem sido assim para de poder salientar as virtudes e a for\u00e7a dos mais fracos. Este mocho \u00e9 descuidado, ing\u00e9nuo, mas rapidamente aprende a ser astuto e ir\u00f3nico. Em tempo de agress\u00f5es de toda a esp\u00e9cie \u00e0 natureza e ao meio ambiente, este Mocho Comi vem provar que os contos de animais podem contribuir para uma maior consci\u00eancia ecol\u00f3gica.\" \/>\n<meta property=\"og:url\" content=\"https:\/\/lusamater.pt\/produto\/mocho-comi\/\" \/>\n<meta property=\"og:site_name\" content=\"Lusa Mater\" \/>\n<meta property=\"article:publisher\" content=\"https:\/\/www.facebook.com\/lusamater.pt\/\" \/>\n<meta property=\"article:modified_time\" content=\"2021-04-21T21:54:27+00:00\" \/>\n<meta property=\"og:image\" content=\"https:\/\/lusamater.pt\/wp-content\/uploads\/2015\/05\/TCH006.jpg\" \/>\n\t<meta property=\"og:image:width\" content=\"800\" \/>\n\t<meta property=\"og:image:height\" content=\"800\" \/>\n\t<meta property=\"og:image:type\" content=\"image\/jpeg\" \/>\n<meta name=\"twitter:card\" content=\"summary_large_image\" \/>\n<meta name=\"twitter:site\" content=\"@lusamater\" \/>\n<script type=\"application\/ld+json\" class=\"yoast-schema-graph\">{\"@context\":\"https:\/\/schema.org\",\"@graph\":[{\"@type\":\"WebPage\",\"@id\":\"https:\/\/lusamater.pt\/produto\/mocho-comi\/\",\"url\":\"https:\/\/lusamater.pt\/produto\/mocho-comi\/\",\"name\":\"Mocho Comi - Lusa Mater\",\"isPartOf\":{\"@id\":\"https:\/\/lusamater.pt\/#website\"},\"primaryImageOfPage\":{\"@id\":\"https:\/\/lusamater.pt\/produto\/mocho-comi\/#primaryimage\"},\"image\":{\"@id\":\"https:\/\/lusamater.pt\/produto\/mocho-comi\/#primaryimage\"},\"thumbnailUrl\":\"https:\/\/lusamater.pt\/wp-content\/uploads\/2015\/05\/TCH006.jpg\",\"datePublished\":\"2015-05-08T16:09:55+00:00\",\"dateModified\":\"2021-04-21T21:54:27+00:00\",\"breadcrumb\":{\"@id\":\"https:\/\/lusamater.pt\/produto\/mocho-comi\/#breadcrumb\"},\"inLanguage\":\"en-US\",\"potentialAction\":[{\"@type\":\"ReadAction\",\"target\":[\"https:\/\/lusamater.pt\/produto\/mocho-comi\/\"]}]},{\"@type\":\"ImageObject\",\"inLanguage\":\"en-US\",\"@id\":\"https:\/\/lusamater.pt\/produto\/mocho-comi\/#primaryimage\",\"url\":\"https:\/\/lusamater.pt\/wp-content\/uploads\/2015\/05\/TCH006.jpg\",\"contentUrl\":\"https:\/\/lusamater.pt\/wp-content\/uploads\/2015\/05\/TCH006.jpg\",\"width\":800,\"height\":800},{\"@type\":\"BreadcrumbList\",\"@id\":\"https:\/\/lusamater.pt\/produto\/mocho-comi\/#breadcrumb\",\"itemListElement\":[{\"@type\":\"ListItem\",\"position\":1,\"name\":\"Home\",\"item\":\"https:\/\/lusamater.pt\/\"},{\"@type\":\"ListItem\",\"position\":2,\"name\":\"Loja\",\"item\":\"https:\/\/lusamater.pt\/shop\/\"},{\"@type\":\"ListItem\",\"position\":3,\"name\":\"Mocho Comi\"}]},{\"@type\":\"WebSite\",\"@id\":\"https:\/\/lusamater.pt\/#website\",\"url\":\"https:\/\/lusamater.pt\/\",\"name\":\"Lusa Mater\",\"description\":\"S\u00f3 n\u00e3o vendemos saudade\",\"publisher\":{\"@id\":\"https:\/\/lusamater.pt\/#organization\"},\"potentialAction\":[{\"@type\":\"SearchAction\",\"target\":{\"@type\":\"EntryPoint\",\"urlTemplate\":\"https:\/\/lusamater.pt\/?s={search_term_string}\"},\"query-input\":\"required name=search_term_string\"}],\"inLanguage\":\"en-US\"},{\"@type\":\"Organization\",\"@id\":\"https:\/\/lusamater.pt\/#organization\",\"name\":\"Lusa Mater\",\"url\":\"https:\/\/lusamater.pt\/\",\"logo\":{\"@type\":\"ImageObject\",\"inLanguage\":\"en-US\",\"@id\":\"https:\/\/lusamater.pt\/#\/schema\/logo\/image\/\",\"url\":\"https:\/\/lusamater.pt\/wp-content\/uploads\/2015\/07\/500x500.png\",\"contentUrl\":\"https:\/\/lusamater.pt\/wp-content\/uploads\/2015\/07\/500x500.png\",\"width\":500,\"height\":500,\"caption\":\"Lusa Mater\"},\"image\":{\"@id\":\"https:\/\/lusamater.pt\/#\/schema\/logo\/image\/\"},\"sameAs\":[\"https:\/\/www.facebook.com\/lusamater.pt\/\",\"https:\/\/x.com\/lusamater\",\"https:\/\/instagram.com\/lusamater\/\",\"https:\/\/pt.pinterest.com\/lusamater\/\"]}]}<\/script>\n<!-- \/ Yoast SEO plugin. -->","yoast_head_json":{"title":"Mocho Comi - Lusa Mater","robots":{"index":"index","follow":"follow","max-snippet":"max-snippet:-1","max-image-preview":"max-image-preview:large","max-video-preview":"max-video-preview:-1"},"canonical":"https:\/\/lusamater.pt\/produto\/mocho-comi\/","og_locale":"en_US","og_type":"article","og_title":"Mocho Comi - Lusa Mater","og_description":"Esta \u00e9 a hist\u00f3ria de um lobo que chega a ter um mocho na boca para o comer mas que acaba por deix\u00e1-lo fugir, j\u00e1 que o mocho, a princ\u00edpio inocente e cr\u00e9dulo foi capaz de ultrapassar as suas limita\u00e7\u00f5es e vence o lobo. No final em tom ir\u00f3nico e humor\u00edstico, o mocho pode dizer: \u201c\u2013 Comeste mocho, compadre? Outro sim, mas n\u00e3o a mim\u201d. A import\u00e2ncia deste conto est\u00e1 tamb\u00e9m no facto de nos dizer que a literatura oral \u00e9 muitas vezes injusta para como o lobo; mas tem sido assim para de poder salientar as virtudes e a for\u00e7a dos mais fracos. Este mocho \u00e9 descuidado, ing\u00e9nuo, mas rapidamente aprende a ser astuto e ir\u00f3nico. Em tempo de agress\u00f5es de toda a esp\u00e9cie \u00e0 natureza e ao meio ambiente, este Mocho Comi vem provar que os contos de animais podem contribuir para uma maior consci\u00eancia ecol\u00f3gica.","og_url":"https:\/\/lusamater.pt\/produto\/mocho-comi\/","og_site_name":"Lusa Mater","article_publisher":"https:\/\/www.facebook.com\/lusamater.pt\/","article_modified_time":"2021-04-21T21:54:27+00:00","og_image":[{"width":800,"height":800,"url":"https:\/\/lusamater.pt\/wp-content\/uploads\/2015\/05\/TCH006.jpg","type":"image\/jpeg"}],"twitter_card":"summary_large_image","twitter_site":"@lusamater","schema":{"@context":"https:\/\/schema.org","@graph":[{"@type":"WebPage","@id":"https:\/\/lusamater.pt\/produto\/mocho-comi\/","url":"https:\/\/lusamater.pt\/produto\/mocho-comi\/","name":"Mocho Comi - Lusa Mater","isPartOf":{"@id":"https:\/\/lusamater.pt\/#website"},"primaryImageOfPage":{"@id":"https:\/\/lusamater.pt\/produto\/mocho-comi\/#primaryimage"},"image":{"@id":"https:\/\/lusamater.pt\/produto\/mocho-comi\/#primaryimage"},"thumbnailUrl":"https:\/\/lusamater.pt\/wp-content\/uploads\/2015\/05\/TCH006.jpg","datePublished":"2015-05-08T16:09:55+00:00","dateModified":"2021-04-21T21:54:27+00:00","breadcrumb":{"@id":"https:\/\/lusamater.pt\/produto\/mocho-comi\/#breadcrumb"},"inLanguage":"en-US","potentialAction":[{"@type":"ReadAction","target":["https:\/\/lusamater.pt\/produto\/mocho-comi\/"]}]},{"@type":"ImageObject","inLanguage":"en-US","@id":"https:\/\/lusamater.pt\/produto\/mocho-comi\/#primaryimage","url":"https:\/\/lusamater.pt\/wp-content\/uploads\/2015\/05\/TCH006.jpg","contentUrl":"https:\/\/lusamater.pt\/wp-content\/uploads\/2015\/05\/TCH006.jpg","width":800,"height":800},{"@type":"BreadcrumbList","@id":"https:\/\/lusamater.pt\/produto\/mocho-comi\/#breadcrumb","itemListElement":[{"@type":"ListItem","position":1,"name":"Home","item":"https:\/\/lusamater.pt\/"},{"@type":"ListItem","position":2,"name":"Loja","item":"https:\/\/lusamater.pt\/shop\/"},{"@type":"ListItem","position":3,"name":"Mocho Comi"}]},{"@type":"WebSite","@id":"https:\/\/lusamater.pt\/#website","url":"https:\/\/lusamater.pt\/","name":"Lusa Mater","description":"S\u00f3 n\u00e3o vendemos saudade","publisher":{"@id":"https:\/\/lusamater.pt\/#organization"},"potentialAction":[{"@type":"SearchAction","target":{"@type":"EntryPoint","urlTemplate":"https:\/\/lusamater.pt\/?s={search_term_string}"},"query-input":"required name=search_term_string"}],"inLanguage":"en-US"},{"@type":"Organization","@id":"https:\/\/lusamater.pt\/#organization","name":"Lusa Mater","url":"https:\/\/lusamater.pt\/","logo":{"@type":"ImageObject","inLanguage":"en-US","@id":"https:\/\/lusamater.pt\/#\/schema\/logo\/image\/","url":"https:\/\/lusamater.pt\/wp-content\/uploads\/2015\/07\/500x500.png","contentUrl":"https:\/\/lusamater.pt\/wp-content\/uploads\/2015\/07\/500x500.png","width":500,"height":500,"caption":"Lusa Mater"},"image":{"@id":"https:\/\/lusamater.pt\/#\/schema\/logo\/image\/"},"sameAs":["https:\/\/www.facebook.com\/lusamater.pt\/","https:\/\/x.com\/lusamater","https:\/\/instagram.com\/lusamater\/","https:\/\/pt.pinterest.com\/lusamater\/"]}]}},"_links":{"self":[{"href":"https:\/\/lusamater.pt\/en\/wp-json\/wp\/v2\/product\/36131"}],"collection":[{"href":"https:\/\/lusamater.pt\/en\/wp-json\/wp\/v2\/product"}],"about":[{"href":"https:\/\/lusamater.pt\/en\/wp-json\/wp\/v2\/types\/product"}],"version-history":[{"count":1,"href":"https:\/\/lusamater.pt\/en\/wp-json\/wp\/v2\/product\/36131\/revisions"}],"predecessor-version":[{"id":52303,"href":"https:\/\/lusamater.pt\/en\/wp-json\/wp\/v2\/product\/36131\/revisions\/52303"}],"wp:featuredmedia":[{"embeddable":true,"href":"https:\/\/lusamater.pt\/en\/wp-json\/wp\/v2\/media\/40990"}],"wp:attachment":[{"href":"https:\/\/lusamater.pt\/en\/wp-json\/wp\/v2\/media?parent=36131"}],"wp:term":[{"taxonomy":"product_cat","embeddable":true,"href":"https:\/\/lusamater.pt\/en\/wp-json\/wp\/v2\/product_cat?post=36131"},{"taxonomy":"product_tag","embeddable":true,"href":"https:\/\/lusamater.pt\/en\/wp-json\/wp\/v2\/product_tag?post=36131"}],"curies":[{"name":"wp","href":"https:\/\/api.w.org\/{rel}","templated":true}]}}