{"id":44092,"date":"2015-11-16T01:10:42","date_gmt":"2015-11-16T01:10:42","guid":{"rendered":"http:\/\/lusamater.pt\/produto\/kit-vamos-fazer-um-bolo-de-festa\/"},"modified":"2025-12-02T13:13:12","modified_gmt":"2025-12-02T13:13:12","slug":"kit-vamos-fazer-um-bolo-de-festa","status":"publish","type":"product","link":"https:\/\/lusamater.pt\/en\/produto\/kit-vamos-fazer-um-bolo-de-festa\/","title":{"rendered":"&#8221;Let\u00b4s make a party cake&#8221; Kit"},"content":{"rendered":"","protected":false},"excerpt":{"rendered":"<p>Kit for making a 3 tier cake. Contains 3 cake moulds \u00d88 cm, \u00d816 cm and \u00d822 cm, a silicone scraper, a pastry bag with 4 pipping nozzles and 4 cookie cutters with ejector (flower shape).<\/p>\n","protected":false},"featured_media":43949,"template":"","meta":[],"product_cat":[1516,337],"product_tag":[],"yoast_head":"<!-- This site is optimized with the Yoast SEO plugin v22.8 - https:\/\/yoast.com\/wordpress\/plugins\/seo\/ -->\n<title>Let\u00b4s make a party cake - Lusa Mater<\/title>\n<meta name=\"description\" content=\"{:pt}Kit para realiza\u00e7\u00e3o de um fant\u00e1stico bolo de festa de tr\u00eas andares. Inclui: 3 formas para bolo, 1 salazar, 1 saco pasteleiro com 4 bicos e 4 corta-massas.{:en}Kit for making a 3 tier cake. Contains 3 cake moulds, a silicone scraper, a pastry bag with 4 pipping nozzles and 4 cookie cutters with ejector (flower shape).{:}\" \/>\n<meta name=\"robots\" content=\"index, follow, max-snippet:-1, max-image-preview:large, max-video-preview:-1\" \/>\n<link rel=\"canonical\" href=\"https:\/\/lusamater.pt\/produto\/kit-vamos-fazer-um-bolo-de-festa\/\" \/>\n<meta property=\"og:locale\" content=\"en_US\" \/>\n<meta property=\"og:type\" content=\"article\" \/>\n<meta property=\"og:title\" content=\"[:pt]Kit &quot;Vamos fazer um Bolo de Festa&quot; - Lusa Mater[:en]Let\u00b4s make a party cake - Lusa Mater[:]\" \/>\n<meta property=\"og:description\" content=\"{:pt}Kit para realiza\u00e7\u00e3o de um fant\u00e1stico bolo de festa de tr\u00eas andares. Inclui: 3 formas para bolo, 1 salazar, 1 saco pasteleiro com 4 bicos e 4 corta-massas.{:en}Kit for making a 3 tier cake. Contains 3 cake moulds, a silicone scraper, a pastry bag with 4 pipping nozzles and 4 cookie cutters with ejector (flower shape).{:}\" \/>\n<meta property=\"og:url\" content=\"https:\/\/lusamater.pt\/produto\/kit-vamos-fazer-um-bolo-de-festa\/\" \/>\n<meta property=\"og:site_name\" content=\"Lusa Mater\" \/>\n<meta property=\"article:publisher\" content=\"https:\/\/www.facebook.com\/lusamater.pt\/\" \/>\n<meta property=\"article:modified_time\" content=\"2025-12-02T13:13:12+00:00\" \/>\n<meta property=\"og:image\" content=\"https:\/\/lusamater.pt\/wp-content\/uploads\/2015\/11\/GRI003.jpg\" \/>\n\t<meta property=\"og:image:width\" content=\"800\" \/>\n\t<meta property=\"og:image:height\" content=\"800\" \/>\n\t<meta property=\"og:image:type\" content=\"image\/jpeg\" \/>\n<meta name=\"twitter:card\" content=\"summary_large_image\" \/>\n<meta name=\"twitter:site\" content=\"@lusamater\" \/>\n<script type=\"application\/ld+json\" class=\"yoast-schema-graph\">{\"@context\":\"https:\/\/schema.org\",\"@graph\":[{\"@type\":\"WebPage\",\"@id\":\"https:\/\/lusamater.pt\/produto\/kit-vamos-fazer-um-bolo-de-festa\/\",\"url\":\"https:\/\/lusamater.pt\/produto\/kit-vamos-fazer-um-bolo-de-festa\/\",\"name\":\"[:pt]Kit \\\"Vamos fazer um Bolo de Festa\\\" - Lusa Mater[:en]Let\u00b4s make a party cake - Lusa Mater[:]\",\"isPartOf\":{\"@id\":\"https:\/\/lusamater.pt\/#website\"},\"primaryImageOfPage\":{\"@id\":\"https:\/\/lusamater.pt\/produto\/kit-vamos-fazer-um-bolo-de-festa\/#primaryimage\"},\"image\":{\"@id\":\"https:\/\/lusamater.pt\/produto\/kit-vamos-fazer-um-bolo-de-festa\/#primaryimage\"},\"thumbnailUrl\":\"https:\/\/lusamater.pt\/wp-content\/uploads\/2015\/11\/GRI003.jpg\",\"datePublished\":\"2015-11-16T01:10:42+00:00\",\"dateModified\":\"2025-12-02T13:13:12+00:00\",\"description\":\"{:pt}Kit para realiza\u00e7\u00e3o de um fant\u00e1stico bolo de festa de tr\u00eas andares. Inclui: 3 formas para bolo, 1 salazar, 1 saco pasteleiro com 4 bicos e 4 corta-massas.{:en}Kit for making a 3 tier cake. Contains 3 cake moulds, a silicone scraper, a pastry bag with 4 pipping nozzles and 4 cookie cutters with ejector (flower shape).{:}\",\"breadcrumb\":{\"@id\":\"https:\/\/lusamater.pt\/produto\/kit-vamos-fazer-um-bolo-de-festa\/#breadcrumb\"},\"inLanguage\":\"en-US\",\"potentialAction\":[{\"@type\":\"ReadAction\",\"target\":[\"https:\/\/lusamater.pt\/produto\/kit-vamos-fazer-um-bolo-de-festa\/\"]}]},{\"@type\":\"ImageObject\",\"inLanguage\":\"en-US\",\"@id\":\"https:\/\/lusamater.pt\/produto\/kit-vamos-fazer-um-bolo-de-festa\/#primaryimage\",\"url\":\"https:\/\/lusamater.pt\/wp-content\/uploads\/2015\/11\/GRI003.jpg\",\"contentUrl\":\"https:\/\/lusamater.pt\/wp-content\/uploads\/2015\/11\/GRI003.jpg\",\"width\":800,\"height\":800},{\"@type\":\"BreadcrumbList\",\"@id\":\"https:\/\/lusamater.pt\/produto\/kit-vamos-fazer-um-bolo-de-festa\/#breadcrumb\",\"itemListElement\":[{\"@type\":\"ListItem\",\"position\":1,\"name\":\"Home\",\"item\":\"https:\/\/lusamater.pt\/\"},{\"@type\":\"ListItem\",\"position\":2,\"name\":\"Loja\",\"item\":\"https:\/\/lusamater.pt\/shop\/\"},{\"@type\":\"ListItem\",\"position\":3,\"name\":\"[:pt]Kit &#8220;Vamos fazer um Bolo de Festa&#8221;[:en]&#8221;Let\u00b4s make a party cake&#8221; Kit[:]\"}]},{\"@type\":\"WebSite\",\"@id\":\"https:\/\/lusamater.pt\/#website\",\"url\":\"https:\/\/lusamater.pt\/\",\"name\":\"Lusa Mater\",\"description\":\"S\u00f3 n\u00e3o vendemos saudade\",\"publisher\":{\"@id\":\"https:\/\/lusamater.pt\/#organization\"},\"potentialAction\":[{\"@type\":\"SearchAction\",\"target\":{\"@type\":\"EntryPoint\",\"urlTemplate\":\"https:\/\/lusamater.pt\/?s={search_term_string}\"},\"query-input\":\"required name=search_term_string\"}],\"inLanguage\":\"en-US\"},{\"@type\":\"Organization\",\"@id\":\"https:\/\/lusamater.pt\/#organization\",\"name\":\"Lusa Mater\",\"url\":\"https:\/\/lusamater.pt\/\",\"logo\":{\"@type\":\"ImageObject\",\"inLanguage\":\"en-US\",\"@id\":\"https:\/\/lusamater.pt\/#\/schema\/logo\/image\/\",\"url\":\"https:\/\/lusamater.pt\/wp-content\/uploads\/2015\/07\/500x500.png\",\"contentUrl\":\"https:\/\/lusamater.pt\/wp-content\/uploads\/2015\/07\/500x500.png\",\"width\":500,\"height\":500,\"caption\":\"Lusa Mater\"},\"image\":{\"@id\":\"https:\/\/lusamater.pt\/#\/schema\/logo\/image\/\"},\"sameAs\":[\"https:\/\/www.facebook.com\/lusamater.pt\/\",\"https:\/\/x.com\/lusamater\",\"https:\/\/instagram.com\/lusamater\/\",\"https:\/\/pt.pinterest.com\/lusamater\/\"]}]}<\/script>\n<!-- \/ Yoast SEO plugin. -->","yoast_head_json":{"title":"[:pt]Kit \"Vamos fazer um Bolo de Festa\" - Lusa Mater[:en]Let\u00b4s make a party cake - Lusa Mater[:]","description":"{:pt}Kit para realiza\u00e7\u00e3o de um fant\u00e1stico bolo de festa de tr\u00eas andares. Inclui: 3 formas para bolo, 1 salazar, 1 saco pasteleiro com 4 bicos e 4 corta-massas.{:en}Kit for making a 3 tier cake. Contains 3 cake moulds, a silicone scraper, a pastry bag with 4 pipping nozzles and 4 cookie cutters with ejector (flower shape).{:}","robots":{"index":"index","follow":"follow","max-snippet":"max-snippet:-1","max-image-preview":"max-image-preview:large","max-video-preview":"max-video-preview:-1"},"canonical":"https:\/\/lusamater.pt\/produto\/kit-vamos-fazer-um-bolo-de-festa\/","og_locale":"en_US","og_type":"article","og_title":"[:pt]Kit \"Vamos fazer um Bolo de Festa\" - Lusa Mater[:en]Let\u00b4s make a party cake - Lusa Mater[:]","og_description":"{:pt}Kit para realiza\u00e7\u00e3o de um fant\u00e1stico bolo de festa de tr\u00eas andares. Inclui: 3 formas para bolo, 1 salazar, 1 saco pasteleiro com 4 bicos e 4 corta-massas.{:en}Kit for making a 3 tier cake. Contains 3 cake moulds, a silicone scraper, a pastry bag with 4 pipping nozzles and 4 cookie cutters with ejector (flower shape).{:}","og_url":"https:\/\/lusamater.pt\/produto\/kit-vamos-fazer-um-bolo-de-festa\/","og_site_name":"Lusa Mater","article_publisher":"https:\/\/www.facebook.com\/lusamater.pt\/","article_modified_time":"2025-12-02T13:13:12+00:00","og_image":[{"width":800,"height":800,"url":"https:\/\/lusamater.pt\/wp-content\/uploads\/2015\/11\/GRI003.jpg","type":"image\/jpeg"}],"twitter_card":"summary_large_image","twitter_site":"@lusamater","schema":{"@context":"https:\/\/schema.org","@graph":[{"@type":"WebPage","@id":"https:\/\/lusamater.pt\/produto\/kit-vamos-fazer-um-bolo-de-festa\/","url":"https:\/\/lusamater.pt\/produto\/kit-vamos-fazer-um-bolo-de-festa\/","name":"[:pt]Kit \"Vamos fazer um Bolo de Festa\" - Lusa Mater[:en]Let\u00b4s make a party cake - Lusa Mater[:]","isPartOf":{"@id":"https:\/\/lusamater.pt\/#website"},"primaryImageOfPage":{"@id":"https:\/\/lusamater.pt\/produto\/kit-vamos-fazer-um-bolo-de-festa\/#primaryimage"},"image":{"@id":"https:\/\/lusamater.pt\/produto\/kit-vamos-fazer-um-bolo-de-festa\/#primaryimage"},"thumbnailUrl":"https:\/\/lusamater.pt\/wp-content\/uploads\/2015\/11\/GRI003.jpg","datePublished":"2015-11-16T01:10:42+00:00","dateModified":"2025-12-02T13:13:12+00:00","description":"{:pt}Kit para realiza\u00e7\u00e3o de um fant\u00e1stico bolo de festa de tr\u00eas andares. Inclui: 3 formas para bolo, 1 salazar, 1 saco pasteleiro com 4 bicos e 4 corta-massas.{:en}Kit for making a 3 tier cake. Contains 3 cake moulds, a silicone scraper, a pastry bag with 4 pipping nozzles and 4 cookie cutters with ejector (flower shape).{:}","breadcrumb":{"@id":"https:\/\/lusamater.pt\/produto\/kit-vamos-fazer-um-bolo-de-festa\/#breadcrumb"},"inLanguage":"en-US","potentialAction":[{"@type":"ReadAction","target":["https:\/\/lusamater.pt\/produto\/kit-vamos-fazer-um-bolo-de-festa\/"]}]},{"@type":"ImageObject","inLanguage":"en-US","@id":"https:\/\/lusamater.pt\/produto\/kit-vamos-fazer-um-bolo-de-festa\/#primaryimage","url":"https:\/\/lusamater.pt\/wp-content\/uploads\/2015\/11\/GRI003.jpg","contentUrl":"https:\/\/lusamater.pt\/wp-content\/uploads\/2015\/11\/GRI003.jpg","width":800,"height":800},{"@type":"BreadcrumbList","@id":"https:\/\/lusamater.pt\/produto\/kit-vamos-fazer-um-bolo-de-festa\/#breadcrumb","itemListElement":[{"@type":"ListItem","position":1,"name":"Home","item":"https:\/\/lusamater.pt\/"},{"@type":"ListItem","position":2,"name":"Loja","item":"https:\/\/lusamater.pt\/shop\/"},{"@type":"ListItem","position":3,"name":"[:pt]Kit &#8220;Vamos fazer um Bolo de Festa&#8221;[:en]&#8221;Let\u00b4s make a party cake&#8221; Kit[:]"}]},{"@type":"WebSite","@id":"https:\/\/lusamater.pt\/#website","url":"https:\/\/lusamater.pt\/","name":"Lusa Mater","description":"S\u00f3 n\u00e3o vendemos saudade","publisher":{"@id":"https:\/\/lusamater.pt\/#organization"},"potentialAction":[{"@type":"SearchAction","target":{"@type":"EntryPoint","urlTemplate":"https:\/\/lusamater.pt\/?s={search_term_string}"},"query-input":"required name=search_term_string"}],"inLanguage":"en-US"},{"@type":"Organization","@id":"https:\/\/lusamater.pt\/#organization","name":"Lusa Mater","url":"https:\/\/lusamater.pt\/","logo":{"@type":"ImageObject","inLanguage":"en-US","@id":"https:\/\/lusamater.pt\/#\/schema\/logo\/image\/","url":"https:\/\/lusamater.pt\/wp-content\/uploads\/2015\/07\/500x500.png","contentUrl":"https:\/\/lusamater.pt\/wp-content\/uploads\/2015\/07\/500x500.png","width":500,"height":500,"caption":"Lusa Mater"},"image":{"@id":"https:\/\/lusamater.pt\/#\/schema\/logo\/image\/"},"sameAs":["https:\/\/www.facebook.com\/lusamater.pt\/","https:\/\/x.com\/lusamater","https:\/\/instagram.com\/lusamater\/","https:\/\/pt.pinterest.com\/lusamater\/"]}]}},"_links":{"self":[{"href":"https:\/\/lusamater.pt\/en\/wp-json\/wp\/v2\/product\/44092"}],"collection":[{"href":"https:\/\/lusamater.pt\/en\/wp-json\/wp\/v2\/product"}],"about":[{"href":"https:\/\/lusamater.pt\/en\/wp-json\/wp\/v2\/types\/product"}],"version-history":[{"count":1,"href":"https:\/\/lusamater.pt\/en\/wp-json\/wp\/v2\/product\/44092\/revisions"}],"predecessor-version":[{"id":52556,"href":"https:\/\/lusamater.pt\/en\/wp-json\/wp\/v2\/product\/44092\/revisions\/52556"}],"wp:featuredmedia":[{"embeddable":true,"href":"https:\/\/lusamater.pt\/en\/wp-json\/wp\/v2\/media\/43949"}],"wp:attachment":[{"href":"https:\/\/lusamater.pt\/en\/wp-json\/wp\/v2\/media?parent=44092"}],"wp:term":[{"taxonomy":"product_cat","embeddable":true,"href":"https:\/\/lusamater.pt\/en\/wp-json\/wp\/v2\/product_cat?post=44092"},{"taxonomy":"product_tag","embeddable":true,"href":"https:\/\/lusamater.pt\/en\/wp-json\/wp\/v2\/product_tag?post=44092"}],"curies":[{"name":"wp","href":"https:\/\/api.w.org\/{rel}","templated":true}]}}