{"id":46490,"date":"2016-11-24T04:16:14","date_gmt":"2016-11-24T04:16:14","guid":{"rendered":"http:\/\/lusamater.pt\/produto\/um-ano-inteiro-agenda\/"},"modified":"2025-12-17T08:14:08","modified_gmt":"2025-12-17T08:14:08","slug":"um-ano-inteiro-agenda","status":"publish","type":"product","link":"https:\/\/lusamater.pt\/en\/produto\/um-ano-inteiro-agenda\/","title":{"rendered":"\u201cUm ano inteiro \u2013 Agenda \u201d &#8211; \u00a0Portuguese Edition"},"content":{"rendered":"","protected":false},"excerpt":{"rendered":"<p>What is the best week of the year to see the ladybugs awakening? And when can we see the first swallows? What is the best time to listen to the night singing of a nightingale?&#8230;<br \/> &#8220;A whole year&#8221; invites us to experience nature throughout the year.<\/p>\n","protected":false},"featured_media":47453,"template":"","meta":[],"product_cat":[1100,337,1585],"product_tag":[],"yoast_head":"<!-- This site is optimized with the Yoast SEO plugin v22.8 - https:\/\/yoast.com\/wordpress\/plugins\/seo\/ -->\n<title><\/title>\n<meta name=\"description\" content=\"{:pt}\u201cUm ano inteiro\u201d convida-nos a viver a natureza ao longo de todo o ano. Desafia-nos a observar os ciclos das plantas e dos animais e a descobrir algumas das mudan\u00e7as mais fant\u00e1sticas \u00e0 nossa volta.{:}\" \/>\n<meta name=\"robots\" content=\"index, follow, max-snippet:-1, max-image-preview:large, max-video-preview:-1\" \/>\n<link rel=\"canonical\" href=\"https:\/\/lusamater.pt\/produto\/um-ano-inteiro-agenda\/\" \/>\n<meta property=\"og:locale\" content=\"en_US\" \/>\n<meta property=\"og:type\" content=\"article\" \/>\n<meta property=\"og:title\" content=\"[:pt]\u201cUm ano inteiro \u2013 Agenda \u201d\u00a0 - Planeta Tangerina \u2013 Lusa Mater[:]\" \/>\n<meta property=\"og:description\" content=\"{:pt}\u201cUm ano inteiro\u201d convida-nos a viver a natureza ao longo de todo o ano. Desafia-nos a observar os ciclos das plantas e dos animais e a descobrir algumas das mudan\u00e7as mais fant\u00e1sticas \u00e0 nossa volta.{:}\" \/>\n<meta property=\"og:url\" content=\"https:\/\/lusamater.pt\/produto\/um-ano-inteiro-agenda\/\" \/>\n<meta property=\"og:site_name\" content=\"Lusa Mater\" \/>\n<meta property=\"article:publisher\" content=\"https:\/\/www.facebook.com\/lusamater.pt\/\" \/>\n<meta property=\"article:modified_time\" content=\"2025-12-17T08:14:08+00:00\" \/>\n<meta property=\"og:image\" content=\"https:\/\/lusamater.pt\/wp-content\/uploads\/2016\/11\/PLTO-Um-Ano-Inteiro-Planeta-Tangerina.jpg\" \/>\n\t<meta property=\"og:image:width\" content=\"800\" \/>\n\t<meta property=\"og:image:height\" content=\"800\" \/>\n\t<meta property=\"og:image:type\" content=\"image\/jpeg\" \/>\n<meta name=\"twitter:card\" content=\"summary_large_image\" \/>\n<meta name=\"twitter:site\" content=\"@lusamater\" \/>\n<script type=\"application\/ld+json\" class=\"yoast-schema-graph\">{\"@context\":\"https:\/\/schema.org\",\"@graph\":[{\"@type\":\"WebPage\",\"@id\":\"https:\/\/lusamater.pt\/produto\/um-ano-inteiro-agenda\/\",\"url\":\"https:\/\/lusamater.pt\/produto\/um-ano-inteiro-agenda\/\",\"name\":\"[:pt]\u201cUm ano inteiro \u2013 Agenda \u201d\u00a0 - Planeta Tangerina \u2013 Lusa Mater[:]\",\"isPartOf\":{\"@id\":\"https:\/\/lusamater.pt\/#website\"},\"primaryImageOfPage\":{\"@id\":\"https:\/\/lusamater.pt\/produto\/um-ano-inteiro-agenda\/#primaryimage\"},\"image\":{\"@id\":\"https:\/\/lusamater.pt\/produto\/um-ano-inteiro-agenda\/#primaryimage\"},\"thumbnailUrl\":\"https:\/\/lusamater.pt\/wp-content\/uploads\/2016\/11\/PLTO-Um-Ano-Inteiro-Planeta-Tangerina.jpg\",\"datePublished\":\"2016-11-24T04:16:14+00:00\",\"dateModified\":\"2025-12-17T08:14:08+00:00\",\"description\":\"{:pt}\u201cUm ano inteiro\u201d convida-nos a viver a natureza ao longo de todo o ano. Desafia-nos a observar os ciclos das plantas e dos animais e a descobrir algumas das mudan\u00e7as mais fant\u00e1sticas \u00e0 nossa volta.{:}\",\"breadcrumb\":{\"@id\":\"https:\/\/lusamater.pt\/produto\/um-ano-inteiro-agenda\/#breadcrumb\"},\"inLanguage\":\"en-US\",\"potentialAction\":[{\"@type\":\"ReadAction\",\"target\":[\"https:\/\/lusamater.pt\/produto\/um-ano-inteiro-agenda\/\"]}]},{\"@type\":\"ImageObject\",\"inLanguage\":\"en-US\",\"@id\":\"https:\/\/lusamater.pt\/produto\/um-ano-inteiro-agenda\/#primaryimage\",\"url\":\"https:\/\/lusamater.pt\/wp-content\/uploads\/2016\/11\/PLTO-Um-Ano-Inteiro-Planeta-Tangerina.jpg\",\"contentUrl\":\"https:\/\/lusamater.pt\/wp-content\/uploads\/2016\/11\/PLTO-Um-Ano-Inteiro-Planeta-Tangerina.jpg\",\"width\":800,\"height\":800},{\"@type\":\"BreadcrumbList\",\"@id\":\"https:\/\/lusamater.pt\/produto\/um-ano-inteiro-agenda\/#breadcrumb\",\"itemListElement\":[{\"@type\":\"ListItem\",\"position\":1,\"name\":\"Home\",\"item\":\"https:\/\/lusamater.pt\/\"},{\"@type\":\"ListItem\",\"position\":2,\"name\":\"Loja\",\"item\":\"https:\/\/lusamater.pt\/shop\/\"},{\"@type\":\"ListItem\",\"position\":3,\"name\":\"[:pt]\u201cUm ano inteiro \u2013 Almanaque da Natureza \u201d\u00a0[:en]\u201cUm ano inteiro \u2013 Agenda \u201d &#8211; \u00a0Portuguese Edition[:]\"}]},{\"@type\":\"WebSite\",\"@id\":\"https:\/\/lusamater.pt\/#website\",\"url\":\"https:\/\/lusamater.pt\/\",\"name\":\"Lusa Mater\",\"description\":\"S\u00f3 n\u00e3o vendemos saudade\",\"publisher\":{\"@id\":\"https:\/\/lusamater.pt\/#organization\"},\"potentialAction\":[{\"@type\":\"SearchAction\",\"target\":{\"@type\":\"EntryPoint\",\"urlTemplate\":\"https:\/\/lusamater.pt\/?s={search_term_string}\"},\"query-input\":\"required name=search_term_string\"}],\"inLanguage\":\"en-US\"},{\"@type\":\"Organization\",\"@id\":\"https:\/\/lusamater.pt\/#organization\",\"name\":\"Lusa Mater\",\"url\":\"https:\/\/lusamater.pt\/\",\"logo\":{\"@type\":\"ImageObject\",\"inLanguage\":\"en-US\",\"@id\":\"https:\/\/lusamater.pt\/#\/schema\/logo\/image\/\",\"url\":\"https:\/\/lusamater.pt\/wp-content\/uploads\/2015\/07\/500x500.png\",\"contentUrl\":\"https:\/\/lusamater.pt\/wp-content\/uploads\/2015\/07\/500x500.png\",\"width\":500,\"height\":500,\"caption\":\"Lusa Mater\"},\"image\":{\"@id\":\"https:\/\/lusamater.pt\/#\/schema\/logo\/image\/\"},\"sameAs\":[\"https:\/\/www.facebook.com\/lusamater.pt\/\",\"https:\/\/x.com\/lusamater\",\"https:\/\/instagram.com\/lusamater\/\",\"https:\/\/pt.pinterest.com\/lusamater\/\"]}]}<\/script>\n<!-- \/ Yoast SEO plugin. -->","yoast_head_json":{"title":"[:pt]\u201cUm ano inteiro \u2013 Agenda \u201d\u00a0 - Planeta Tangerina \u2013 Lusa Mater[:]","description":"{:pt}\u201cUm ano inteiro\u201d convida-nos a viver a natureza ao longo de todo o ano. Desafia-nos a observar os ciclos das plantas e dos animais e a descobrir algumas das mudan\u00e7as mais fant\u00e1sticas \u00e0 nossa volta.{:}","robots":{"index":"index","follow":"follow","max-snippet":"max-snippet:-1","max-image-preview":"max-image-preview:large","max-video-preview":"max-video-preview:-1"},"canonical":"https:\/\/lusamater.pt\/produto\/um-ano-inteiro-agenda\/","og_locale":"en_US","og_type":"article","og_title":"[:pt]\u201cUm ano inteiro \u2013 Agenda \u201d\u00a0 - Planeta Tangerina \u2013 Lusa Mater[:]","og_description":"{:pt}\u201cUm ano inteiro\u201d convida-nos a viver a natureza ao longo de todo o ano. Desafia-nos a observar os ciclos das plantas e dos animais e a descobrir algumas das mudan\u00e7as mais fant\u00e1sticas \u00e0 nossa volta.{:}","og_url":"https:\/\/lusamater.pt\/produto\/um-ano-inteiro-agenda\/","og_site_name":"Lusa Mater","article_publisher":"https:\/\/www.facebook.com\/lusamater.pt\/","article_modified_time":"2025-12-17T08:14:08+00:00","og_image":[{"width":800,"height":800,"url":"https:\/\/lusamater.pt\/wp-content\/uploads\/2016\/11\/PLTO-Um-Ano-Inteiro-Planeta-Tangerina.jpg","type":"image\/jpeg"}],"twitter_card":"summary_large_image","twitter_site":"@lusamater","schema":{"@context":"https:\/\/schema.org","@graph":[{"@type":"WebPage","@id":"https:\/\/lusamater.pt\/produto\/um-ano-inteiro-agenda\/","url":"https:\/\/lusamater.pt\/produto\/um-ano-inteiro-agenda\/","name":"[:pt]\u201cUm ano inteiro \u2013 Agenda \u201d\u00a0 - Planeta Tangerina \u2013 Lusa Mater[:]","isPartOf":{"@id":"https:\/\/lusamater.pt\/#website"},"primaryImageOfPage":{"@id":"https:\/\/lusamater.pt\/produto\/um-ano-inteiro-agenda\/#primaryimage"},"image":{"@id":"https:\/\/lusamater.pt\/produto\/um-ano-inteiro-agenda\/#primaryimage"},"thumbnailUrl":"https:\/\/lusamater.pt\/wp-content\/uploads\/2016\/11\/PLTO-Um-Ano-Inteiro-Planeta-Tangerina.jpg","datePublished":"2016-11-24T04:16:14+00:00","dateModified":"2025-12-17T08:14:08+00:00","description":"{:pt}\u201cUm ano inteiro\u201d convida-nos a viver a natureza ao longo de todo o ano. Desafia-nos a observar os ciclos das plantas e dos animais e a descobrir algumas das mudan\u00e7as mais fant\u00e1sticas \u00e0 nossa volta.{:}","breadcrumb":{"@id":"https:\/\/lusamater.pt\/produto\/um-ano-inteiro-agenda\/#breadcrumb"},"inLanguage":"en-US","potentialAction":[{"@type":"ReadAction","target":["https:\/\/lusamater.pt\/produto\/um-ano-inteiro-agenda\/"]}]},{"@type":"ImageObject","inLanguage":"en-US","@id":"https:\/\/lusamater.pt\/produto\/um-ano-inteiro-agenda\/#primaryimage","url":"https:\/\/lusamater.pt\/wp-content\/uploads\/2016\/11\/PLTO-Um-Ano-Inteiro-Planeta-Tangerina.jpg","contentUrl":"https:\/\/lusamater.pt\/wp-content\/uploads\/2016\/11\/PLTO-Um-Ano-Inteiro-Planeta-Tangerina.jpg","width":800,"height":800},{"@type":"BreadcrumbList","@id":"https:\/\/lusamater.pt\/produto\/um-ano-inteiro-agenda\/#breadcrumb","itemListElement":[{"@type":"ListItem","position":1,"name":"Home","item":"https:\/\/lusamater.pt\/"},{"@type":"ListItem","position":2,"name":"Loja","item":"https:\/\/lusamater.pt\/shop\/"},{"@type":"ListItem","position":3,"name":"[:pt]\u201cUm ano inteiro \u2013 Almanaque da Natureza \u201d\u00a0[:en]\u201cUm ano inteiro \u2013 Agenda \u201d &#8211; \u00a0Portuguese Edition[:]"}]},{"@type":"WebSite","@id":"https:\/\/lusamater.pt\/#website","url":"https:\/\/lusamater.pt\/","name":"Lusa Mater","description":"S\u00f3 n\u00e3o vendemos saudade","publisher":{"@id":"https:\/\/lusamater.pt\/#organization"},"potentialAction":[{"@type":"SearchAction","target":{"@type":"EntryPoint","urlTemplate":"https:\/\/lusamater.pt\/?s={search_term_string}"},"query-input":"required name=search_term_string"}],"inLanguage":"en-US"},{"@type":"Organization","@id":"https:\/\/lusamater.pt\/#organization","name":"Lusa Mater","url":"https:\/\/lusamater.pt\/","logo":{"@type":"ImageObject","inLanguage":"en-US","@id":"https:\/\/lusamater.pt\/#\/schema\/logo\/image\/","url":"https:\/\/lusamater.pt\/wp-content\/uploads\/2015\/07\/500x500.png","contentUrl":"https:\/\/lusamater.pt\/wp-content\/uploads\/2015\/07\/500x500.png","width":500,"height":500,"caption":"Lusa Mater"},"image":{"@id":"https:\/\/lusamater.pt\/#\/schema\/logo\/image\/"},"sameAs":["https:\/\/www.facebook.com\/lusamater.pt\/","https:\/\/x.com\/lusamater","https:\/\/instagram.com\/lusamater\/","https:\/\/pt.pinterest.com\/lusamater\/"]}]}},"_links":{"self":[{"href":"https:\/\/lusamater.pt\/en\/wp-json\/wp\/v2\/product\/46490"}],"collection":[{"href":"https:\/\/lusamater.pt\/en\/wp-json\/wp\/v2\/product"}],"about":[{"href":"https:\/\/lusamater.pt\/en\/wp-json\/wp\/v2\/types\/product"}],"version-history":[{"count":1,"href":"https:\/\/lusamater.pt\/en\/wp-json\/wp\/v2\/product\/46490\/revisions"}],"predecessor-version":[{"id":53055,"href":"https:\/\/lusamater.pt\/en\/wp-json\/wp\/v2\/product\/46490\/revisions\/53055"}],"wp:featuredmedia":[{"embeddable":true,"href":"https:\/\/lusamater.pt\/en\/wp-json\/wp\/v2\/media\/47453"}],"wp:attachment":[{"href":"https:\/\/lusamater.pt\/en\/wp-json\/wp\/v2\/media?parent=46490"}],"wp:term":[{"taxonomy":"product_cat","embeddable":true,"href":"https:\/\/lusamater.pt\/en\/wp-json\/wp\/v2\/product_cat?post=46490"},{"taxonomy":"product_tag","embeddable":true,"href":"https:\/\/lusamater.pt\/en\/wp-json\/wp\/v2\/product_tag?post=46490"}],"curies":[{"name":"wp","href":"https:\/\/api.w.org\/{rel}","templated":true}]}}