{"id":46492,"date":"2016-11-24T04:16:14","date_gmt":"2016-11-24T04:16:14","guid":{"rendered":"http:\/\/lusamater.pt\/produto\/tao-tao-grande\/"},"modified":"2025-12-02T13:11:55","modified_gmt":"2025-12-02T13:11:55","slug":"tao-tao-grande","status":"publish","type":"product","link":"https:\/\/lusamater.pt\/en\/produto\/tao-tao-grande\/","title":{"rendered":"T\u00e3o T\u00e3o Grande"},"content":{"rendered":"<p class=\"qtranxs-available-languages-message qtranxs-available-languages-message-en\">Sorry, this entry is only available in <a href=\"https:\/\/lusamater.pt\/pt\/wp-json\/wp\/v2\/product\/46492\" class=\"qtranxs-available-language-link qtranxs-available-language-link-pt\" title=\"Portugu\u00eas\">European Portuguese<\/a>. For the sake of viewer convenience, the content is shown below in the alternative language. You may click the link to switch the active language.<\/p>http:\/\/s1201.photobucket.com\/user\/madalenamatoso\/media\/anim_cQ.gif.html","protected":false},"excerpt":{"rendered":"<p class=\"qtranxs-available-languages-message qtranxs-available-languages-message-en\">Sorry, this entry is only available in <a href=\"https:\/\/lusamater.pt\/pt\/wp-json\/wp\/v2\/product\/46492\" class=\"qtranxs-available-language-link qtranxs-available-language-link-pt\" title=\"Portugu\u00eas\">European Portuguese<\/a>. For the sake of viewer convenience, the content is shown below in the alternative language. You may click the link to switch the active language.<\/p>\n<p>Certa manh\u00e3, ao acordar, o Samuel deu por si na cama transformado num GIGANTESCO HIPOP\u00d3TAMO. Da noite para o dia, o Samuel j\u00e1 mal cabia na cama, no quarto e nos sapatos. Como podia ele ir assim para a escola?<br \/>\nUma met\u00e1fora colorida e bem-humorada do crescimento, com a marca inconfund\u00edvel da autora\/ilustradora Catarina Sobral.<\/p>\n","protected":false},"featured_media":46350,"template":"","meta":[],"product_cat":[1100,337],"product_tag":[],"yoast_head":"<!-- This site is optimized with the Yoast SEO plugin v22.8 - https:\/\/yoast.com\/wordpress\/plugins\/seo\/ -->\n<title><\/title>\n<meta name=\"description\" content=\"{:pt}Certa manh\u00e3, ao acordar, o Samuel deu por si na cama transformado num GIGANTESCO HIPOP\u00d3TAMO. Uma met\u00e1fora colorida e bem-humorada do crescimento, da Catarina Sobral.{:}\" \/>\n<meta name=\"robots\" content=\"index, follow, max-snippet:-1, max-image-preview:large, max-video-preview:-1\" \/>\n<link rel=\"canonical\" href=\"https:\/\/lusamater.pt\/produto\/tao-tao-grande\/\" \/>\n<meta property=\"og:locale\" content=\"en_US\" \/>\n<meta property=\"og:type\" content=\"article\" \/>\n<meta property=\"og:title\" content=\"[:pt]T\u00e3o T\u00e3o Grande[:]\" \/>\n<meta property=\"og:description\" content=\"{:pt}Certa manh\u00e3, ao acordar, o Samuel deu por si na cama transformado num GIGANTESCO HIPOP\u00d3TAMO. Uma met\u00e1fora colorida e bem-humorada do crescimento, da Catarina Sobral.{:}\" \/>\n<meta property=\"og:url\" content=\"https:\/\/lusamater.pt\/produto\/tao-tao-grande\/\" \/>\n<meta property=\"og:site_name\" content=\"Lusa Mater\" \/>\n<meta property=\"article:publisher\" content=\"https:\/\/www.facebook.com\/lusamater.pt\/\" \/>\n<meta property=\"article:modified_time\" content=\"2025-12-02T13:11:55+00:00\" \/>\n<meta property=\"og:image\" content=\"https:\/\/lusamater.pt\/wp-content\/uploads\/2016\/11\/OFN020-Tao-Grande-capa2-Catarina-Sobral.jpg\" \/>\n\t<meta property=\"og:image:width\" content=\"800\" \/>\n\t<meta property=\"og:image:height\" content=\"800\" \/>\n\t<meta property=\"og:image:type\" content=\"image\/jpeg\" \/>\n<meta name=\"twitter:card\" content=\"summary_large_image\" \/>\n<meta name=\"twitter:site\" content=\"@lusamater\" \/>\n<script type=\"application\/ld+json\" class=\"yoast-schema-graph\">{\"@context\":\"https:\/\/schema.org\",\"@graph\":[{\"@type\":\"WebPage\",\"@id\":\"https:\/\/lusamater.pt\/produto\/tao-tao-grande\/\",\"url\":\"https:\/\/lusamater.pt\/produto\/tao-tao-grande\/\",\"name\":\"[:pt]T\u00e3o T\u00e3o Grande[:]\",\"isPartOf\":{\"@id\":\"https:\/\/lusamater.pt\/#website\"},\"primaryImageOfPage\":{\"@id\":\"https:\/\/lusamater.pt\/produto\/tao-tao-grande\/#primaryimage\"},\"image\":{\"@id\":\"https:\/\/lusamater.pt\/produto\/tao-tao-grande\/#primaryimage\"},\"thumbnailUrl\":\"https:\/\/lusamater.pt\/wp-content\/uploads\/2016\/11\/OFN020-Tao-Grande-capa2-Catarina-Sobral.jpg\",\"datePublished\":\"2016-11-24T04:16:14+00:00\",\"dateModified\":\"2025-12-02T13:11:55+00:00\",\"description\":\"{:pt}Certa manh\u00e3, ao acordar, o Samuel deu por si na cama transformado num GIGANTESCO HIPOP\u00d3TAMO. Uma met\u00e1fora colorida e bem-humorada do crescimento, da Catarina Sobral.{:}\",\"breadcrumb\":{\"@id\":\"https:\/\/lusamater.pt\/produto\/tao-tao-grande\/#breadcrumb\"},\"inLanguage\":\"en-US\",\"potentialAction\":[{\"@type\":\"ReadAction\",\"target\":[\"https:\/\/lusamater.pt\/produto\/tao-tao-grande\/\"]}]},{\"@type\":\"ImageObject\",\"inLanguage\":\"en-US\",\"@id\":\"https:\/\/lusamater.pt\/produto\/tao-tao-grande\/#primaryimage\",\"url\":\"https:\/\/lusamater.pt\/wp-content\/uploads\/2016\/11\/OFN020-Tao-Grande-capa2-Catarina-Sobral.jpg\",\"contentUrl\":\"https:\/\/lusamater.pt\/wp-content\/uploads\/2016\/11\/OFN020-Tao-Grande-capa2-Catarina-Sobral.jpg\",\"width\":800,\"height\":800},{\"@type\":\"BreadcrumbList\",\"@id\":\"https:\/\/lusamater.pt\/produto\/tao-tao-grande\/#breadcrumb\",\"itemListElement\":[{\"@type\":\"ListItem\",\"position\":1,\"name\":\"Home\",\"item\":\"https:\/\/lusamater.pt\/\"},{\"@type\":\"ListItem\",\"position\":2,\"name\":\"Loja\",\"item\":\"https:\/\/lusamater.pt\/shop\/\"},{\"@type\":\"ListItem\",\"position\":3,\"name\":\"T\u00e3o T\u00e3o Grande\"}]},{\"@type\":\"WebSite\",\"@id\":\"https:\/\/lusamater.pt\/#website\",\"url\":\"https:\/\/lusamater.pt\/\",\"name\":\"Lusa Mater\",\"description\":\"S\u00f3 n\u00e3o vendemos saudade\",\"publisher\":{\"@id\":\"https:\/\/lusamater.pt\/#organization\"},\"potentialAction\":[{\"@type\":\"SearchAction\",\"target\":{\"@type\":\"EntryPoint\",\"urlTemplate\":\"https:\/\/lusamater.pt\/?s={search_term_string}\"},\"query-input\":\"required name=search_term_string\"}],\"inLanguage\":\"en-US\"},{\"@type\":\"Organization\",\"@id\":\"https:\/\/lusamater.pt\/#organization\",\"name\":\"Lusa Mater\",\"url\":\"https:\/\/lusamater.pt\/\",\"logo\":{\"@type\":\"ImageObject\",\"inLanguage\":\"en-US\",\"@id\":\"https:\/\/lusamater.pt\/#\/schema\/logo\/image\/\",\"url\":\"https:\/\/lusamater.pt\/wp-content\/uploads\/2015\/07\/500x500.png\",\"contentUrl\":\"https:\/\/lusamater.pt\/wp-content\/uploads\/2015\/07\/500x500.png\",\"width\":500,\"height\":500,\"caption\":\"Lusa Mater\"},\"image\":{\"@id\":\"https:\/\/lusamater.pt\/#\/schema\/logo\/image\/\"},\"sameAs\":[\"https:\/\/www.facebook.com\/lusamater.pt\/\",\"https:\/\/x.com\/lusamater\",\"https:\/\/instagram.com\/lusamater\/\",\"https:\/\/pt.pinterest.com\/lusamater\/\"]}]}<\/script>\n<!-- \/ Yoast SEO plugin. -->","yoast_head_json":{"title":"[:pt]T\u00e3o T\u00e3o Grande[:]","description":"{:pt}Certa manh\u00e3, ao acordar, o Samuel deu por si na cama transformado num GIGANTESCO HIPOP\u00d3TAMO. Uma met\u00e1fora colorida e bem-humorada do crescimento, da Catarina Sobral.{:}","robots":{"index":"index","follow":"follow","max-snippet":"max-snippet:-1","max-image-preview":"max-image-preview:large","max-video-preview":"max-video-preview:-1"},"canonical":"https:\/\/lusamater.pt\/produto\/tao-tao-grande\/","og_locale":"en_US","og_type":"article","og_title":"[:pt]T\u00e3o T\u00e3o Grande[:]","og_description":"{:pt}Certa manh\u00e3, ao acordar, o Samuel deu por si na cama transformado num GIGANTESCO HIPOP\u00d3TAMO. Uma met\u00e1fora colorida e bem-humorada do crescimento, da Catarina Sobral.{:}","og_url":"https:\/\/lusamater.pt\/produto\/tao-tao-grande\/","og_site_name":"Lusa Mater","article_publisher":"https:\/\/www.facebook.com\/lusamater.pt\/","article_modified_time":"2025-12-02T13:11:55+00:00","og_image":[{"width":800,"height":800,"url":"https:\/\/lusamater.pt\/wp-content\/uploads\/2016\/11\/OFN020-Tao-Grande-capa2-Catarina-Sobral.jpg","type":"image\/jpeg"}],"twitter_card":"summary_large_image","twitter_site":"@lusamater","schema":{"@context":"https:\/\/schema.org","@graph":[{"@type":"WebPage","@id":"https:\/\/lusamater.pt\/produto\/tao-tao-grande\/","url":"https:\/\/lusamater.pt\/produto\/tao-tao-grande\/","name":"[:pt]T\u00e3o T\u00e3o Grande[:]","isPartOf":{"@id":"https:\/\/lusamater.pt\/#website"},"primaryImageOfPage":{"@id":"https:\/\/lusamater.pt\/produto\/tao-tao-grande\/#primaryimage"},"image":{"@id":"https:\/\/lusamater.pt\/produto\/tao-tao-grande\/#primaryimage"},"thumbnailUrl":"https:\/\/lusamater.pt\/wp-content\/uploads\/2016\/11\/OFN020-Tao-Grande-capa2-Catarina-Sobral.jpg","datePublished":"2016-11-24T04:16:14+00:00","dateModified":"2025-12-02T13:11:55+00:00","description":"{:pt}Certa manh\u00e3, ao acordar, o Samuel deu por si na cama transformado num GIGANTESCO HIPOP\u00d3TAMO. Uma met\u00e1fora colorida e bem-humorada do crescimento, da Catarina Sobral.{:}","breadcrumb":{"@id":"https:\/\/lusamater.pt\/produto\/tao-tao-grande\/#breadcrumb"},"inLanguage":"en-US","potentialAction":[{"@type":"ReadAction","target":["https:\/\/lusamater.pt\/produto\/tao-tao-grande\/"]}]},{"@type":"ImageObject","inLanguage":"en-US","@id":"https:\/\/lusamater.pt\/produto\/tao-tao-grande\/#primaryimage","url":"https:\/\/lusamater.pt\/wp-content\/uploads\/2016\/11\/OFN020-Tao-Grande-capa2-Catarina-Sobral.jpg","contentUrl":"https:\/\/lusamater.pt\/wp-content\/uploads\/2016\/11\/OFN020-Tao-Grande-capa2-Catarina-Sobral.jpg","width":800,"height":800},{"@type":"BreadcrumbList","@id":"https:\/\/lusamater.pt\/produto\/tao-tao-grande\/#breadcrumb","itemListElement":[{"@type":"ListItem","position":1,"name":"Home","item":"https:\/\/lusamater.pt\/"},{"@type":"ListItem","position":2,"name":"Loja","item":"https:\/\/lusamater.pt\/shop\/"},{"@type":"ListItem","position":3,"name":"T\u00e3o T\u00e3o Grande"}]},{"@type":"WebSite","@id":"https:\/\/lusamater.pt\/#website","url":"https:\/\/lusamater.pt\/","name":"Lusa Mater","description":"S\u00f3 n\u00e3o vendemos saudade","publisher":{"@id":"https:\/\/lusamater.pt\/#organization"},"potentialAction":[{"@type":"SearchAction","target":{"@type":"EntryPoint","urlTemplate":"https:\/\/lusamater.pt\/?s={search_term_string}"},"query-input":"required name=search_term_string"}],"inLanguage":"en-US"},{"@type":"Organization","@id":"https:\/\/lusamater.pt\/#organization","name":"Lusa Mater","url":"https:\/\/lusamater.pt\/","logo":{"@type":"ImageObject","inLanguage":"en-US","@id":"https:\/\/lusamater.pt\/#\/schema\/logo\/image\/","url":"https:\/\/lusamater.pt\/wp-content\/uploads\/2015\/07\/500x500.png","contentUrl":"https:\/\/lusamater.pt\/wp-content\/uploads\/2015\/07\/500x500.png","width":500,"height":500,"caption":"Lusa Mater"},"image":{"@id":"https:\/\/lusamater.pt\/#\/schema\/logo\/image\/"},"sameAs":["https:\/\/www.facebook.com\/lusamater.pt\/","https:\/\/x.com\/lusamater","https:\/\/instagram.com\/lusamater\/","https:\/\/pt.pinterest.com\/lusamater\/"]}]}},"_links":{"self":[{"href":"https:\/\/lusamater.pt\/en\/wp-json\/wp\/v2\/product\/46492"}],"collection":[{"href":"https:\/\/lusamater.pt\/en\/wp-json\/wp\/v2\/product"}],"about":[{"href":"https:\/\/lusamater.pt\/en\/wp-json\/wp\/v2\/types\/product"}],"version-history":[{"count":0,"href":"https:\/\/lusamater.pt\/en\/wp-json\/wp\/v2\/product\/46492\/revisions"}],"wp:featuredmedia":[{"embeddable":true,"href":"https:\/\/lusamater.pt\/en\/wp-json\/wp\/v2\/media\/46350"}],"wp:attachment":[{"href":"https:\/\/lusamater.pt\/en\/wp-json\/wp\/v2\/media?parent=46492"}],"wp:term":[{"taxonomy":"product_cat","embeddable":true,"href":"https:\/\/lusamater.pt\/en\/wp-json\/wp\/v2\/product_cat?post=46492"},{"taxonomy":"product_tag","embeddable":true,"href":"https:\/\/lusamater.pt\/en\/wp-json\/wp\/v2\/product_tag?post=46492"}],"curies":[{"name":"wp","href":"https:\/\/api.w.org\/{rel}","templated":true}]}}