{"id":46500,"date":"2016-11-24T04:16:17","date_gmt":"2016-11-24T04:16:17","guid":{"rendered":"http:\/\/lusamater.pt\/produto\/botoes-de-punho-rectangular\/"},"modified":"2023-11-08T10:18:54","modified_gmt":"2023-11-08T10:18:54","slug":"botoes-de-punho-rectangular","status":"publish","type":"product","link":"https:\/\/lusamater.pt\/en\/produto\/botoes-de-punho-rectangular\/","title":{"rendered":"Rectangular Cufflinks"},"content":{"rendered":"","protected":false},"excerpt":{"rendered":"<p>Featuring a pair of vintage watch movement 17 ruby jewelled. KoollooK products are a good example of how vintage materials and aesthetics coupled with modern design can give rise to unique, timeless pieces; of how technologies of old can be brought back to life.<\/p>\n","protected":false},"featured_media":46578,"template":"","meta":[],"product_cat":[252],"product_tag":[],"yoast_head":"<!-- This site is optimized with the Yoast SEO plugin v22.8 - https:\/\/yoast.com\/wordpress\/plugins\/seo\/ -->\n<title><\/title>\n<meta name=\"description\" content=\"{:pt}Bot\u00f5es de punho rectangulares com mecanismos de rel\u00f3gio vintage de 17 rubis. Pe\u00e7as \u00fanicas e intemporais.{:}\" \/>\n<meta name=\"robots\" content=\"index, follow, max-snippet:-1, max-image-preview:large, max-video-preview:-1\" \/>\n<link rel=\"canonical\" href=\"https:\/\/lusamater.pt\/produto\/botoes-de-punho-rectangular\/\" \/>\n<meta property=\"og:locale\" content=\"en_US\" \/>\n<meta property=\"og:type\" content=\"article\" \/>\n<meta property=\"og:title\" content=\"[:pt]Bot\u00f5es de punho Rectangular[:]\" \/>\n<meta property=\"og:description\" content=\"{:pt}Bot\u00f5es de punho rectangulares com mecanismos de rel\u00f3gio vintage de 17 rubis. Pe\u00e7as \u00fanicas e intemporais.{:}\" \/>\n<meta property=\"og:url\" content=\"https:\/\/lusamater.pt\/produto\/botoes-de-punho-rectangular\/\" \/>\n<meta property=\"og:site_name\" content=\"Lusa Mater\" \/>\n<meta property=\"article:publisher\" content=\"https:\/\/www.facebook.com\/lusamater.pt\/\" \/>\n<meta property=\"article:modified_time\" content=\"2023-11-08T10:18:54+00:00\" \/>\n<meta property=\"og:image\" content=\"https:\/\/lusamater.pt\/wp-content\/uploads\/2016\/11\/KOL024-Botoes_punho-Rectangular-1.jpg\" \/>\n\t<meta property=\"og:image:width\" content=\"600\" \/>\n\t<meta property=\"og:image:height\" content=\"600\" \/>\n\t<meta property=\"og:image:type\" content=\"image\/jpeg\" \/>\n<meta name=\"twitter:card\" content=\"summary_large_image\" \/>\n<meta name=\"twitter:site\" content=\"@lusamater\" \/>\n<script type=\"application\/ld+json\" class=\"yoast-schema-graph\">{\"@context\":\"https:\/\/schema.org\",\"@graph\":[{\"@type\":\"WebPage\",\"@id\":\"https:\/\/lusamater.pt\/produto\/botoes-de-punho-rectangular\/\",\"url\":\"https:\/\/lusamater.pt\/produto\/botoes-de-punho-rectangular\/\",\"name\":\"[:pt]Bot\u00f5es de punho Rectangular[:]\",\"isPartOf\":{\"@id\":\"https:\/\/lusamater.pt\/#website\"},\"primaryImageOfPage\":{\"@id\":\"https:\/\/lusamater.pt\/produto\/botoes-de-punho-rectangular\/#primaryimage\"},\"image\":{\"@id\":\"https:\/\/lusamater.pt\/produto\/botoes-de-punho-rectangular\/#primaryimage\"},\"thumbnailUrl\":\"https:\/\/lusamater.pt\/wp-content\/uploads\/2016\/11\/KOL024-Botoes_punho-Rectangular-1.jpg\",\"datePublished\":\"2016-11-24T04:16:17+00:00\",\"dateModified\":\"2023-11-08T10:18:54+00:00\",\"description\":\"{:pt}Bot\u00f5es de punho rectangulares com mecanismos de rel\u00f3gio vintage de 17 rubis. Pe\u00e7as \u00fanicas e intemporais.{:}\",\"breadcrumb\":{\"@id\":\"https:\/\/lusamater.pt\/produto\/botoes-de-punho-rectangular\/#breadcrumb\"},\"inLanguage\":\"en-US\",\"potentialAction\":[{\"@type\":\"ReadAction\",\"target\":[\"https:\/\/lusamater.pt\/produto\/botoes-de-punho-rectangular\/\"]}]},{\"@type\":\"ImageObject\",\"inLanguage\":\"en-US\",\"@id\":\"https:\/\/lusamater.pt\/produto\/botoes-de-punho-rectangular\/#primaryimage\",\"url\":\"https:\/\/lusamater.pt\/wp-content\/uploads\/2016\/11\/KOL024-Botoes_punho-Rectangular-1.jpg\",\"contentUrl\":\"https:\/\/lusamater.pt\/wp-content\/uploads\/2016\/11\/KOL024-Botoes_punho-Rectangular-1.jpg\",\"width\":600,\"height\":600},{\"@type\":\"BreadcrumbList\",\"@id\":\"https:\/\/lusamater.pt\/produto\/botoes-de-punho-rectangular\/#breadcrumb\",\"itemListElement\":[{\"@type\":\"ListItem\",\"position\":1,\"name\":\"Home\",\"item\":\"https:\/\/lusamater.pt\/\"},{\"@type\":\"ListItem\",\"position\":2,\"name\":\"Loja\",\"item\":\"https:\/\/lusamater.pt\/shop\/\"},{\"@type\":\"ListItem\",\"position\":3,\"name\":\"Bot\u00f5es de punho Rectangular\"}]},{\"@type\":\"WebSite\",\"@id\":\"https:\/\/lusamater.pt\/#website\",\"url\":\"https:\/\/lusamater.pt\/\",\"name\":\"Lusa Mater\",\"description\":\"S\u00f3 n\u00e3o vendemos saudade\",\"publisher\":{\"@id\":\"https:\/\/lusamater.pt\/#organization\"},\"potentialAction\":[{\"@type\":\"SearchAction\",\"target\":{\"@type\":\"EntryPoint\",\"urlTemplate\":\"https:\/\/lusamater.pt\/?s={search_term_string}\"},\"query-input\":\"required name=search_term_string\"}],\"inLanguage\":\"en-US\"},{\"@type\":\"Organization\",\"@id\":\"https:\/\/lusamater.pt\/#organization\",\"name\":\"Lusa Mater\",\"url\":\"https:\/\/lusamater.pt\/\",\"logo\":{\"@type\":\"ImageObject\",\"inLanguage\":\"en-US\",\"@id\":\"https:\/\/lusamater.pt\/#\/schema\/logo\/image\/\",\"url\":\"https:\/\/lusamater.pt\/wp-content\/uploads\/2015\/07\/500x500.png\",\"contentUrl\":\"https:\/\/lusamater.pt\/wp-content\/uploads\/2015\/07\/500x500.png\",\"width\":500,\"height\":500,\"caption\":\"Lusa Mater\"},\"image\":{\"@id\":\"https:\/\/lusamater.pt\/#\/schema\/logo\/image\/\"},\"sameAs\":[\"https:\/\/www.facebook.com\/lusamater.pt\/\",\"https:\/\/x.com\/lusamater\",\"https:\/\/instagram.com\/lusamater\/\",\"https:\/\/pt.pinterest.com\/lusamater\/\"]}]}<\/script>\n<!-- \/ Yoast SEO plugin. -->","yoast_head_json":{"title":"[:pt]Bot\u00f5es de punho Rectangular[:]","description":"{:pt}Bot\u00f5es de punho rectangulares com mecanismos de rel\u00f3gio vintage de 17 rubis. Pe\u00e7as \u00fanicas e intemporais.{:}","robots":{"index":"index","follow":"follow","max-snippet":"max-snippet:-1","max-image-preview":"max-image-preview:large","max-video-preview":"max-video-preview:-1"},"canonical":"https:\/\/lusamater.pt\/produto\/botoes-de-punho-rectangular\/","og_locale":"en_US","og_type":"article","og_title":"[:pt]Bot\u00f5es de punho Rectangular[:]","og_description":"{:pt}Bot\u00f5es de punho rectangulares com mecanismos de rel\u00f3gio vintage de 17 rubis. Pe\u00e7as \u00fanicas e intemporais.{:}","og_url":"https:\/\/lusamater.pt\/produto\/botoes-de-punho-rectangular\/","og_site_name":"Lusa Mater","article_publisher":"https:\/\/www.facebook.com\/lusamater.pt\/","article_modified_time":"2023-11-08T10:18:54+00:00","og_image":[{"width":600,"height":600,"url":"https:\/\/lusamater.pt\/wp-content\/uploads\/2016\/11\/KOL024-Botoes_punho-Rectangular-1.jpg","type":"image\/jpeg"}],"twitter_card":"summary_large_image","twitter_site":"@lusamater","schema":{"@context":"https:\/\/schema.org","@graph":[{"@type":"WebPage","@id":"https:\/\/lusamater.pt\/produto\/botoes-de-punho-rectangular\/","url":"https:\/\/lusamater.pt\/produto\/botoes-de-punho-rectangular\/","name":"[:pt]Bot\u00f5es de punho Rectangular[:]","isPartOf":{"@id":"https:\/\/lusamater.pt\/#website"},"primaryImageOfPage":{"@id":"https:\/\/lusamater.pt\/produto\/botoes-de-punho-rectangular\/#primaryimage"},"image":{"@id":"https:\/\/lusamater.pt\/produto\/botoes-de-punho-rectangular\/#primaryimage"},"thumbnailUrl":"https:\/\/lusamater.pt\/wp-content\/uploads\/2016\/11\/KOL024-Botoes_punho-Rectangular-1.jpg","datePublished":"2016-11-24T04:16:17+00:00","dateModified":"2023-11-08T10:18:54+00:00","description":"{:pt}Bot\u00f5es de punho rectangulares com mecanismos de rel\u00f3gio vintage de 17 rubis. Pe\u00e7as \u00fanicas e intemporais.{:}","breadcrumb":{"@id":"https:\/\/lusamater.pt\/produto\/botoes-de-punho-rectangular\/#breadcrumb"},"inLanguage":"en-US","potentialAction":[{"@type":"ReadAction","target":["https:\/\/lusamater.pt\/produto\/botoes-de-punho-rectangular\/"]}]},{"@type":"ImageObject","inLanguage":"en-US","@id":"https:\/\/lusamater.pt\/produto\/botoes-de-punho-rectangular\/#primaryimage","url":"https:\/\/lusamater.pt\/wp-content\/uploads\/2016\/11\/KOL024-Botoes_punho-Rectangular-1.jpg","contentUrl":"https:\/\/lusamater.pt\/wp-content\/uploads\/2016\/11\/KOL024-Botoes_punho-Rectangular-1.jpg","width":600,"height":600},{"@type":"BreadcrumbList","@id":"https:\/\/lusamater.pt\/produto\/botoes-de-punho-rectangular\/#breadcrumb","itemListElement":[{"@type":"ListItem","position":1,"name":"Home","item":"https:\/\/lusamater.pt\/"},{"@type":"ListItem","position":2,"name":"Loja","item":"https:\/\/lusamater.pt\/shop\/"},{"@type":"ListItem","position":3,"name":"Bot\u00f5es de punho Rectangular"}]},{"@type":"WebSite","@id":"https:\/\/lusamater.pt\/#website","url":"https:\/\/lusamater.pt\/","name":"Lusa Mater","description":"S\u00f3 n\u00e3o vendemos saudade","publisher":{"@id":"https:\/\/lusamater.pt\/#organization"},"potentialAction":[{"@type":"SearchAction","target":{"@type":"EntryPoint","urlTemplate":"https:\/\/lusamater.pt\/?s={search_term_string}"},"query-input":"required name=search_term_string"}],"inLanguage":"en-US"},{"@type":"Organization","@id":"https:\/\/lusamater.pt\/#organization","name":"Lusa Mater","url":"https:\/\/lusamater.pt\/","logo":{"@type":"ImageObject","inLanguage":"en-US","@id":"https:\/\/lusamater.pt\/#\/schema\/logo\/image\/","url":"https:\/\/lusamater.pt\/wp-content\/uploads\/2015\/07\/500x500.png","contentUrl":"https:\/\/lusamater.pt\/wp-content\/uploads\/2015\/07\/500x500.png","width":500,"height":500,"caption":"Lusa Mater"},"image":{"@id":"https:\/\/lusamater.pt\/#\/schema\/logo\/image\/"},"sameAs":["https:\/\/www.facebook.com\/lusamater.pt\/","https:\/\/x.com\/lusamater","https:\/\/instagram.com\/lusamater\/","https:\/\/pt.pinterest.com\/lusamater\/"]}]}},"_links":{"self":[{"href":"https:\/\/lusamater.pt\/en\/wp-json\/wp\/v2\/product\/46500"}],"collection":[{"href":"https:\/\/lusamater.pt\/en\/wp-json\/wp\/v2\/product"}],"about":[{"href":"https:\/\/lusamater.pt\/en\/wp-json\/wp\/v2\/types\/product"}],"version-history":[{"count":1,"href":"https:\/\/lusamater.pt\/en\/wp-json\/wp\/v2\/product\/46500\/revisions"}],"predecessor-version":[{"id":52852,"href":"https:\/\/lusamater.pt\/en\/wp-json\/wp\/v2\/product\/46500\/revisions\/52852"}],"wp:featuredmedia":[{"embeddable":true,"href":"https:\/\/lusamater.pt\/en\/wp-json\/wp\/v2\/media\/46578"}],"wp:attachment":[{"href":"https:\/\/lusamater.pt\/en\/wp-json\/wp\/v2\/media?parent=46500"}],"wp:term":[{"taxonomy":"product_cat","embeddable":true,"href":"https:\/\/lusamater.pt\/en\/wp-json\/wp\/v2\/product_cat?post=46500"},{"taxonomy":"product_tag","embeddable":true,"href":"https:\/\/lusamater.pt\/en\/wp-json\/wp\/v2\/product_tag?post=46500"}],"curies":[{"name":"wp","href":"https:\/\/api.w.org\/{rel}","templated":true}]}}