{"id":47094,"date":"2018-11-22T11:00:23","date_gmt":"2018-11-22T11:00:23","guid":{"rendered":"https:\/\/lusamater.pt\/produto\/a-ilha-do-avo\/"},"modified":"2025-12-17T08:14:25","modified_gmt":"2025-12-17T08:14:25","slug":"a-ilha-do-avo","status":"publish","type":"product","link":"https:\/\/lusamater.pt\/en\/produto\/a-ilha-do-avo\/","title":{"rendered":"A ilha do Av\u00f4  [Grandad&#8217;s Island] &#8211; Portuguese Edition"},"content":{"rendered":"","protected":false},"excerpt":{"rendered":"<p>Syd and his Grandad are going on an adventure \u2013 through the door in Grandad&#8217;s attic to a ship that will sail across an ocean of rooftops to a magical tropical island. They are going to find new wonders at every turn as they explore the island and make lots of new friends in the form of the animals and birds. In fact, it&#8217;s such an amazing place that Grandad decides to stay.   Benji Davies deals with the emotional topic of losing a grandparent. Subtly told, this beautifully illustrated book tackles a difficult subject with great sensitivity and depth.<\/p>\n","protected":false},"featured_media":46916,"template":"","meta":[],"product_cat":[1100,337],"product_tag":[],"yoast_head":"<!-- This site is optimized with the Yoast SEO plugin v22.8 - https:\/\/yoast.com\/wordpress\/plugins\/seo\/ -->\n<title>A ilha do Av\u00f4 [Grandad&#039;s Island] - Portuguese Edition - Lusa Mater<\/title>\n<meta name=\"robots\" content=\"index, follow, max-snippet:-1, max-image-preview:large, max-video-preview:-1\" \/>\n<link rel=\"canonical\" href=\"https:\/\/lusamater.pt\/produto\/a-ilha-do-avo\/\" \/>\n<meta property=\"og:locale\" content=\"en_US\" \/>\n<meta property=\"og:type\" content=\"article\" \/>\n<meta property=\"og:title\" content=\"[:pt]A Ilha do Av\u00f4[:en]A ilha do Av\u00f4 [Grandad&#039;s Island] - Portuguese Edition[:] - Lusa Mater\" \/>\n<meta property=\"og:description\" content=\"[:pt]A ilha do Av\u00f4 \u00e9 um lugar m\u00e1gico, onde o Cid gostava de ficar para sempre. Um lugar com animais de todas as cores, casas nas \u00e1rvores e cascatas cristalinas. O Av\u00f4 escolhe ali ficar, mas o Cid, em breve, tem de partir... Uma ternurenta aventura de um av\u00f4 e de um neto, que, mesmo longe um do outro, nunca se h\u00e3o-de separar.[:en]Syd and his Grandad are going on an adventure \u2013 through the door in Grandad&#039;s attic to a ship that will sail across an ocean of rooftops to a magical tropical island. They are going to find new wonders at every turn as they explore the island and make lots of new friends in the form of the animals and birds. In fact, it&#039;s such an amazing place that Grandad decides to stay.  Benji Davies deals with the emotional topic of losing a grandparent. Subtly told, this beautifully illustrated book tackles a difficult subject with great sensitivity and depth.[:]\" \/>\n<meta property=\"og:url\" content=\"https:\/\/lusamater.pt\/produto\/a-ilha-do-avo\/\" \/>\n<meta property=\"og:site_name\" content=\"Lusa Mater\" \/>\n<meta property=\"article:publisher\" content=\"https:\/\/www.facebook.com\/lusamater.pt\/\" \/>\n<meta property=\"article:modified_time\" content=\"2025-12-17T08:14:25+00:00\" \/>\n<meta property=\"og:image\" content=\"https:\/\/lusamater.pt\/wp-content\/uploads\/2018\/11\/OFN025-A-Ilha-do-Avo-Benji-Davies-Orfeu-Negro-capa.jpg\" \/>\n\t<meta property=\"og:image:width\" content=\"800\" \/>\n\t<meta property=\"og:image:height\" content=\"800\" \/>\n\t<meta property=\"og:image:type\" content=\"image\/jpeg\" \/>\n<meta name=\"twitter:card\" content=\"summary_large_image\" \/>\n<meta name=\"twitter:site\" content=\"@lusamater\" \/>\n<script type=\"application\/ld+json\" class=\"yoast-schema-graph\">{\"@context\":\"https:\/\/schema.org\",\"@graph\":[{\"@type\":\"WebPage\",\"@id\":\"https:\/\/lusamater.pt\/produto\/a-ilha-do-avo\/\",\"url\":\"https:\/\/lusamater.pt\/produto\/a-ilha-do-avo\/\",\"name\":\"[:pt]A Ilha do Av\u00f4[:en]A ilha do Av\u00f4 [Grandad's Island] - Portuguese Edition[:] - Lusa Mater\",\"isPartOf\":{\"@id\":\"https:\/\/lusamater.pt\/#website\"},\"primaryImageOfPage\":{\"@id\":\"https:\/\/lusamater.pt\/produto\/a-ilha-do-avo\/#primaryimage\"},\"image\":{\"@id\":\"https:\/\/lusamater.pt\/produto\/a-ilha-do-avo\/#primaryimage\"},\"thumbnailUrl\":\"https:\/\/lusamater.pt\/wp-content\/uploads\/2018\/11\/OFN025-A-Ilha-do-Avo-Benji-Davies-Orfeu-Negro-capa.jpg\",\"datePublished\":\"2018-11-22T11:00:23+00:00\",\"dateModified\":\"2025-12-17T08:14:25+00:00\",\"breadcrumb\":{\"@id\":\"https:\/\/lusamater.pt\/produto\/a-ilha-do-avo\/#breadcrumb\"},\"inLanguage\":\"en-US\",\"potentialAction\":[{\"@type\":\"ReadAction\",\"target\":[\"https:\/\/lusamater.pt\/produto\/a-ilha-do-avo\/\"]}]},{\"@type\":\"ImageObject\",\"inLanguage\":\"en-US\",\"@id\":\"https:\/\/lusamater.pt\/produto\/a-ilha-do-avo\/#primaryimage\",\"url\":\"https:\/\/lusamater.pt\/wp-content\/uploads\/2018\/11\/OFN025-A-Ilha-do-Avo-Benji-Davies-Orfeu-Negro-capa.jpg\",\"contentUrl\":\"https:\/\/lusamater.pt\/wp-content\/uploads\/2018\/11\/OFN025-A-Ilha-do-Avo-Benji-Davies-Orfeu-Negro-capa.jpg\",\"width\":800,\"height\":800},{\"@type\":\"BreadcrumbList\",\"@id\":\"https:\/\/lusamater.pt\/produto\/a-ilha-do-avo\/#breadcrumb\",\"itemListElement\":[{\"@type\":\"ListItem\",\"position\":1,\"name\":\"Home\",\"item\":\"https:\/\/lusamater.pt\/\"},{\"@type\":\"ListItem\",\"position\":2,\"name\":\"Loja\",\"item\":\"https:\/\/lusamater.pt\/shop\/\"},{\"@type\":\"ListItem\",\"position\":3,\"name\":\"[:pt]A Ilha do Av\u00f4[:en]A ilha do Av\u00f4 [Grandad&#8217;s Island] &#8211; Portuguese Edition[:]\"}]},{\"@type\":\"WebSite\",\"@id\":\"https:\/\/lusamater.pt\/#website\",\"url\":\"https:\/\/lusamater.pt\/\",\"name\":\"Lusa Mater\",\"description\":\"S\u00f3 n\u00e3o vendemos saudade\",\"publisher\":{\"@id\":\"https:\/\/lusamater.pt\/#organization\"},\"potentialAction\":[{\"@type\":\"SearchAction\",\"target\":{\"@type\":\"EntryPoint\",\"urlTemplate\":\"https:\/\/lusamater.pt\/?s={search_term_string}\"},\"query-input\":\"required name=search_term_string\"}],\"inLanguage\":\"en-US\"},{\"@type\":\"Organization\",\"@id\":\"https:\/\/lusamater.pt\/#organization\",\"name\":\"Lusa Mater\",\"url\":\"https:\/\/lusamater.pt\/\",\"logo\":{\"@type\":\"ImageObject\",\"inLanguage\":\"en-US\",\"@id\":\"https:\/\/lusamater.pt\/#\/schema\/logo\/image\/\",\"url\":\"https:\/\/lusamater.pt\/wp-content\/uploads\/2015\/07\/500x500.png\",\"contentUrl\":\"https:\/\/lusamater.pt\/wp-content\/uploads\/2015\/07\/500x500.png\",\"width\":500,\"height\":500,\"caption\":\"Lusa Mater\"},\"image\":{\"@id\":\"https:\/\/lusamater.pt\/#\/schema\/logo\/image\/\"},\"sameAs\":[\"https:\/\/www.facebook.com\/lusamater.pt\/\",\"https:\/\/x.com\/lusamater\",\"https:\/\/instagram.com\/lusamater\/\",\"https:\/\/pt.pinterest.com\/lusamater\/\"]}]}<\/script>\n<!-- \/ Yoast SEO plugin. -->","yoast_head_json":{"title":"[:pt]A Ilha do Av\u00f4[:en]A ilha do Av\u00f4 [Grandad's Island] - Portuguese Edition[:] - Lusa Mater","robots":{"index":"index","follow":"follow","max-snippet":"max-snippet:-1","max-image-preview":"max-image-preview:large","max-video-preview":"max-video-preview:-1"},"canonical":"https:\/\/lusamater.pt\/produto\/a-ilha-do-avo\/","og_locale":"en_US","og_type":"article","og_title":"[:pt]A Ilha do Av\u00f4[:en]A ilha do Av\u00f4 [Grandad's Island] - Portuguese Edition[:] - Lusa Mater","og_description":"[:pt]A ilha do Av\u00f4 \u00e9 um lugar m\u00e1gico, onde o Cid gostava de ficar para sempre. Um lugar com animais de todas as cores, casas nas \u00e1rvores e cascatas cristalinas. O Av\u00f4 escolhe ali ficar, mas o Cid, em breve, tem de partir... Uma ternurenta aventura de um av\u00f4 e de um neto, que, mesmo longe um do outro, nunca se h\u00e3o-de separar.[:en]Syd and his Grandad are going on an adventure \u2013 through the door in Grandad's attic to a ship that will sail across an ocean of rooftops to a magical tropical island. They are going to find new wonders at every turn as they explore the island and make lots of new friends in the form of the animals and birds. In fact, it's such an amazing place that Grandad decides to stay.  Benji Davies deals with the emotional topic of losing a grandparent. Subtly told, this beautifully illustrated book tackles a difficult subject with great sensitivity and depth.[:]","og_url":"https:\/\/lusamater.pt\/produto\/a-ilha-do-avo\/","og_site_name":"Lusa Mater","article_publisher":"https:\/\/www.facebook.com\/lusamater.pt\/","article_modified_time":"2025-12-17T08:14:25+00:00","og_image":[{"width":800,"height":800,"url":"https:\/\/lusamater.pt\/wp-content\/uploads\/2018\/11\/OFN025-A-Ilha-do-Avo-Benji-Davies-Orfeu-Negro-capa.jpg","type":"image\/jpeg"}],"twitter_card":"summary_large_image","twitter_site":"@lusamater","schema":{"@context":"https:\/\/schema.org","@graph":[{"@type":"WebPage","@id":"https:\/\/lusamater.pt\/produto\/a-ilha-do-avo\/","url":"https:\/\/lusamater.pt\/produto\/a-ilha-do-avo\/","name":"[:pt]A Ilha do Av\u00f4[:en]A ilha do Av\u00f4 [Grandad's Island] - Portuguese Edition[:] - Lusa Mater","isPartOf":{"@id":"https:\/\/lusamater.pt\/#website"},"primaryImageOfPage":{"@id":"https:\/\/lusamater.pt\/produto\/a-ilha-do-avo\/#primaryimage"},"image":{"@id":"https:\/\/lusamater.pt\/produto\/a-ilha-do-avo\/#primaryimage"},"thumbnailUrl":"https:\/\/lusamater.pt\/wp-content\/uploads\/2018\/11\/OFN025-A-Ilha-do-Avo-Benji-Davies-Orfeu-Negro-capa.jpg","datePublished":"2018-11-22T11:00:23+00:00","dateModified":"2025-12-17T08:14:25+00:00","breadcrumb":{"@id":"https:\/\/lusamater.pt\/produto\/a-ilha-do-avo\/#breadcrumb"},"inLanguage":"en-US","potentialAction":[{"@type":"ReadAction","target":["https:\/\/lusamater.pt\/produto\/a-ilha-do-avo\/"]}]},{"@type":"ImageObject","inLanguage":"en-US","@id":"https:\/\/lusamater.pt\/produto\/a-ilha-do-avo\/#primaryimage","url":"https:\/\/lusamater.pt\/wp-content\/uploads\/2018\/11\/OFN025-A-Ilha-do-Avo-Benji-Davies-Orfeu-Negro-capa.jpg","contentUrl":"https:\/\/lusamater.pt\/wp-content\/uploads\/2018\/11\/OFN025-A-Ilha-do-Avo-Benji-Davies-Orfeu-Negro-capa.jpg","width":800,"height":800},{"@type":"BreadcrumbList","@id":"https:\/\/lusamater.pt\/produto\/a-ilha-do-avo\/#breadcrumb","itemListElement":[{"@type":"ListItem","position":1,"name":"Home","item":"https:\/\/lusamater.pt\/"},{"@type":"ListItem","position":2,"name":"Loja","item":"https:\/\/lusamater.pt\/shop\/"},{"@type":"ListItem","position":3,"name":"[:pt]A Ilha do Av\u00f4[:en]A ilha do Av\u00f4 [Grandad&#8217;s Island] &#8211; Portuguese Edition[:]"}]},{"@type":"WebSite","@id":"https:\/\/lusamater.pt\/#website","url":"https:\/\/lusamater.pt\/","name":"Lusa Mater","description":"S\u00f3 n\u00e3o vendemos saudade","publisher":{"@id":"https:\/\/lusamater.pt\/#organization"},"potentialAction":[{"@type":"SearchAction","target":{"@type":"EntryPoint","urlTemplate":"https:\/\/lusamater.pt\/?s={search_term_string}"},"query-input":"required name=search_term_string"}],"inLanguage":"en-US"},{"@type":"Organization","@id":"https:\/\/lusamater.pt\/#organization","name":"Lusa Mater","url":"https:\/\/lusamater.pt\/","logo":{"@type":"ImageObject","inLanguage":"en-US","@id":"https:\/\/lusamater.pt\/#\/schema\/logo\/image\/","url":"https:\/\/lusamater.pt\/wp-content\/uploads\/2015\/07\/500x500.png","contentUrl":"https:\/\/lusamater.pt\/wp-content\/uploads\/2015\/07\/500x500.png","width":500,"height":500,"caption":"Lusa Mater"},"image":{"@id":"https:\/\/lusamater.pt\/#\/schema\/logo\/image\/"},"sameAs":["https:\/\/www.facebook.com\/lusamater.pt\/","https:\/\/x.com\/lusamater","https:\/\/instagram.com\/lusamater\/","https:\/\/pt.pinterest.com\/lusamater\/"]}]}},"_links":{"self":[{"href":"https:\/\/lusamater.pt\/en\/wp-json\/wp\/v2\/product\/47094"}],"collection":[{"href":"https:\/\/lusamater.pt\/en\/wp-json\/wp\/v2\/product"}],"about":[{"href":"https:\/\/lusamater.pt\/en\/wp-json\/wp\/v2\/types\/product"}],"version-history":[{"count":1,"href":"https:\/\/lusamater.pt\/en\/wp-json\/wp\/v2\/product\/47094\/revisions"}],"predecessor-version":[{"id":52713,"href":"https:\/\/lusamater.pt\/en\/wp-json\/wp\/v2\/product\/47094\/revisions\/52713"}],"wp:featuredmedia":[{"embeddable":true,"href":"https:\/\/lusamater.pt\/en\/wp-json\/wp\/v2\/media\/46916"}],"wp:attachment":[{"href":"https:\/\/lusamater.pt\/en\/wp-json\/wp\/v2\/media?parent=47094"}],"wp:term":[{"taxonomy":"product_cat","embeddable":true,"href":"https:\/\/lusamater.pt\/en\/wp-json\/wp\/v2\/product_cat?post=47094"},{"taxonomy":"product_tag","embeddable":true,"href":"https:\/\/lusamater.pt\/en\/wp-json\/wp\/v2\/product_tag?post=47094"}],"curies":[{"name":"wp","href":"https:\/\/api.w.org\/{rel}","templated":true}]}}