{"id":47448,"date":"2018-12-01T23:47:52","date_gmt":"2018-12-01T23:47:52","guid":{"rendered":"https:\/\/lusamater.pt\/produto\/postal-com-ilustracao-amor-perfeito\/"},"modified":"2025-12-02T13:09:39","modified_gmt":"2025-12-02T13:09:39","slug":"postal-com-ilustracao-amor-perfeito","status":"publish","type":"product","link":"https:\/\/lusamater.pt\/en\/produto\/postal-com-ilustracao-amor-perfeito\/","title":{"rendered":"Postal com  ilustra\u00e7\u00e3o Amor-Perfeito"},"content":{"rendered":"","protected":false},"excerpt":{"rendered":"<p class=\"qtranxs-available-languages-message qtranxs-available-languages-message-en\">Sorry, this entry is only available in <a href=\"https:\/\/lusamater.pt\/pt\/wp-json\/wp\/v2\/product\/47448\" class=\"qtranxs-available-language-link qtranxs-available-language-link-pt\" title=\"Portugu\u00eas\">European Portuguese<\/a>. For the sake of viewer convenience, the content is shown below in the alternative language. You may click the link to switch the active language.<\/p>\n<p>Postal com ilustra\u00e7\u00e3o Amor-Perfeito, ilustrado por Joana Soares \u2013 Violeta Cor de Rosa, impresso em papel 100% algod\u00e3o com sementes de ervas arom\u00e1ticas e flores.<br \/>\nO papel de algod\u00e3o cont\u00e9m sementes de camomila ou tomilho ou r\u00facula.<br \/>\nUm pequeno presente alternativo e ecol\u00f3gico para os amigos e familiares.<\/p>\n<p>Instru\u00e7\u00f5es para semear:<br \/>\nRasgar em pequenos peda\u00e7os, colocar num vaso com terra, cobrir ligeiramente e regar.<br \/>\nDeve verificar regularmente para manter h\u00famido.<br \/>\nAs ervas arom\u00e1ticas e flores est\u00e3o prontas para dar cor e sabor aos os seus pratos dentro de 3 a 4 meses ap\u00f3s serem semeadas.<\/p>\n","protected":false},"featured_media":47274,"template":"","meta":[],"product_cat":[251,1710],"product_tag":[],"yoast_head":"<!-- This site is optimized with the Yoast SEO plugin v22.8 - https:\/\/yoast.com\/wordpress\/plugins\/seo\/ -->\n<title><\/title>\n<meta name=\"robots\" content=\"index, follow, max-snippet:-1, max-image-preview:large, max-video-preview:-1\" \/>\n<link rel=\"canonical\" href=\"https:\/\/lusamater.pt\/produto\/postal-com-ilustracao-amor-perfeito\/\" \/>\n<meta property=\"og:locale\" content=\"en_US\" \/>\n<meta property=\"og:type\" content=\"article\" \/>\n<meta property=\"og:title\" content=\"[:pt]Postal com ilustra\u00e7\u00e3o Amor-Perfeito[:] - Lusa Mater\" \/>\n<meta property=\"og:description\" content=\"[:pt]Postal com ilustra\u00e7\u00e3o Amor-Perfeito, ilustrado por Joana Soares \u2013 Violeta Cor de Rosa, impresso em papel 100% algod\u00e3o com sementes de ervas arom\u00e1ticas e flores. O papel de algod\u00e3o cont\u00e9m sementes de camomila ou tomilho ou r\u00facula. Um pequeno presente alternativo e ecol\u00f3gico para os amigos e familiares.  Instru\u00e7\u00f5es para semear: Rasgar em pequenos peda\u00e7os, colocar num vaso com terra, cobrir ligeiramente e regar. Deve verificar regularmente para manter h\u00famido. As ervas arom\u00e1ticas e flores est\u00e3o prontas para dar cor e sabor aos os seus pratos dentro de 3 a 4 meses ap\u00f3s serem semeadas.[:]\" \/>\n<meta property=\"og:url\" content=\"https:\/\/lusamater.pt\/produto\/postal-com-ilustracao-amor-perfeito\/\" \/>\n<meta property=\"og:site_name\" content=\"Lusa Mater\" \/>\n<meta property=\"article:publisher\" content=\"https:\/\/www.facebook.com\/lusamater.pt\/\" \/>\n<meta property=\"article:modified_time\" content=\"2025-12-02T13:09:39+00:00\" \/>\n<meta property=\"og:image\" content=\"https:\/\/lusamater.pt\/wp-content\/uploads\/2018\/11\/LIB033-1_postal-sementes-violeta-cor-de-rosa-amor_life_in_a_bag_Lusa_Mater.jpg\" \/>\n\t<meta property=\"og:image:width\" content=\"520\" \/>\n\t<meta property=\"og:image:height\" content=\"520\" \/>\n\t<meta property=\"og:image:type\" content=\"image\/jpeg\" \/>\n<meta name=\"twitter:card\" content=\"summary_large_image\" \/>\n<meta name=\"twitter:site\" content=\"@lusamater\" \/>\n<script type=\"application\/ld+json\" class=\"yoast-schema-graph\">{\"@context\":\"https:\/\/schema.org\",\"@graph\":[{\"@type\":\"WebPage\",\"@id\":\"https:\/\/lusamater.pt\/produto\/postal-com-ilustracao-amor-perfeito\/\",\"url\":\"https:\/\/lusamater.pt\/produto\/postal-com-ilustracao-amor-perfeito\/\",\"name\":\"[:pt]Postal com ilustra\u00e7\u00e3o Amor-Perfeito[:] - Lusa Mater\",\"isPartOf\":{\"@id\":\"https:\/\/lusamater.pt\/#website\"},\"primaryImageOfPage\":{\"@id\":\"https:\/\/lusamater.pt\/produto\/postal-com-ilustracao-amor-perfeito\/#primaryimage\"},\"image\":{\"@id\":\"https:\/\/lusamater.pt\/produto\/postal-com-ilustracao-amor-perfeito\/#primaryimage\"},\"thumbnailUrl\":\"https:\/\/lusamater.pt\/wp-content\/uploads\/2018\/11\/LIB033-1_postal-sementes-violeta-cor-de-rosa-amor_life_in_a_bag_Lusa_Mater.jpg\",\"datePublished\":\"2018-12-01T23:47:52+00:00\",\"dateModified\":\"2025-12-02T13:09:39+00:00\",\"breadcrumb\":{\"@id\":\"https:\/\/lusamater.pt\/produto\/postal-com-ilustracao-amor-perfeito\/#breadcrumb\"},\"inLanguage\":\"en-US\",\"potentialAction\":[{\"@type\":\"ReadAction\",\"target\":[\"https:\/\/lusamater.pt\/produto\/postal-com-ilustracao-amor-perfeito\/\"]}]},{\"@type\":\"ImageObject\",\"inLanguage\":\"en-US\",\"@id\":\"https:\/\/lusamater.pt\/produto\/postal-com-ilustracao-amor-perfeito\/#primaryimage\",\"url\":\"https:\/\/lusamater.pt\/wp-content\/uploads\/2018\/11\/LIB033-1_postal-sementes-violeta-cor-de-rosa-amor_life_in_a_bag_Lusa_Mater.jpg\",\"contentUrl\":\"https:\/\/lusamater.pt\/wp-content\/uploads\/2018\/11\/LIB033-1_postal-sementes-violeta-cor-de-rosa-amor_life_in_a_bag_Lusa_Mater.jpg\",\"width\":520,\"height\":520},{\"@type\":\"BreadcrumbList\",\"@id\":\"https:\/\/lusamater.pt\/produto\/postal-com-ilustracao-amor-perfeito\/#breadcrumb\",\"itemListElement\":[{\"@type\":\"ListItem\",\"position\":1,\"name\":\"Home\",\"item\":\"https:\/\/lusamater.pt\/\"},{\"@type\":\"ListItem\",\"position\":2,\"name\":\"Loja\",\"item\":\"https:\/\/lusamater.pt\/shop\/\"},{\"@type\":\"ListItem\",\"position\":3,\"name\":\"[:pt]Postal com ilustra\u00e7\u00e3o Amor-Perfeito[:]\"}]},{\"@type\":\"WebSite\",\"@id\":\"https:\/\/lusamater.pt\/#website\",\"url\":\"https:\/\/lusamater.pt\/\",\"name\":\"Lusa Mater\",\"description\":\"S\u00f3 n\u00e3o vendemos saudade\",\"publisher\":{\"@id\":\"https:\/\/lusamater.pt\/#organization\"},\"potentialAction\":[{\"@type\":\"SearchAction\",\"target\":{\"@type\":\"EntryPoint\",\"urlTemplate\":\"https:\/\/lusamater.pt\/?s={search_term_string}\"},\"query-input\":\"required name=search_term_string\"}],\"inLanguage\":\"en-US\"},{\"@type\":\"Organization\",\"@id\":\"https:\/\/lusamater.pt\/#organization\",\"name\":\"Lusa Mater\",\"url\":\"https:\/\/lusamater.pt\/\",\"logo\":{\"@type\":\"ImageObject\",\"inLanguage\":\"en-US\",\"@id\":\"https:\/\/lusamater.pt\/#\/schema\/logo\/image\/\",\"url\":\"https:\/\/lusamater.pt\/wp-content\/uploads\/2015\/07\/500x500.png\",\"contentUrl\":\"https:\/\/lusamater.pt\/wp-content\/uploads\/2015\/07\/500x500.png\",\"width\":500,\"height\":500,\"caption\":\"Lusa Mater\"},\"image\":{\"@id\":\"https:\/\/lusamater.pt\/#\/schema\/logo\/image\/\"},\"sameAs\":[\"https:\/\/www.facebook.com\/lusamater.pt\/\",\"https:\/\/x.com\/lusamater\",\"https:\/\/instagram.com\/lusamater\/\",\"https:\/\/pt.pinterest.com\/lusamater\/\"]}]}<\/script>\n<!-- \/ Yoast SEO plugin. -->","yoast_head_json":{"title":"[:pt]Postal com ilustra\u00e7\u00e3o Amor-Perfeito[:] - Lusa Mater","robots":{"index":"index","follow":"follow","max-snippet":"max-snippet:-1","max-image-preview":"max-image-preview:large","max-video-preview":"max-video-preview:-1"},"canonical":"https:\/\/lusamater.pt\/produto\/postal-com-ilustracao-amor-perfeito\/","og_locale":"en_US","og_type":"article","og_title":"[:pt]Postal com ilustra\u00e7\u00e3o Amor-Perfeito[:] - Lusa Mater","og_description":"[:pt]Postal com ilustra\u00e7\u00e3o Amor-Perfeito, ilustrado por Joana Soares \u2013 Violeta Cor de Rosa, impresso em papel 100% algod\u00e3o com sementes de ervas arom\u00e1ticas e flores. O papel de algod\u00e3o cont\u00e9m sementes de camomila ou tomilho ou r\u00facula. Um pequeno presente alternativo e ecol\u00f3gico para os amigos e familiares.  Instru\u00e7\u00f5es para semear: Rasgar em pequenos peda\u00e7os, colocar num vaso com terra, cobrir ligeiramente e regar. Deve verificar regularmente para manter h\u00famido. As ervas arom\u00e1ticas e flores est\u00e3o prontas para dar cor e sabor aos os seus pratos dentro de 3 a 4 meses ap\u00f3s serem semeadas.[:]","og_url":"https:\/\/lusamater.pt\/produto\/postal-com-ilustracao-amor-perfeito\/","og_site_name":"Lusa Mater","article_publisher":"https:\/\/www.facebook.com\/lusamater.pt\/","article_modified_time":"2025-12-02T13:09:39+00:00","og_image":[{"width":520,"height":520,"url":"https:\/\/lusamater.pt\/wp-content\/uploads\/2018\/11\/LIB033-1_postal-sementes-violeta-cor-de-rosa-amor_life_in_a_bag_Lusa_Mater.jpg","type":"image\/jpeg"}],"twitter_card":"summary_large_image","twitter_site":"@lusamater","schema":{"@context":"https:\/\/schema.org","@graph":[{"@type":"WebPage","@id":"https:\/\/lusamater.pt\/produto\/postal-com-ilustracao-amor-perfeito\/","url":"https:\/\/lusamater.pt\/produto\/postal-com-ilustracao-amor-perfeito\/","name":"[:pt]Postal com ilustra\u00e7\u00e3o Amor-Perfeito[:] - Lusa Mater","isPartOf":{"@id":"https:\/\/lusamater.pt\/#website"},"primaryImageOfPage":{"@id":"https:\/\/lusamater.pt\/produto\/postal-com-ilustracao-amor-perfeito\/#primaryimage"},"image":{"@id":"https:\/\/lusamater.pt\/produto\/postal-com-ilustracao-amor-perfeito\/#primaryimage"},"thumbnailUrl":"https:\/\/lusamater.pt\/wp-content\/uploads\/2018\/11\/LIB033-1_postal-sementes-violeta-cor-de-rosa-amor_life_in_a_bag_Lusa_Mater.jpg","datePublished":"2018-12-01T23:47:52+00:00","dateModified":"2025-12-02T13:09:39+00:00","breadcrumb":{"@id":"https:\/\/lusamater.pt\/produto\/postal-com-ilustracao-amor-perfeito\/#breadcrumb"},"inLanguage":"en-US","potentialAction":[{"@type":"ReadAction","target":["https:\/\/lusamater.pt\/produto\/postal-com-ilustracao-amor-perfeito\/"]}]},{"@type":"ImageObject","inLanguage":"en-US","@id":"https:\/\/lusamater.pt\/produto\/postal-com-ilustracao-amor-perfeito\/#primaryimage","url":"https:\/\/lusamater.pt\/wp-content\/uploads\/2018\/11\/LIB033-1_postal-sementes-violeta-cor-de-rosa-amor_life_in_a_bag_Lusa_Mater.jpg","contentUrl":"https:\/\/lusamater.pt\/wp-content\/uploads\/2018\/11\/LIB033-1_postal-sementes-violeta-cor-de-rosa-amor_life_in_a_bag_Lusa_Mater.jpg","width":520,"height":520},{"@type":"BreadcrumbList","@id":"https:\/\/lusamater.pt\/produto\/postal-com-ilustracao-amor-perfeito\/#breadcrumb","itemListElement":[{"@type":"ListItem","position":1,"name":"Home","item":"https:\/\/lusamater.pt\/"},{"@type":"ListItem","position":2,"name":"Loja","item":"https:\/\/lusamater.pt\/shop\/"},{"@type":"ListItem","position":3,"name":"[:pt]Postal com ilustra\u00e7\u00e3o Amor-Perfeito[:]"}]},{"@type":"WebSite","@id":"https:\/\/lusamater.pt\/#website","url":"https:\/\/lusamater.pt\/","name":"Lusa Mater","description":"S\u00f3 n\u00e3o vendemos saudade","publisher":{"@id":"https:\/\/lusamater.pt\/#organization"},"potentialAction":[{"@type":"SearchAction","target":{"@type":"EntryPoint","urlTemplate":"https:\/\/lusamater.pt\/?s={search_term_string}"},"query-input":"required name=search_term_string"}],"inLanguage":"en-US"},{"@type":"Organization","@id":"https:\/\/lusamater.pt\/#organization","name":"Lusa Mater","url":"https:\/\/lusamater.pt\/","logo":{"@type":"ImageObject","inLanguage":"en-US","@id":"https:\/\/lusamater.pt\/#\/schema\/logo\/image\/","url":"https:\/\/lusamater.pt\/wp-content\/uploads\/2015\/07\/500x500.png","contentUrl":"https:\/\/lusamater.pt\/wp-content\/uploads\/2015\/07\/500x500.png","width":500,"height":500,"caption":"Lusa Mater"},"image":{"@id":"https:\/\/lusamater.pt\/#\/schema\/logo\/image\/"},"sameAs":["https:\/\/www.facebook.com\/lusamater.pt\/","https:\/\/x.com\/lusamater","https:\/\/instagram.com\/lusamater\/","https:\/\/pt.pinterest.com\/lusamater\/"]}]}},"_links":{"self":[{"href":"https:\/\/lusamater.pt\/en\/wp-json\/wp\/v2\/product\/47448"}],"collection":[{"href":"https:\/\/lusamater.pt\/en\/wp-json\/wp\/v2\/product"}],"about":[{"href":"https:\/\/lusamater.pt\/en\/wp-json\/wp\/v2\/types\/product"}],"version-history":[{"count":1,"href":"https:\/\/lusamater.pt\/en\/wp-json\/wp\/v2\/product\/47448\/revisions"}],"predecessor-version":[{"id":52437,"href":"https:\/\/lusamater.pt\/en\/wp-json\/wp\/v2\/product\/47448\/revisions\/52437"}],"wp:featuredmedia":[{"embeddable":true,"href":"https:\/\/lusamater.pt\/en\/wp-json\/wp\/v2\/media\/47274"}],"wp:attachment":[{"href":"https:\/\/lusamater.pt\/en\/wp-json\/wp\/v2\/media?parent=47448"}],"wp:term":[{"taxonomy":"product_cat","embeddable":true,"href":"https:\/\/lusamater.pt\/en\/wp-json\/wp\/v2\/product_cat?post=47448"},{"taxonomy":"product_tag","embeddable":true,"href":"https:\/\/lusamater.pt\/en\/wp-json\/wp\/v2\/product_tag?post=47448"}],"curies":[{"name":"wp","href":"https:\/\/api.w.org\/{rel}","templated":true}]}}