{"id":49221,"date":"2019-12-08T23:29:04","date_gmt":"2019-12-08T23:29:04","guid":{"rendered":"https:\/\/lusamater.pt\/produto\/grow-cube-flores\/"},"modified":"2025-12-02T13:09:14","modified_gmt":"2025-12-02T13:09:14","slug":"grow-cube-flores","status":"publish","type":"product","link":"https:\/\/lusamater.pt\/en\/produto\/grow-cube-flores\/","title":{"rendered":"Grow Cube [ Flowers ]"},"content":{"rendered":"","protected":false},"excerpt":{"rendered":"<p>Grow Cube [ Herbs ]<\/p>\n<ul>\n<li><a href=\"https:\/\/lusamater.pt\/produto\/grow-cube-pinheiro-natal\/\">Christmas Tree Grow Cube<\/a><\/li>\n<\/ul>\n<p>&nbsp;<\/p>\n<p>Cork cube with magnet to grow your grow flowers in a refrigerator! Simple and easy to grow, just remove the sticker and water it.<br \/>\nGrow Cube has flowers seeds mixed in the soil and it&#8217;s ready to grow, just add water and wait for 2 to 3 weeks to germinate.<\/p>\n<p>Choose your favourite flower: Sunflower or Wild Pansy<\/p>\n","protected":false},"featured_media":49343,"template":"","meta":[],"product_cat":[251,1710],"product_tag":[],"yoast_head":"<!-- This site is optimized with the Yoast SEO plugin v22.8 - https:\/\/yoast.com\/wordpress\/plugins\/seo\/ -->\n<title>Grow Cube [ Flowers ] - Lusa Mater<\/title>\n<meta name=\"robots\" content=\"index, follow, max-snippet:-1, max-image-preview:large, max-video-preview:-1\" \/>\n<link rel=\"canonical\" href=\"https:\/\/lusamater.pt\/produto\/grow-cube-flores\/\" \/>\n<meta property=\"og:locale\" content=\"en_US\" \/>\n<meta property=\"og:type\" content=\"article\" \/>\n<meta property=\"og:title\" content=\"[:pt]Grow Cube Magnetic [flores ][:en]Grow Cube [ Flowers ][:] - Lusa Mater\" \/>\n<meta property=\"og:description\" content=\"[:pt]Grow Cube Magnetic\u00a0 \u00e9 um cubo em corti\u00e7a com \u00edman para cultivar flores num frigor\u00edfico! Simples e f\u00e1cil de cultivar, apenas tem que abrir a embalagem e regar. O Grow Cube tem as sementes das flores misturadas no substrato e est\u00e1 pronto para crescer, basta adicionar \u00e1gua e esperar 2 a 3 semanas para germinar.  Escolha as suas flores preferidas: Girassol ou Amor Perfeito.  &nbsp;  O Grow Cube Magnetic\u00a0 est\u00e1, ainda,\u00a0 dispon\u00edvel noutras op\u00e7\u00f5es :   Grow Cube Magnetic [ ervas arom\u00e1ticas ]  Grow Cube Magnetic [ Pinheiro Natal ] [:en]Grow Cube [ Herbs ]   Christmas Tree Grow Cube  &nbsp;  Cork cube with magnet to grow your grow flowers in a refrigerator! Simple and easy to grow, just remove the sticker and water it. Grow Cube has flowers seeds mixed in the soil and it&#039;s ready to grow, just add water and wait for 2 to 3 weeks to germinate.  Choose your favourite flower: Sunflower or Wild Pansy[:]\" \/>\n<meta property=\"og:url\" content=\"https:\/\/lusamater.pt\/produto\/grow-cube-flores\/\" \/>\n<meta property=\"og:site_name\" content=\"Lusa Mater\" \/>\n<meta property=\"article:publisher\" content=\"https:\/\/www.facebook.com\/lusamater.pt\/\" \/>\n<meta property=\"article:modified_time\" content=\"2025-12-02T13:09:14+00:00\" \/>\n<meta property=\"og:image\" content=\"https:\/\/lusamater.pt\/wp-content\/uploads\/2019\/12\/LIB037-1-_Grow-Cube-flowers_life_in_a_bag_Lusa_Mater.jpg\" \/>\n\t<meta property=\"og:image:width\" content=\"750\" \/>\n\t<meta property=\"og:image:height\" content=\"750\" \/>\n\t<meta property=\"og:image:type\" content=\"image\/jpeg\" \/>\n<meta name=\"twitter:card\" content=\"summary_large_image\" \/>\n<meta name=\"twitter:site\" content=\"@lusamater\" \/>\n<meta name=\"twitter:label1\" content=\"Est. reading time\" \/>\n\t<meta name=\"twitter:data1\" content=\"1 minute\" \/>\n<script type=\"application\/ld+json\" class=\"yoast-schema-graph\">{\"@context\":\"https:\/\/schema.org\",\"@graph\":[{\"@type\":\"WebPage\",\"@id\":\"https:\/\/lusamater.pt\/produto\/grow-cube-flores\/\",\"url\":\"https:\/\/lusamater.pt\/produto\/grow-cube-flores\/\",\"name\":\"[:pt]Grow Cube Magnetic [flores ][:en]Grow Cube [ Flowers ][:] - Lusa Mater\",\"isPartOf\":{\"@id\":\"https:\/\/lusamater.pt\/#website\"},\"primaryImageOfPage\":{\"@id\":\"https:\/\/lusamater.pt\/produto\/grow-cube-flores\/#primaryimage\"},\"image\":{\"@id\":\"https:\/\/lusamater.pt\/produto\/grow-cube-flores\/#primaryimage\"},\"thumbnailUrl\":\"https:\/\/lusamater.pt\/wp-content\/uploads\/2019\/12\/LIB037-1-_Grow-Cube-flowers_life_in_a_bag_Lusa_Mater.jpg\",\"datePublished\":\"2019-12-08T23:29:04+00:00\",\"dateModified\":\"2025-12-02T13:09:14+00:00\",\"breadcrumb\":{\"@id\":\"https:\/\/lusamater.pt\/produto\/grow-cube-flores\/#breadcrumb\"},\"inLanguage\":\"en-US\",\"potentialAction\":[{\"@type\":\"ReadAction\",\"target\":[\"https:\/\/lusamater.pt\/produto\/grow-cube-flores\/\"]}]},{\"@type\":\"ImageObject\",\"inLanguage\":\"en-US\",\"@id\":\"https:\/\/lusamater.pt\/produto\/grow-cube-flores\/#primaryimage\",\"url\":\"https:\/\/lusamater.pt\/wp-content\/uploads\/2019\/12\/LIB037-1-_Grow-Cube-flowers_life_in_a_bag_Lusa_Mater.jpg\",\"contentUrl\":\"https:\/\/lusamater.pt\/wp-content\/uploads\/2019\/12\/LIB037-1-_Grow-Cube-flowers_life_in_a_bag_Lusa_Mater.jpg\",\"width\":750,\"height\":750},{\"@type\":\"BreadcrumbList\",\"@id\":\"https:\/\/lusamater.pt\/produto\/grow-cube-flores\/#breadcrumb\",\"itemListElement\":[{\"@type\":\"ListItem\",\"position\":1,\"name\":\"Home\",\"item\":\"https:\/\/lusamater.pt\/\"},{\"@type\":\"ListItem\",\"position\":2,\"name\":\"Loja\",\"item\":\"https:\/\/lusamater.pt\/shop\/\"},{\"@type\":\"ListItem\",\"position\":3,\"name\":\"Grow Cube Magnetic [flores ]\"}]},{\"@type\":\"WebSite\",\"@id\":\"https:\/\/lusamater.pt\/#website\",\"url\":\"https:\/\/lusamater.pt\/\",\"name\":\"Lusa Mater\",\"description\":\"S\u00f3 n\u00e3o vendemos saudade\",\"publisher\":{\"@id\":\"https:\/\/lusamater.pt\/#organization\"},\"potentialAction\":[{\"@type\":\"SearchAction\",\"target\":{\"@type\":\"EntryPoint\",\"urlTemplate\":\"https:\/\/lusamater.pt\/?s={search_term_string}\"},\"query-input\":\"required name=search_term_string\"}],\"inLanguage\":\"en-US\"},{\"@type\":\"Organization\",\"@id\":\"https:\/\/lusamater.pt\/#organization\",\"name\":\"Lusa Mater\",\"url\":\"https:\/\/lusamater.pt\/\",\"logo\":{\"@type\":\"ImageObject\",\"inLanguage\":\"en-US\",\"@id\":\"https:\/\/lusamater.pt\/#\/schema\/logo\/image\/\",\"url\":\"https:\/\/lusamater.pt\/wp-content\/uploads\/2015\/07\/500x500.png\",\"contentUrl\":\"https:\/\/lusamater.pt\/wp-content\/uploads\/2015\/07\/500x500.png\",\"width\":500,\"height\":500,\"caption\":\"Lusa Mater\"},\"image\":{\"@id\":\"https:\/\/lusamater.pt\/#\/schema\/logo\/image\/\"},\"sameAs\":[\"https:\/\/www.facebook.com\/lusamater.pt\/\",\"https:\/\/x.com\/lusamater\",\"https:\/\/instagram.com\/lusamater\/\",\"https:\/\/pt.pinterest.com\/lusamater\/\"]}]}<\/script>\n<!-- \/ Yoast SEO plugin. -->","yoast_head_json":{"title":"[:pt]Grow Cube Magnetic [flores ][:en]Grow Cube [ Flowers ][:] - Lusa Mater","robots":{"index":"index","follow":"follow","max-snippet":"max-snippet:-1","max-image-preview":"max-image-preview:large","max-video-preview":"max-video-preview:-1"},"canonical":"https:\/\/lusamater.pt\/produto\/grow-cube-flores\/","og_locale":"en_US","og_type":"article","og_title":"[:pt]Grow Cube Magnetic [flores ][:en]Grow Cube [ Flowers ][:] - Lusa Mater","og_description":"[:pt]Grow Cube Magnetic\u00a0 \u00e9 um cubo em corti\u00e7a com \u00edman para cultivar flores num frigor\u00edfico! Simples e f\u00e1cil de cultivar, apenas tem que abrir a embalagem e regar. O Grow Cube tem as sementes das flores misturadas no substrato e est\u00e1 pronto para crescer, basta adicionar \u00e1gua e esperar 2 a 3 semanas para germinar.  Escolha as suas flores preferidas: Girassol ou Amor Perfeito.  &nbsp;  O Grow Cube Magnetic\u00a0 est\u00e1, ainda,\u00a0 dispon\u00edvel noutras op\u00e7\u00f5es :   Grow Cube Magnetic [ ervas arom\u00e1ticas ]  Grow Cube Magnetic [ Pinheiro Natal ] [:en]Grow Cube [ Herbs ]   Christmas Tree Grow Cube  &nbsp;  Cork cube with magnet to grow your grow flowers in a refrigerator! Simple and easy to grow, just remove the sticker and water it. Grow Cube has flowers seeds mixed in the soil and it's ready to grow, just add water and wait for 2 to 3 weeks to germinate.  Choose your favourite flower: Sunflower or Wild Pansy[:]","og_url":"https:\/\/lusamater.pt\/produto\/grow-cube-flores\/","og_site_name":"Lusa Mater","article_publisher":"https:\/\/www.facebook.com\/lusamater.pt\/","article_modified_time":"2025-12-02T13:09:14+00:00","og_image":[{"width":750,"height":750,"url":"https:\/\/lusamater.pt\/wp-content\/uploads\/2019\/12\/LIB037-1-_Grow-Cube-flowers_life_in_a_bag_Lusa_Mater.jpg","type":"image\/jpeg"}],"twitter_card":"summary_large_image","twitter_site":"@lusamater","twitter_misc":{"Est. reading time":"1 minute"},"schema":{"@context":"https:\/\/schema.org","@graph":[{"@type":"WebPage","@id":"https:\/\/lusamater.pt\/produto\/grow-cube-flores\/","url":"https:\/\/lusamater.pt\/produto\/grow-cube-flores\/","name":"[:pt]Grow Cube Magnetic [flores ][:en]Grow Cube [ Flowers ][:] - Lusa Mater","isPartOf":{"@id":"https:\/\/lusamater.pt\/#website"},"primaryImageOfPage":{"@id":"https:\/\/lusamater.pt\/produto\/grow-cube-flores\/#primaryimage"},"image":{"@id":"https:\/\/lusamater.pt\/produto\/grow-cube-flores\/#primaryimage"},"thumbnailUrl":"https:\/\/lusamater.pt\/wp-content\/uploads\/2019\/12\/LIB037-1-_Grow-Cube-flowers_life_in_a_bag_Lusa_Mater.jpg","datePublished":"2019-12-08T23:29:04+00:00","dateModified":"2025-12-02T13:09:14+00:00","breadcrumb":{"@id":"https:\/\/lusamater.pt\/produto\/grow-cube-flores\/#breadcrumb"},"inLanguage":"en-US","potentialAction":[{"@type":"ReadAction","target":["https:\/\/lusamater.pt\/produto\/grow-cube-flores\/"]}]},{"@type":"ImageObject","inLanguage":"en-US","@id":"https:\/\/lusamater.pt\/produto\/grow-cube-flores\/#primaryimage","url":"https:\/\/lusamater.pt\/wp-content\/uploads\/2019\/12\/LIB037-1-_Grow-Cube-flowers_life_in_a_bag_Lusa_Mater.jpg","contentUrl":"https:\/\/lusamater.pt\/wp-content\/uploads\/2019\/12\/LIB037-1-_Grow-Cube-flowers_life_in_a_bag_Lusa_Mater.jpg","width":750,"height":750},{"@type":"BreadcrumbList","@id":"https:\/\/lusamater.pt\/produto\/grow-cube-flores\/#breadcrumb","itemListElement":[{"@type":"ListItem","position":1,"name":"Home","item":"https:\/\/lusamater.pt\/"},{"@type":"ListItem","position":2,"name":"Loja","item":"https:\/\/lusamater.pt\/shop\/"},{"@type":"ListItem","position":3,"name":"Grow Cube Magnetic [flores ]"}]},{"@type":"WebSite","@id":"https:\/\/lusamater.pt\/#website","url":"https:\/\/lusamater.pt\/","name":"Lusa Mater","description":"S\u00f3 n\u00e3o vendemos saudade","publisher":{"@id":"https:\/\/lusamater.pt\/#organization"},"potentialAction":[{"@type":"SearchAction","target":{"@type":"EntryPoint","urlTemplate":"https:\/\/lusamater.pt\/?s={search_term_string}"},"query-input":"required name=search_term_string"}],"inLanguage":"en-US"},{"@type":"Organization","@id":"https:\/\/lusamater.pt\/#organization","name":"Lusa Mater","url":"https:\/\/lusamater.pt\/","logo":{"@type":"ImageObject","inLanguage":"en-US","@id":"https:\/\/lusamater.pt\/#\/schema\/logo\/image\/","url":"https:\/\/lusamater.pt\/wp-content\/uploads\/2015\/07\/500x500.png","contentUrl":"https:\/\/lusamater.pt\/wp-content\/uploads\/2015\/07\/500x500.png","width":500,"height":500,"caption":"Lusa Mater"},"image":{"@id":"https:\/\/lusamater.pt\/#\/schema\/logo\/image\/"},"sameAs":["https:\/\/www.facebook.com\/lusamater.pt\/","https:\/\/x.com\/lusamater","https:\/\/instagram.com\/lusamater\/","https:\/\/pt.pinterest.com\/lusamater\/"]}]}},"_links":{"self":[{"href":"https:\/\/lusamater.pt\/en\/wp-json\/wp\/v2\/product\/49221"}],"collection":[{"href":"https:\/\/lusamater.pt\/en\/wp-json\/wp\/v2\/product"}],"about":[{"href":"https:\/\/lusamater.pt\/en\/wp-json\/wp\/v2\/types\/product"}],"version-history":[{"count":1,"href":"https:\/\/lusamater.pt\/en\/wp-json\/wp\/v2\/product\/49221\/revisions"}],"predecessor-version":[{"id":52434,"href":"https:\/\/lusamater.pt\/en\/wp-json\/wp\/v2\/product\/49221\/revisions\/52434"}],"wp:featuredmedia":[{"embeddable":true,"href":"https:\/\/lusamater.pt\/en\/wp-json\/wp\/v2\/media\/49343"}],"wp:attachment":[{"href":"https:\/\/lusamater.pt\/en\/wp-json\/wp\/v2\/media?parent=49221"}],"wp:term":[{"taxonomy":"product_cat","embeddable":true,"href":"https:\/\/lusamater.pt\/en\/wp-json\/wp\/v2\/product_cat?post=49221"},{"taxonomy":"product_tag","embeddable":true,"href":"https:\/\/lusamater.pt\/en\/wp-json\/wp\/v2\/product_tag?post=49221"}],"curies":[{"name":"wp","href":"https:\/\/api.w.org\/{rel}","templated":true}]}}