{"id":49228,"date":"2019-12-08T23:29:05","date_gmt":"2019-12-08T23:29:05","guid":{"rendered":"https:\/\/lusamater.pt\/produto\/a-jarra-de-rufos-grande-vermelha\/"},"modified":"2025-11-29T23:04:01","modified_gmt":"2025-11-29T23:04:01","slug":"a-jarra-de-rufos-grande-vermelha","status":"publish","type":"product","link":"https:\/\/lusamater.pt\/en\/produto\/a-jarra-de-rufos-grande-vermelha\/","title":{"rendered":"A Jarra de Rufos  Grande [ Vermelha]"},"content":{"rendered":"","protected":false},"excerpt":{"rendered":"<p class=\"qtranxs-available-languages-message qtranxs-available-languages-message-en\">Sorry, this entry is only available in <a href=\"https:\/\/lusamater.pt\/pt\/wp-json\/wp\/v2\/product\/49228\" class=\"qtranxs-available-language-link qtranxs-available-language-link-pt\" title=\"Portugu\u00eas\">European Portuguese<\/a>. For the sake of viewer convenience, the content is shown below in the alternative language. You may click the link to switch the active language.<\/p>\n<p>\u201cA Jarra de Rufos\u201d \u00e9 uma pe\u00e7a em faian\u00e7a, vidrada manualmente, segundo o uso da tradi\u00e7\u00e3o da t\u00e9cnica manual do mergulho. \u00c9 ornamentada com uma gola de burel, inspirada no modelo de rufos do S\u00e9c XVI, feita \u00e0 m\u00e3o por uma artes\u00e3 portuguesa especializada. A gola de burel permite a limpeza a seco.<\/p>\n<p>&nbsp;<\/p>\n<p>\u201cA Jarra de Rufos\u201d est\u00e1 tamb\u00e9 dispon\u00edvel noutras cores:<\/p>\n<ul>\n<li><a href=\"https:\/\/lusamater.pt\/produto\/a-jarra-de-rufos-grande-verde\/\">A Jarra de Rufos Grande [ Verde]<\/a><\/li>\n<li><a href=\"https:\/\/lusamater.pt\/produto\/a-jarra-de-rufos-preta\/\">A Jarra de Rufos [ Preta]<\/a><\/li>\n<\/ul>\n","protected":false},"featured_media":49337,"template":"","meta":[],"product_cat":[1096,251,1577],"product_tag":[],"yoast_head":"<!-- This site is optimized with the Yoast SEO plugin v22.8 - https:\/\/yoast.com\/wordpress\/plugins\/seo\/ -->\n<title><\/title>\n<meta name=\"robots\" content=\"index, follow, max-snippet:-1, max-image-preview:large, max-video-preview:-1\" \/>\n<link rel=\"canonical\" href=\"https:\/\/lusamater.pt\/produto\/a-jarra-de-rufos-grande-vermelha\/\" \/>\n<meta property=\"og:locale\" content=\"en_US\" \/>\n<meta property=\"og:type\" content=\"article\" \/>\n<meta property=\"og:title\" content=\"[:pt]A Jarra de Rufos Grande [ Vermelha][:] - Lusa Mater\" \/>\n<meta property=\"og:description\" content=\"[:pt]\u201cA Jarra de Rufos\u201d \u00e9 uma pe\u00e7a em faian\u00e7a, vidrada manualmente, segundo o uso da tradi\u00e7\u00e3o da t\u00e9cnica manual do mergulho. \u00c9 ornamentada com uma gola de burel, inspirada no modelo de rufos do S\u00e9c XVI, feita \u00e0 m\u00e3o por uma artes\u00e3 portuguesa especializada. A gola de burel permite a limpeza a seco.  &nbsp;  \u201cA Jarra de Rufos\u201d est\u00e1 tamb\u00e9 dispon\u00edvel noutras cores:   [:pt]A Jarra de Rufos Grande [ Verde][:]  [:pt]A Jarra de Rufos [ Preta][:] [:]\" \/>\n<meta property=\"og:url\" content=\"https:\/\/lusamater.pt\/produto\/a-jarra-de-rufos-grande-vermelha\/\" \/>\n<meta property=\"og:site_name\" content=\"Lusa Mater\" \/>\n<meta property=\"article:publisher\" content=\"https:\/\/www.facebook.com\/lusamater.pt\/\" \/>\n<meta property=\"article:modified_time\" content=\"2025-11-29T23:04:01+00:00\" \/>\n<meta property=\"og:image\" content=\"https:\/\/lusamater.pt\/wp-content\/uploads\/2019\/12\/LES028-2-jarra-de-Rufos_grd_vermelho_Laboratorios-d-estorias_Lusa-Mater-1.jpg\" \/>\n\t<meta property=\"og:image:width\" content=\"700\" \/>\n\t<meta property=\"og:image:height\" content=\"700\" \/>\n\t<meta property=\"og:image:type\" content=\"image\/jpeg\" \/>\n<meta name=\"twitter:card\" content=\"summary_large_image\" \/>\n<meta name=\"twitter:site\" content=\"@lusamater\" \/>\n<script type=\"application\/ld+json\" class=\"yoast-schema-graph\">{\"@context\":\"https:\/\/schema.org\",\"@graph\":[{\"@type\":\"WebPage\",\"@id\":\"https:\/\/lusamater.pt\/produto\/a-jarra-de-rufos-grande-vermelha\/\",\"url\":\"https:\/\/lusamater.pt\/produto\/a-jarra-de-rufos-grande-vermelha\/\",\"name\":\"[:pt]A Jarra de Rufos Grande [ Vermelha][:] - Lusa Mater\",\"isPartOf\":{\"@id\":\"https:\/\/lusamater.pt\/#website\"},\"primaryImageOfPage\":{\"@id\":\"https:\/\/lusamater.pt\/produto\/a-jarra-de-rufos-grande-vermelha\/#primaryimage\"},\"image\":{\"@id\":\"https:\/\/lusamater.pt\/produto\/a-jarra-de-rufos-grande-vermelha\/#primaryimage\"},\"thumbnailUrl\":\"https:\/\/lusamater.pt\/wp-content\/uploads\/2019\/12\/LES028-2-jarra-de-Rufos_grd_vermelho_Laboratorios-d-estorias_Lusa-Mater-1.jpg\",\"datePublished\":\"2019-12-08T23:29:05+00:00\",\"dateModified\":\"2025-11-29T23:04:01+00:00\",\"breadcrumb\":{\"@id\":\"https:\/\/lusamater.pt\/produto\/a-jarra-de-rufos-grande-vermelha\/#breadcrumb\"},\"inLanguage\":\"en-US\",\"potentialAction\":[{\"@type\":\"ReadAction\",\"target\":[\"https:\/\/lusamater.pt\/produto\/a-jarra-de-rufos-grande-vermelha\/\"]}]},{\"@type\":\"ImageObject\",\"inLanguage\":\"en-US\",\"@id\":\"https:\/\/lusamater.pt\/produto\/a-jarra-de-rufos-grande-vermelha\/#primaryimage\",\"url\":\"https:\/\/lusamater.pt\/wp-content\/uploads\/2019\/12\/LES028-2-jarra-de-Rufos_grd_vermelho_Laboratorios-d-estorias_Lusa-Mater-1.jpg\",\"contentUrl\":\"https:\/\/lusamater.pt\/wp-content\/uploads\/2019\/12\/LES028-2-jarra-de-Rufos_grd_vermelho_Laboratorios-d-estorias_Lusa-Mater-1.jpg\",\"width\":700,\"height\":700},{\"@type\":\"BreadcrumbList\",\"@id\":\"https:\/\/lusamater.pt\/produto\/a-jarra-de-rufos-grande-vermelha\/#breadcrumb\",\"itemListElement\":[{\"@type\":\"ListItem\",\"position\":1,\"name\":\"Home\",\"item\":\"https:\/\/lusamater.pt\/\"},{\"@type\":\"ListItem\",\"position\":2,\"name\":\"Loja\",\"item\":\"https:\/\/lusamater.pt\/shop\/\"},{\"@type\":\"ListItem\",\"position\":3,\"name\":\"[:pt]A Jarra de Rufos Grande [ Vermelha][:]\"}]},{\"@type\":\"WebSite\",\"@id\":\"https:\/\/lusamater.pt\/#website\",\"url\":\"https:\/\/lusamater.pt\/\",\"name\":\"Lusa Mater\",\"description\":\"S\u00f3 n\u00e3o vendemos saudade\",\"publisher\":{\"@id\":\"https:\/\/lusamater.pt\/#organization\"},\"potentialAction\":[{\"@type\":\"SearchAction\",\"target\":{\"@type\":\"EntryPoint\",\"urlTemplate\":\"https:\/\/lusamater.pt\/?s={search_term_string}\"},\"query-input\":\"required name=search_term_string\"}],\"inLanguage\":\"en-US\"},{\"@type\":\"Organization\",\"@id\":\"https:\/\/lusamater.pt\/#organization\",\"name\":\"Lusa Mater\",\"url\":\"https:\/\/lusamater.pt\/\",\"logo\":{\"@type\":\"ImageObject\",\"inLanguage\":\"en-US\",\"@id\":\"https:\/\/lusamater.pt\/#\/schema\/logo\/image\/\",\"url\":\"https:\/\/lusamater.pt\/wp-content\/uploads\/2015\/07\/500x500.png\",\"contentUrl\":\"https:\/\/lusamater.pt\/wp-content\/uploads\/2015\/07\/500x500.png\",\"width\":500,\"height\":500,\"caption\":\"Lusa Mater\"},\"image\":{\"@id\":\"https:\/\/lusamater.pt\/#\/schema\/logo\/image\/\"},\"sameAs\":[\"https:\/\/www.facebook.com\/lusamater.pt\/\",\"https:\/\/x.com\/lusamater\",\"https:\/\/instagram.com\/lusamater\/\",\"https:\/\/pt.pinterest.com\/lusamater\/\"]}]}<\/script>\n<!-- \/ Yoast SEO plugin. -->","yoast_head_json":{"title":"[:pt]A Jarra de Rufos Grande [ Vermelha][:] - Lusa Mater","robots":{"index":"index","follow":"follow","max-snippet":"max-snippet:-1","max-image-preview":"max-image-preview:large","max-video-preview":"max-video-preview:-1"},"canonical":"https:\/\/lusamater.pt\/produto\/a-jarra-de-rufos-grande-vermelha\/","og_locale":"en_US","og_type":"article","og_title":"[:pt]A Jarra de Rufos Grande [ Vermelha][:] - Lusa Mater","og_description":"[:pt]\u201cA Jarra de Rufos\u201d \u00e9 uma pe\u00e7a em faian\u00e7a, vidrada manualmente, segundo o uso da tradi\u00e7\u00e3o da t\u00e9cnica manual do mergulho. \u00c9 ornamentada com uma gola de burel, inspirada no modelo de rufos do S\u00e9c XVI, feita \u00e0 m\u00e3o por uma artes\u00e3 portuguesa especializada. A gola de burel permite a limpeza a seco.  &nbsp;  \u201cA Jarra de Rufos\u201d est\u00e1 tamb\u00e9 dispon\u00edvel noutras cores:   [:pt]A Jarra de Rufos Grande [ Verde][:]  [:pt]A Jarra de Rufos [ Preta][:] [:]","og_url":"https:\/\/lusamater.pt\/produto\/a-jarra-de-rufos-grande-vermelha\/","og_site_name":"Lusa Mater","article_publisher":"https:\/\/www.facebook.com\/lusamater.pt\/","article_modified_time":"2025-11-29T23:04:01+00:00","og_image":[{"width":700,"height":700,"url":"https:\/\/lusamater.pt\/wp-content\/uploads\/2019\/12\/LES028-2-jarra-de-Rufos_grd_vermelho_Laboratorios-d-estorias_Lusa-Mater-1.jpg","type":"image\/jpeg"}],"twitter_card":"summary_large_image","twitter_site":"@lusamater","schema":{"@context":"https:\/\/schema.org","@graph":[{"@type":"WebPage","@id":"https:\/\/lusamater.pt\/produto\/a-jarra-de-rufos-grande-vermelha\/","url":"https:\/\/lusamater.pt\/produto\/a-jarra-de-rufos-grande-vermelha\/","name":"[:pt]A Jarra de Rufos Grande [ Vermelha][:] - Lusa Mater","isPartOf":{"@id":"https:\/\/lusamater.pt\/#website"},"primaryImageOfPage":{"@id":"https:\/\/lusamater.pt\/produto\/a-jarra-de-rufos-grande-vermelha\/#primaryimage"},"image":{"@id":"https:\/\/lusamater.pt\/produto\/a-jarra-de-rufos-grande-vermelha\/#primaryimage"},"thumbnailUrl":"https:\/\/lusamater.pt\/wp-content\/uploads\/2019\/12\/LES028-2-jarra-de-Rufos_grd_vermelho_Laboratorios-d-estorias_Lusa-Mater-1.jpg","datePublished":"2019-12-08T23:29:05+00:00","dateModified":"2025-11-29T23:04:01+00:00","breadcrumb":{"@id":"https:\/\/lusamater.pt\/produto\/a-jarra-de-rufos-grande-vermelha\/#breadcrumb"},"inLanguage":"en-US","potentialAction":[{"@type":"ReadAction","target":["https:\/\/lusamater.pt\/produto\/a-jarra-de-rufos-grande-vermelha\/"]}]},{"@type":"ImageObject","inLanguage":"en-US","@id":"https:\/\/lusamater.pt\/produto\/a-jarra-de-rufos-grande-vermelha\/#primaryimage","url":"https:\/\/lusamater.pt\/wp-content\/uploads\/2019\/12\/LES028-2-jarra-de-Rufos_grd_vermelho_Laboratorios-d-estorias_Lusa-Mater-1.jpg","contentUrl":"https:\/\/lusamater.pt\/wp-content\/uploads\/2019\/12\/LES028-2-jarra-de-Rufos_grd_vermelho_Laboratorios-d-estorias_Lusa-Mater-1.jpg","width":700,"height":700},{"@type":"BreadcrumbList","@id":"https:\/\/lusamater.pt\/produto\/a-jarra-de-rufos-grande-vermelha\/#breadcrumb","itemListElement":[{"@type":"ListItem","position":1,"name":"Home","item":"https:\/\/lusamater.pt\/"},{"@type":"ListItem","position":2,"name":"Loja","item":"https:\/\/lusamater.pt\/shop\/"},{"@type":"ListItem","position":3,"name":"[:pt]A Jarra de Rufos Grande [ Vermelha][:]"}]},{"@type":"WebSite","@id":"https:\/\/lusamater.pt\/#website","url":"https:\/\/lusamater.pt\/","name":"Lusa Mater","description":"S\u00f3 n\u00e3o vendemos saudade","publisher":{"@id":"https:\/\/lusamater.pt\/#organization"},"potentialAction":[{"@type":"SearchAction","target":{"@type":"EntryPoint","urlTemplate":"https:\/\/lusamater.pt\/?s={search_term_string}"},"query-input":"required name=search_term_string"}],"inLanguage":"en-US"},{"@type":"Organization","@id":"https:\/\/lusamater.pt\/#organization","name":"Lusa Mater","url":"https:\/\/lusamater.pt\/","logo":{"@type":"ImageObject","inLanguage":"en-US","@id":"https:\/\/lusamater.pt\/#\/schema\/logo\/image\/","url":"https:\/\/lusamater.pt\/wp-content\/uploads\/2015\/07\/500x500.png","contentUrl":"https:\/\/lusamater.pt\/wp-content\/uploads\/2015\/07\/500x500.png","width":500,"height":500,"caption":"Lusa Mater"},"image":{"@id":"https:\/\/lusamater.pt\/#\/schema\/logo\/image\/"},"sameAs":["https:\/\/www.facebook.com\/lusamater.pt\/","https:\/\/x.com\/lusamater","https:\/\/instagram.com\/lusamater\/","https:\/\/pt.pinterest.com\/lusamater\/"]}]}},"_links":{"self":[{"href":"https:\/\/lusamater.pt\/en\/wp-json\/wp\/v2\/product\/49228"}],"collection":[{"href":"https:\/\/lusamater.pt\/en\/wp-json\/wp\/v2\/product"}],"about":[{"href":"https:\/\/lusamater.pt\/en\/wp-json\/wp\/v2\/types\/product"}],"version-history":[{"count":2,"href":"https:\/\/lusamater.pt\/en\/wp-json\/wp\/v2\/product\/49228\/revisions"}],"predecessor-version":[{"id":52362,"href":"https:\/\/lusamater.pt\/en\/wp-json\/wp\/v2\/product\/49228\/revisions\/52362"}],"wp:featuredmedia":[{"embeddable":true,"href":"https:\/\/lusamater.pt\/en\/wp-json\/wp\/v2\/media\/49337"}],"wp:attachment":[{"href":"https:\/\/lusamater.pt\/en\/wp-json\/wp\/v2\/media?parent=49228"}],"wp:term":[{"taxonomy":"product_cat","embeddable":true,"href":"https:\/\/lusamater.pt\/en\/wp-json\/wp\/v2\/product_cat?post=49228"},{"taxonomy":"product_tag","embeddable":true,"href":"https:\/\/lusamater.pt\/en\/wp-json\/wp\/v2\/product_tag?post=49228"}],"curies":[{"name":"wp","href":"https:\/\/api.w.org\/{rel}","templated":true}]}}