{"id":52003,"date":"2020-11-28T01:42:43","date_gmt":"2020-11-28T01:42:43","guid":{"rendered":"https:\/\/lusamater.pt\/produto\/gosto-logo-existo-redes-sociais-jornalismo-e-um-estranho-virus-chamado-fake-news\/"},"modified":"2021-12-15T16:15:58","modified_gmt":"2021-12-15T16:15:58","slug":"gosto-logo-existo-redes-sociais-jornalismo-e-um-estranho-virus-chamado-fake-news","status":"publish","type":"product","link":"https:\/\/lusamater.pt\/en\/produto\/gosto-logo-existo-redes-sociais-jornalismo-e-um-estranho-virus-chamado-fake-news\/","title":{"rendered":"Gosto, logo existo &#8211; Redes sociais, jornalismo e um estranho v\u00edrus chamado fake news [12 anos +]"},"content":{"rendered":"","protected":false},"excerpt":{"rendered":"<p class=\"qtranxs-available-languages-message qtranxs-available-languages-message-en\">Sorry, this entry is only available in <a href=\"https:\/\/lusamater.pt\/pt\/wp-json\/wp\/v2\/product\/52003\" class=\"qtranxs-available-language-link qtranxs-available-language-link-pt\" title=\"Portugu\u00eas\">European Portuguese<\/a>. For the sake of viewer convenience, the content is shown below in the alternative language. You may click the link to switch the active language.<\/p>\n<p>Gosto, logo existo &#8211; Redes sociais, jornalismo e um estranho v\u00edrus chamado fake news.<br \/>\nQuando nasceste j\u00e1 estava tudo ligado e nem te parece poss\u00edvel que o mundo funcione de outra forma. No entanto, a internet mudou muita coisa no mundo, incluindo o jornalismo.<br \/>\nAtrav\u00e9s da internet, apareceram gigantes invis\u00edveis como a Google e o Facebook. N\u00e3o s\u00e3o empresas de jornalismo, mas transformaram a nossa forma de aceder \u00e0 informa\u00e7\u00e3o.<br \/>\nHabitu\u00e1mo-nos a receber a informa\u00e7\u00e3o e a desinforma\u00e7\u00e3o que nos chega atrav\u00e9s de algoritmos secretos, a ter rotinas em mundos virtuais, a comunicar com abreviaturas e emojis. Vivemos numa enorme bolha de likes e partilhas &#8211; Mas ser\u00e1 que conhecemos bem as regras do jogo?<br \/>\nQual o impacto de tudo isto na nossa rela\u00e7\u00e3o com o mundo e nas decis\u00f5es que tomamos?<\/p>\n<p>Este livro acredita que \u00e9 importante fazer perguntas e que as respostas n\u00e3o est\u00e3o todas no Google.<br \/>\nPara todos os leitores (a partir dos 12 anos)<\/p>\n","protected":false},"featured_media":51943,"template":"","meta":[],"product_cat":[1100,337,1585],"product_tag":[],"yoast_head":"<!-- This site is optimized with the Yoast SEO plugin v22.8 - https:\/\/yoast.com\/wordpress\/plugins\/seo\/ -->\n<title><\/title>\n<meta name=\"robots\" content=\"index, follow, max-snippet:-1, max-image-preview:large, max-video-preview:-1\" \/>\n<link rel=\"canonical\" href=\"https:\/\/lusamater.pt\/produto\/gosto-logo-existo-redes-sociais-jornalismo-e-um-estranho-virus-chamado-fake-news\/\" \/>\n<meta property=\"og:locale\" content=\"en_US\" \/>\n<meta property=\"og:type\" content=\"article\" \/>\n<meta property=\"og:title\" content=\"[:pt]Gosto, logo existo - Redes sociais,.. - Planeta Tangerina \u2013 Lusa Mater[:]\" \/>\n<meta property=\"og:description\" content=\"[:pt]Gosto, logo existo - Redes sociais, jornalismo e um estranho v\u00edrus chamado fake news. Quando nasceste j\u00e1 estava tudo ligado e nem te parece poss\u00edvel que o mundo funcione de outra forma. No entanto, a internet mudou muita coisa no mundo, incluindo o jornalismo. Atrav\u00e9s da internet, apareceram gigantes invis\u00edveis como a Google e o Facebook. N\u00e3o s\u00e3o empresas de jornalismo, mas transformaram a nossa forma de aceder \u00e0 informa\u00e7\u00e3o. Habitu\u00e1mo-nos a receber a informa\u00e7\u00e3o e a desinforma\u00e7\u00e3o que nos chega atrav\u00e9s de algoritmos secretos, a ter rotinas em mundos virtuais, a comunicar com abreviaturas e emojis. Vivemos numa enorme bolha de likes e partilhas - Mas ser\u00e1 que conhecemos bem as regras do jogo? Qual o impacto de tudo isto na nossa rela\u00e7\u00e3o com o mundo e nas decis\u00f5es que tomamos?  Este livro acredita que \u00e9 importante fazer perguntas e que as respostas n\u00e3o est\u00e3o todas no Google. Para todos os leitores (a partir dos 12 anos)[:]\" \/>\n<meta property=\"og:url\" content=\"https:\/\/lusamater.pt\/produto\/gosto-logo-existo-redes-sociais-jornalismo-e-um-estranho-virus-chamado-fake-news\/\" \/>\n<meta property=\"og:site_name\" content=\"Lusa Mater\" \/>\n<meta property=\"article:publisher\" content=\"https:\/\/www.facebook.com\/lusamater.pt\/\" \/>\n<meta property=\"article:modified_time\" content=\"2021-12-15T16:15:58+00:00\" \/>\n<meta property=\"og:image\" content=\"https:\/\/lusamater.pt\/wp-content\/uploads\/2020\/11\/PLT041-1_Gosto-logo-existo_Isabel-Meira_Bernardo-Carvalho_Planeta-Tangerina_Lusa-Mater.jpg\" \/>\n\t<meta property=\"og:image:width\" content=\"800\" \/>\n\t<meta property=\"og:image:height\" content=\"800\" \/>\n\t<meta property=\"og:image:type\" content=\"image\/jpeg\" \/>\n<meta name=\"twitter:card\" content=\"summary_large_image\" \/>\n<meta name=\"twitter:site\" content=\"@lusamater\" \/>\n<script type=\"application\/ld+json\" class=\"yoast-schema-graph\">{\"@context\":\"https:\/\/schema.org\",\"@graph\":[{\"@type\":\"WebPage\",\"@id\":\"https:\/\/lusamater.pt\/produto\/gosto-logo-existo-redes-sociais-jornalismo-e-um-estranho-virus-chamado-fake-news\/\",\"url\":\"https:\/\/lusamater.pt\/produto\/gosto-logo-existo-redes-sociais-jornalismo-e-um-estranho-virus-chamado-fake-news\/\",\"name\":\"[:pt]Gosto, logo existo - Redes sociais,.. - Planeta Tangerina \u2013 Lusa Mater[:]\",\"isPartOf\":{\"@id\":\"https:\/\/lusamater.pt\/#website\"},\"primaryImageOfPage\":{\"@id\":\"https:\/\/lusamater.pt\/produto\/gosto-logo-existo-redes-sociais-jornalismo-e-um-estranho-virus-chamado-fake-news\/#primaryimage\"},\"image\":{\"@id\":\"https:\/\/lusamater.pt\/produto\/gosto-logo-existo-redes-sociais-jornalismo-e-um-estranho-virus-chamado-fake-news\/#primaryimage\"},\"thumbnailUrl\":\"https:\/\/lusamater.pt\/wp-content\/uploads\/2020\/11\/PLT041-1_Gosto-logo-existo_Isabel-Meira_Bernardo-Carvalho_Planeta-Tangerina_Lusa-Mater.jpg\",\"datePublished\":\"2020-11-28T01:42:43+00:00\",\"dateModified\":\"2021-12-15T16:15:58+00:00\",\"breadcrumb\":{\"@id\":\"https:\/\/lusamater.pt\/produto\/gosto-logo-existo-redes-sociais-jornalismo-e-um-estranho-virus-chamado-fake-news\/#breadcrumb\"},\"inLanguage\":\"en-US\",\"potentialAction\":[{\"@type\":\"ReadAction\",\"target\":[\"https:\/\/lusamater.pt\/produto\/gosto-logo-existo-redes-sociais-jornalismo-e-um-estranho-virus-chamado-fake-news\/\"]}]},{\"@type\":\"ImageObject\",\"inLanguage\":\"en-US\",\"@id\":\"https:\/\/lusamater.pt\/produto\/gosto-logo-existo-redes-sociais-jornalismo-e-um-estranho-virus-chamado-fake-news\/#primaryimage\",\"url\":\"https:\/\/lusamater.pt\/wp-content\/uploads\/2020\/11\/PLT041-1_Gosto-logo-existo_Isabel-Meira_Bernardo-Carvalho_Planeta-Tangerina_Lusa-Mater.jpg\",\"contentUrl\":\"https:\/\/lusamater.pt\/wp-content\/uploads\/2020\/11\/PLT041-1_Gosto-logo-existo_Isabel-Meira_Bernardo-Carvalho_Planeta-Tangerina_Lusa-Mater.jpg\",\"width\":800,\"height\":800},{\"@type\":\"BreadcrumbList\",\"@id\":\"https:\/\/lusamater.pt\/produto\/gosto-logo-existo-redes-sociais-jornalismo-e-um-estranho-virus-chamado-fake-news\/#breadcrumb\",\"itemListElement\":[{\"@type\":\"ListItem\",\"position\":1,\"name\":\"Home\",\"item\":\"https:\/\/lusamater.pt\/\"},{\"@type\":\"ListItem\",\"position\":2,\"name\":\"Loja\",\"item\":\"https:\/\/lusamater.pt\/shop\/\"},{\"@type\":\"ListItem\",\"position\":3,\"name\":\"[:pt]Gosto, logo existo &#8211; Redes sociais, jornalismo e um estranho v\u00edrus chamado fake news [12 anos +][:]\"}]},{\"@type\":\"WebSite\",\"@id\":\"https:\/\/lusamater.pt\/#website\",\"url\":\"https:\/\/lusamater.pt\/\",\"name\":\"Lusa Mater\",\"description\":\"S\u00f3 n\u00e3o vendemos saudade\",\"publisher\":{\"@id\":\"https:\/\/lusamater.pt\/#organization\"},\"potentialAction\":[{\"@type\":\"SearchAction\",\"target\":{\"@type\":\"EntryPoint\",\"urlTemplate\":\"https:\/\/lusamater.pt\/?s={search_term_string}\"},\"query-input\":\"required name=search_term_string\"}],\"inLanguage\":\"en-US\"},{\"@type\":\"Organization\",\"@id\":\"https:\/\/lusamater.pt\/#organization\",\"name\":\"Lusa Mater\",\"url\":\"https:\/\/lusamater.pt\/\",\"logo\":{\"@type\":\"ImageObject\",\"inLanguage\":\"en-US\",\"@id\":\"https:\/\/lusamater.pt\/#\/schema\/logo\/image\/\",\"url\":\"https:\/\/lusamater.pt\/wp-content\/uploads\/2015\/07\/500x500.png\",\"contentUrl\":\"https:\/\/lusamater.pt\/wp-content\/uploads\/2015\/07\/500x500.png\",\"width\":500,\"height\":500,\"caption\":\"Lusa Mater\"},\"image\":{\"@id\":\"https:\/\/lusamater.pt\/#\/schema\/logo\/image\/\"},\"sameAs\":[\"https:\/\/www.facebook.com\/lusamater.pt\/\",\"https:\/\/x.com\/lusamater\",\"https:\/\/instagram.com\/lusamater\/\",\"https:\/\/pt.pinterest.com\/lusamater\/\"]}]}<\/script>\n<!-- \/ Yoast SEO plugin. -->","yoast_head_json":{"title":"[:pt]Gosto, logo existo - Redes sociais,.. - Planeta Tangerina \u2013 Lusa Mater[:]","robots":{"index":"index","follow":"follow","max-snippet":"max-snippet:-1","max-image-preview":"max-image-preview:large","max-video-preview":"max-video-preview:-1"},"canonical":"https:\/\/lusamater.pt\/produto\/gosto-logo-existo-redes-sociais-jornalismo-e-um-estranho-virus-chamado-fake-news\/","og_locale":"en_US","og_type":"article","og_title":"[:pt]Gosto, logo existo - Redes sociais,.. - Planeta Tangerina \u2013 Lusa Mater[:]","og_description":"[:pt]Gosto, logo existo - Redes sociais, jornalismo e um estranho v\u00edrus chamado fake news. Quando nasceste j\u00e1 estava tudo ligado e nem te parece poss\u00edvel que o mundo funcione de outra forma. No entanto, a internet mudou muita coisa no mundo, incluindo o jornalismo. Atrav\u00e9s da internet, apareceram gigantes invis\u00edveis como a Google e o Facebook. N\u00e3o s\u00e3o empresas de jornalismo, mas transformaram a nossa forma de aceder \u00e0 informa\u00e7\u00e3o. Habitu\u00e1mo-nos a receber a informa\u00e7\u00e3o e a desinforma\u00e7\u00e3o que nos chega atrav\u00e9s de algoritmos secretos, a ter rotinas em mundos virtuais, a comunicar com abreviaturas e emojis. Vivemos numa enorme bolha de likes e partilhas - Mas ser\u00e1 que conhecemos bem as regras do jogo? Qual o impacto de tudo isto na nossa rela\u00e7\u00e3o com o mundo e nas decis\u00f5es que tomamos?  Este livro acredita que \u00e9 importante fazer perguntas e que as respostas n\u00e3o est\u00e3o todas no Google. Para todos os leitores (a partir dos 12 anos)[:]","og_url":"https:\/\/lusamater.pt\/produto\/gosto-logo-existo-redes-sociais-jornalismo-e-um-estranho-virus-chamado-fake-news\/","og_site_name":"Lusa Mater","article_publisher":"https:\/\/www.facebook.com\/lusamater.pt\/","article_modified_time":"2021-12-15T16:15:58+00:00","og_image":[{"width":800,"height":800,"url":"https:\/\/lusamater.pt\/wp-content\/uploads\/2020\/11\/PLT041-1_Gosto-logo-existo_Isabel-Meira_Bernardo-Carvalho_Planeta-Tangerina_Lusa-Mater.jpg","type":"image\/jpeg"}],"twitter_card":"summary_large_image","twitter_site":"@lusamater","schema":{"@context":"https:\/\/schema.org","@graph":[{"@type":"WebPage","@id":"https:\/\/lusamater.pt\/produto\/gosto-logo-existo-redes-sociais-jornalismo-e-um-estranho-virus-chamado-fake-news\/","url":"https:\/\/lusamater.pt\/produto\/gosto-logo-existo-redes-sociais-jornalismo-e-um-estranho-virus-chamado-fake-news\/","name":"[:pt]Gosto, logo existo - Redes sociais,.. - Planeta Tangerina \u2013 Lusa Mater[:]","isPartOf":{"@id":"https:\/\/lusamater.pt\/#website"},"primaryImageOfPage":{"@id":"https:\/\/lusamater.pt\/produto\/gosto-logo-existo-redes-sociais-jornalismo-e-um-estranho-virus-chamado-fake-news\/#primaryimage"},"image":{"@id":"https:\/\/lusamater.pt\/produto\/gosto-logo-existo-redes-sociais-jornalismo-e-um-estranho-virus-chamado-fake-news\/#primaryimage"},"thumbnailUrl":"https:\/\/lusamater.pt\/wp-content\/uploads\/2020\/11\/PLT041-1_Gosto-logo-existo_Isabel-Meira_Bernardo-Carvalho_Planeta-Tangerina_Lusa-Mater.jpg","datePublished":"2020-11-28T01:42:43+00:00","dateModified":"2021-12-15T16:15:58+00:00","breadcrumb":{"@id":"https:\/\/lusamater.pt\/produto\/gosto-logo-existo-redes-sociais-jornalismo-e-um-estranho-virus-chamado-fake-news\/#breadcrumb"},"inLanguage":"en-US","potentialAction":[{"@type":"ReadAction","target":["https:\/\/lusamater.pt\/produto\/gosto-logo-existo-redes-sociais-jornalismo-e-um-estranho-virus-chamado-fake-news\/"]}]},{"@type":"ImageObject","inLanguage":"en-US","@id":"https:\/\/lusamater.pt\/produto\/gosto-logo-existo-redes-sociais-jornalismo-e-um-estranho-virus-chamado-fake-news\/#primaryimage","url":"https:\/\/lusamater.pt\/wp-content\/uploads\/2020\/11\/PLT041-1_Gosto-logo-existo_Isabel-Meira_Bernardo-Carvalho_Planeta-Tangerina_Lusa-Mater.jpg","contentUrl":"https:\/\/lusamater.pt\/wp-content\/uploads\/2020\/11\/PLT041-1_Gosto-logo-existo_Isabel-Meira_Bernardo-Carvalho_Planeta-Tangerina_Lusa-Mater.jpg","width":800,"height":800},{"@type":"BreadcrumbList","@id":"https:\/\/lusamater.pt\/produto\/gosto-logo-existo-redes-sociais-jornalismo-e-um-estranho-virus-chamado-fake-news\/#breadcrumb","itemListElement":[{"@type":"ListItem","position":1,"name":"Home","item":"https:\/\/lusamater.pt\/"},{"@type":"ListItem","position":2,"name":"Loja","item":"https:\/\/lusamater.pt\/shop\/"},{"@type":"ListItem","position":3,"name":"[:pt]Gosto, logo existo &#8211; Redes sociais, jornalismo e um estranho v\u00edrus chamado fake news [12 anos +][:]"}]},{"@type":"WebSite","@id":"https:\/\/lusamater.pt\/#website","url":"https:\/\/lusamater.pt\/","name":"Lusa Mater","description":"S\u00f3 n\u00e3o vendemos saudade","publisher":{"@id":"https:\/\/lusamater.pt\/#organization"},"potentialAction":[{"@type":"SearchAction","target":{"@type":"EntryPoint","urlTemplate":"https:\/\/lusamater.pt\/?s={search_term_string}"},"query-input":"required name=search_term_string"}],"inLanguage":"en-US"},{"@type":"Organization","@id":"https:\/\/lusamater.pt\/#organization","name":"Lusa Mater","url":"https:\/\/lusamater.pt\/","logo":{"@type":"ImageObject","inLanguage":"en-US","@id":"https:\/\/lusamater.pt\/#\/schema\/logo\/image\/","url":"https:\/\/lusamater.pt\/wp-content\/uploads\/2015\/07\/500x500.png","contentUrl":"https:\/\/lusamater.pt\/wp-content\/uploads\/2015\/07\/500x500.png","width":500,"height":500,"caption":"Lusa Mater"},"image":{"@id":"https:\/\/lusamater.pt\/#\/schema\/logo\/image\/"},"sameAs":["https:\/\/www.facebook.com\/lusamater.pt\/","https:\/\/x.com\/lusamater","https:\/\/instagram.com\/lusamater\/","https:\/\/pt.pinterest.com\/lusamater\/"]}]}},"_links":{"self":[{"href":"https:\/\/lusamater.pt\/en\/wp-json\/wp\/v2\/product\/52003"}],"collection":[{"href":"https:\/\/lusamater.pt\/en\/wp-json\/wp\/v2\/product"}],"about":[{"href":"https:\/\/lusamater.pt\/en\/wp-json\/wp\/v2\/types\/product"}],"version-history":[{"count":1,"href":"https:\/\/lusamater.pt\/en\/wp-json\/wp\/v2\/product\/52003\/revisions"}],"predecessor-version":[{"id":52299,"href":"https:\/\/lusamater.pt\/en\/wp-json\/wp\/v2\/product\/52003\/revisions\/52299"}],"wp:featuredmedia":[{"embeddable":true,"href":"https:\/\/lusamater.pt\/en\/wp-json\/wp\/v2\/media\/51943"}],"wp:attachment":[{"href":"https:\/\/lusamater.pt\/en\/wp-json\/wp\/v2\/media?parent=52003"}],"wp:term":[{"taxonomy":"product_cat","embeddable":true,"href":"https:\/\/lusamater.pt\/en\/wp-json\/wp\/v2\/product_cat?post=52003"},{"taxonomy":"product_tag","embeddable":true,"href":"https:\/\/lusamater.pt\/en\/wp-json\/wp\/v2\/product_tag?post=52003"}],"curies":[{"name":"wp","href":"https:\/\/api.w.org\/{rel}","templated":true}]}}