{"id":52006,"date":"2020-11-28T01:42:44","date_gmt":"2020-11-28T01:42:44","guid":{"rendered":"https:\/\/lusamater.pt\/produto\/aqui-e-um-bom-lugar\/"},"modified":"2021-04-21T21:53:03","modified_gmt":"2021-04-21T21:53:03","slug":"aqui-e-um-bom-lugar","status":"publish","type":"product","link":"https:\/\/lusamater.pt\/en\/produto\/aqui-e-um-bom-lugar\/","title":{"rendered":"Aqui \u00e9 um bom lugar [9+ anos]"},"content":{"rendered":"","protected":false},"excerpt":{"rendered":"<p class=\"qtranxs-available-languages-message qtranxs-available-languages-message-en\">Sorry, this entry is only available in <a href=\"https:\/\/lusamater.pt\/pt\/wp-json\/wp\/v2\/product\/52006\" class=\"qtranxs-available-language-link qtranxs-available-language-link-pt\" title=\"Portugu\u00eas\">European Portuguese<\/a>. For the sake of viewer convenience, the content is shown below in the alternative language. You may click the link to switch the active language.<\/p>\n<p>Um caderno que \u00e9 um di\u00e1rio. Um di\u00e1rio que \u00e9 um lugar. Um lugar onde se juntam os textos de Ana Pessoa e as ilustra\u00e7\u00f5es de Joana Estrela.<br \/>\nUma esp\u00e9cie de di\u00e1rio gr\u00e1fico, escrito e desenhado a quatro m\u00e3os, onde encontramos as observa\u00e7\u00f5es e os pensamentos de Teresa Tristeza sobre a fam\u00edlia, os amigos e a escola, os livros, os sonhos e os p\u00e1ssaros, as frases ouvidas em casa e na rua, a liberdade e o futuro, a noite e o vento. E tamb\u00e9m os desenhos muito espont\u00e2neos de gatos, vasos, pessoas, estendais ou vistas da janela que com ela se cruzam todos os dias.<\/p>\n<p>Para leitores com mais de 9 Anos.<\/p>\n","protected":false},"featured_media":51960,"template":"","meta":[],"product_cat":[1100,337],"product_tag":[],"yoast_head":"<!-- This site is optimized with the Yoast SEO plugin v22.8 - https:\/\/yoast.com\/wordpress\/plugins\/seo\/ -->\n<title>Livro - Aqui \u00e9 um bom lugar - 9 anos+ Planeta Tangerina \u2013 Lusa Mater<\/title>\n<meta name=\"robots\" content=\"index, follow, max-snippet:-1, max-image-preview:large, max-video-preview:-1\" \/>\n<link rel=\"canonical\" href=\"https:\/\/lusamater.pt\/produto\/aqui-e-um-bom-lugar\/\" \/>\n<meta property=\"og:locale\" content=\"en_US\" \/>\n<meta property=\"og:type\" content=\"article\" \/>\n<meta property=\"og:title\" content=\"Livro - Aqui \u00e9 um bom lugar - 9 anos+ Planeta Tangerina \u2013 Lusa Mater\" \/>\n<meta property=\"og:description\" content=\"[:pt]Um caderno que \u00e9 um di\u00e1rio. Um di\u00e1rio que \u00e9 um lugar. Um lugar onde se juntam os textos de Ana Pessoa e as ilustra\u00e7\u00f5es de Joana Estrela. Uma esp\u00e9cie de di\u00e1rio gr\u00e1fico, escrito e desenhado a quatro m\u00e3os, onde encontramos as observa\u00e7\u00f5es e os pensamentos de Teresa Tristeza sobre a fam\u00edlia, os amigos e a escola, os livros, os sonhos e os p\u00e1ssaros, as frases ouvidas em casa e na rua, a liberdade e o futuro, a noite e o vento. E tamb\u00e9m os desenhos muito espont\u00e2neos de gatos, vasos, pessoas, estendais ou vistas da janela que com ela se cruzam todos os dias.  Para leitores com mais de 9 Anos.[:]\" \/>\n<meta property=\"og:url\" content=\"https:\/\/lusamater.pt\/produto\/aqui-e-um-bom-lugar\/\" \/>\n<meta property=\"og:site_name\" content=\"Lusa Mater\" \/>\n<meta property=\"article:publisher\" content=\"https:\/\/www.facebook.com\/lusamater.pt\/\" \/>\n<meta property=\"article:modified_time\" content=\"2021-04-21T21:53:03+00:00\" \/>\n<meta property=\"og:image\" content=\"https:\/\/lusamater.pt\/wp-content\/uploads\/2020\/11\/PLT044-1_Aqui-e-um-bom-lugar_Joana-Estrela_Planeta-Tangerina_Lusa-Mater.jpg\" \/>\n\t<meta property=\"og:image:width\" content=\"1000\" \/>\n\t<meta property=\"og:image:height\" content=\"1000\" \/>\n\t<meta property=\"og:image:type\" content=\"image\/jpeg\" \/>\n<meta name=\"twitter:card\" content=\"summary_large_image\" \/>\n<meta name=\"twitter:site\" content=\"@lusamater\" \/>\n<script type=\"application\/ld+json\" class=\"yoast-schema-graph\">{\"@context\":\"https:\/\/schema.org\",\"@graph\":[{\"@type\":\"WebPage\",\"@id\":\"https:\/\/lusamater.pt\/produto\/aqui-e-um-bom-lugar\/\",\"url\":\"https:\/\/lusamater.pt\/produto\/aqui-e-um-bom-lugar\/\",\"name\":\"Livro - Aqui \u00e9 um bom lugar - 9 anos+ Planeta Tangerina \u2013 Lusa Mater\",\"isPartOf\":{\"@id\":\"https:\/\/lusamater.pt\/#website\"},\"primaryImageOfPage\":{\"@id\":\"https:\/\/lusamater.pt\/produto\/aqui-e-um-bom-lugar\/#primaryimage\"},\"image\":{\"@id\":\"https:\/\/lusamater.pt\/produto\/aqui-e-um-bom-lugar\/#primaryimage\"},\"thumbnailUrl\":\"https:\/\/lusamater.pt\/wp-content\/uploads\/2020\/11\/PLT044-1_Aqui-e-um-bom-lugar_Joana-Estrela_Planeta-Tangerina_Lusa-Mater.jpg\",\"datePublished\":\"2020-11-28T01:42:44+00:00\",\"dateModified\":\"2021-04-21T21:53:03+00:00\",\"breadcrumb\":{\"@id\":\"https:\/\/lusamater.pt\/produto\/aqui-e-um-bom-lugar\/#breadcrumb\"},\"inLanguage\":\"en-US\",\"potentialAction\":[{\"@type\":\"ReadAction\",\"target\":[\"https:\/\/lusamater.pt\/produto\/aqui-e-um-bom-lugar\/\"]}]},{\"@type\":\"ImageObject\",\"inLanguage\":\"en-US\",\"@id\":\"https:\/\/lusamater.pt\/produto\/aqui-e-um-bom-lugar\/#primaryimage\",\"url\":\"https:\/\/lusamater.pt\/wp-content\/uploads\/2020\/11\/PLT044-1_Aqui-e-um-bom-lugar_Joana-Estrela_Planeta-Tangerina_Lusa-Mater.jpg\",\"contentUrl\":\"https:\/\/lusamater.pt\/wp-content\/uploads\/2020\/11\/PLT044-1_Aqui-e-um-bom-lugar_Joana-Estrela_Planeta-Tangerina_Lusa-Mater.jpg\",\"width\":1000,\"height\":1000},{\"@type\":\"BreadcrumbList\",\"@id\":\"https:\/\/lusamater.pt\/produto\/aqui-e-um-bom-lugar\/#breadcrumb\",\"itemListElement\":[{\"@type\":\"ListItem\",\"position\":1,\"name\":\"Home\",\"item\":\"https:\/\/lusamater.pt\/\"},{\"@type\":\"ListItem\",\"position\":2,\"name\":\"Loja\",\"item\":\"https:\/\/lusamater.pt\/shop\/\"},{\"@type\":\"ListItem\",\"position\":3,\"name\":\"Aqui \u00e9 um bom lugar [9+ anos]\"}]},{\"@type\":\"WebSite\",\"@id\":\"https:\/\/lusamater.pt\/#website\",\"url\":\"https:\/\/lusamater.pt\/\",\"name\":\"Lusa Mater\",\"description\":\"S\u00f3 n\u00e3o vendemos saudade\",\"publisher\":{\"@id\":\"https:\/\/lusamater.pt\/#organization\"},\"potentialAction\":[{\"@type\":\"SearchAction\",\"target\":{\"@type\":\"EntryPoint\",\"urlTemplate\":\"https:\/\/lusamater.pt\/?s={search_term_string}\"},\"query-input\":\"required name=search_term_string\"}],\"inLanguage\":\"en-US\"},{\"@type\":\"Organization\",\"@id\":\"https:\/\/lusamater.pt\/#organization\",\"name\":\"Lusa Mater\",\"url\":\"https:\/\/lusamater.pt\/\",\"logo\":{\"@type\":\"ImageObject\",\"inLanguage\":\"en-US\",\"@id\":\"https:\/\/lusamater.pt\/#\/schema\/logo\/image\/\",\"url\":\"https:\/\/lusamater.pt\/wp-content\/uploads\/2015\/07\/500x500.png\",\"contentUrl\":\"https:\/\/lusamater.pt\/wp-content\/uploads\/2015\/07\/500x500.png\",\"width\":500,\"height\":500,\"caption\":\"Lusa Mater\"},\"image\":{\"@id\":\"https:\/\/lusamater.pt\/#\/schema\/logo\/image\/\"},\"sameAs\":[\"https:\/\/www.facebook.com\/lusamater.pt\/\",\"https:\/\/x.com\/lusamater\",\"https:\/\/instagram.com\/lusamater\/\",\"https:\/\/pt.pinterest.com\/lusamater\/\"]}]}<\/script>\n<!-- \/ Yoast SEO plugin. -->","yoast_head_json":{"title":"Livro - Aqui \u00e9 um bom lugar - 9 anos+ Planeta Tangerina \u2013 Lusa Mater","robots":{"index":"index","follow":"follow","max-snippet":"max-snippet:-1","max-image-preview":"max-image-preview:large","max-video-preview":"max-video-preview:-1"},"canonical":"https:\/\/lusamater.pt\/produto\/aqui-e-um-bom-lugar\/","og_locale":"en_US","og_type":"article","og_title":"Livro - Aqui \u00e9 um bom lugar - 9 anos+ Planeta Tangerina \u2013 Lusa Mater","og_description":"[:pt]Um caderno que \u00e9 um di\u00e1rio. Um di\u00e1rio que \u00e9 um lugar. Um lugar onde se juntam os textos de Ana Pessoa e as ilustra\u00e7\u00f5es de Joana Estrela. Uma esp\u00e9cie de di\u00e1rio gr\u00e1fico, escrito e desenhado a quatro m\u00e3os, onde encontramos as observa\u00e7\u00f5es e os pensamentos de Teresa Tristeza sobre a fam\u00edlia, os amigos e a escola, os livros, os sonhos e os p\u00e1ssaros, as frases ouvidas em casa e na rua, a liberdade e o futuro, a noite e o vento. E tamb\u00e9m os desenhos muito espont\u00e2neos de gatos, vasos, pessoas, estendais ou vistas da janela que com ela se cruzam todos os dias.  Para leitores com mais de 9 Anos.[:]","og_url":"https:\/\/lusamater.pt\/produto\/aqui-e-um-bom-lugar\/","og_site_name":"Lusa Mater","article_publisher":"https:\/\/www.facebook.com\/lusamater.pt\/","article_modified_time":"2021-04-21T21:53:03+00:00","og_image":[{"width":1000,"height":1000,"url":"https:\/\/lusamater.pt\/wp-content\/uploads\/2020\/11\/PLT044-1_Aqui-e-um-bom-lugar_Joana-Estrela_Planeta-Tangerina_Lusa-Mater.jpg","type":"image\/jpeg"}],"twitter_card":"summary_large_image","twitter_site":"@lusamater","schema":{"@context":"https:\/\/schema.org","@graph":[{"@type":"WebPage","@id":"https:\/\/lusamater.pt\/produto\/aqui-e-um-bom-lugar\/","url":"https:\/\/lusamater.pt\/produto\/aqui-e-um-bom-lugar\/","name":"Livro - Aqui \u00e9 um bom lugar - 9 anos+ Planeta Tangerina \u2013 Lusa Mater","isPartOf":{"@id":"https:\/\/lusamater.pt\/#website"},"primaryImageOfPage":{"@id":"https:\/\/lusamater.pt\/produto\/aqui-e-um-bom-lugar\/#primaryimage"},"image":{"@id":"https:\/\/lusamater.pt\/produto\/aqui-e-um-bom-lugar\/#primaryimage"},"thumbnailUrl":"https:\/\/lusamater.pt\/wp-content\/uploads\/2020\/11\/PLT044-1_Aqui-e-um-bom-lugar_Joana-Estrela_Planeta-Tangerina_Lusa-Mater.jpg","datePublished":"2020-11-28T01:42:44+00:00","dateModified":"2021-04-21T21:53:03+00:00","breadcrumb":{"@id":"https:\/\/lusamater.pt\/produto\/aqui-e-um-bom-lugar\/#breadcrumb"},"inLanguage":"en-US","potentialAction":[{"@type":"ReadAction","target":["https:\/\/lusamater.pt\/produto\/aqui-e-um-bom-lugar\/"]}]},{"@type":"ImageObject","inLanguage":"en-US","@id":"https:\/\/lusamater.pt\/produto\/aqui-e-um-bom-lugar\/#primaryimage","url":"https:\/\/lusamater.pt\/wp-content\/uploads\/2020\/11\/PLT044-1_Aqui-e-um-bom-lugar_Joana-Estrela_Planeta-Tangerina_Lusa-Mater.jpg","contentUrl":"https:\/\/lusamater.pt\/wp-content\/uploads\/2020\/11\/PLT044-1_Aqui-e-um-bom-lugar_Joana-Estrela_Planeta-Tangerina_Lusa-Mater.jpg","width":1000,"height":1000},{"@type":"BreadcrumbList","@id":"https:\/\/lusamater.pt\/produto\/aqui-e-um-bom-lugar\/#breadcrumb","itemListElement":[{"@type":"ListItem","position":1,"name":"Home","item":"https:\/\/lusamater.pt\/"},{"@type":"ListItem","position":2,"name":"Loja","item":"https:\/\/lusamater.pt\/shop\/"},{"@type":"ListItem","position":3,"name":"Aqui \u00e9 um bom lugar [9+ anos]"}]},{"@type":"WebSite","@id":"https:\/\/lusamater.pt\/#website","url":"https:\/\/lusamater.pt\/","name":"Lusa Mater","description":"S\u00f3 n\u00e3o vendemos saudade","publisher":{"@id":"https:\/\/lusamater.pt\/#organization"},"potentialAction":[{"@type":"SearchAction","target":{"@type":"EntryPoint","urlTemplate":"https:\/\/lusamater.pt\/?s={search_term_string}"},"query-input":"required name=search_term_string"}],"inLanguage":"en-US"},{"@type":"Organization","@id":"https:\/\/lusamater.pt\/#organization","name":"Lusa Mater","url":"https:\/\/lusamater.pt\/","logo":{"@type":"ImageObject","inLanguage":"en-US","@id":"https:\/\/lusamater.pt\/#\/schema\/logo\/image\/","url":"https:\/\/lusamater.pt\/wp-content\/uploads\/2015\/07\/500x500.png","contentUrl":"https:\/\/lusamater.pt\/wp-content\/uploads\/2015\/07\/500x500.png","width":500,"height":500,"caption":"Lusa Mater"},"image":{"@id":"https:\/\/lusamater.pt\/#\/schema\/logo\/image\/"},"sameAs":["https:\/\/www.facebook.com\/lusamater.pt\/","https:\/\/x.com\/lusamater","https:\/\/instagram.com\/lusamater\/","https:\/\/pt.pinterest.com\/lusamater\/"]}]}},"_links":{"self":[{"href":"https:\/\/lusamater.pt\/en\/wp-json\/wp\/v2\/product\/52006"}],"collection":[{"href":"https:\/\/lusamater.pt\/en\/wp-json\/wp\/v2\/product"}],"about":[{"href":"https:\/\/lusamater.pt\/en\/wp-json\/wp\/v2\/types\/product"}],"version-history":[{"count":1,"href":"https:\/\/lusamater.pt\/en\/wp-json\/wp\/v2\/product\/52006\/revisions"}],"predecessor-version":[{"id":52295,"href":"https:\/\/lusamater.pt\/en\/wp-json\/wp\/v2\/product\/52006\/revisions\/52295"}],"wp:featuredmedia":[{"embeddable":true,"href":"https:\/\/lusamater.pt\/en\/wp-json\/wp\/v2\/media\/51960"}],"wp:attachment":[{"href":"https:\/\/lusamater.pt\/en\/wp-json\/wp\/v2\/media?parent=52006"}],"wp:term":[{"taxonomy":"product_cat","embeddable":true,"href":"https:\/\/lusamater.pt\/en\/wp-json\/wp\/v2\/product_cat?post=52006"},{"taxonomy":"product_tag","embeddable":true,"href":"https:\/\/lusamater.pt\/en\/wp-json\/wp\/v2\/product_tag?post=52006"}],"curies":[{"name":"wp","href":"https:\/\/api.w.org\/{rel}","templated":true}]}}