{"id":52008,"date":"2020-11-28T01:42:44","date_gmt":"2020-11-28T01:42:44","guid":{"rendered":"https:\/\/lusamater.pt\/produto\/o-que-vamos-construir\/"},"modified":"2022-04-11T15:12:35","modified_gmt":"2022-04-11T15:12:35","slug":"o-que-vamos-construir","status":"publish","type":"product","link":"https:\/\/lusamater.pt\/en\/produto\/o-que-vamos-construir\/","title":{"rendered":"O Que Vamos Construir"},"content":{"rendered":"","protected":false},"excerpt":{"rendered":"<p class=\"qtranxs-available-languages-message qtranxs-available-languages-message-en\">Sorry, this entry is only available in <a href=\"https:\/\/lusamater.pt\/pt\/wp-json\/wp\/v2\/product\/52008\" class=\"qtranxs-available-language-link qtranxs-available-language-link-pt\" title=\"Portugu\u00eas\">European Portuguese<\/a>. For the sake of viewer convenience, the content is shown below in the alternative language. You may click the link to switch the active language.<\/p>\n<p>O que vamos construir, tu e eu?<br \/>\nUma casa para vivermos.<br \/>\nO futuro um do outro.<br \/>\nUma estrada para ir \u00e0 lua e voltar.<br \/>\nE amor de sobra, que guardaremos&#8230;<\/p>\n<p>Os tempos podem ser incertos e at\u00e9 intimidantes, mas o futuro est\u00e1 por construir e de m\u00e3os dadas reunimos as ferramentas necess\u00e1rias: amor, imagina\u00e7\u00e3o, coragem e um pouco de magia.<br \/>\nUm bonito poema ilustrado, de Oliver Jeffers, cheio de for\u00e7a e carinho, que retoma a viagem iniciada com o \u00eaxito AQUI ESTAMOS N\u00d3S.<\/p>\n","protected":false},"featured_media":51967,"template":"","meta":[],"product_cat":[1100,337],"product_tag":[],"yoast_head":"<!-- This site is optimized with the Yoast SEO plugin v22.8 - https:\/\/yoast.com\/wordpress\/plugins\/seo\/ -->\n<title><\/title>\n<meta name=\"robots\" content=\"index, follow, max-snippet:-1, max-image-preview:large, max-video-preview:-1\" \/>\n<link rel=\"canonical\" href=\"https:\/\/lusamater.pt\/produto\/o-que-vamos-construir\/\" \/>\n<meta property=\"og:locale\" content=\"en_US\" \/>\n<meta property=\"og:type\" content=\"article\" \/>\n<meta property=\"og:title\" content=\"[:pt]O Que Vamos Construir- Oliver Jeffers \u2013 Lusa Mater[:]\" \/>\n<meta property=\"og:description\" content=\"[:pt]O que vamos construir, tu e eu? Uma casa para vivermos. O futuro um do outro. Uma estrada para ir \u00e0 lua e voltar. E amor de sobra, que guardaremos...  Os tempos podem ser incertos e at\u00e9 intimidantes, mas o futuro est\u00e1 por construir e de m\u00e3os dadas reunimos as ferramentas necess\u00e1rias: amor, imagina\u00e7\u00e3o, coragem e um pouco de magia. Um bonito poema ilustrado, de Oliver Jeffers, cheio de for\u00e7a e carinho, que retoma a viagem iniciada com o \u00eaxito AQUI ESTAMOS N\u00d3S.[:]\" \/>\n<meta property=\"og:url\" content=\"https:\/\/lusamater.pt\/produto\/o-que-vamos-construir\/\" \/>\n<meta property=\"og:site_name\" content=\"Lusa Mater\" \/>\n<meta property=\"article:publisher\" content=\"https:\/\/www.facebook.com\/lusamater.pt\/\" \/>\n<meta property=\"article:modified_time\" content=\"2022-04-11T15:12:35+00:00\" \/>\n<meta property=\"og:image\" content=\"https:\/\/lusamater.pt\/wp-content\/uploads\/2020\/11\/OFN032-1_O-que-vamos-construir_Oliver-Jeffers_Orfeu-Negro_Lusa-Mater.jpg\" \/>\n\t<meta property=\"og:image:width\" content=\"800\" \/>\n\t<meta property=\"og:image:height\" content=\"800\" \/>\n\t<meta property=\"og:image:type\" content=\"image\/jpeg\" \/>\n<meta name=\"twitter:card\" content=\"summary_large_image\" \/>\n<meta name=\"twitter:site\" content=\"@lusamater\" \/>\n<script type=\"application\/ld+json\" class=\"yoast-schema-graph\">{\"@context\":\"https:\/\/schema.org\",\"@graph\":[{\"@type\":\"WebPage\",\"@id\":\"https:\/\/lusamater.pt\/produto\/o-que-vamos-construir\/\",\"url\":\"https:\/\/lusamater.pt\/produto\/o-que-vamos-construir\/\",\"name\":\"[:pt]O Que Vamos Construir- Oliver Jeffers \u2013 Lusa Mater[:]\",\"isPartOf\":{\"@id\":\"https:\/\/lusamater.pt\/#website\"},\"primaryImageOfPage\":{\"@id\":\"https:\/\/lusamater.pt\/produto\/o-que-vamos-construir\/#primaryimage\"},\"image\":{\"@id\":\"https:\/\/lusamater.pt\/produto\/o-que-vamos-construir\/#primaryimage\"},\"thumbnailUrl\":\"https:\/\/lusamater.pt\/wp-content\/uploads\/2020\/11\/OFN032-1_O-que-vamos-construir_Oliver-Jeffers_Orfeu-Negro_Lusa-Mater.jpg\",\"datePublished\":\"2020-11-28T01:42:44+00:00\",\"dateModified\":\"2022-04-11T15:12:35+00:00\",\"breadcrumb\":{\"@id\":\"https:\/\/lusamater.pt\/produto\/o-que-vamos-construir\/#breadcrumb\"},\"inLanguage\":\"en-US\",\"potentialAction\":[{\"@type\":\"ReadAction\",\"target\":[\"https:\/\/lusamater.pt\/produto\/o-que-vamos-construir\/\"]}]},{\"@type\":\"ImageObject\",\"inLanguage\":\"en-US\",\"@id\":\"https:\/\/lusamater.pt\/produto\/o-que-vamos-construir\/#primaryimage\",\"url\":\"https:\/\/lusamater.pt\/wp-content\/uploads\/2020\/11\/OFN032-1_O-que-vamos-construir_Oliver-Jeffers_Orfeu-Negro_Lusa-Mater.jpg\",\"contentUrl\":\"https:\/\/lusamater.pt\/wp-content\/uploads\/2020\/11\/OFN032-1_O-que-vamos-construir_Oliver-Jeffers_Orfeu-Negro_Lusa-Mater.jpg\",\"width\":800,\"height\":800},{\"@type\":\"BreadcrumbList\",\"@id\":\"https:\/\/lusamater.pt\/produto\/o-que-vamos-construir\/#breadcrumb\",\"itemListElement\":[{\"@type\":\"ListItem\",\"position\":1,\"name\":\"Home\",\"item\":\"https:\/\/lusamater.pt\/\"},{\"@type\":\"ListItem\",\"position\":2,\"name\":\"Loja\",\"item\":\"https:\/\/lusamater.pt\/shop\/\"},{\"@type\":\"ListItem\",\"position\":3,\"name\":\"[:pt]O Que Vamos Construir[:]\"}]},{\"@type\":\"WebSite\",\"@id\":\"https:\/\/lusamater.pt\/#website\",\"url\":\"https:\/\/lusamater.pt\/\",\"name\":\"Lusa Mater\",\"description\":\"S\u00f3 n\u00e3o vendemos saudade\",\"publisher\":{\"@id\":\"https:\/\/lusamater.pt\/#organization\"},\"potentialAction\":[{\"@type\":\"SearchAction\",\"target\":{\"@type\":\"EntryPoint\",\"urlTemplate\":\"https:\/\/lusamater.pt\/?s={search_term_string}\"},\"query-input\":\"required name=search_term_string\"}],\"inLanguage\":\"en-US\"},{\"@type\":\"Organization\",\"@id\":\"https:\/\/lusamater.pt\/#organization\",\"name\":\"Lusa Mater\",\"url\":\"https:\/\/lusamater.pt\/\",\"logo\":{\"@type\":\"ImageObject\",\"inLanguage\":\"en-US\",\"@id\":\"https:\/\/lusamater.pt\/#\/schema\/logo\/image\/\",\"url\":\"https:\/\/lusamater.pt\/wp-content\/uploads\/2015\/07\/500x500.png\",\"contentUrl\":\"https:\/\/lusamater.pt\/wp-content\/uploads\/2015\/07\/500x500.png\",\"width\":500,\"height\":500,\"caption\":\"Lusa Mater\"},\"image\":{\"@id\":\"https:\/\/lusamater.pt\/#\/schema\/logo\/image\/\"},\"sameAs\":[\"https:\/\/www.facebook.com\/lusamater.pt\/\",\"https:\/\/x.com\/lusamater\",\"https:\/\/instagram.com\/lusamater\/\",\"https:\/\/pt.pinterest.com\/lusamater\/\"]}]}<\/script>\n<!-- \/ Yoast SEO plugin. -->","yoast_head_json":{"title":"[:pt]O Que Vamos Construir- Oliver Jeffers \u2013 Lusa Mater[:]","robots":{"index":"index","follow":"follow","max-snippet":"max-snippet:-1","max-image-preview":"max-image-preview:large","max-video-preview":"max-video-preview:-1"},"canonical":"https:\/\/lusamater.pt\/produto\/o-que-vamos-construir\/","og_locale":"en_US","og_type":"article","og_title":"[:pt]O Que Vamos Construir- Oliver Jeffers \u2013 Lusa Mater[:]","og_description":"[:pt]O que vamos construir, tu e eu? Uma casa para vivermos. O futuro um do outro. Uma estrada para ir \u00e0 lua e voltar. E amor de sobra, que guardaremos...  Os tempos podem ser incertos e at\u00e9 intimidantes, mas o futuro est\u00e1 por construir e de m\u00e3os dadas reunimos as ferramentas necess\u00e1rias: amor, imagina\u00e7\u00e3o, coragem e um pouco de magia. Um bonito poema ilustrado, de Oliver Jeffers, cheio de for\u00e7a e carinho, que retoma a viagem iniciada com o \u00eaxito AQUI ESTAMOS N\u00d3S.[:]","og_url":"https:\/\/lusamater.pt\/produto\/o-que-vamos-construir\/","og_site_name":"Lusa Mater","article_publisher":"https:\/\/www.facebook.com\/lusamater.pt\/","article_modified_time":"2022-04-11T15:12:35+00:00","og_image":[{"width":800,"height":800,"url":"https:\/\/lusamater.pt\/wp-content\/uploads\/2020\/11\/OFN032-1_O-que-vamos-construir_Oliver-Jeffers_Orfeu-Negro_Lusa-Mater.jpg","type":"image\/jpeg"}],"twitter_card":"summary_large_image","twitter_site":"@lusamater","schema":{"@context":"https:\/\/schema.org","@graph":[{"@type":"WebPage","@id":"https:\/\/lusamater.pt\/produto\/o-que-vamos-construir\/","url":"https:\/\/lusamater.pt\/produto\/o-que-vamos-construir\/","name":"[:pt]O Que Vamos Construir- Oliver Jeffers \u2013 Lusa Mater[:]","isPartOf":{"@id":"https:\/\/lusamater.pt\/#website"},"primaryImageOfPage":{"@id":"https:\/\/lusamater.pt\/produto\/o-que-vamos-construir\/#primaryimage"},"image":{"@id":"https:\/\/lusamater.pt\/produto\/o-que-vamos-construir\/#primaryimage"},"thumbnailUrl":"https:\/\/lusamater.pt\/wp-content\/uploads\/2020\/11\/OFN032-1_O-que-vamos-construir_Oliver-Jeffers_Orfeu-Negro_Lusa-Mater.jpg","datePublished":"2020-11-28T01:42:44+00:00","dateModified":"2022-04-11T15:12:35+00:00","breadcrumb":{"@id":"https:\/\/lusamater.pt\/produto\/o-que-vamos-construir\/#breadcrumb"},"inLanguage":"en-US","potentialAction":[{"@type":"ReadAction","target":["https:\/\/lusamater.pt\/produto\/o-que-vamos-construir\/"]}]},{"@type":"ImageObject","inLanguage":"en-US","@id":"https:\/\/lusamater.pt\/produto\/o-que-vamos-construir\/#primaryimage","url":"https:\/\/lusamater.pt\/wp-content\/uploads\/2020\/11\/OFN032-1_O-que-vamos-construir_Oliver-Jeffers_Orfeu-Negro_Lusa-Mater.jpg","contentUrl":"https:\/\/lusamater.pt\/wp-content\/uploads\/2020\/11\/OFN032-1_O-que-vamos-construir_Oliver-Jeffers_Orfeu-Negro_Lusa-Mater.jpg","width":800,"height":800},{"@type":"BreadcrumbList","@id":"https:\/\/lusamater.pt\/produto\/o-que-vamos-construir\/#breadcrumb","itemListElement":[{"@type":"ListItem","position":1,"name":"Home","item":"https:\/\/lusamater.pt\/"},{"@type":"ListItem","position":2,"name":"Loja","item":"https:\/\/lusamater.pt\/shop\/"},{"@type":"ListItem","position":3,"name":"[:pt]O Que Vamos Construir[:]"}]},{"@type":"WebSite","@id":"https:\/\/lusamater.pt\/#website","url":"https:\/\/lusamater.pt\/","name":"Lusa Mater","description":"S\u00f3 n\u00e3o vendemos saudade","publisher":{"@id":"https:\/\/lusamater.pt\/#organization"},"potentialAction":[{"@type":"SearchAction","target":{"@type":"EntryPoint","urlTemplate":"https:\/\/lusamater.pt\/?s={search_term_string}"},"query-input":"required name=search_term_string"}],"inLanguage":"en-US"},{"@type":"Organization","@id":"https:\/\/lusamater.pt\/#organization","name":"Lusa Mater","url":"https:\/\/lusamater.pt\/","logo":{"@type":"ImageObject","inLanguage":"en-US","@id":"https:\/\/lusamater.pt\/#\/schema\/logo\/image\/","url":"https:\/\/lusamater.pt\/wp-content\/uploads\/2015\/07\/500x500.png","contentUrl":"https:\/\/lusamater.pt\/wp-content\/uploads\/2015\/07\/500x500.png","width":500,"height":500,"caption":"Lusa Mater"},"image":{"@id":"https:\/\/lusamater.pt\/#\/schema\/logo\/image\/"},"sameAs":["https:\/\/www.facebook.com\/lusamater.pt\/","https:\/\/x.com\/lusamater","https:\/\/instagram.com\/lusamater\/","https:\/\/pt.pinterest.com\/lusamater\/"]}]}},"_links":{"self":[{"href":"https:\/\/lusamater.pt\/en\/wp-json\/wp\/v2\/product\/52008"}],"collection":[{"href":"https:\/\/lusamater.pt\/en\/wp-json\/wp\/v2\/product"}],"about":[{"href":"https:\/\/lusamater.pt\/en\/wp-json\/wp\/v2\/types\/product"}],"version-history":[{"count":1,"href":"https:\/\/lusamater.pt\/en\/wp-json\/wp\/v2\/product\/52008\/revisions"}],"predecessor-version":[{"id":52292,"href":"https:\/\/lusamater.pt\/en\/wp-json\/wp\/v2\/product\/52008\/revisions\/52292"}],"wp:featuredmedia":[{"embeddable":true,"href":"https:\/\/lusamater.pt\/en\/wp-json\/wp\/v2\/media\/51967"}],"wp:attachment":[{"href":"https:\/\/lusamater.pt\/en\/wp-json\/wp\/v2\/media?parent=52008"}],"wp:term":[{"taxonomy":"product_cat","embeddable":true,"href":"https:\/\/lusamater.pt\/en\/wp-json\/wp\/v2\/product_cat?post=52008"},{"taxonomy":"product_tag","embeddable":true,"href":"https:\/\/lusamater.pt\/en\/wp-json\/wp\/v2\/product_tag?post=52008"}],"curies":[{"name":"wp","href":"https:\/\/api.w.org\/{rel}","templated":true}]}}