{"id":52128,"date":"2020-12-08T15:52:05","date_gmt":"2020-12-08T15:52:05","guid":{"rendered":"https:\/\/lusamater.pt\/?post_type=product&#038;p=52128"},"modified":"2025-11-29T23:03:19","modified_gmt":"2025-11-29T23:03:19","slug":"o-corvo-malandro","status":"publish","type":"product","link":"https:\/\/lusamater.pt\/en\/produto\/o-corvo-malandro\/","title":{"rendered":"O Corvo Malandro"},"content":{"rendered":"","protected":false},"excerpt":{"rendered":"<p>\u201cA Blackbird, evidently\u201d is produced in faience, glazed and decorated by hand. The blackbirds are enhanced by two claws casted in natural brass, according to the manual process of casting in a sand mould. The pieces are handmade and may vary slightly.<br \/>\nAccording to the storie, those are magic blackbirds, birds anyone will be able to keep at home, just for the decor, or for the admirable task to make them fly, just by feeding them genuine hope and imagination.<\/p>\n","protected":false},"featured_media":52134,"template":"","meta":[],"product_cat":[1096,252,1577],"product_tag":[],"yoast_head":"<!-- This site is optimized with the Yoast SEO plugin v22.8 - https:\/\/yoast.com\/wordpress\/plugins\/seo\/ -->\n<title><\/title>\n<meta name=\"robots\" content=\"index, follow, max-snippet:-1, max-image-preview:large, max-video-preview:-1\" \/>\n<link rel=\"canonical\" href=\"https:\/\/lusamater.pt\/produto\/o-corvo-malandro\/\" \/>\n<meta property=\"og:locale\" content=\"en_US\" \/>\n<meta property=\"og:type\" content=\"article\" \/>\n<meta property=\"og:title\" content=\"[:pt]O Corvo Malandro [:] - Lusa Mater\" \/>\n<meta property=\"og:description\" content=\"[:pt]O &quot;Corvo Malandro&quot; \u00e9 produzido em faian\u00e7a, \u00e9 produzido em faian\u00e7a, vidrado e pintado \u00e0 m\u00e3o. O Corvo \u00e9 enobrecido por duas patas em lat\u00e3o natural, fundidas manualmente em moldes de areia. As pe\u00e7as s\u00e3o feitas \u00e0 m\u00e3o, podendo apresentar pequenas varia\u00e7\u00f5es.  Pode escolher o seu Corvo preferido, com Patas douradas ou pretas.  &nbsp;  &nbsp;  ESTE PRODUTO S\u00d3 SER\u00c1 ENTREGUE DEPOIS DO NATAL[:en]\u201cA Blackbird, evidently\u201d is produced in faience, glazed and decorated by hand. The blackbirds are enhanced by two claws casted in natural brass, according to the manual process of casting in a sand mould. The pieces are handmade and may vary slightly. According to the storie, those are magic blackbirds, birds anyone will be able to keep at home, just for the decor, or for the admirable task to make them fly, just by feeding them genuine hope and imagination.[:]\" \/>\n<meta property=\"og:url\" content=\"https:\/\/lusamater.pt\/produto\/o-corvo-malandro\/\" \/>\n<meta property=\"og:site_name\" content=\"Lusa Mater\" \/>\n<meta property=\"article:publisher\" content=\"https:\/\/www.facebook.com\/lusamater.pt\/\" \/>\n<meta property=\"article:modified_time\" content=\"2025-11-29T23:03:19+00:00\" \/>\n<meta property=\"og:image\" content=\"https:\/\/lusamater.pt\/wp-content\/uploads\/2020\/12\/LES005_O-Corvo-Malandro_Laboratorio-d-Estorias_Lusa-Mater.jpg\" \/>\n\t<meta property=\"og:image:width\" content=\"1667\" \/>\n\t<meta property=\"og:image:height\" content=\"1667\" \/>\n\t<meta property=\"og:image:type\" content=\"image\/jpeg\" \/>\n<meta name=\"twitter:card\" content=\"summary_large_image\" \/>\n<meta name=\"twitter:site\" content=\"@lusamater\" \/>\n<meta name=\"twitter:label1\" content=\"Est. reading time\" \/>\n\t<meta name=\"twitter:data1\" content=\"1 minute\" \/>\n<script type=\"application\/ld+json\" class=\"yoast-schema-graph\">{\"@context\":\"https:\/\/schema.org\",\"@graph\":[{\"@type\":\"WebPage\",\"@id\":\"https:\/\/lusamater.pt\/produto\/o-corvo-malandro\/\",\"url\":\"https:\/\/lusamater.pt\/produto\/o-corvo-malandro\/\",\"name\":\"[:pt]O Corvo Malandro [:] - Lusa Mater\",\"isPartOf\":{\"@id\":\"https:\/\/lusamater.pt\/#website\"},\"primaryImageOfPage\":{\"@id\":\"https:\/\/lusamater.pt\/produto\/o-corvo-malandro\/#primaryimage\"},\"image\":{\"@id\":\"https:\/\/lusamater.pt\/produto\/o-corvo-malandro\/#primaryimage\"},\"thumbnailUrl\":\"https:\/\/lusamater.pt\/wp-content\/uploads\/2020\/12\/LES005_O-Corvo-Malandro_Laboratorio-d-Estorias_Lusa-Mater.jpg\",\"datePublished\":\"2020-12-08T15:52:05+00:00\",\"dateModified\":\"2025-11-29T23:03:19+00:00\",\"breadcrumb\":{\"@id\":\"https:\/\/lusamater.pt\/produto\/o-corvo-malandro\/#breadcrumb\"},\"inLanguage\":\"en-US\",\"potentialAction\":[{\"@type\":\"ReadAction\",\"target\":[\"https:\/\/lusamater.pt\/produto\/o-corvo-malandro\/\"]}]},{\"@type\":\"ImageObject\",\"inLanguage\":\"en-US\",\"@id\":\"https:\/\/lusamater.pt\/produto\/o-corvo-malandro\/#primaryimage\",\"url\":\"https:\/\/lusamater.pt\/wp-content\/uploads\/2020\/12\/LES005_O-Corvo-Malandro_Laboratorio-d-Estorias_Lusa-Mater.jpg\",\"contentUrl\":\"https:\/\/lusamater.pt\/wp-content\/uploads\/2020\/12\/LES005_O-Corvo-Malandro_Laboratorio-d-Estorias_Lusa-Mater.jpg\",\"width\":1667,\"height\":1667},{\"@type\":\"BreadcrumbList\",\"@id\":\"https:\/\/lusamater.pt\/produto\/o-corvo-malandro\/#breadcrumb\",\"itemListElement\":[{\"@type\":\"ListItem\",\"position\":1,\"name\":\"Home\",\"item\":\"https:\/\/lusamater.pt\/\"},{\"@type\":\"ListItem\",\"position\":2,\"name\":\"Loja\",\"item\":\"https:\/\/lusamater.pt\/shop\/\"},{\"@type\":\"ListItem\",\"position\":3,\"name\":\"O Corvo Malandro\"}]},{\"@type\":\"WebSite\",\"@id\":\"https:\/\/lusamater.pt\/#website\",\"url\":\"https:\/\/lusamater.pt\/\",\"name\":\"Lusa Mater\",\"description\":\"S\u00f3 n\u00e3o vendemos saudade\",\"publisher\":{\"@id\":\"https:\/\/lusamater.pt\/#organization\"},\"potentialAction\":[{\"@type\":\"SearchAction\",\"target\":{\"@type\":\"EntryPoint\",\"urlTemplate\":\"https:\/\/lusamater.pt\/?s={search_term_string}\"},\"query-input\":\"required name=search_term_string\"}],\"inLanguage\":\"en-US\"},{\"@type\":\"Organization\",\"@id\":\"https:\/\/lusamater.pt\/#organization\",\"name\":\"Lusa Mater\",\"url\":\"https:\/\/lusamater.pt\/\",\"logo\":{\"@type\":\"ImageObject\",\"inLanguage\":\"en-US\",\"@id\":\"https:\/\/lusamater.pt\/#\/schema\/logo\/image\/\",\"url\":\"https:\/\/lusamater.pt\/wp-content\/uploads\/2015\/07\/500x500.png\",\"contentUrl\":\"https:\/\/lusamater.pt\/wp-content\/uploads\/2015\/07\/500x500.png\",\"width\":500,\"height\":500,\"caption\":\"Lusa Mater\"},\"image\":{\"@id\":\"https:\/\/lusamater.pt\/#\/schema\/logo\/image\/\"},\"sameAs\":[\"https:\/\/www.facebook.com\/lusamater.pt\/\",\"https:\/\/x.com\/lusamater\",\"https:\/\/instagram.com\/lusamater\/\",\"https:\/\/pt.pinterest.com\/lusamater\/\"]}]}<\/script>\n<!-- \/ Yoast SEO plugin. -->","yoast_head_json":{"title":"[:pt]O Corvo Malandro [:] - Lusa Mater","robots":{"index":"index","follow":"follow","max-snippet":"max-snippet:-1","max-image-preview":"max-image-preview:large","max-video-preview":"max-video-preview:-1"},"canonical":"https:\/\/lusamater.pt\/produto\/o-corvo-malandro\/","og_locale":"en_US","og_type":"article","og_title":"[:pt]O Corvo Malandro [:] - Lusa Mater","og_description":"[:pt]O \"Corvo Malandro\" \u00e9 produzido em faian\u00e7a, \u00e9 produzido em faian\u00e7a, vidrado e pintado \u00e0 m\u00e3o. O Corvo \u00e9 enobrecido por duas patas em lat\u00e3o natural, fundidas manualmente em moldes de areia. As pe\u00e7as s\u00e3o feitas \u00e0 m\u00e3o, podendo apresentar pequenas varia\u00e7\u00f5es.  Pode escolher o seu Corvo preferido, com Patas douradas ou pretas.  &nbsp;  &nbsp;  ESTE PRODUTO S\u00d3 SER\u00c1 ENTREGUE DEPOIS DO NATAL[:en]\u201cA Blackbird, evidently\u201d is produced in faience, glazed and decorated by hand. The blackbirds are enhanced by two claws casted in natural brass, according to the manual process of casting in a sand mould. The pieces are handmade and may vary slightly. According to the storie, those are magic blackbirds, birds anyone will be able to keep at home, just for the decor, or for the admirable task to make them fly, just by feeding them genuine hope and imagination.[:]","og_url":"https:\/\/lusamater.pt\/produto\/o-corvo-malandro\/","og_site_name":"Lusa Mater","article_publisher":"https:\/\/www.facebook.com\/lusamater.pt\/","article_modified_time":"2025-11-29T23:03:19+00:00","og_image":[{"width":1667,"height":1667,"url":"https:\/\/lusamater.pt\/wp-content\/uploads\/2020\/12\/LES005_O-Corvo-Malandro_Laboratorio-d-Estorias_Lusa-Mater.jpg","type":"image\/jpeg"}],"twitter_card":"summary_large_image","twitter_site":"@lusamater","twitter_misc":{"Est. reading time":"1 minute"},"schema":{"@context":"https:\/\/schema.org","@graph":[{"@type":"WebPage","@id":"https:\/\/lusamater.pt\/produto\/o-corvo-malandro\/","url":"https:\/\/lusamater.pt\/produto\/o-corvo-malandro\/","name":"[:pt]O Corvo Malandro [:] - Lusa Mater","isPartOf":{"@id":"https:\/\/lusamater.pt\/#website"},"primaryImageOfPage":{"@id":"https:\/\/lusamater.pt\/produto\/o-corvo-malandro\/#primaryimage"},"image":{"@id":"https:\/\/lusamater.pt\/produto\/o-corvo-malandro\/#primaryimage"},"thumbnailUrl":"https:\/\/lusamater.pt\/wp-content\/uploads\/2020\/12\/LES005_O-Corvo-Malandro_Laboratorio-d-Estorias_Lusa-Mater.jpg","datePublished":"2020-12-08T15:52:05+00:00","dateModified":"2025-11-29T23:03:19+00:00","breadcrumb":{"@id":"https:\/\/lusamater.pt\/produto\/o-corvo-malandro\/#breadcrumb"},"inLanguage":"en-US","potentialAction":[{"@type":"ReadAction","target":["https:\/\/lusamater.pt\/produto\/o-corvo-malandro\/"]}]},{"@type":"ImageObject","inLanguage":"en-US","@id":"https:\/\/lusamater.pt\/produto\/o-corvo-malandro\/#primaryimage","url":"https:\/\/lusamater.pt\/wp-content\/uploads\/2020\/12\/LES005_O-Corvo-Malandro_Laboratorio-d-Estorias_Lusa-Mater.jpg","contentUrl":"https:\/\/lusamater.pt\/wp-content\/uploads\/2020\/12\/LES005_O-Corvo-Malandro_Laboratorio-d-Estorias_Lusa-Mater.jpg","width":1667,"height":1667},{"@type":"BreadcrumbList","@id":"https:\/\/lusamater.pt\/produto\/o-corvo-malandro\/#breadcrumb","itemListElement":[{"@type":"ListItem","position":1,"name":"Home","item":"https:\/\/lusamater.pt\/"},{"@type":"ListItem","position":2,"name":"Loja","item":"https:\/\/lusamater.pt\/shop\/"},{"@type":"ListItem","position":3,"name":"O Corvo Malandro"}]},{"@type":"WebSite","@id":"https:\/\/lusamater.pt\/#website","url":"https:\/\/lusamater.pt\/","name":"Lusa Mater","description":"S\u00f3 n\u00e3o vendemos saudade","publisher":{"@id":"https:\/\/lusamater.pt\/#organization"},"potentialAction":[{"@type":"SearchAction","target":{"@type":"EntryPoint","urlTemplate":"https:\/\/lusamater.pt\/?s={search_term_string}"},"query-input":"required name=search_term_string"}],"inLanguage":"en-US"},{"@type":"Organization","@id":"https:\/\/lusamater.pt\/#organization","name":"Lusa Mater","url":"https:\/\/lusamater.pt\/","logo":{"@type":"ImageObject","inLanguage":"en-US","@id":"https:\/\/lusamater.pt\/#\/schema\/logo\/image\/","url":"https:\/\/lusamater.pt\/wp-content\/uploads\/2015\/07\/500x500.png","contentUrl":"https:\/\/lusamater.pt\/wp-content\/uploads\/2015\/07\/500x500.png","width":500,"height":500,"caption":"Lusa Mater"},"image":{"@id":"https:\/\/lusamater.pt\/#\/schema\/logo\/image\/"},"sameAs":["https:\/\/www.facebook.com\/lusamater.pt\/","https:\/\/x.com\/lusamater","https:\/\/instagram.com\/lusamater\/","https:\/\/pt.pinterest.com\/lusamater\/"]}]}},"_links":{"self":[{"href":"https:\/\/lusamater.pt\/en\/wp-json\/wp\/v2\/product\/52128"}],"collection":[{"href":"https:\/\/lusamater.pt\/en\/wp-json\/wp\/v2\/product"}],"about":[{"href":"https:\/\/lusamater.pt\/en\/wp-json\/wp\/v2\/types\/product"}],"version-history":[{"count":2,"href":"https:\/\/lusamater.pt\/en\/wp-json\/wp\/v2\/product\/52128\/revisions"}],"predecessor-version":[{"id":52605,"href":"https:\/\/lusamater.pt\/en\/wp-json\/wp\/v2\/product\/52128\/revisions\/52605"}],"wp:featuredmedia":[{"embeddable":true,"href":"https:\/\/lusamater.pt\/en\/wp-json\/wp\/v2\/media\/52134"}],"wp:attachment":[{"href":"https:\/\/lusamater.pt\/en\/wp-json\/wp\/v2\/media?parent=52128"}],"wp:term":[{"taxonomy":"product_cat","embeddable":true,"href":"https:\/\/lusamater.pt\/en\/wp-json\/wp\/v2\/product_cat?post=52128"},{"taxonomy":"product_tag","embeddable":true,"href":"https:\/\/lusamater.pt\/en\/wp-json\/wp\/v2\/product_tag?post=52128"}],"curies":[{"name":"wp","href":"https:\/\/api.w.org\/{rel}","templated":true}]}}