{"id":52503,"date":"2021-12-04T11:05:47","date_gmt":"2021-12-04T11:05:47","guid":{"rendered":"https:\/\/lusamater.pt\/?post_type=product&#038;p=52503"},"modified":"2026-03-09T10:25:41","modified_gmt":"2026-03-09T10:25:41","slug":"set-cha-para-2-cortica-alma-gemea","status":"publish","type":"product","link":"https:\/\/lusamater.pt\/en\/produto\/set-cha-para-2-cortica-alma-gemea\/","title":{"rendered":"Set Tea for Two [ Alma G\u00e9mea ]"},"content":{"rendered":"","protected":false},"excerpt":{"rendered":"<p>Servi\u00e7o de Ch\u00e1 da linha \u201cThe Whistler\u201d da Alma G\u00e9mea, composto por um bule e quatro ch\u00e1venas de ch\u00e1. O Assobiador (\u201cThe Whistler\u201d) \u00e9 o nome do maior e um dos mais antigos sobreiros do mundo, que se encontra situado na regi\u00e3o do Alentejo. Nesta linha a corti\u00e7a envolve a faian\u00e7a tal como envolve o tronco do sobreiro e as formas s\u00e3o inspiradas pela olaria tradicional do Alentejo.<\/p>\n","protected":false},"featured_media":52408,"template":"","meta":[],"product_cat":[1095,1686,251,1577,1587],"product_tag":[],"yoast_head":"<!-- This site is optimized with the Yoast SEO plugin v22.8 - https:\/\/yoast.com\/wordpress\/plugins\/seo\/ -->\n<title>Set Tea for Two [ Alma G\u00e9mea ]  - Lusa Mater<\/title>\n<meta name=\"robots\" content=\"index, follow, max-snippet:-1, max-image-preview:large, max-video-preview:-1\" \/>\n<link rel=\"canonical\" href=\"https:\/\/lusamater.pt\/produto\/set-cha-para-2-cortica-alma-gemea\/\" \/>\n<meta property=\"og:locale\" content=\"en_US\" \/>\n<meta property=\"og:type\" content=\"article\" \/>\n<meta property=\"og:title\" content=\"[:pt]Set Ch\u00e1 para 2 corti\u00e7a[ Alma G\u00e9mea ][:en]Set Tea for Two [ Alma G\u00e9mea ] [:] - Lusa Mater\" \/>\n<meta property=\"og:description\" content=\"[:pt]Gift Set de edi\u00e7\u00e3o Limitada, com Conjunto de Ch\u00e1 para 2\u00a0 \u201cTea for two\u201d da Alma G\u00e9mea, composto por um bule de 440 ml e duas ch\u00e1venas de ch\u00e1 de 160ml, em corti\u00e7a e cer\u00e2mica preto mate.  &nbsp;  Nesta linha a corti\u00e7a envolve a faian\u00e7a tal como envolve o tronco do sobreiro e as formas s\u00e3o inspiradas pela olaria tradicional do Alentejo.  &nbsp;[:en]Servi\u00e7o de Ch\u00e1 da linha \u201cThe Whistler\u201d da Alma G\u00e9mea, composto por um bule e quatro ch\u00e1venas de ch\u00e1. O Assobiador (\u201cThe Whistler\u201d) \u00e9 o nome do maior e um dos mais antigos sobreiros do mundo, que se encontra situado na regi\u00e3o do Alentejo. Nesta linha a corti\u00e7a envolve a faian\u00e7a tal como envolve o tronco do sobreiro e as formas s\u00e3o inspiradas pela olaria tradicional do Alentejo.[:]\" \/>\n<meta property=\"og:url\" content=\"https:\/\/lusamater.pt\/produto\/set-cha-para-2-cortica-alma-gemea\/\" \/>\n<meta property=\"og:site_name\" content=\"Lusa Mater\" \/>\n<meta property=\"article:publisher\" content=\"https:\/\/www.facebook.com\/lusamater.pt\/\" \/>\n<meta property=\"article:modified_time\" content=\"2026-03-09T10:25:41+00:00\" \/>\n<meta property=\"og:image\" content=\"https:\/\/lusamater.pt\/wp-content\/uploads\/2021\/12\/ALG032_Set-Tea-for-two-bule-chavena-cortica_Alma-gemea_Lusa-Mater.jpg\" \/>\n\t<meta property=\"og:image:width\" content=\"600\" \/>\n\t<meta property=\"og:image:height\" content=\"600\" \/>\n\t<meta property=\"og:image:type\" content=\"image\/jpeg\" \/>\n<meta name=\"twitter:card\" content=\"summary_large_image\" \/>\n<meta name=\"twitter:site\" content=\"@lusamater\" \/>\n<meta name=\"twitter:label1\" content=\"Est. reading time\" \/>\n\t<meta name=\"twitter:data1\" content=\"1 minute\" \/>\n<script type=\"application\/ld+json\" class=\"yoast-schema-graph\">{\"@context\":\"https:\/\/schema.org\",\"@graph\":[{\"@type\":\"WebPage\",\"@id\":\"https:\/\/lusamater.pt\/produto\/set-cha-para-2-cortica-alma-gemea\/\",\"url\":\"https:\/\/lusamater.pt\/produto\/set-cha-para-2-cortica-alma-gemea\/\",\"name\":\"[:pt]Set Ch\u00e1 para 2 corti\u00e7a[ Alma G\u00e9mea ][:en]Set Tea for Two [ Alma G\u00e9mea ] [:] - Lusa Mater\",\"isPartOf\":{\"@id\":\"https:\/\/lusamater.pt\/#website\"},\"primaryImageOfPage\":{\"@id\":\"https:\/\/lusamater.pt\/produto\/set-cha-para-2-cortica-alma-gemea\/#primaryimage\"},\"image\":{\"@id\":\"https:\/\/lusamater.pt\/produto\/set-cha-para-2-cortica-alma-gemea\/#primaryimage\"},\"thumbnailUrl\":\"https:\/\/lusamater.pt\/wp-content\/uploads\/2021\/12\/ALG032_Set-Tea-for-two-bule-chavena-cortica_Alma-gemea_Lusa-Mater.jpg\",\"datePublished\":\"2021-12-04T11:05:47+00:00\",\"dateModified\":\"2026-03-09T10:25:41+00:00\",\"breadcrumb\":{\"@id\":\"https:\/\/lusamater.pt\/produto\/set-cha-para-2-cortica-alma-gemea\/#breadcrumb\"},\"inLanguage\":\"en-US\",\"potentialAction\":[{\"@type\":\"ReadAction\",\"target\":[\"https:\/\/lusamater.pt\/produto\/set-cha-para-2-cortica-alma-gemea\/\"]}]},{\"@type\":\"ImageObject\",\"inLanguage\":\"en-US\",\"@id\":\"https:\/\/lusamater.pt\/produto\/set-cha-para-2-cortica-alma-gemea\/#primaryimage\",\"url\":\"https:\/\/lusamater.pt\/wp-content\/uploads\/2021\/12\/ALG032_Set-Tea-for-two-bule-chavena-cortica_Alma-gemea_Lusa-Mater.jpg\",\"contentUrl\":\"https:\/\/lusamater.pt\/wp-content\/uploads\/2021\/12\/ALG032_Set-Tea-for-two-bule-chavena-cortica_Alma-gemea_Lusa-Mater.jpg\",\"width\":600,\"height\":600},{\"@type\":\"BreadcrumbList\",\"@id\":\"https:\/\/lusamater.pt\/produto\/set-cha-para-2-cortica-alma-gemea\/#breadcrumb\",\"itemListElement\":[{\"@type\":\"ListItem\",\"position\":1,\"name\":\"Home\",\"item\":\"https:\/\/lusamater.pt\/\"},{\"@type\":\"ListItem\",\"position\":2,\"name\":\"Loja\",\"item\":\"https:\/\/lusamater.pt\/shop\/\"},{\"@type\":\"ListItem\",\"position\":3,\"name\":\"Set Ch\u00e1 para 2 corti\u00e7a[ Alma G\u00e9mea ]\"}]},{\"@type\":\"WebSite\",\"@id\":\"https:\/\/lusamater.pt\/#website\",\"url\":\"https:\/\/lusamater.pt\/\",\"name\":\"Lusa Mater\",\"description\":\"S\u00f3 n\u00e3o vendemos saudade\",\"publisher\":{\"@id\":\"https:\/\/lusamater.pt\/#organization\"},\"potentialAction\":[{\"@type\":\"SearchAction\",\"target\":{\"@type\":\"EntryPoint\",\"urlTemplate\":\"https:\/\/lusamater.pt\/?s={search_term_string}\"},\"query-input\":\"required name=search_term_string\"}],\"inLanguage\":\"en-US\"},{\"@type\":\"Organization\",\"@id\":\"https:\/\/lusamater.pt\/#organization\",\"name\":\"Lusa Mater\",\"url\":\"https:\/\/lusamater.pt\/\",\"logo\":{\"@type\":\"ImageObject\",\"inLanguage\":\"en-US\",\"@id\":\"https:\/\/lusamater.pt\/#\/schema\/logo\/image\/\",\"url\":\"https:\/\/lusamater.pt\/wp-content\/uploads\/2015\/07\/500x500.png\",\"contentUrl\":\"https:\/\/lusamater.pt\/wp-content\/uploads\/2015\/07\/500x500.png\",\"width\":500,\"height\":500,\"caption\":\"Lusa Mater\"},\"image\":{\"@id\":\"https:\/\/lusamater.pt\/#\/schema\/logo\/image\/\"},\"sameAs\":[\"https:\/\/www.facebook.com\/lusamater.pt\/\",\"https:\/\/x.com\/lusamater\",\"https:\/\/instagram.com\/lusamater\/\",\"https:\/\/pt.pinterest.com\/lusamater\/\"]}]}<\/script>\n<!-- \/ Yoast SEO plugin. -->","yoast_head_json":{"title":"[:pt]Set Ch\u00e1 para 2 corti\u00e7a[ Alma G\u00e9mea ][:en]Set Tea for Two [ Alma G\u00e9mea ] [:] - Lusa Mater","robots":{"index":"index","follow":"follow","max-snippet":"max-snippet:-1","max-image-preview":"max-image-preview:large","max-video-preview":"max-video-preview:-1"},"canonical":"https:\/\/lusamater.pt\/produto\/set-cha-para-2-cortica-alma-gemea\/","og_locale":"en_US","og_type":"article","og_title":"[:pt]Set Ch\u00e1 para 2 corti\u00e7a[ Alma G\u00e9mea ][:en]Set Tea for Two [ Alma G\u00e9mea ] [:] - Lusa Mater","og_description":"[:pt]Gift Set de edi\u00e7\u00e3o Limitada, com Conjunto de Ch\u00e1 para 2\u00a0 \u201cTea for two\u201d da Alma G\u00e9mea, composto por um bule de 440 ml e duas ch\u00e1venas de ch\u00e1 de 160ml, em corti\u00e7a e cer\u00e2mica preto mate.  &nbsp;  Nesta linha a corti\u00e7a envolve a faian\u00e7a tal como envolve o tronco do sobreiro e as formas s\u00e3o inspiradas pela olaria tradicional do Alentejo.  &nbsp;[:en]Servi\u00e7o de Ch\u00e1 da linha \u201cThe Whistler\u201d da Alma G\u00e9mea, composto por um bule e quatro ch\u00e1venas de ch\u00e1. O Assobiador (\u201cThe Whistler\u201d) \u00e9 o nome do maior e um dos mais antigos sobreiros do mundo, que se encontra situado na regi\u00e3o do Alentejo. Nesta linha a corti\u00e7a envolve a faian\u00e7a tal como envolve o tronco do sobreiro e as formas s\u00e3o inspiradas pela olaria tradicional do Alentejo.[:]","og_url":"https:\/\/lusamater.pt\/produto\/set-cha-para-2-cortica-alma-gemea\/","og_site_name":"Lusa Mater","article_publisher":"https:\/\/www.facebook.com\/lusamater.pt\/","article_modified_time":"2026-03-09T10:25:41+00:00","og_image":[{"width":600,"height":600,"url":"https:\/\/lusamater.pt\/wp-content\/uploads\/2021\/12\/ALG032_Set-Tea-for-two-bule-chavena-cortica_Alma-gemea_Lusa-Mater.jpg","type":"image\/jpeg"}],"twitter_card":"summary_large_image","twitter_site":"@lusamater","twitter_misc":{"Est. reading time":"1 minute"},"schema":{"@context":"https:\/\/schema.org","@graph":[{"@type":"WebPage","@id":"https:\/\/lusamater.pt\/produto\/set-cha-para-2-cortica-alma-gemea\/","url":"https:\/\/lusamater.pt\/produto\/set-cha-para-2-cortica-alma-gemea\/","name":"[:pt]Set Ch\u00e1 para 2 corti\u00e7a[ Alma G\u00e9mea ][:en]Set Tea for Two [ Alma G\u00e9mea ] [:] - Lusa Mater","isPartOf":{"@id":"https:\/\/lusamater.pt\/#website"},"primaryImageOfPage":{"@id":"https:\/\/lusamater.pt\/produto\/set-cha-para-2-cortica-alma-gemea\/#primaryimage"},"image":{"@id":"https:\/\/lusamater.pt\/produto\/set-cha-para-2-cortica-alma-gemea\/#primaryimage"},"thumbnailUrl":"https:\/\/lusamater.pt\/wp-content\/uploads\/2021\/12\/ALG032_Set-Tea-for-two-bule-chavena-cortica_Alma-gemea_Lusa-Mater.jpg","datePublished":"2021-12-04T11:05:47+00:00","dateModified":"2026-03-09T10:25:41+00:00","breadcrumb":{"@id":"https:\/\/lusamater.pt\/produto\/set-cha-para-2-cortica-alma-gemea\/#breadcrumb"},"inLanguage":"en-US","potentialAction":[{"@type":"ReadAction","target":["https:\/\/lusamater.pt\/produto\/set-cha-para-2-cortica-alma-gemea\/"]}]},{"@type":"ImageObject","inLanguage":"en-US","@id":"https:\/\/lusamater.pt\/produto\/set-cha-para-2-cortica-alma-gemea\/#primaryimage","url":"https:\/\/lusamater.pt\/wp-content\/uploads\/2021\/12\/ALG032_Set-Tea-for-two-bule-chavena-cortica_Alma-gemea_Lusa-Mater.jpg","contentUrl":"https:\/\/lusamater.pt\/wp-content\/uploads\/2021\/12\/ALG032_Set-Tea-for-two-bule-chavena-cortica_Alma-gemea_Lusa-Mater.jpg","width":600,"height":600},{"@type":"BreadcrumbList","@id":"https:\/\/lusamater.pt\/produto\/set-cha-para-2-cortica-alma-gemea\/#breadcrumb","itemListElement":[{"@type":"ListItem","position":1,"name":"Home","item":"https:\/\/lusamater.pt\/"},{"@type":"ListItem","position":2,"name":"Loja","item":"https:\/\/lusamater.pt\/shop\/"},{"@type":"ListItem","position":3,"name":"Set Ch\u00e1 para 2 corti\u00e7a[ Alma G\u00e9mea ]"}]},{"@type":"WebSite","@id":"https:\/\/lusamater.pt\/#website","url":"https:\/\/lusamater.pt\/","name":"Lusa Mater","description":"S\u00f3 n\u00e3o vendemos saudade","publisher":{"@id":"https:\/\/lusamater.pt\/#organization"},"potentialAction":[{"@type":"SearchAction","target":{"@type":"EntryPoint","urlTemplate":"https:\/\/lusamater.pt\/?s={search_term_string}"},"query-input":"required name=search_term_string"}],"inLanguage":"en-US"},{"@type":"Organization","@id":"https:\/\/lusamater.pt\/#organization","name":"Lusa Mater","url":"https:\/\/lusamater.pt\/","logo":{"@type":"ImageObject","inLanguage":"en-US","@id":"https:\/\/lusamater.pt\/#\/schema\/logo\/image\/","url":"https:\/\/lusamater.pt\/wp-content\/uploads\/2015\/07\/500x500.png","contentUrl":"https:\/\/lusamater.pt\/wp-content\/uploads\/2015\/07\/500x500.png","width":500,"height":500,"caption":"Lusa Mater"},"image":{"@id":"https:\/\/lusamater.pt\/#\/schema\/logo\/image\/"},"sameAs":["https:\/\/www.facebook.com\/lusamater.pt\/","https:\/\/x.com\/lusamater","https:\/\/instagram.com\/lusamater\/","https:\/\/pt.pinterest.com\/lusamater\/"]}]}},"_links":{"self":[{"href":"https:\/\/lusamater.pt\/en\/wp-json\/wp\/v2\/product\/52503"}],"collection":[{"href":"https:\/\/lusamater.pt\/en\/wp-json\/wp\/v2\/product"}],"about":[{"href":"https:\/\/lusamater.pt\/en\/wp-json\/wp\/v2\/types\/product"}],"version-history":[{"count":6,"href":"https:\/\/lusamater.pt\/en\/wp-json\/wp\/v2\/product\/52503\/revisions"}],"predecessor-version":[{"id":53075,"href":"https:\/\/lusamater.pt\/en\/wp-json\/wp\/v2\/product\/52503\/revisions\/53075"}],"wp:featuredmedia":[{"embeddable":true,"href":"https:\/\/lusamater.pt\/en\/wp-json\/wp\/v2\/media\/52408"}],"wp:attachment":[{"href":"https:\/\/lusamater.pt\/en\/wp-json\/wp\/v2\/media?parent=52503"}],"wp:term":[{"taxonomy":"product_cat","embeddable":true,"href":"https:\/\/lusamater.pt\/en\/wp-json\/wp\/v2\/product_cat?post=52503"},{"taxonomy":"product_tag","embeddable":true,"href":"https:\/\/lusamater.pt\/en\/wp-json\/wp\/v2\/product_tag?post=52503"}],"curies":[{"name":"wp","href":"https:\/\/api.w.org\/{rel}","templated":true}]}}